{"id":3369,"date":"2018-11-30T14:21:20","date_gmt":"2018-11-30T13:21:20","guid":{"rendered":"http:\/\/www.chasseurducentrevaldeloire.fr\/fdc37\/?page_id=3369"},"modified":"2025-09-19T16:20:20","modified_gmt":"2025-09-19T14:20:20","slug":"les-associations-2","status":"publish","type":"page","link":"https:\/\/www.save.chasseurducentrevaldeloire.fr\/fdc37\/les-associations-2\/","title":{"rendered":"Les associations"},"content":{"rendered":"<p>[vc_row][vc_column]<div class=\"qodef-accordion-holder clearfix qodef-toggle qodef-boxed \">\n\t<h4 class=\"clearfix qodef-title-holder\" >\n\t<span class=\"qodef-accordion-mark qodef-left-mark\">\n\t\t<span class=\"qodef-accordion-mark-icon\">\n\t\t\t<span class=\"icon_plus\"><\/span>\n\t\t\t<span class=\"icon_minus-06\"><\/span>\n\t\t<\/span>\n\t<\/span>\n\t<span class=\"qodef-tab-title\">\n\t\t<span class=\"qodef-tab-title-inner\">\n\t\t\tAssociation D\u00e9partementale des Chasseurs de Gibier d\u2019Eau (A.D.C.G.E)\t\t<\/span>\n\t<\/span>\n<\/h4>\n<div class=\"qodef-accordion-content\">\n\t<div class=\"qodef-accordion-content-inner\">\n\t\t[vc_column_text]Pr\u00e9sident\u00a0: <strong>Christophe NAMI<\/strong><\/p>\n<p>55 rue du Canal 37000 TOURS<\/p>\n<p>Tel. : 02-47-32-08-99<\/p>\n<p><span style=\"color: #a04696\"><strong><a style=\"color: #a04696\" href=\"mailto:adcge37@wanadoo.fr\">adcge37@wanadoo.fr<\/a><\/strong><\/span>[\/vc_column_text]\t<\/div>\n<\/div>\n<h4 class=\"clearfix qodef-title-holder\" >\n\t<span class=\"qodef-accordion-mark qodef-left-mark\">\n\t\t<span class=\"qodef-accordion-mark-icon\">\n\t\t\t<span class=\"icon_plus\"><\/span>\n\t\t\t<span class=\"icon_minus-06\"><\/span>\n\t\t<\/span>\n\t<\/span>\n\t<span class=\"qodef-tab-title\">\n\t\t<span class=\"qodef-tab-title-inner\">\n\t\t\tAssociation D\u00e9partementale des Chasseurs de Grand Gibier (ADCGG)\t\t<\/span>\n\t<\/span>\n<\/h4>\n<div class=\"qodef-accordion-content\">\n\t<div class=\"qodef-accordion-content-inner\">\n\t\t[vc_column_text]Pr\u00e9sident : Hugues PROT<\/p>\n<p>58 RN 10 Bagatelle 37250 VEIGN\u00c9<\/p>\n<p>Tel. : 02 47 59 04 63 Port. : 06 85 76 99 61<\/p>\n<p><span style=\"color: #a04696\"><strong><a style=\"color: #a04696\" href=\"mailto:Hugues.prot@club-internet.fr\">Hugues.prot@club-internet.fr<\/a><\/strong><\/span>[\/vc_column_text]\t<\/div>\n<\/div>\n<h4 class=\"clearfix qodef-title-holder\" >\n\t<span class=\"qodef-accordion-mark qodef-left-mark\">\n\t\t<span class=\"qodef-accordion-mark-icon\">\n\t\t\t<span class=\"icon_plus\"><\/span>\n\t\t\t<span class=\"icon_minus-06\"><\/span>\n\t\t<\/span>\n\t<\/span>\n\t<span class=\"qodef-tab-title\">\n\t\t<span class=\"qodef-tab-title-inner\">\n\t\t\tAssociation D\u00e9partementale Jeunes Chasseurs (A.D.J.C 37)\t\t<\/span>\n\t<\/span>\n<\/h4>\n<div class=\"qodef-accordion-content\">\n\t<div class=\"qodef-accordion-content-inner\">\n\t\t[vc_column_text]Pr\u00e9sident :<\/p>\n<p>Pr\u00e9sident : <strong>Pierre RAGUIN<\/strong><\/p>\n<p>1 LA GESNIERE 37 240 LA CHAPELLE BLANCHE ST MARTIN<\/p>\n<p>Port : 07 78 32 73 77<\/p>\n<p><span style=\"color: #a04695\"><strong><a style=\"color: #a04695\" href=\"mailto:adjc.contact@gmail.com\" target=\"_blank\" rel=\"noopener\">adjc.contact@gmail.com<\/a><\/strong><\/span><\/p>\n<p><a href=\"http:\/\/www.adjc37.site.voila.fr\"><span style=\"color: #a04695\"><strong>www.adjc37.site.voila.fr<\/strong><\/span><\/a>[\/vc_column_text]\t<\/div>\n<\/div>\n<h4 class=\"clearfix qodef-title-holder\" >\n\t<span class=\"qodef-accordion-mark qodef-left-mark\">\n\t\t<span class=\"qodef-accordion-mark-icon\">\n\t\t\t<span class=\"icon_plus\"><\/span>\n\t\t\t<span class=\"icon_minus-06\"><\/span>\n\t\t<\/span>\n\t<\/span>\n\t<span class=\"qodef-tab-title\">\n\t\t<span class=\"qodef-tab-title-inner\">\n\t\t\tAssociation des Gardes Chasse Particluliers (ADGCP)\t\t<\/span>\n\t<\/span>\n<\/h4>\n<div class=\"qodef-accordion-content\">\n\t<div class=\"qodef-accordion-content-inner\">\n\t\t[vc_column_text]Pr\u00e9sident : Bernard LERAT<\/p>\n<p>9 Cinge Beauvais 37290 BOSSAY SUR CLAISE<\/p>\n<p>Tel : 06 82 48 29 43<\/p>\n<p><span style=\"color: #a04696\"><strong><a style=\"color: #a04696\" href=\"mailto:bernard.lerat36@orange.fr\">bernard.lerat36@orange.fr<\/a><\/strong><\/span>[\/vc_column_text]\t<\/div>\n<\/div>\n<h4 class=\"clearfix qodef-title-holder\" >\n\t<span class=\"qodef-accordion-mark qodef-left-mark\">\n\t\t<span class=\"qodef-accordion-mark-icon\">\n\t\t\t<span class=\"icon_plus\"><\/span>\n\t\t\t<span class=\"icon_minus-06\"><\/span>\n\t\t<\/span>\n\t<\/span>\n\t<span class=\"qodef-tab-title\">\n\t\t<span class=\"qodef-tab-title-inner\">\n\t\t\tAssociation des Chasseresses du Val de Loire (ACVL)\t\t<\/span>\n\t<\/span>\n<\/h4>\n<div class=\"qodef-accordion-content\">\n\t<div class=\"qodef-accordion-content-inner\">\n\t\t[vc_column_text]Pr\u00e9sidente : <strong>Florence LEPRINCE<\/strong><\/p>\n<p>7 rue de Nadaillac 37110 LA FERRIERE<\/p>\n<p>Tel. : 06 43 95 99 92<\/p>\n<p><a href=\"mailto:florence.leprince@orange.fr\"><span style=\"color: #a04695\"><strong>florence.leprince@orange.fr<\/strong><\/span><\/a>[\/vc_column_text]\t<\/div>\n<\/div>\n<h4 class=\"clearfix qodef-title-holder\" >\n\t<span class=\"qodef-accordion-mark qodef-left-mark\">\n\t\t<span class=\"qodef-accordion-mark-icon\">\n\t\t\t<span class=\"icon_plus\"><\/span>\n\t\t\t<span class=\"icon_minus-06\"><\/span>\n\t\t<\/span>\n\t<\/span>\n\t<span class=\"qodef-tab-title\">\n\t\t<span class=\"qodef-tab-title-inner\">\n\t\t\tAssociation D\u00e9partementale des Pi\u00e9geurs Agr\u00e9\u00e9s (A.D.P.A)\t\t<\/span>\n\t<\/span>\n<\/h4>\n<div class=\"qodef-accordion-content\">\n\t<div class=\"qodef-accordion-content-inner\">\n\t\t[vc_column_text]Pr\u00e9sident : Michel HUBERT<\/p>\n<p>Tel. : 06 72 70 75 12<\/p>\n<p><span style=\"color: #a04696\"><strong><a style=\"color: #a04696\" href=\"mailto:bunny37320@gmail.com\">bunny37320@gmail.com<\/a><\/strong><\/span>[\/vc_column_text]\t<\/div>\n<\/div>\n<h4 class=\"clearfix qodef-title-holder\" >\n\t<span class=\"qodef-accordion-mark qodef-left-mark\">\n\t\t<span class=\"qodef-accordion-mark-icon\">\n\t\t\t<span class=\"icon_plus\"><\/span>\n\t\t\t<span class=\"icon_minus-06\"><\/span>\n\t\t<\/span>\n\t<\/span>\n\t<span class=\"qodef-tab-title\">\n\t\t<span class=\"qodef-tab-title-inner\">\n\t\t\tAssociation Fran\u00e7aise de Propri\u00e9taires, Eleveurs, Chasseurs et utilisateurs de Chiens d&#039;Arr\u00eat (AFPECCA37)\t\t<\/span>\n\t<\/span>\n<\/h4>\n<div class=\"qodef-accordion-content\">\n\t<div class=\"qodef-accordion-content-inner\">\n\t\t[vc_column_text]Pr\u00e9sident : Denis DUCHESNE<\/p>\n<p>Tel. : 02 47 24 53 88 ou 02 47 51 72 81 ou 02 47 26 58 63<\/p>\n<p><span style=\"color: #a04696\"><strong><a style=\"color: #a04696\" href=\"mailto:afpecca37@orange.fr\">afpecca37@orange.fr<\/a><\/strong><\/span>[\/vc_column_text]\t<\/div>\n<\/div>\n<h4 class=\"clearfix qodef-title-holder\" >\n\t<span class=\"qodef-accordion-mark qodef-left-mark\">\n\t\t<span class=\"qodef-accordion-mark-icon\">\n\t\t\t<span class=\"icon_plus\"><\/span>\n\t\t\t<span class=\"icon_minus-06\"><\/span>\n\t\t<\/span>\n\t<\/span>\n\t<span class=\"qodef-tab-title\">\n\t\t<span class=\"qodef-tab-title-inner\">\n\t\t\tAssociation Sportive des Chasseurs \u00e0 l&#039;Arc de Touraine (ASCAT)\t\t<\/span>\n\t<\/span>\n<\/h4>\n<div class=\"qodef-accordion-content\">\n\t<div class=\"qodef-accordion-content-inner\">\n\t\t[vc_column_text]Pr\u00e9sident : Jean-Luc VIGIER<\/p>\n<p><span style=\"color: #a04696\"><strong><a style=\"color: #a04696\" href=\"mailto:jlnvigier@orange.fr\">jlnvigier@orange.fr<\/a><\/strong><\/span><\/p>\n<p>4 rue des Girardi\u00e8res 37550 ST AVERTIN<\/p>\n<p>Tel : 02 47 28 16 37[\/vc_column_text]\t<\/div>\n<\/div>\n<h4 class=\"clearfix qodef-title-holder\" >\n\t<span class=\"qodef-accordion-mark qodef-left-mark\">\n\t\t<span class=\"qodef-accordion-mark-icon\">\n\t\t\t<span class=\"icon_plus\"><\/span>\n\t\t\t<span class=\"icon_minus-06\"><\/span>\n\t\t<\/span>\n\t<\/span>\n\t<span class=\"qodef-tab-title\">\n\t\t<span class=\"qodef-tab-title-inner\">\n\t\t\tAssociations de Chasseurs aux Chiens courants (AFACCC37)\t\t<\/span>\n\t<\/span>\n<\/h4>\n<div class=\"qodef-accordion-content\">\n\t<div class=\"qodef-accordion-content-inner\">\n\t\t[vc_column_text]Pr\u00e9sident : Arnaud CHAIGNON<\/p>\n<p>7 chemin du ch\u00eane Pendu 37170 CHAMBRAY LES TOURS<\/p>\n<p>Tel : 06.84.52.24.16[\/vc_column_text]\t<\/div>\n<\/div>\n<h4 class=\"clearfix qodef-title-holder\" >\n\t<span class=\"qodef-accordion-mark qodef-left-mark\">\n\t\t<span class=\"qodef-accordion-mark-icon\">\n\t\t\t<span class=\"icon_plus\"><\/span>\n\t\t\t<span class=\"icon_minus-06\"><\/span>\n\t\t<\/span>\n\t<\/span>\n\t<span class=\"qodef-tab-title\">\n\t\t<span class=\"qodef-tab-title-inner\">\n\t\t\tClub National des B\u00e9cassiers (C.N.B.)\t\t<\/span>\n\t<\/span>\n<\/h4>\n<div class=\"qodef-accordion-content\">\n\t<div class=\"qodef-accordion-content-inner\">\n\t\t[vc_column_text]Pr\u00e9sident : <strong>Ludovic PIALAT<\/strong><\/p>\n<p>10 Impasse Gratte Semelle 37390 CHANCEAUX\/CHOISILLE<\/p>\n<p>Tel. : 07 86 61 03 29<\/p>\n<p><a href=\"mailto:pialatludovic@gmail.com%20\"><span style=\"color: #a04695\"><strong>pialatludovic@gmail.com<\/strong> <\/span><\/a>[\/vc_column_text]\t<\/div>\n<\/div>\n<h4 class=\"clearfix qodef-title-holder\" >\n\t<span class=\"qodef-accordion-mark qodef-left-mark\">\n\t\t<span class=\"qodef-accordion-mark-icon\">\n\t\t\t<span class=\"icon_plus\"><\/span>\n\t\t\t<span class=\"icon_minus-06\"><\/span>\n\t\t<\/span>\n\t<\/span>\n\t<span class=\"qodef-tab-title\">\n\t\t<span class=\"qodef-tab-title-inner\">\n\t\t\tComit\u00e9 D\u00e9partemental de Ball-Trapp\t\t<\/span>\n\t<\/span>\n<\/h4>\n<div class=\"qodef-accordion-content\">\n\t<div class=\"qodef-accordion-content-inner\">\n\t\t[vc_column_text]Pr\u00e9sident\u00a0 : Michel JAMAIN<\/p>\n<p>71 rue de la Martini\u00e8re 37250 VEIGN\u00c9<\/p>\n<p>Tel. : 02 47 26 26 55 Port. : 06 07 13 83 55<\/p>\n<p><span style=\"color: #a04696\"><strong><a style=\"color: #a04696\" href=\"mailto:JAMAIN.Michel@wanadoo.fr\">JAMAIN.Michel@wanadoo.fr<\/a><\/strong><\/span>[\/vc_column_text]\t<\/div>\n<\/div>\n<h4 class=\"clearfix qodef-title-holder\" >\n\t<span class=\"qodef-accordion-mark qodef-left-mark\">\n\t\t<span class=\"qodef-accordion-mark-icon\">\n\t\t\t<span class=\"icon_plus\"><\/span>\n\t\t\t<span class=\"icon_minus-06\"><\/span>\n\t\t<\/span>\n\t<\/span>\n\t<span class=\"qodef-tab-title\">\n\t\t<span class=\"qodef-tab-title-inner\">\n\t\t\tAssociation D\u00e9partementale des Chasseurs de Grand Gibier (ADCGG)\t\t<\/span>\n\t<\/span>\n<\/h4>\n<div class=\"qodef-accordion-content\">\n\t<div class=\"qodef-accordion-content-inner\">\n\t\t[vc_column_text]Cotation des Troph\u00e9es<\/p>\n<p>Le petit Marray 37310 CHAMBOURG<\/p>\n<p>Tel. : 02 47 59 04 63[\/vc_column_text]\t<\/div>\n<\/div>\n<h4 class=\"clearfix qodef-title-holder\" >\n\t<span class=\"qodef-accordion-mark qodef-left-mark\">\n\t\t<span class=\"qodef-accordion-mark-icon\">\n\t\t\t<span class=\"icon_plus\"><\/span>\n\t\t\t<span class=\"icon_minus-06\"><\/span>\n\t\t<\/span>\n\t<\/span>\n\t<span class=\"qodef-tab-title\">\n\t\t<span class=\"qodef-tab-title-inner\">\n\t\t\tFREDON\t\t<\/span>\n\t<\/span>\n<\/h4>\n<div class=\"qodef-accordion-content\">\n\t<div class=\"qodef-accordion-content-inner\">\n\t\t[vc_column_text]9 ter rue Augustin Fresnel 37170 CHAMBRAY LES TOURS<\/p>\n<p>Tel. : 02 47 66 27 66<\/p>\n<p><span style=\"color: #a04696\"><strong><a style=\"color: #a04696\" href=\"mailto:cyril.kruczkowski@fredon-centre.com\">cyril.kruczkowski@fredon-centre.com<\/a><\/strong><\/span>[\/vc_column_text]\t<\/div>\n<\/div>\n<h4 class=\"clearfix qodef-title-holder\" >\n\t<span class=\"qodef-accordion-mark qodef-left-mark\">\n\t\t<span class=\"qodef-accordion-mark-icon\">\n\t\t\t<span class=\"icon_plus\"><\/span>\n\t\t\t<span class=\"icon_minus-06\"><\/span>\n\t\t<\/span>\n\t<\/span>\n\t<span class=\"qodef-tab-title\">\n\t\t<span class=\"qodef-tab-title-inner\">\n\t\t\tGCA 37 Guilde des Chasseurs \u00e0 l\u2019arc\t\t<\/span>\n\t<\/span>\n<\/h4>\n<div class=\"qodef-accordion-content\">\n\t<div class=\"qodef-accordion-content-inner\">\n\t\t[vc_column_text]Pr\u00e9sident : Jean-Hugues GAUVIN<\/p>\n<p>46 bis rue Rabelais 37500 CHINON<\/p>\n<p>Tel. : 06 08 27 30 04<\/p>\n<p><span style=\"color: #a04696\"><strong><a style=\"color: #a04696\" href=\"mailto:Jeanhugues.gauvin@club-internet.fr\">Jeanhugues.gauvin@club-internet.fr<\/a><\/strong><\/span>[\/vc_column_text]\t<\/div>\n<\/div>\n<h4 class=\"clearfix qodef-title-holder\" >\n\t<span class=\"qodef-accordion-mark qodef-left-mark\">\n\t\t<span class=\"qodef-accordion-mark-icon\">\n\t\t\t<span class=\"icon_plus\"><\/span>\n\t\t\t<span class=\"icon_minus-06\"><\/span>\n\t\t<\/span>\n\t<\/span>\n\t<span class=\"qodef-tab-title\">\n\t\t<span class=\"qodef-tab-title-inner\">\n\t\t\tLouvetiers d&#039;Indre-et-Loire\t\t<\/span>\n\t<\/span>\n<\/h4>\n<div class=\"qodef-accordion-content\">\n\t<div class=\"qodef-accordion-content-inner\">\n\t\t[vc_column_text]Pr\u00e9sident : Fr\u00e9d\u00e9ric LEFIEF<\/p>\n<p>Les Desforges 37220 BRIZAY<\/p>\n<p>Tel. : 02 47 58 94 21 Port. : 06 08 85 17 53[\/vc_column_text]\t<\/div>\n<\/div>\n<h4 class=\"clearfix qodef-title-holder\" >\n\t<span class=\"qodef-accordion-mark qodef-left-mark\">\n\t\t<span class=\"qodef-accordion-mark-icon\">\n\t\t\t<span class=\"icon_plus\"><\/span>\n\t\t\t<span class=\"icon_minus-06\"><\/span>\n\t\t<\/span>\n\t<\/span>\n\t<span class=\"qodef-tab-title\">\n\t\t<span class=\"qodef-tab-title-inner\">\n\t\t\tMalonneurs du confluent\t\t<\/span>\n\t<\/span>\n<\/h4>\n<div class=\"qodef-accordion-content\">\n\t<div class=\"qodef-accordion-content-inner\">\n\t\t[vc_column_text]Pr\u00e9sident\u00a0 : Fabrice BEAUSSE<\/p>\n<p>Le Carroi Chabot 37420 SAVIGNY EN VERON<\/p>\n<p>Tel. : 06.20.02.67.16<\/p>\n<p><span style=\"color: #a04696\"><strong><a style=\"color: #a04696\" href=\"mailto:fabrice.beausse@bbox.fr\">fabrice.beausse@bbox.fr<\/a><\/strong><\/span>[\/vc_column_text]\t<\/div>\n<\/div>\n<h4 class=\"clearfix qodef-title-holder\" >\n\t<span class=\"qodef-accordion-mark qodef-left-mark\">\n\t\t<span class=\"qodef-accordion-mark-icon\">\n\t\t\t<span class=\"icon_plus\"><\/span>\n\t\t\t<span class=\"icon_minus-06\"><\/span>\n\t\t<\/span>\n\t<\/span>\n\t<span class=\"qodef-tab-title\">\n\t\t<span class=\"qodef-tab-title-inner\">\n\t\t\tLes journ\u00e9es saint Hubert\t\t<\/span>\n\t<\/span>\n<\/h4>\n<div class=\"qodef-accordion-content\">\n\t<div class=\"qodef-accordion-content-inner\">\n\t\t[vc_column_text]<b>Pr\u00e9sident : <\/b><strong>Fr\u00e9d\u00e9ric GASNIER<\/strong><\/p>\n<p>Tel. : 06 77 75 95 83<\/p>\n<p><strong><a href=\"mailto:pascal.bourre57@gmail.com\"><span style=\"color: #a04695\">fredericgasnier@orange.fr<\/span><\/a><\/strong>[\/vc_column_text]\t<\/div>\n<\/div>\n<h4 class=\"clearfix qodef-title-holder\" >\n\t<span class=\"qodef-accordion-mark qodef-left-mark\">\n\t\t<span class=\"qodef-accordion-mark-icon\">\n\t\t\t<span class=\"icon_plus\"><\/span>\n\t\t\t<span class=\"icon_minus-06\"><\/span>\n\t\t<\/span>\n\t<\/span>\n\t<span class=\"qodef-tab-title\">\n\t\t<span class=\"qodef-tab-title-inner\">\n\t\t\tUnion D\u00e9partementale pour l\u2019Utilisation de Chiens de Rouge\t\t<\/span>\n\t<\/span>\n<\/h4>\n<div class=\"qodef-accordion-content\">\n\t<div class=\"qodef-accordion-content-inner\">\n\t\t[vc_column_text]Pr\u00e9sident : <strong>S\u00e9bastien PERINE<\/strong><\/p>\n<p>12 ave des Aubuis 37230 FONDETTES<\/p>\n<p>Port.\u00a0: 06.74.03.42.29<\/p>\n<p><a href=\"mailto:sebastien.perine37@gmail.com\"><span style=\"color: #a04695\"><strong>sebastien.perine37@gmail.com<\/strong><\/span><\/a>[\/vc_column_text]\t<\/div>\n<\/div>\n<h4 class=\"clearfix qodef-title-holder\" >\n\t<span class=\"qodef-accordion-mark qodef-left-mark\">\n\t\t<span class=\"qodef-accordion-mark-icon\">\n\t\t\t<span class=\"icon_plus\"><\/span>\n\t\t\t<span class=\"icon_minus-06\"><\/span>\n\t\t<\/span>\n\t<\/span>\n\t<span class=\"qodef-tab-title\">\n\t\t<span class=\"qodef-tab-title-inner\">\n\t\t\tSoci\u00e9t\u00e9 canine de Touraine\t\t<\/span>\n\t<\/span>\n<\/h4>\n<div class=\"qodef-accordion-content\">\n\t<div class=\"qodef-accordion-content-inner\">\n\t\t[vc_column_text]Pr\u00e9sidente : Arlette JAFFRE<\/p>\n<p>Ave du 14 juillet 37360 SONZAY<\/p>\n<p>Tel. : 02 47 24 50 14<\/p>\n<p><span style=\"color: #a04696\"><strong><a style=\"color: #a04696\" href=\"mailto:arlette.jaffre@sfr.fr\">arlette.jaffre@sfr.fr<\/a><\/strong><\/span>[\/vc_column_text]\t<\/div>\n<\/div>\n<h4 class=\"clearfix qodef-title-holder\" >\n\t<span class=\"qodef-accordion-mark qodef-left-mark\">\n\t\t<span class=\"qodef-accordion-mark-icon\">\n\t\t\t<span class=\"icon_plus\"><\/span>\n\t\t\t<span class=\"icon_minus-06\"><\/span>\n\t\t<\/span>\n\t<\/span>\n\t<span class=\"qodef-tab-title\">\n\t\t<span class=\"qodef-tab-title-inner\">\n\t\t\tV\u00e9nerie\t\t<\/span>\n\t<\/span>\n<\/h4>\n<div class=\"qodef-accordion-content\">\n\t<div class=\"qodef-accordion-content-inner\">\n\t\t[vc_column_text]Pr\u00e9sident : <strong>Christophe BIZARD de CHAMPCHEVRIER<\/strong><\/p>\n<p>Tel.\u00a0: 06 14 66 81 51<\/p>\n<p><a href=\"mailto:Christophe.bizard@gmx.fr\"><span style=\"color: #a04695\"><strong>Christophe.bizard@gmx.fr<\/strong><\/span><\/a>[\/vc_column_text]\t<\/div>\n<\/div>\n<h4 class=\"clearfix qodef-title-holder\" >\n\t<span class=\"qodef-accordion-mark qodef-left-mark\">\n\t\t<span class=\"qodef-accordion-mark-icon\">\n\t\t\t<span class=\"icon_plus\"><\/span>\n\t\t\t<span class=\"icon_minus-06\"><\/span>\n\t\t<\/span>\n\t<\/span>\n\t<span class=\"qodef-tab-title\">\n\t\t<span class=\"qodef-tab-title-inner\">\n\t\t\tV\u00e9nerie sous terre (D\u00e9terrage)\t\t<\/span>\n\t<\/span>\n<\/h4>\n<div class=\"qodef-accordion-content\">\n\t<div class=\"qodef-accordion-content-inner\">\n\t\t[vc_column_text]Pr\u00e9sident : <strong>J\u00e9r\u00f4me FLU<\/strong><\/p>\n<p>Domaine de Poill\u00e9 37390 CHARENTILLY<\/p>\n<p>Tel.\u00a0: 07 71 14 31 35[\/vc_column_text]\t<\/div>\n<\/div>\n<h4 class=\"clearfix qodef-title-holder\" >\n\t<span class=\"qodef-accordion-mark qodef-left-mark\">\n\t\t<span class=\"qodef-accordion-mark-icon\">\n\t\t\t<span class=\"icon_plus\"><\/span>\n\t\t\t<span class=\"icon_minus-06\"><\/span>\n\t\t<\/span>\n\t<\/span>\n\t<span class=\"qodef-tab-title\">\n\t\t<span class=\"qodef-tab-title-inner\">\n\t\t\tDELEGATION DEPARTEMENTALE DE TROMPES D\u2019INDRE ET LOIRE\t\t<\/span>\n\t<\/span>\n<\/h4>\n<div class=\"qodef-accordion-content\">\n\t<div class=\"qodef-accordion-content-inner\">\n\t\t[vc_column_text]D\u00e9l\u00e9gu\u00e9 D\u00e9partementale 37 de la FITF\u00a0: M. Guillaume LANGLAIS<\/p>\n<p>41 rue de Bl\u00e9r\u00e9, 37150 CIVRAY DE TOURAINE.<\/p>\n<p>Tel.\u00a0: 06 73 18 74 08<\/p>\n<p><span style=\"color: #a04696\"><strong><a style=\"color: #a04696\" href=\"mailto:guillaume.langlais@gmail.com\">guillaume.langlais@gmail.com<\/a><\/strong><\/span>[\/vc_column_text]\t<\/div>\n<\/div>\n<\/div>[\/vc_column][\/vc_row]<\/p>\n","protected":false},"excerpt":{"rendered":"<p>[vc_row][vc_column][\/vc_column][\/vc_row]<\/p>\n","protected":false},"author":6,"featured_media":0,"parent":0,"menu_order":0,"comment_status":"closed","ping_status":"closed","template":"","meta":{"_acf_changed":false,"inline_featured_image":false,"_exactmetrics_skip_tracking":false,"_exactmetrics_sitenote_active":false,"_exactmetrics_sitenote_note":"","_exactmetrics_sitenote_category":0,"footnotes":""},"class_list":["post-3369","page","type-page","status-publish","hentry"],"acf":[],"publishpress_future_action":{"enabled":false,"date":"2026-04-18 12:23:33","action":"change-status","newStatus":"draft","terms":[],"taxonomy":"","extraData":[]},"publishpress_future_workflow_manual_trigger":{"enabledWorkflows":[]},"_links":{"self":[{"href":"https:\/\/www.save.chasseurducentrevaldeloire.fr\/fdc37\/wp-json\/wp\/v2\/pages\/3369","targetHints":{"allow":["GET"]}}],"collection":[{"href":"https:\/\/www.save.chasseurducentrevaldeloire.fr\/fdc37\/wp-json\/wp\/v2\/pages"}],"about":[{"href":"https:\/\/www.save.chasseurducentrevaldeloire.fr\/fdc37\/wp-json\/wp\/v2\/types\/page"}],"author":[{"embeddable":true,"href":"https:\/\/www.save.chasseurducentrevaldeloire.fr\/fdc37\/wp-json\/wp\/v2\/users\/6"}],"replies":[{"embeddable":true,"href":"https:\/\/www.save.chasseurducentrevaldeloire.fr\/fdc37\/wp-json\/wp\/v2\/comments?post=3369"}],"version-history":[{"count":16,"href":"https:\/\/www.save.chasseurducentrevaldeloire.fr\/fdc37\/wp-json\/wp\/v2\/pages\/3369\/revisions"}],"predecessor-version":[{"id":5348,"href":"https:\/\/www.save.chasseurducentrevaldeloire.fr\/fdc37\/wp-json\/wp\/v2\/pages\/3369\/revisions\/5348"}],"wp:attachment":[{"href":"https:\/\/www.save.chasseurducentrevaldeloire.fr\/fdc37\/wp-json\/wp\/v2\/media?parent=3369"}],"curies":[{"name":"wp","href":"https:\/\/api.w.org\/{rel}","templated":true}]}}