{"id":3283,"date":"2018-10-26T14:23:43","date_gmt":"2018-10-26T12:23:43","guid":{"rendered":"http:\/\/www.chasseurducentrevaldeloire.fr\/fdc37\/?page_id=3283"},"modified":"2018-11-13T13:58:33","modified_gmt":"2018-11-13T12:58:33","slug":"domaine-des-tenieres","status":"publish","type":"page","link":"https:\/\/www.save.chasseurducentrevaldeloire.fr\/fdc37\/domaine-des-tenieres\/","title":{"rendered":"Domaine des T\u00e9ni\u00e8res"},"content":{"rendered":"<p>[vc_row][vc_column][vc_column_text]<img loading=\"lazy\" decoding=\"async\" class=\"size-medium wp-image-3292 alignleft\" src=\"http:\/\/www.chasseurducentrevaldeloire.fr\/fdc37\/wp-content\/uploads\/sites\/7\/2018\/11\/tenieres1-300x200.jpg\" alt=\"\" width=\"300\" height=\"200\" srcset=\"https:\/\/www.save.chasseurducentrevaldeloire.fr\/fdc37\/wp-content\/uploads\/sites\/7\/2018\/11\/tenieres1-300x200.jpg 300w, https:\/\/www.save.chasseurducentrevaldeloire.fr\/fdc37\/wp-content\/uploads\/sites\/7\/2018\/11\/tenieres1-768x512.jpg 768w, https:\/\/www.save.chasseurducentrevaldeloire.fr\/fdc37\/wp-content\/uploads\/sites\/7\/2018\/11\/tenieres1-1024x682.jpg 1024w, https:\/\/www.save.chasseurducentrevaldeloire.fr\/fdc37\/wp-content\/uploads\/sites\/7\/2018\/11\/tenieres1.jpg 1596w\" sizes=\"auto, (max-width: 300px) 100vw, 300px\" \/><\/p>\n<p><strong>Le domaine des T\u00e9ni\u00e8res :<\/strong><\/p>\n<p>Le site des T\u00e9ni\u00e8res est situ\u00e9 sur les communes de Saint-nicolas-de-Bourgueil et de Chouz\u00e9-sur-Loire. D\u2019une superficie de 97ha, il est constitu\u00e9 de deux plans d\u2019eau.<\/p>\n<p>En 1995, les terres agricoles sont pr\u00e9empt\u00e9es pour la construction de l\u2019autoroute A85. Des mat\u00e9riaux sont extraits de ces terrains afin de servir de mati\u00e8re premi\u00e8re \u00e0 la construction. Deux gravi\u00e8res apparaissent de chaque c\u00f4t\u00e9 du trac\u00e9 autoroutier.<\/p>\n<p>&nbsp;<\/p>\n<p>En 2007, lors de sa r\u00e9habilitation et sa mise en eau, \u00a0deux \u00e9tangs voient le jour. Le premier, les T\u00e9ni\u00e8res Nord (50ha) et le deuxi\u00e8me les T\u00e9ni\u00e8res Sud (7ha).<\/p>\n<p>En 2016, les deux sites sont r\u00e9troc\u00e9d\u00e9s \u00e0 la Fondation pour la Protection des Habitats de la Faune Sauvage, qui en confiera la gestion \u00e0 la F\u00e9d\u00e9ration D\u00e9partementale des Chasseurs d\u2019Indre et Loire.<\/p>\n<p>Depuis, un projet ambitieux d\u2019am\u00e9nagement est conduit avec pour objectif l\u2019ouverture des T\u00e9ni\u00e8res Nord au public. L\u2019id\u00e9e principale est de cr\u00e9er un outil p\u00e9dagogique \u00e0 destination des enfants sans oublier de proposer au public le plus vari\u00e9 un domaine de d\u00e9couverte \u00ab nature \u00bb.<\/p>\n<p>Depuis novembre 2017, l\u2019ensemble du domaine a fait l\u2019objet d\u2019un classement en tant Espace Naturel Sensible (ENS).<\/p>\n<p>&nbsp;<\/p>\n<p><img loading=\"lazy\" decoding=\"async\" class=\"size-medium wp-image-3293 alignright\" src=\"http:\/\/www.chasseurducentrevaldeloire.fr\/fdc37\/wp-content\/uploads\/sites\/7\/2018\/11\/tenieres2-300x200.jpg\" alt=\"\" width=\"300\" height=\"200\" srcset=\"https:\/\/www.save.chasseurducentrevaldeloire.fr\/fdc37\/wp-content\/uploads\/sites\/7\/2018\/11\/tenieres2-300x200.jpg 300w, https:\/\/www.save.chasseurducentrevaldeloire.fr\/fdc37\/wp-content\/uploads\/sites\/7\/2018\/11\/tenieres2-768x512.jpg 768w, https:\/\/www.save.chasseurducentrevaldeloire.fr\/fdc37\/wp-content\/uploads\/sites\/7\/2018\/11\/tenieres2-1024x682.jpg 1024w, https:\/\/www.save.chasseurducentrevaldeloire.fr\/fdc37\/wp-content\/uploads\/sites\/7\/2018\/11\/tenieres2.jpg 1595w\" sizes=\"auto, (max-width: 300px) 100vw, 300px\" \/><\/p>\n<p>&nbsp;<\/p>\n<p>Aujourd\u2019hui la F\u00e9d\u00e9ration des Chasseurs d\u2019Indre et Loire vous invite \u00e0 venir d\u00e9couvrir le site des T\u00e9ni\u00e8res nord. Vous pourrez vous balader sur un sentier de 4.4km qui borde l\u2019\u00e9tang, mais aussi partir \u00e0 la d\u00e9couverte d\u2019une biodiversit\u00e9 riche et vari\u00e9e. Vous aurez \u00e9galement l\u2019occasion d\u2019assister \u00e0 des animations nature propos\u00e9es par des animateurs sp\u00e9cialis\u00e9s. Retrouvez toutes les infos (dates, horaires, plan, tarifs, inscriptions-r\u00e9servations) en cliquant ici.<\/p>\n<p>&nbsp;<\/p>\n<p><img loading=\"lazy\" decoding=\"async\" class=\"size-medium wp-image-3294 alignleft\" src=\"http:\/\/www.chasseurducentrevaldeloire.fr\/fdc37\/wp-content\/uploads\/sites\/7\/2018\/11\/tenieres3-300x199.jpg\" alt=\"\" width=\"300\" height=\"199\" srcset=\"https:\/\/www.save.chasseurducentrevaldeloire.fr\/fdc37\/wp-content\/uploads\/sites\/7\/2018\/11\/tenieres3-300x199.jpg 300w, https:\/\/www.save.chasseurducentrevaldeloire.fr\/fdc37\/wp-content\/uploads\/sites\/7\/2018\/11\/tenieres3-768x510.jpg 768w, https:\/\/www.save.chasseurducentrevaldeloire.fr\/fdc37\/wp-content\/uploads\/sites\/7\/2018\/11\/tenieres3-1024x680.jpg 1024w, https:\/\/www.save.chasseurducentrevaldeloire.fr\/fdc37\/wp-content\/uploads\/sites\/7\/2018\/11\/tenieres3.jpg 1599w\" sizes=\"auto, (max-width: 300px) 100vw, 300px\" \/><\/p>\n<p>&nbsp;<\/p>\n<p>L\u2019acc\u00e8s y est libre et gratuit. Des panneaux d\u2019information vous accueilleront et vous guideront lors de votre premi\u00e8re visite.<\/p>\n<p>Nous envisageons de pouvoir vous proposer tr\u00e8s prochainement des installations plus confortables tel qu\u2019un observatoire, un sentier p\u00e9dagogique, ou une aire de pique-nique\u2026afin de vous rendre la d\u00e9couverte du domaine plus agr\u00e9able.<\/p>\n<p>&nbsp;<\/p>\n<p>Nous vous souhaitons une excellente visite.<\/p>\n<p>&nbsp;<\/p>\n<p><img loading=\"lazy\" decoding=\"async\" class=\"size-medium wp-image-3295 alignright\" src=\"http:\/\/www.chasseurducentrevaldeloire.fr\/fdc37\/wp-content\/uploads\/sites\/7\/2018\/11\/tenieres4-300x169.jpg\" alt=\"\" width=\"300\" height=\"169\" srcset=\"https:\/\/www.save.chasseurducentrevaldeloire.fr\/fdc37\/wp-content\/uploads\/sites\/7\/2018\/11\/tenieres4-300x169.jpg 300w, https:\/\/www.save.chasseurducentrevaldeloire.fr\/fdc37\/wp-content\/uploads\/sites\/7\/2018\/11\/tenieres4-768x432.jpg 768w, https:\/\/www.save.chasseurducentrevaldeloire.fr\/fdc37\/wp-content\/uploads\/sites\/7\/2018\/11\/tenieres4-1024x576.jpg 1024w, https:\/\/www.save.chasseurducentrevaldeloire.fr\/fdc37\/wp-content\/uploads\/sites\/7\/2018\/11\/tenieres4.jpg 1333w\" sizes=\"auto, (max-width: 300px) 100vw, 300px\" \/>[\/vc_column_text][\/vc_column][\/vc_row]<\/p>\n","protected":false},"excerpt":{"rendered":"<p>[vc_row][vc_column][vc_column_text] Le domaine des T\u00e9ni\u00e8res : Le site des T\u00e9ni\u00e8res est situ\u00e9 sur les communes de Saint-nicolas-de-Bourgueil et de Chouz\u00e9-sur-Loire. D\u2019une superficie de 97ha, il est constitu\u00e9 de deux plans d\u2019eau. En 1995, les terres agricoles sont pr\u00e9empt\u00e9es pour la construction de l\u2019autoroute A85. Des&#8230;<\/p>\n","protected":false},"author":6,"featured_media":0,"parent":0,"menu_order":0,"comment_status":"closed","ping_status":"closed","template":"","meta":{"_acf_changed":false,"inline_featured_image":false,"_exactmetrics_skip_tracking":false,"_exactmetrics_sitenote_active":false,"_exactmetrics_sitenote_note":"","_exactmetrics_sitenote_category":0,"footnotes":""},"class_list":["post-3283","page","type-page","status-publish","hentry"],"acf":[],"publishpress_future_action":{"enabled":false,"date":"2026-04-18 12:23:30","action":"change-status","newStatus":"draft","terms":[],"taxonomy":"","extraData":[]},"publishpress_future_workflow_manual_trigger":{"enabledWorkflows":[]},"_links":{"self":[{"href":"https:\/\/www.save.chasseurducentrevaldeloire.fr\/fdc37\/wp-json\/wp\/v2\/pages\/3283","targetHints":{"allow":["GET"]}}],"collection":[{"href":"https:\/\/www.save.chasseurducentrevaldeloire.fr\/fdc37\/wp-json\/wp\/v2\/pages"}],"about":[{"href":"https:\/\/www.save.chasseurducentrevaldeloire.fr\/fdc37\/wp-json\/wp\/v2\/types\/page"}],"author":[{"embeddable":true,"href":"https:\/\/www.save.chasseurducentrevaldeloire.fr\/fdc37\/wp-json\/wp\/v2\/users\/6"}],"replies":[{"embeddable":true,"href":"https:\/\/www.save.chasseurducentrevaldeloire.fr\/fdc37\/wp-json\/wp\/v2\/comments?post=3283"}],"version-history":[{"count":5,"href":"https:\/\/www.save.chasseurducentrevaldeloire.fr\/fdc37\/wp-json\/wp\/v2\/pages\/3283\/revisions"}],"predecessor-version":[{"id":3328,"href":"https:\/\/www.save.chasseurducentrevaldeloire.fr\/fdc37\/wp-json\/wp\/v2\/pages\/3283\/revisions\/3328"}],"wp:attachment":[{"href":"https:\/\/www.save.chasseurducentrevaldeloire.fr\/fdc37\/wp-json\/wp\/v2\/media?parent=3283"}],"curies":[{"name":"wp","href":"https:\/\/api.w.org\/{rel}","templated":true}]}}