{"id":3206,"date":"2018-07-13T15:03:27","date_gmt":"2018-07-13T13:03:27","guid":{"rendered":"http:\/\/www.chasseurducentrevaldeloire.fr\/fdc37\/?page_id=3206"},"modified":"2025-10-02T12:22:37","modified_gmt":"2025-10-02T10:22:37","slug":"permis-de-chasser","status":"publish","type":"page","link":"https:\/\/www.save.chasseurducentrevaldeloire.fr\/fdc37\/permis-de-chasser\/","title":{"rendered":"Permis de chasser"},"content":{"rendered":"<p>[vc_row][vc_column][vc_column_text]<img loading=\"lazy\" decoding=\"async\" class=\"aligncenter wp-image-4999 size-full\" src=\"https:\/\/www.chasseurducentrevaldeloire.fr\/fdc37\/wp-content\/uploads\/sites\/7\/2024\/02\/Flyer-offre-permis-de-chasser-1-1.jpg\" alt=\"\" width=\"826\" height=\"1169\" srcset=\"https:\/\/www.save.chasseurducentrevaldeloire.fr\/fdc37\/wp-content\/uploads\/sites\/7\/2024\/02\/Flyer-offre-permis-de-chasser-1-1.jpg 826w, https:\/\/www.save.chasseurducentrevaldeloire.fr\/fdc37\/wp-content\/uploads\/sites\/7\/2024\/02\/Flyer-offre-permis-de-chasser-1-1-212x300.jpg 212w, https:\/\/www.save.chasseurducentrevaldeloire.fr\/fdc37\/wp-content\/uploads\/sites\/7\/2024\/02\/Flyer-offre-permis-de-chasser-1-1-724x1024.jpg 724w, https:\/\/www.save.chasseurducentrevaldeloire.fr\/fdc37\/wp-content\/uploads\/sites\/7\/2024\/02\/Flyer-offre-permis-de-chasser-1-1-768x1087.jpg 768w\" sizes=\"auto, (max-width: 826px) 100vw, 826px\" \/>[\/vc_column_text][vc_text_separator title=\u00a0\u00bbPasser son permis\u00a0\u00bb color=\u00a0\u00bbcustom\u00a0\u00bb accent_color=\u00a0\u00bb#a04695&Prime;][vc_empty_space]<div class=\"qodef-accordion-holder clearfix qodef-toggle qodef-boxed \">\n\t<h4 class=\"clearfix qodef-title-holder\" >\n\t<span class=\"qodef-accordion-mark qodef-left-mark\">\n\t\t<span class=\"qodef-accordion-mark-icon\">\n\t\t\t<span class=\"icon_plus\"><\/span>\n\t\t\t<span class=\"icon_minus-06\"><\/span>\n\t\t<\/span>\n\t<\/span>\n\t<span class=\"qodef-tab-title\">\n\t\t<span class=\"qodef-tab-title-inner\">\n\t\t\tS\u2019inscrire\t\t<\/span>\n\t<\/span>\n<\/h4>\n<div class=\"qodef-accordion-content\">\n\t<div class=\"qodef-accordion-content-inner\">\n\t\t[vc_column_text]<strong>Permis de chasser<\/strong><\/p>\n<p><strong>\u00a0<\/strong><\/p>\n<p><strong>DEMATERIALISATION DE L\u2019INSCRIPTION A L\u2019EXAMEN DU PERMIS DE CHASSER<\/strong><\/p>\n<p><strong>\u00a0<\/strong><\/p>\n<p><strong>Vous devez vous rendre sur\u00a0:<\/strong><\/p>\n<p>&nbsp;<\/p>\n<p><a href=\"https:\/\/permischasser.ofb.fr\/\"><strong><span style=\"color: #a04695\">https:\/\/permischasser.ofb.fr<\/span><\/strong><\/a>\u00a0pour vous inscrire \u00e0 l\u2019examen du permis de chasser.<\/p>\n<p>&nbsp;<\/p>\n<p>Merci d\u2019imprimer le formulaire pr\u00e9 rempli (n\u2019oubliez pas de le signer et de le faire signer par votre repr\u00e9sentant l\u00e9gal si n\u00e9cessaire) puis de le faire compl\u00e9ter par votre m\u00e9decin traitant (attention, le cachet m\u00e9dical est obligatoire) et d\u2019y joindre\u00a0:<\/p>\n<p>&nbsp;<\/p>\n<p><strong>1 photographie normalis\u00e9e (documents officiels) OBLIGATOIRE \u00a0de moins de 6 mois. <\/strong><\/p>\n<p><strong>\u00a0<\/strong><\/p>\n<p><strong>1 Photocopie recto et verso de carte nationale d\u2019identit\u00e9 sur la m\u00eame page si possible (pas de prolongation si la carte nationale d\u2019identit\u00e9 a \u00e9t\u00e9 d\u00e9livr\u00e9 \u00e0 une personne mineure) ou passeport en cours de validit\u00e9.<\/strong><\/p>\n<p><strong>\u00a0<\/strong><\/p>\n<p><strong>1 photocopie de votre attestation de recensement si vous avez entre 16 et 18 ans.<\/strong><\/p>\n<p><strong>\u00a0<\/strong><\/p>\n<p><strong>1 photocopie de votre participation \u00e0 la journ\u00e9e d\u2019appel si vous avez entre 18 et 25 ans.<\/strong><\/p>\n<p><strong>\u00a0<\/strong><\/p>\n<p><strong>Le justificatif de r\u00e8glement de 31.00 \u20ac ou 46.00 \u20ac \u00e0 l\u2019OFB<\/strong><\/p>\n<p>&nbsp;<\/p>\n<p><strong>Dossier complet doit \u00eatre exp\u00e9di\u00e9 \u00e0\u00a0:<\/strong><\/p>\n<p><strong>FDC 37<\/strong><\/p>\n<p><strong>9 IMPASSE HEURTELOUP<\/strong><\/p>\n<p><strong>CS 41215<\/strong><\/p>\n<p><strong>37012 TOURS CEDEX 1<\/strong><\/p>\n<p>&nbsp;<\/p>\n<p><strong>D\u00c9ROULEMENT<\/strong><\/p>\n<p>&nbsp;<\/p>\n<p><strong><u>Formation obligatoire sur \u00bd journ\u00e9e<\/u>\u00a0: <\/strong><\/p>\n<p>Vous devez assister \u00e0 une s\u00e9ance de formation obligatoire. Celle-ci se d\u00e9roulera \u00e0 la \u00ab\u00a0Maison de la Chasse\u00a0\u00bb, lieu-dit \u00ab\u00a0Sirand\u00a0\u00bb \u00e0 Thilouze (qui sera \u00e9galement le site de l\u2019examen unique). Suivre le panneau \u00ab\u00a0Maison de la Chasse\u00a0\u00bb \u00e0 partir du centre de la commune de Thilouze.<\/p>\n<p>&nbsp;<\/p>\n<p>&nbsp;<\/p>\n<p>&nbsp;<\/p>\n<p><strong><u>Examen blanc pratique<\/u><\/strong><\/p>\n<p>&nbsp;<\/p>\n<p>Celui-ci vous est r\u00e9alis\u00e9 en g\u00e9n\u00e9ral une semaine avant votre examen unique et se d\u00e9roule sur 1h30 (inscription faite aupr\u00e8s des formateurs lors de la formation obligatoire) \u00e0 la \u00ab\u00a0Maison de la Chasse\u00a0\u00bb, lieu-dit \u00ab\u00a0Sirand\u00a0\u00bb \u00e0 Thilouze.<\/p>\n<p>&nbsp;<\/p>\n<p><strong><u>Convocation formation obligatoire<\/u><\/strong><strong>\u00a0:<\/strong><\/p>\n<p>Vous recevrez une convocation par courrier \u00e9lectronique.\u00a0<strong>Vous devrez par retour d\u2019email nous\u00a0<\/strong>confirmer votre pr\u00e9sence ou absence. Si la date ne vous convient pas, nous vous proposerons une date ult\u00e9rieure.<\/p>\n<p><strong><u>\u00a0<\/u><\/strong><\/p>\n<p><strong><u>Convocation examen unique\u00a0:<\/u><\/strong><\/p>\n<p><strong>\u00a0<\/strong><\/p>\n<p>Environ trois semaines apr\u00e8s votre formation obligatoire, vous recevrez de la part de l\u2019Office fran\u00e7ais de la biodiversit\u00e9 votre convocation pour l\u2019examen (seulement si vous votre dossier est valid\u00e9 par leur service).<\/p>\n<p>&nbsp;<\/p>\n<p><strong>Intervenants<\/strong>\u00a0:<\/p>\n<ul>\n<li>Sylvain GUIGNAUDEAU, Technicien<\/li>\n<li>Guillaume FAVIER : Technicien<\/li>\n<li>J\u00e9r\u00e9my DEMOIS : Animations site Thilouze<\/li>\n<li>C\u00e9dric BUFFETEAU : Technicien<\/li>\n<li>Valentin GOUBEAU : Technicien<\/li>\n<\/ul>\n<p><strong>\u00a0<\/strong><\/p>\n<p><strong>Compl\u00e9ment d\u2019informations<\/strong> : JULIE HUBERT,\u00a0<a href=\"mailto:julie.hubert@chasseurdefrance.com\"><span style=\"color: #a04695\"><strong>julie.hubert@chasseurdefrance.com<\/strong><\/span><\/a>, 02 47 05 34 48[\/vc_column_text][vc_empty_space][vc_column_text]<\/p>\n<h3>Chasse accompagn\u00e9e<\/h3>\n<p>&nbsp;<\/p>\n<p>&nbsp;<\/p>\n<p><strong>Dates<\/strong>\u00a0: Contactez votre f\u00e9d\u00e9ration pour conna\u00eetre les prochaines dates de formation<br \/>\n<strong>Dur\u00e9e\u00a0<\/strong>: 4 heures<\/p>\n<p><strong>Lieu\u00a0<\/strong>: Maison de la Chasse Sirand, 37260\u00a0 Thilouze<\/p>\n<p><strong>Public\u00a0<\/strong>: Toute personne voulant d\u00e9couvrir la pratique de la chasse.<\/p>\n<p><strong>Programme\u00a0<\/strong>:<\/p>\n<p>Ce programme est encadr\u00e9 par des textes r\u00e9glementaires.<\/p>\n<ul>\n<li>Simulation d\u2019une partie de chasse au petit gibier en respectant toutes les r\u00e8gles de s\u00e9curit\u00e9 lors du tir, des franchissements d\u2019obstacles et des d\u00e9placements.<\/li>\n<li>Simulation d\u2019une partie de chasse au grand gibier en respectant toutes les r\u00e8gles de s\u00e9curit\u00e9 lors de la prise du poste, du tir en respectant l\u2019angle de s\u00e9curit\u00e9 et lors des d\u00e9placements.<\/li>\n<li>D\u00e9livrance d\u2019une attestation de formation valable 1 an pour le candidat et 10 ans pour l\u2019accompagnateur.<\/li>\n<\/ul>\n<p><strong>Conditions\u00a0<\/strong>:<\/p>\n<ul>\n<li>Les candidats doivent \u00eatre \u00e2g\u00e9 de 14 ans r\u00e9volus pour s\u2019inscrire \u00e0 la formation chasse accompagn\u00e9e (mais ne pourront chasser accompagn\u00e9 qu\u2019\u00e0 l\u2019\u00e2ge de 15 ans).<\/li>\n<li>L\u2019accompagnateur doit poss\u00e9der un permis depuis 5 ans et avoir la validation en cours.<\/li>\n<li>Une arme pour 2.<\/li>\n<li>Valable un an et non renouvelable.<\/li>\n<\/ul>\n<p><strong>Formalit\u00e9s d\u2019inscription et co\u00fbt<\/strong>\u00a0:<\/p>\n<ul>\n<li><a href=\"https:\/\/www.chasseurducentrevaldeloire.fr\/fdc37\/wp-content\/uploads\/sites\/7\/2023\/03\/FORMULAIRE-INSCRIPTION-CHASSE-ACCOMPAGNEE.pdf\" target=\"_blank\" rel=\"noopener\"><strong><span style=\"color: #a04695\">Formulaire\u00a0d\u2019inscription<\/span> <\/strong><\/a>et le<a href=\"https:\/\/www.chasseurducentrevaldeloire.fr\/fdc37\/wp-content\/uploads\/sites\/7\/2023\/03\/Lettre-inscriptionCA.doc\" target=\"_blank\" rel=\"noopener\"><strong><span style=\"color: #a04695\"> courrier d\u2019inscription<\/span><\/strong><\/a><\/li>\n<li>La formation est gratuite, toutefois nous demandons un ch\u00e8que de caution de 50 \u20ac qui est rendu le jour de la Formation.<\/li>\n<\/ul>\n<p><strong>Intervenants<\/strong>\u00a0:<\/p>\n<ul>\n<li>Sylvain GUIGNAUDEAU, Technicien<\/li>\n<li>Guillaume FAVIER : Technicien<\/li>\n<li>J\u00e9r\u00e9my DEMOIS : Animations site Thilouze<\/li>\n<li>C\u00e9dric BUFFETEAU : Technicien<\/li>\n<li>Valentin GOUBEAU\u00a0: Technicien<\/li>\n<\/ul>\n<p>&nbsp;<\/p>\n<p><strong>Compl\u00e9ment d\u2019informations<\/strong> : JULIE HUBERT,\u00a0<a href=\"mailto:julie.hubert@chasseurdefrance.com\"><span style=\"color: #a04695\"><strong>julie.hubert@chasseurdefrance.com<\/strong><\/span><\/a>, 02 47 05 34 48<\/p>\n<p>Retrouvez la\u00a0<span style=\"color: #a04695\"><strong><a style=\"color: #a04695\" href=\"http:\/\/www.chasseursducentre.fr\/fdc37\/media\/video\/src\/\" target=\"_blank\" rel=\"noopener\">vid\u00e9o des r\u00e9visions du permis de chasser<\/a><\/strong><\/span><\/p>\n<p>Toutes les questions de l\u2019examen sont en ligne sur\u00a0<span style=\"color: #a04695\"><a style=\"color: #a04695\" href=\"http:\/\/www.chasseurdefrance.com\/\" target=\"_blank\" rel=\"noopener\"><strong>www.chasseurdefrance.com<\/strong><\/a><\/span>[\/vc_column_text]\t<\/div>\n<\/div>\n<h4 class=\"clearfix qodef-title-holder\" >\n\t<span class=\"qodef-accordion-mark qodef-left-mark\">\n\t\t<span class=\"qodef-accordion-mark-icon\">\n\t\t\t<span class=\"icon_plus\"><\/span>\n\t\t\t<span class=\"icon_minus-06\"><\/span>\n\t\t<\/span>\n\t<\/span>\n\t<span class=\"qodef-tab-title\">\n\t\t<span class=\"qodef-tab-title-inner\">\n\t\t\tR\u00e9viser\t\t<\/span>\n\t<\/span>\n<\/h4>\n<div class=\"qodef-accordion-content\">\n\t<div class=\"qodef-accordion-content-inner\">\n\t\t[vc_column_text]<\/p>\n<div class=\"wpb_column vc_column_container vc_col-sm-8\">\n<div class=\"vc_column-inner \">\n<div class=\"wpb_wrapper\">\n<div class=\"wpb_text_column wpb_content_element \">\n<div class=\"wpb_wrapper\">\n<p><strong><u>La Th\u00e9orie :<\/u><\/strong><\/p>\n<p>&nbsp;<\/p>\n<p>Vous souhaitez vous pr\u00e9parer \u00e0 l\u2019examen th\u00e9orique du permis de chasser, rendez-vous sur\u00a0: <a href=\"http:\/\/www.reussite-permisdechasser.com\/\" target=\"_blank\" rel=\"noopener noreferrer\">http:\/\/www.reussite-permisdechasser.com\/<\/a><\/p>\n<p>&nbsp;<\/p>\n<\/div>\n<\/div>\n<\/div>\n<\/div>\n<\/div>\n<p>&nbsp;<\/p>\n<p><img loading=\"lazy\" decoding=\"async\" class=\"wp-image-3583 aligncenter\" src=\"https:\/\/www.chasseurducentrevaldeloire.fr\/fdc37\/wp-content\/uploads\/sites\/7\/2019\/01\/permis-300x137.jpg\" alt=\"\" width=\"446\" height=\"204\" srcset=\"https:\/\/www.save.chasseurducentrevaldeloire.fr\/fdc37\/wp-content\/uploads\/sites\/7\/2019\/01\/permis-300x137.jpg 300w, https:\/\/www.save.chasseurducentrevaldeloire.fr\/fdc37\/wp-content\/uploads\/sites\/7\/2019\/01\/permis-768x351.jpg 768w, https:\/\/www.save.chasseurducentrevaldeloire.fr\/fdc37\/wp-content\/uploads\/sites\/7\/2019\/01\/permis-1024x468.jpg 1024w, https:\/\/www.save.chasseurducentrevaldeloire.fr\/fdc37\/wp-content\/uploads\/sites\/7\/2019\/01\/permis.jpg 1270w\" sizes=\"auto, (max-width: 446px) 100vw, 446px\" \/><\/p>\n<p>&nbsp;<\/p>\n<p>&nbsp;<\/p>\n<p>&nbsp;<\/p>\n<p><strong><u>La Pratique :<\/u><\/strong><\/p>\n<p>&nbsp;<\/p>\n<p>La F\u00e9d\u00e9ration des chasseurs d\u2019Indre et Loire a r\u00e9alis\u00e9 un ensemble de vid\u00e9os pour vous permettre de r\u00e9viser \u00e9galement chaque \u00e9preuve pratique. Afin de vous plonger un maximum dans les conditions r\u00e9elles de l\u2019examen, les images sont issues du site sur lequel vous serez<br \/>\n\u00e9valu\u00e9 \u00e0 la Maison de la chasse de Thilouze. N\u2019h\u00e9sitez pas \u00e0 voir et revoir ces vid\u00e9os, votre succ\u00e8s en d\u00e9pend.<\/p>\n<p>&nbsp;<\/p>\n<p>&nbsp;<\/p>\n<p style=\"text-align: center\"><strong>PR\u00c9PARATION A L\u2019EXAMEN DU PERMIS DE CHASSER<\/strong><\/p>\n<p>&nbsp;<\/p>\n<p>En ce qui concerne la pratique\u00a0: Retrouvez le parcours en vid\u00e9o de notre site de Thilouze sur\u00a0\u00a0<span style=\"color: #a04695\"><a style=\"color: #a04695\" href=\"https:\/\/www.youtube.com\/watch?v=qoTBXLHxCrs&amp;list=PLGsOBVM1_KVD3skooXUcB70K_zTtegxDh\" target=\"_blank\" rel=\"noopener\"><strong>https:\/\/www.youtube.com\/watch?v=qoTBXLHxCrs&amp;list=PLGsOBVM1_KVD3skooXUcB70K_zTtegxDh<\/strong><\/a><\/span><\/p>\n<p>&nbsp;<\/p>\n<p><img loading=\"lazy\" decoding=\"async\" class=\"size-full wp-image-4673 aligncenter\" src=\"https:\/\/www.chasseurducentrevaldeloire.fr\/fdc37\/wp-content\/uploads\/sites\/7\/2023\/01\/permis.jpg\" alt=\"\" width=\"105\" height=\"133\" \/>\u00a0\u00a0 <img loading=\"lazy\" decoding=\"async\" class=\"size-full wp-image-4674 aligncenter\" src=\"https:\/\/www.chasseurducentrevaldeloire.fr\/fdc37\/wp-content\/uploads\/sites\/7\/2023\/01\/Permis2.jpg\" alt=\"\" width=\"128\" height=\"94\" \/><\/p>\n<p>&nbsp;<\/p>\n<p>&nbsp;<\/p>\n<p>&nbsp;<\/p>\n<p>&nbsp;<\/p>\n<p>&nbsp;<\/p>\n<p>Concernant la pr\u00e9paration \u00e0 la th\u00e9orie, travail obligatoire \u00e0 l\u2019aide du manuel permis de chasser disponible dans votre f\u00e9d\u00e9ration. Site d\u2019examen blanc <strong><a href=\"https:\/\/www.chasseurdefrance.com\/pratiquer\/sentrainer-au-permis\/\">https:\/\/www.chasseurdefrance.com\/pratiquer\/sentrainer-au-permis\/<\/a><\/strong><\/p>\n<p>&nbsp;<\/p>\n<p><a href=\"https:\/\/www.chasseurducentrevaldeloire.fr\/fdc37\/wp-content\/uploads\/sites\/7\/2023\/04\/CouponPermis.docx\" target=\"_blank\" rel=\"noopener\"><img loading=\"lazy\" decoding=\"async\" class=\"aligncenter wp-image-4750 size-full\" src=\"https:\/\/www.chasseurducentrevaldeloire.fr\/fdc37\/wp-content\/uploads\/sites\/7\/2023\/04\/CouponPermis.png\" alt=\"\" width=\"750\" height=\"357\" srcset=\"https:\/\/www.save.chasseurducentrevaldeloire.fr\/fdc37\/wp-content\/uploads\/sites\/7\/2023\/04\/CouponPermis.png 750w, https:\/\/www.save.chasseurducentrevaldeloire.fr\/fdc37\/wp-content\/uploads\/sites\/7\/2023\/04\/CouponPermis-300x143.png 300w\" sizes=\"auto, (max-width: 750px) 100vw, 750px\" \/><\/a><\/p>\n<p>&nbsp;<\/p>\n<p>&nbsp;<\/p>\n<p><a href=\"https:\/\/www.chasseurducentrevaldeloire.fr\/fdc37\/revisions-permis-de-chasser-presentation\"><img loading=\"lazy\" decoding=\"async\" class=\"size-medium wp-image-3584 aligncenter\" src=\"https:\/\/www.chasseurducentrevaldeloire.fr\/fdc37\/wp-content\/uploads\/sites\/7\/2019\/01\/LogoPubpermisdechasser-300x268.jpg\" alt=\"\" width=\"300\" height=\"268\" srcset=\"https:\/\/www.save.chasseurducentrevaldeloire.fr\/fdc37\/wp-content\/uploads\/sites\/7\/2019\/01\/LogoPubpermisdechasser-300x268.jpg 300w, https:\/\/www.save.chasseurducentrevaldeloire.fr\/fdc37\/wp-content\/uploads\/sites\/7\/2019\/01\/LogoPubpermisdechasser-768x687.jpg 768w, https:\/\/www.save.chasseurducentrevaldeloire.fr\/fdc37\/wp-content\/uploads\/sites\/7\/2019\/01\/LogoPubpermisdechasser-1024x915.jpg 1024w, https:\/\/www.save.chasseurducentrevaldeloire.fr\/fdc37\/wp-content\/uploads\/sites\/7\/2019\/01\/LogoPubpermisdechasser.jpg 1208w\" sizes=\"auto, (max-width: 300px) 100vw, 300px\" \/><\/a>[\/vc_column_text]\t<\/div>\n<\/div>\n<\/div>[vc_empty_space][\/vc_column][\/vc_row][vc_row][vc_column][vc_empty_space][vc_empty_space][\/vc_column][\/vc_row][vc_row][vc_column][vc_column_text][\/vc_column_text][\/vc_column][\/vc_row][vc_row][vc_column][vc_text_separator title=\u00a0\u00bbValider son permis\u00a0\u00bb color=\u00a0\u00bbcustom\u00a0\u00bb accent_color=\u00a0\u00bb#a04695&Prime;][vc_empty_space][vc_column_text]<\/p>\n<div class=\"wpb_column vc_column_container vc_col-sm-8\">\n<div class=\"vc_column-inner \">\n<div class=\"wpb_wrapper\">\n<div class=\"wpb_text_column wpb_content_element \">\n<div class=\"wpb_wrapper\">\n<p>Validation 2025\/2026, validez votre permis d\u00e8s maintenant sur notre site : <a href=\"https:\/\/validationpermischasser.chasseurdefrance.com\/?federation=FDC_37\" target=\"_blank\" rel=\"noopener\"><span style=\"color: #a04695\"><strong>https:\/\/validationpermischasser.chasseurdefrance.com\/?federation=FDC_37<\/strong><\/span><\/a><\/p>\n<p>&nbsp;<\/p>\n<p><em>Besoin d&rsquo;aide, nous sommes l\u00e0 pour vous r\u00e9pondre: <span style=\"color: #a04695\"><strong><a style=\"color: #a04695\" href=\"mailto:contact@permisdechasser.fr\">contact@permisdechasser.fr<\/a><\/strong><\/span> ou 02 47 05 10 85<\/em><\/p>\n<p>&nbsp;<\/p>\n<\/div>\n<\/div>\n<\/div>\n<\/div>\n<\/div>\n<div class=\"wpb_animate_when_almost_visible wpb_fadeInRight fadeInRight wpb_column vc_column_container vc_col-sm-4 wpb_start_animation animated\">\n<div class=\"vc_column-inner \">\n<div class=\"wpb_wrapper\">\n<div id=\"mirrorId\" class=\"wpb_single_image wpb_content_element vc_align_left mirrorImg\">\n<figure class=\"wpb_wrapper vc_figure\">\n<div class=\"vc_single_image-wrapper vc_box_shadow_border vc_box_border_grey\"><\/div>\n<\/figure>\n<\/div>\n<\/div>\n<\/div>\n<\/div>\n<p>[\/vc_column_text][\/vc_column][\/vc_row][vc_row][vc_column][vc_text_separator title=\u00a0\u00bbDuplicatas\u00a0\u00bb color=\u00a0\u00bbcustom\u00a0\u00bb accent_color=\u00a0\u00bb#a04695&Prime;][vc_empty_space][vc_column_text]<\/p>\n<div class=\"wpb_column vc_column_container vc_col-sm-8\">\n<div class=\"vc_column-inner \">\n<div class=\"wpb_wrapper\">\n<div class=\"wpb_text_column wpb_content_element \">\n<div class=\"wpb_wrapper\">\n<p>&nbsp;<\/p>\n<ul>\n<li><a href=\"https:\/\/www.chasseurducentrevaldeloire.fr\/fdc37\/wp-content\/uploads\/sites\/7\/2020\/02\/C_20_-009_permisdechasserduplicata_et_autorisationdechasseraccompagne_.pdf\" target=\"_blank\" rel=\"noopener noreferrer\"><span style=\"color: #a04695\"><strong>Demande d\u2019autorisation de chasse accompagn\u00e9e<\/strong><\/span><\/a><\/li>\n<\/ul>\n<p>&nbsp;<\/p>\n<\/div>\n<\/div>\n<\/div>\n<\/div>\n<\/div>\n<div class=\"wpb_animate_when_almost_visible wpb_fadeInRight fadeInRight wpb_column vc_column_container vc_col-sm-4 wpb_start_animation animated\">\n<div class=\"vc_column-inner \">\n<div class=\"wpb_wrapper\">\n<div id=\"mirrorId\" class=\"wpb_single_image wpb_content_element vc_align_left mirrorImg\">\n<figure class=\"wpb_wrapper vc_figure\">\n<div class=\"vc_single_image-wrapper vc_box_shadow_border vc_box_border_grey\"><img loading=\"lazy\" decoding=\"async\" class=\"vc_single_image-img attachment-full\" src=\"http:\/\/www.chasseurducentrevaldeloire.fr\/fdc37\/wp-content\/uploads\/sites\/7\/2018\/05\/chasseur-info.jpg\" alt=\"\" width=\"250\" height=\"188\" \/><\/div>\n<\/figure>\n<\/div>\n<\/div>\n<\/div>\n<\/div>\n<p>[\/vc_column_text][\/vc_column][\/vc_row][vc_row][vc_column][vc_column_text][\/vc_column_text][\/vc_column][\/vc_row]<\/p>\n","protected":false},"excerpt":{"rendered":"<p>[vc_row][vc_column][vc_column_text][\/vc_column_text][vc_text_separator title=\u00a0\u00bbPasser son permis\u00a0\u00bb color=\u00a0\u00bbcustom\u00a0\u00bb accent_color=\u00a0\u00bb#a04695&Prime;][vc_empty_space][vc_empty_space][\/vc_column][\/vc_row][vc_row][vc_column][vc_empty_space][vc_empty_space][\/vc_column][\/vc_row][vc_row][vc_column][vc_column_text][\/vc_column_text][\/vc_column][\/vc_row][vc_row][vc_column][vc_text_separator title=\u00a0\u00bbValider son permis\u00a0\u00bb color=\u00a0\u00bbcustom\u00a0\u00bb accent_color=\u00a0\u00bb#a04695&Prime;][vc_empty_space][vc_column_text] Validation 2025\/2026, validez votre permis d\u00e8s maintenant sur notre site : https:\/\/validationpermischasser.chasseurdefrance.com\/?federation=FDC_37 &nbsp; Besoin d&rsquo;aide, nous sommes l\u00e0 pour vous r\u00e9pondre: contact@permisdechasser.fr ou 02 47 05 10 85 &nbsp; [\/vc_column_text][\/vc_column][\/vc_row][vc_row][vc_column][vc_text_separator title=\u00a0\u00bbDuplicatas\u00a0\u00bb color=\u00a0\u00bbcustom\u00a0\u00bb accent_color=\u00a0\u00bb#a04695&Prime;][vc_empty_space][vc_column_text] &nbsp;&#8230;<\/p>\n","protected":false},"author":6,"featured_media":0,"parent":0,"menu_order":0,"comment_status":"closed","ping_status":"closed","template":"","meta":{"_acf_changed":false,"inline_featured_image":false,"_exactmetrics_skip_tracking":false,"_exactmetrics_sitenote_active":false,"_exactmetrics_sitenote_note":"","_exactmetrics_sitenote_category":0,"footnotes":""},"class_list":["post-3206","page","type-page","status-publish","hentry"],"acf":[],"publishpress_future_action":{"enabled":false,"date":"2026-04-18 12:17:32","action":"change-status","newStatus":"draft","terms":[],"taxonomy":"","extraData":[]},"publishpress_future_workflow_manual_trigger":{"enabledWorkflows":[]},"_links":{"self":[{"href":"https:\/\/www.save.chasseurducentrevaldeloire.fr\/fdc37\/wp-json\/wp\/v2\/pages\/3206","targetHints":{"allow":["GET"]}}],"collection":[{"href":"https:\/\/www.save.chasseurducentrevaldeloire.fr\/fdc37\/wp-json\/wp\/v2\/pages"}],"about":[{"href":"https:\/\/www.save.chasseurducentrevaldeloire.fr\/fdc37\/wp-json\/wp\/v2\/types\/page"}],"author":[{"embeddable":true,"href":"https:\/\/www.save.chasseurducentrevaldeloire.fr\/fdc37\/wp-json\/wp\/v2\/users\/6"}],"replies":[{"embeddable":true,"href":"https:\/\/www.save.chasseurducentrevaldeloire.fr\/fdc37\/wp-json\/wp\/v2\/comments?post=3206"}],"version-history":[{"count":62,"href":"https:\/\/www.save.chasseurducentrevaldeloire.fr\/fdc37\/wp-json\/wp\/v2\/pages\/3206\/revisions"}],"predecessor-version":[{"id":5357,"href":"https:\/\/www.save.chasseurducentrevaldeloire.fr\/fdc37\/wp-json\/wp\/v2\/pages\/3206\/revisions\/5357"}],"wp:attachment":[{"href":"https:\/\/www.save.chasseurducentrevaldeloire.fr\/fdc37\/wp-json\/wp\/v2\/media?parent=3206"}],"curies":[{"name":"wp","href":"https:\/\/api.w.org\/{rel}","templated":true}]}}