{"id":3192,"date":"2018-06-29T14:18:22","date_gmt":"2018-06-29T12:18:22","guid":{"rendered":"http:\/\/www.chasseurducentrevaldeloire.fr\/fdc37\/?page_id=3192"},"modified":"2023-02-13T15:42:48","modified_gmt":"2023-02-13T14:42:48","slug":"amenagement-des-territoires","status":"publish","type":"page","link":"https:\/\/www.save.chasseurducentrevaldeloire.fr\/fdc37\/amenagement-des-territoires\/","title":{"rendered":"Am\u00e9nagement des territoires"},"content":{"rendered":"<p>[vc_row][vc_column width=\u00a0\u00bb1\/4&Prime;][vc_single_image image=\u00a0\u00bb3193&Prime;][\/vc_column][vc_column width=\u00a0\u00bb3\/4&Prime;][vc_column_text]Dans le cadre de sa politique d\u2019am\u00e9nagement du territoire, et plus particuli\u00e8rement de l\u2019implantation des jach\u00e8res faune sauvage et des intercultures labellis\u00e9es Agrifaune, vous trouverez en documents t\u00e9l\u00e9chargeables les documents relatifs \u00e0 \u00ab\u00a0l\u2019Engagement Jach\u00e8re 2017 \u00bb.<\/p>\n<p>Nous vous rappelons que la nouvelle r\u00e9glementation PAC,\u00a0 fixant les r\u00e8gles de gestion des jach\u00e8res par la convention d\u00e9partementale, est remplac\u00e9e par l\u2019arr\u00eat\u00e9 pr\u00e9fectoral relatif aux\u00a0 Bonnes Conduites Agricoles et Environnementales.[\/vc_column_text][\/vc_column][\/vc_row][vc_row][vc_column][vc_empty_space][vc_column_text]<strong>Dans le cadre de la mise en place d\u2019intercultures, nous vous proposons les m\u00e9langes labellis\u00e9s Agrifaune<\/strong>. Ces m\u00e9langes ont \u00e9t\u00e9 \u00e9labor\u00e9s et test\u00e9s en collaboration avec les\u00a0 Chambres d\u2019Agricultures et permettent de proposer quelques bonnes pratiques pour respecter la petite faune ainsi que l\u2019efficacit\u00e9 des couverts.[\/vc_column_text][\/vc_column][\/vc_row][vc_row][vc_column][vc_empty_space][vc_column_text]<strong>Les semences ne sont plus fournies par la FDC<\/strong>, mais vous trouverez ci-joint un bon de commande de notre ancien fournisseur que vous utiliserez si vous le souhaitez. En compensation, pour \u00ab\u00a0l\u2019engagement jach\u00e8re adapt\u00e9 petit gibier\u00a0\u00bb la f\u00e9d\u00e9ration versera une subvention de 50\u20ac de l\u2019ha. Seul le premier hectare est subventionn\u00e9. Pour \u00ab\u00a0l\u2019engagement jach\u00e8re p\u00e9renne et grand gibier\u00a0\u00bb la subvention sera de 80\u20ac de l\u2019ha. Il n\u2019y aura pas de subvention pour les m\u00e9langes d\u2019intercultures.[\/vc_column_text][\/vc_column][\/vc_row][vc_row][vc_column][vc_empty_space][vc_column_text]<strong>Afin de pouvoir verser les subventions, nous vous demandons de bien vouloir renseigner\u00a0 \u00ab\u00a0l\u2019engagement de jach\u00e8re environnement et faune sauvage\u00a0\u00bb\u00a0 ainsi que le tableau joint et\u00a0 d\u2019y joindre un RIB.\u00a0<\/strong>[\/vc_column_text][\/vc_column][\/vc_row][vc_row][vc_column][vc_empty_space][vc_column_text]<strong>Pour tous renseignements compl\u00e9mentaires\u00a0: contact FDC37\u00a0: S\u00e9bastien BODARD\u00a0: 06.85.73.78.28<\/strong>[\/vc_column_text][\/vc_column][\/vc_row][vc_row][vc_column][vc_empty_space][\/vc_column][\/vc_row][vc_row][vc_column width=\u00a0\u00bb1\/4&Prime;][vc_single_image image=\u00a0\u00bb3194&Prime;][\/vc_column][vc_column width=\u00a0\u00bb3\/4&Prime;][vc_column_text][\/vc_column_text][\/vc_column][\/vc_row]<\/p>\n","protected":false},"excerpt":{"rendered":"<p>[vc_row][vc_column width=\u00a0\u00bb1\/4&Prime;][vc_single_image image=\u00a0\u00bb3193&Prime;][\/vc_column][vc_column width=\u00a0\u00bb3\/4&Prime;][vc_column_text]Dans le cadre de sa politique d\u2019am\u00e9nagement du territoire, et plus particuli\u00e8rement de l\u2019implantation des jach\u00e8res faune sauvage et des intercultures labellis\u00e9es Agrifaune, vous trouverez en documents t\u00e9l\u00e9chargeables les documents relatifs \u00e0 \u00ab\u00a0l\u2019Engagement Jach\u00e8re 2017 \u00bb. Nous vous rappelons que la nouvelle&#8230;<\/p>\n","protected":false},"author":6,"featured_media":0,"parent":0,"menu_order":0,"comment_status":"closed","ping_status":"closed","template":"","meta":{"_acf_changed":false,"inline_featured_image":false,"_exactmetrics_skip_tracking":false,"_exactmetrics_sitenote_active":false,"_exactmetrics_sitenote_note":"","_exactmetrics_sitenote_category":0,"footnotes":""},"class_list":["post-3192","page","type-page","status-publish","hentry"],"acf":[],"publishpress_future_action":{"enabled":false,"date":"2026-04-18 12:16:40","action":"change-status","newStatus":"draft","terms":[],"taxonomy":"","extraData":[]},"publishpress_future_workflow_manual_trigger":{"enabledWorkflows":[]},"_links":{"self":[{"href":"https:\/\/www.save.chasseurducentrevaldeloire.fr\/fdc37\/wp-json\/wp\/v2\/pages\/3192","targetHints":{"allow":["GET"]}}],"collection":[{"href":"https:\/\/www.save.chasseurducentrevaldeloire.fr\/fdc37\/wp-json\/wp\/v2\/pages"}],"about":[{"href":"https:\/\/www.save.chasseurducentrevaldeloire.fr\/fdc37\/wp-json\/wp\/v2\/types\/page"}],"author":[{"embeddable":true,"href":"https:\/\/www.save.chasseurducentrevaldeloire.fr\/fdc37\/wp-json\/wp\/v2\/users\/6"}],"replies":[{"embeddable":true,"href":"https:\/\/www.save.chasseurducentrevaldeloire.fr\/fdc37\/wp-json\/wp\/v2\/comments?post=3192"}],"version-history":[{"count":5,"href":"https:\/\/www.save.chasseurducentrevaldeloire.fr\/fdc37\/wp-json\/wp\/v2\/pages\/3192\/revisions"}],"predecessor-version":[{"id":4713,"href":"https:\/\/www.save.chasseurducentrevaldeloire.fr\/fdc37\/wp-json\/wp\/v2\/pages\/3192\/revisions\/4713"}],"wp:attachment":[{"href":"https:\/\/www.save.chasseurducentrevaldeloire.fr\/fdc37\/wp-json\/wp\/v2\/media?parent=3192"}],"curies":[{"name":"wp","href":"https:\/\/api.w.org\/{rel}","templated":true}]}}