{"id":3144,"date":"2018-06-26T14:32:36","date_gmt":"2018-06-26T12:32:36","guid":{"rendered":"http:\/\/www.chasseurducentrevaldeloire.fr\/fdc37\/?page_id=3144"},"modified":"2025-10-16T07:45:34","modified_gmt":"2025-10-16T05:45:34","slug":"grand-gibier","status":"publish","type":"page","link":"https:\/\/www.save.chasseurducentrevaldeloire.fr\/fdc37\/grand-gibier\/","title":{"rendered":"Grand gibier"},"content":{"rendered":"<p>[vc_row][vc_column]<div class=\"qodef-accordion-holder clearfix qodef-toggle qodef-boxed \">\n\t<h4 class=\"clearfix qodef-title-holder\" >\n\t<span class=\"qodef-accordion-mark qodef-left-mark\">\n\t\t<span class=\"qodef-accordion-mark-icon\">\n\t\t\t<span class=\"icon_plus\"><\/span>\n\t\t\t<span class=\"icon_minus-06\"><\/span>\n\t\t<\/span>\n\t<\/span>\n\t<span class=\"qodef-tab-title\">\n\t\t<span class=\"qodef-tab-title-inner\">\n\t\t\tD\u00e9g\u00e2ts de gibier\t\t<\/span>\n\t<\/span>\n<\/h4>\n<div class=\"qodef-accordion-content\">\n\t<div class=\"qodef-accordion-content-inner\">\n\t\t[vc_column_text]Si vous \u00eates exploitant agricole en activit\u00e9 et que vous avez des d\u00e9g\u00e2ts de grand gibier sur vos cultures, vous trouverez dans cette rubrique :<\/p>\n<p>&nbsp;<\/p>\n<ul>\n<li>la r\u00e9glementation en vigueur concernant l\u2019indemnisation des d\u00e9g\u00e2ts. Pour les nouvelles dispositions concernant l\u2019indemnisation des d\u00e9g\u00e2ts de grand gibier, se r\u00e9f\u00e9rer aux articles R426-8 \u00e0 R426-16 du code de l\u2019environnement.<\/li>\n<li>les consignes pour compl\u00e9ter une d\u00e9claration de d\u00e9g\u00e2ts<\/li>\n<li>le formulaire de d\u00e9claration de d\u00e9g\u00e2ts (grandes cultures et vignes)<\/li>\n<\/ul>\n<p>&nbsp;<\/p>\n<p>T\u00e9l\u00e9charger :<\/p>\n<ul>\n<li><span style=\"color: #a04695\"><strong><a style=\"color: #a04695\" href=\"https:\/\/www.chasseurducentrevaldeloire.fr\/fdc37\/wp-content\/uploads\/sites\/7\/2019\/01\/declarationdegats.pdf\" target=\"_blank\" rel=\"noopener noreferrer\">D\u00e9claration de d\u00e9g\u00e2ts sur les grandes cultures, les cultures sp\u00e9cialis\u00e9es<\/a><\/strong><\/span><\/li>\n<li><span style=\"color: #a04695\"><strong><a style=\"color: #a04695\" href=\"https:\/\/www.chasseurducentrevaldeloire.fr\/fdc37\/wp-content\/uploads\/sites\/7\/2019\/01\/declarationdegatsvignes.pdf\" target=\"_blank\" rel=\"noopener noreferrer\">D\u00e9claration de d\u00e9g\u00e2ts sur les vignes<\/a><\/strong><\/span><\/li>\n<li><span style=\"color: #a04695\"><strong><a style=\"color: #a04695\" href=\"https:\/\/www.chasseurducentrevaldeloire.fr\/fdc37\/wp-content\/uploads\/sites\/7\/2024\/08\/Notice-explicative.pdf\" target=\"_blank\" rel=\"noopener noreferrer\">Notice explicative d\u00e9claration de d\u00e9g\u00e2ts (grandes cultures, cultures sp\u00e9cialis\u00e9es)<\/a><\/strong><\/span><\/li>\n<li><span style=\"color: #a04695\"><strong><a style=\"color: #a04695\" href=\"https:\/\/www.chasseurducentrevaldeloire.fr\/fdc37\/wp-content\/uploads\/sites\/7\/2024\/08\/NOTICE-EXPLICATIVE-VIGNE.pdf\" target=\"_blank\" rel=\"noopener noreferrer\">Notice explicative d\u00e9claration de d\u00e9g\u00e2ts (vignes)<\/a><\/strong><\/span><span style=\"color: #a04695\"><br \/>\n<\/span><\/li>\n<\/ul>\n<p>[\/vc_column_text]\t<\/div>\n<\/div>\n<h4 class=\"clearfix qodef-title-holder\" >\n\t<span class=\"qodef-accordion-mark qodef-left-mark\">\n\t\t<span class=\"qodef-accordion-mark-icon\">\n\t\t\t<span class=\"icon_plus\"><\/span>\n\t\t\t<span class=\"icon_minus-06\"><\/span>\n\t\t<\/span>\n\t<\/span>\n\t<span class=\"qodef-tab-title\">\n\t\t<span class=\"qodef-tab-title-inner\">\n\t\t\tDemande de plan de chasse\t\t<\/span>\n\t<\/span>\n<\/h4>\n<div class=\"qodef-accordion-content\">\n\t<div class=\"qodef-accordion-content-inner\">\n\t\t[vc_column_text]Chaque ann\u00e9e, les demandes de plan de chasse vous sont envoy\u00e9es \u00e0 la fin du mois de janvier. Vous devez nous retourner vos demandes avant le <b>10 mars<\/b> pour qu\u2019elles soient prises en compte.<\/p>\n<p>T\u00e9l\u00e9charger la <a href=\"https:\/\/www.chasseurducentrevaldeloire.fr\/fdc37\/wp-content\/uploads\/sites\/7\/2024\/02\/PLAN-DE-CHASSE-CAMPAGNE-2024-2025.pdf\" target=\"_blank\" rel=\"noopener\"><span style=\"color: #a04695\"><strong>demande de Plan de chasse 2024-2025<\/strong><\/span><\/a><\/p>\n<p>&nbsp;<\/p>\n<p>La<b>\u00a0<span style=\"color: #a04695\"><a style=\"color: #a04695\" href=\"https:\/\/www.chasseurducentrevaldeloire.fr\/fdc37\/wp-content\/uploads\/sites\/7\/2024\/02\/NOTE-INFORMATION-PLAN-DE-CHASSE.pdf\" target=\"_blank\" rel=\"noopener noreferrer\">notice explicative<\/a><\/span><\/b> ci-jointe vous d\u00e9taille par \u00e9tape tout ce que vous devez savoir sur la demande de plan de chasse, nous vous invitons vivement \u00e0 en prendre connaissance.[\/vc_column_text][vc_row_inner][vc_column_inner width=\u00a0\u00bb1\/4&Prime;][\/vc_column_inner][vc_column_inner width=\u00a0\u00bb3\/4&Prime;][\/vc_column_inner][\/vc_row_inner][vc_column_text][\/vc_column_text]\t<\/div>\n<\/div>\n<h4 class=\"clearfix qodef-title-holder\" >\n\t<span class=\"qodef-accordion-mark qodef-left-mark\">\n\t\t<span class=\"qodef-accordion-mark-icon\">\n\t\t\t<span class=\"icon_plus\"><\/span>\n\t\t\t<span class=\"icon_minus-06\"><\/span>\n\t\t<\/span>\n\t<\/span>\n\t<span class=\"qodef-tab-title\">\n\t\t<span class=\"qodef-tab-title-inner\">\n\t\t\tTarifs bracelets\t\t<\/span>\n\t<\/span>\n<\/h4>\n<div class=\"qodef-accordion-content\">\n\t<div class=\"qodef-accordion-content-inner\">\n\t\t[vc_column_text]<\/p>\n<p style=\"font-weight: 400\">Le bouton sanglier est en vente uniquement au si\u00e8ge de la f\u00e9d\u00e9ration au prix de 40\u20ac et est valable plusieurs saisons (sauf pour les parcs et enclos). N\u2019est pas concern\u00e9 par ce dispositif tout sanglier de moins de 20 kg, pris par les chiens, et non tir\u00e9 (par balle ou fl\u00e8che).<\/p>\n<p>&nbsp;<\/p>\n<p>&nbsp;<\/p>\n<table>\n<tbody>\n<tr>\n<td>Esp\u00e8ce<\/td>\n<td>Nom<\/td>\n<td>Territoires ouverts<\/td>\n<td>Parcs herm\u00e9tiques<\/td>\n<td>Enclos<\/td>\n<\/tr>\n<tr>\n<td>CEM1<\/td>\n<td>Cerf moins de 8 cors<\/td>\n<td>192 \u20ac<\/td>\n<td>5 \u20ac<\/td>\n<td>5 \u20ac<\/td>\n<\/tr>\n<tr>\n<td>CEM2<\/td>\n<td>Cerf<\/td>\n<td>192 \u20ac<\/td>\n<td>5 \u20ac<\/td>\n<td>5 \u20ac<\/td>\n<\/tr>\n<tr>\n<td>CEF<\/td>\n<td>Biche<\/td>\n<td>168 \u20ac<\/td>\n<td>5 \u20ac<\/td>\n<td>5 \u20ac<\/td>\n<\/tr>\n<tr>\n<td>CEJ<\/td>\n<td>Jeune cervid\u00e9<\/td>\n<td>84 \u20ac<\/td>\n<td>5 \u20ac<\/td>\n<td>5 \u20ac<\/td>\n<\/tr>\n<tr>\n<td>CHI<\/td>\n<td>Chevreuil<\/td>\n<td>24 \u20ac<\/td>\n<td>5 \u20ac<\/td>\n<td>5 \u20ac<\/td>\n<\/tr>\n<tr>\n<td>Sanglier<\/td>\n<td>Sanglier<\/td>\n<td>40 \u20ac<\/td>\n<td>5 \u20ac<\/td>\n<td>5 \u20ac<\/td>\n<\/tr>\n<tr>\n<td>LIE<\/td>\n<td>Li\u00e8vre<\/td>\n<td>Gratuit<\/td>\n<td>Gratuit<\/td>\n<td>Gratuit<\/td>\n<\/tr>\n<\/tbody>\n<\/table>\n<p>&nbsp;<\/p>\n<p>ENCLOS : Bracelet en vente \u00e0 l\u2019accueil de la FDC37<\/p>\n<p>CEIS\/CHIS : Bracelet payable une fois, puis renouvel\u00e9 gratuitement chaque ann\u00e9e sauf si demande expresse de remboursement.<\/p>\n<p>Bracelet de remplacement sanitaire ou suite \u00e0 perte (CEMIR, CEFR\u2026) : 5 \u20ac[\/vc_column_text]\t<\/div>\n<\/div>\n<h4 class=\"clearfix qodef-title-holder\" >\n\t<span class=\"qodef-accordion-mark qodef-left-mark\">\n\t\t<span class=\"qodef-accordion-mark-icon\">\n\t\t\t<span class=\"icon_plus\"><\/span>\n\t\t\t<span class=\"icon_minus-06\"><\/span>\n\t\t<\/span>\n\t<\/span>\n\t<span class=\"qodef-tab-title\">\n\t\t<span class=\"qodef-tab-title-inner\">\n\t\t\tBoutons sangliers\t\t<\/span>\n\t<\/span>\n<\/h4>\n<div class=\"qodef-accordion-content\">\n\t<div class=\"qodef-accordion-content-inner\">\n\t\t[vc_column_text]<\/p>\n<p style=\"font-weight: 400\">Le d\u00e9partement d\u2019Indre et Loire n\u2019est pas en plan de chasse sanglier. N\u00e9anmoins, pour chasser cette esp\u00e8ce, il faut vous acquitter d\u2019une \u00ab contribution financi\u00e8re \u00bb qui prend la forme d\u2019un bouton (dispositif de marquage) et soit \u00eatre titulaire d\u2019un plan de chasse, soit d\u2019un plan de gestion sanglier (voir imprim\u00e9 de demande ici :\u00a0<span style=\"color: #a04695\"><strong><a style=\"color: #a04695\" href=\"https:\/\/www.chasseurducentrevaldeloire.fr\/fdc37\/wp-content\/uploads\/sites\/7\/2025\/10\/DEMANDE-PLAN-DE-GESTION-SANGLIER-2025-2026.pdf\" target=\"_blank\" rel=\"noopener\">Demande de Plan de gestion sanglier 2025-2026<\/a><\/strong><\/span><em>).<\/em><\/p>\n<p style=\"font-weight: 400\">Comme pour les cervid\u00e9s, ce dispositif de marquage doit \u00eatre appos\u00e9 sur l\u2019animal avant tout d\u00e9placement de ce dernier.<\/p>\n<p style=\"font-weight: 400\">Les boutons sanglier ne sont plus remboursables en fin de saison.<\/p>\n<p>[\/vc_column_text]\t<\/div>\n<\/div>\n<h4 class=\"clearfix qodef-title-holder\" >\n\t<span class=\"qodef-accordion-mark qodef-left-mark\">\n\t\t<span class=\"qodef-accordion-mark-icon\">\n\t\t\t<span class=\"icon_plus\"><\/span>\n\t\t\t<span class=\"icon_minus-06\"><\/span>\n\t\t<\/span>\n\t<\/span>\n\t<span class=\"qodef-tab-title\">\n\t\t<span class=\"qodef-tab-title-inner\">\n\t\t\tConvention d&#039;agrainage\t\t<\/span>\n\t<\/span>\n<\/h4>\n<div class=\"qodef-accordion-content\">\n\t<div class=\"qodef-accordion-content-inner\">\n\t\t[vc_column_text]L\u2019agrainage qui consiste en l\u2019apport de grains ou graines est interdit, sauf signature d\u2019une charte d\u2019agrainage avec la F\u00e9d\u00e9ration Des Chasseurs d\u2019Indre-et-Loire. \u00a0\u00a0\u00a0 La charte d\u2019agrainage sign\u00e9e est valable 3 ans, jusqu\u2019au 1er avril de l\u2019ann\u00e9e d\u2019\u00e9ch\u00e9ance (<i>tacite reconduction, sauf d\u00e9nonciation pendant la p\u00e9riode des 3 ans<\/i>).<\/p>\n<p>&nbsp;<\/p>\n<p>La charte d\u2019agrainage est nominative, pour obtenir une demande de convention, merci de prendre contact avec la f\u00e9d\u00e9ration :<\/p>\n<p>&nbsp;<\/p>\n<p style=\"text-align: center\">Service technique<\/p>\n<p>&nbsp;<\/p>\n<p style=\"text-align: center\">GIRARD Yveline<\/p>\n<p style=\"text-align: center\">T\u00e9l. : 02.47.05.10.75 ou <span style=\"color: #a04696\"><strong><a style=\"color: #a04696\" href=\"mailto:technique37@chasseurdefrance.com\">technique37@chasseurdefrance.com<\/a><\/strong><\/span><\/p>\n<p>[\/vc_column_text]\t<\/div>\n<\/div>\n<\/div>[\/vc_column][\/vc_row]<\/p>\n","protected":false},"excerpt":{"rendered":"<p>[vc_row][vc_column][\/vc_column][\/vc_row]<\/p>\n","protected":false},"author":6,"featured_media":0,"parent":0,"menu_order":0,"comment_status":"closed","ping_status":"closed","template":"","meta":{"_acf_changed":false,"inline_featured_image":false,"_exactmetrics_skip_tracking":false,"_exactmetrics_sitenote_active":false,"_exactmetrics_sitenote_note":"","_exactmetrics_sitenote_category":0,"footnotes":""},"class_list":["post-3144","page","type-page","status-publish","hentry"],"acf":[],"publishpress_future_action":{"enabled":false,"date":"2026-04-18 12:17:30","action":"change-status","newStatus":"draft","terms":[],"taxonomy":"","extraData":[]},"publishpress_future_workflow_manual_trigger":{"enabledWorkflows":[]},"_links":{"self":[{"href":"https:\/\/www.save.chasseurducentrevaldeloire.fr\/fdc37\/wp-json\/wp\/v2\/pages\/3144","targetHints":{"allow":["GET"]}}],"collection":[{"href":"https:\/\/www.save.chasseurducentrevaldeloire.fr\/fdc37\/wp-json\/wp\/v2\/pages"}],"about":[{"href":"https:\/\/www.save.chasseurducentrevaldeloire.fr\/fdc37\/wp-json\/wp\/v2\/types\/page"}],"author":[{"embeddable":true,"href":"https:\/\/www.save.chasseurducentrevaldeloire.fr\/fdc37\/wp-json\/wp\/v2\/users\/6"}],"replies":[{"embeddable":true,"href":"https:\/\/www.save.chasseurducentrevaldeloire.fr\/fdc37\/wp-json\/wp\/v2\/comments?post=3144"}],"version-history":[{"count":33,"href":"https:\/\/www.save.chasseurducentrevaldeloire.fr\/fdc37\/wp-json\/wp\/v2\/pages\/3144\/revisions"}],"predecessor-version":[{"id":5363,"href":"https:\/\/www.save.chasseurducentrevaldeloire.fr\/fdc37\/wp-json\/wp\/v2\/pages\/3144\/revisions\/5363"}],"wp:attachment":[{"href":"https:\/\/www.save.chasseurducentrevaldeloire.fr\/fdc37\/wp-json\/wp\/v2\/media?parent=3144"}],"curies":[{"name":"wp","href":"https:\/\/api.w.org\/{rel}","templated":true}]}}