{"id":3136,"date":"2018-06-25T16:45:50","date_gmt":"2018-06-25T14:45:50","guid":{"rendered":"http:\/\/www.chasseurducentrevaldeloire.fr\/fdc37\/?page_id=3136"},"modified":"2022-06-28T15:08:31","modified_gmt":"2022-06-28T13:08:31","slug":"migrateur","status":"publish","type":"page","link":"https:\/\/www.save.chasseurducentrevaldeloire.fr\/fdc37\/migrateur\/","title":{"rendered":"Migrateur"},"content":{"rendered":"<p>[vc_row][vc_column][vc_column_text]<strong>Colombid\u00e9s : Connaissance, gestion, suivi :<\/strong>[\/vc_column_text][vc_empty_space][vc_column_text]Premi\u00e8re esp\u00e8ce de petit gibier chass\u00e9e en France, le pigeon ramier n\u2019a cess\u00e9 de se d\u00e9velopper ces derni\u00e8res ann\u00e9es. Depuis la derni\u00e8re enqu\u00eate sur les oiseaux nicheurs 1985-1989, le pigeon ramier a continu\u00e9 son entreprise de colonisation du territoire National. Aujourd\u2019hui, il est pr\u00e9sent dans l\u2019ensemble du pays. L\u2019abondance augmente de mani\u00e8re significative depuis 1996 (+85%) en moyenne 4.5% par an depuis 2004 ; en milieu urbain elle a atteint +141%. Les densit\u00e9s les plus fortes sont enregistr\u00e9es dans la moiti\u00e9 Nord de la France. Actuellement les populations nicheuses continuent \u00e0 coloniser progressivement les r\u00e9gions m\u00e9ridionales du pays dont la capacit\u00e9 d\u2019accueil semble ne pas \u00eatre atteinte.<\/p>\n<p>&nbsp;<\/p>\n<p>Le d\u00e9veloppement de la monoculture du ma\u00efs n\u2019est pas l\u2019apanage du Sud-Ouest. En Poitou- Charente, ou subsistent de grands espaces bocagers, les cultures de ma\u00efs repr\u00e9sentent 12 % de la surface agricole utile. La for\u00eat est aussi un biotope qui convient au pigeon ramier. Ainsi en r\u00e9gion centre, la Sologne, qui s\u2019\u00e9tend sur pr\u00e8s de 500 000 hectares, est occup\u00e9e aux trois quarts par la for\u00eat et comporte 12 000 hectares d\u2019\u00e9tangs. De m\u00eame en Seine Maritime, les 50 000 hectares de for\u00eat domaniale sont, \u00e0 plus de 80 %, compos\u00e9s de h\u00eatres. Les FDC des d\u00e9partements concern\u00e9s ont d\u00e9cid\u00e9 de suivre l\u2019exemple du GIFS (Groupement d\u2019Intervention Faune Sauvage) et de contribuer ainsi \u00e0 l\u2019am\u00e9lioration des connaissances sur l\u2019hivernage du pigeon ramier en participant aux comptages a\u00e9riens lors des mois de d\u00e9cembre et janvier.<\/p>\n<p>&nbsp;<\/p>\n<p>De 1990 \u00e0 2009, 15 d\u00e9partements r\u00e9alisent ces d\u00e9nombrements de pigeons ramiers hivernants dans les secteurs agricoles. Depuis janvier 2010, la FDC 37 participe \u00e9galement \u00e0 ces comptages permettant ainsi de nous informer annuellement sur un niveau minimum de population ainsi que sur la distribution des oiseaux sur le terrain.<\/p>\n<p>&nbsp;<\/p>\n<p>Durant deux heures, l\u2019ensemble du d\u00e9partement est balay\u00e9. En passant \u00e0 basse altitude (100 \u00e0 150 m\u00e8tres), sur un trac\u00e9 pr\u00e9\u00e9tabli, en milieu de journ\u00e9e (aux environs de midi), les oiseaux concentr\u00e9s autour des cultures ou pos\u00e9s sur les arbres sont effarouch\u00e9s et se regroupent en vol. Deux personnes install\u00e9es \u00e0 l\u2019arri\u00e8re de l\u2019avion d\u00e9nombrent les oiseaux. Ces derniers sont ensuite localis\u00e9s par un point GPS sur le trajet par une troisi\u00e8me personne install\u00e9e \u00e0 l\u2019avant.[\/vc_column_text][vc_empty_space][vc_column_text]<strong><u>Nos r\u00e9sultats d\u00e9partementaux montrent les r\u00e9sultats suivants\u00a0:<\/u><\/strong>[\/vc_column_text][vc_column_text]<\/p>\n<table>\n<tbody>\n<tr>\n<td>Janvier 2010 : 820 oiseaux<\/td>\n<td>\u00a0\u00a0D\u00e9cembre 2010 : 5760 oiseaux<\/td>\n<\/tr>\n<tr>\n<td>Janvier 2011 : 4825 oiseaux<\/td>\n<td>\u00a0\u00a0D\u00e9cembre 2011 : 818 oiseaux<\/td>\n<\/tr>\n<tr>\n<td>Janvier 2012 : 1525 oiseaux<\/td>\n<td>\u00a0\u00a0D\u00e9cembre 2012 : 4901 oiseaux<\/td>\n<\/tr>\n<tr>\n<td>Janvier 2013 : 10750 oiseaux<\/td>\n<td>\u00a0\u00a0D\u00e9cembre 2013 : 1255 oiseaux<\/td>\n<\/tr>\n<tr>\n<td>Janvier 2014 : 2408 oiseaux<\/td>\n<td>D\u00e9cembre 2014 : 1585 oiseaux<\/td>\n<\/tr>\n<tr>\n<td>Janvier 2015 : 1603 \u00a0oiseaux<\/td>\n<td>D\u00e9cembre 2015 : 2547 \u00a0oiseaux<\/td>\n<\/tr>\n<tr>\n<td>Janvier 2016 : 1293 oiseaux<\/td>\n<td>D\u00e9cembre 2016 : 2563 oiseaux<\/td>\n<\/tr>\n<tr>\n<td>Janvier 2017 : 4014 oiseaux<\/td>\n<td>D\u00e9cembre 2017 : 816 oiseaux<\/td>\n<\/tr>\n<tr>\n<td>Janvier 2018 : Pas de comptage probl\u00e8me M\u00e9t\u00e9o<\/td>\n<td><\/td>\n<\/tr>\n<\/tbody>\n<\/table>\n<p>[\/vc_column_text][vc_empty_space][vc_gallery type=\u00a0\u00bbimage_grid\u00a0\u00bb images=\u00a0\u00bb3137,3138&Prime; img_size=\u00a0\u00bbmedium\u00a0\u00bb][vc_empty_space height=\u00a0\u00bb60px\u00a0\u00bb][\/vc_column][\/vc_row][vc_row][\/vc_row][vc_row][vc_column][vc_column_text]<strong>CHASSADAPT et\u00a0 pr\u00e9l\u00e8vements d&rsquo;oiseaux migrateurs :<\/strong>[\/vc_column_text][vc_empty_space][vc_column_text]L&rsquo;application CHASSADAPT a \u00e9t\u00e9 d\u00e9velopp\u00e9e par la FNC pour la mise en \u0153uvre de la gestion adaptative afin que les chasseurs puissent enregistrer leurs pr\u00e9l\u00e8vements en temps r\u00e9el sur leur smartphone, suivre les quotas nationaux et avoir connaissance de leur historique de pr\u00e9l\u00e8vement, cette application gratuite, simple et pratique d\u2019utilisation permet d&rsquo;entrer ses pr\u00e9l\u00e8vements en quelques clics directement sur le terrain, m\u00eame sans r\u00e9seau Internet.<\/p>\n<p>Disponible sur\u00a0<span style=\"color: #a04696\"><strong><a style=\"color: #a04696\" href=\"https:\/\/play.google.com\/store\/apps\/details?id=com.fnc.hunter\" target=\"_blank\" rel=\"noopener noreferrer\">Google Play<\/a><\/strong><\/span>\u00a0et\u00a0<a href=\"https:\/\/apps.apple.com\/fr\/app\/chassadapt\/id1434665762\" target=\"_blank\" rel=\"noopener noreferrer\"><span style=\"color: #a04696\"><strong>App Store<\/strong><\/span><\/a>, elle remplacera \u00e0 terme les carnets papier et bagues des esp\u00e8ces soumises \u00e0 d\u00e9claration de pr\u00e9l\u00e8vement.<\/p>\n<p>Cette application permet d\u2019am\u00e9liorer la connaissance de certaines esp\u00e8ces recens\u00e9es et d\u2019\u00e9valuer l\u2019impact du pr\u00e9l\u00e8vement, pour ajuster au mieux la d\u00e9finition des quotas<\/p>\n<p>3 esp\u00e8ces sont \u00e0 d\u00e9clarer sur l&rsquo;application : la B\u00e9casse des bois (soit sur l&rsquo;application, soit sur le carnet B\u00e9casse papier), l&rsquo;Oie cendr\u00e9e (vivement conseill\u00e9) et la Tourterelle des bois (OBLIGATOIRE). Cette liste n\u2019est pas fig\u00e9e et \u00e9volue en fonction des modifications r\u00e9glementaires.[\/vc_column_text][\/vc_column][\/vc_row][vc_row][vc_column][vc_empty_space][vc_column_text]Pour en savoir plus, <a href=\"https:\/\/www.chasseurdefrance.com\/agir\/chassadapt\/\"><strong><span style=\"color: #a04696\">rendez-vous sur le site de la FNC<\/span><\/strong><\/a>[\/vc_column_text][\/vc_column][\/vc_row][vc_row][vc_column][vc_empty_space][vc_column_text][\/vc_column_text][vc_gallery type=\u00a0\u00bbimage_grid\u00a0\u00bb images=\u00a0\u00bb4077,4076,4075&Prime; onclick=\u00a0\u00bb\u00a0\u00bb][\/vc_column][\/vc_row]<\/p>\n","protected":false},"excerpt":{"rendered":"<p>[vc_row][vc_column][vc_column_text]Colombid\u00e9s : Connaissance, gestion, suivi :[\/vc_column_text][vc_empty_space][vc_column_text]Premi\u00e8re esp\u00e8ce de petit gibier chass\u00e9e en France, le pigeon ramier n\u2019a cess\u00e9 de se d\u00e9velopper ces derni\u00e8res ann\u00e9es. Depuis la derni\u00e8re enqu\u00eate sur les oiseaux nicheurs 1985-1989, le pigeon ramier a continu\u00e9 son entreprise de colonisation du territoire National&#8230;.<\/p>\n","protected":false},"author":6,"featured_media":0,"parent":0,"menu_order":0,"comment_status":"closed","ping_status":"closed","template":"","meta":{"_acf_changed":false,"inline_featured_image":false,"_exactmetrics_skip_tracking":false,"_exactmetrics_sitenote_active":false,"_exactmetrics_sitenote_note":"","_exactmetrics_sitenote_category":0,"footnotes":""},"class_list":["post-3136","page","type-page","status-publish","hentry"],"acf":[],"publishpress_future_action":{"enabled":false,"date":"2026-04-18 12:30:23","action":"change-status","newStatus":"draft","terms":[],"taxonomy":"","extraData":[]},"publishpress_future_workflow_manual_trigger":{"enabledWorkflows":[]},"_links":{"self":[{"href":"https:\/\/www.save.chasseurducentrevaldeloire.fr\/fdc37\/wp-json\/wp\/v2\/pages\/3136","targetHints":{"allow":["GET"]}}],"collection":[{"href":"https:\/\/www.save.chasseurducentrevaldeloire.fr\/fdc37\/wp-json\/wp\/v2\/pages"}],"about":[{"href":"https:\/\/www.save.chasseurducentrevaldeloire.fr\/fdc37\/wp-json\/wp\/v2\/types\/page"}],"author":[{"embeddable":true,"href":"https:\/\/www.save.chasseurducentrevaldeloire.fr\/fdc37\/wp-json\/wp\/v2\/users\/6"}],"replies":[{"embeddable":true,"href":"https:\/\/www.save.chasseurducentrevaldeloire.fr\/fdc37\/wp-json\/wp\/v2\/comments?post=3136"}],"version-history":[{"count":11,"href":"https:\/\/www.save.chasseurducentrevaldeloire.fr\/fdc37\/wp-json\/wp\/v2\/pages\/3136\/revisions"}],"predecessor-version":[{"id":4563,"href":"https:\/\/www.save.chasseurducentrevaldeloire.fr\/fdc37\/wp-json\/wp\/v2\/pages\/3136\/revisions\/4563"}],"wp:attachment":[{"href":"https:\/\/www.save.chasseurducentrevaldeloire.fr\/fdc37\/wp-json\/wp\/v2\/media?parent=3136"}],"curies":[{"name":"wp","href":"https:\/\/api.w.org\/{rel}","templated":true}]}}