{"id":3126,"date":"2018-09-25T16:24:43","date_gmt":"2018-09-25T14:24:43","guid":{"rendered":"http:\/\/www.chasseurducentrevaldeloire.fr\/fdc37\/?page_id=3126"},"modified":"2019-01-31T15:05:56","modified_gmt":"2019-01-31T14:05:56","slug":"petit-gibier","status":"publish","type":"page","link":"https:\/\/www.save.chasseurducentrevaldeloire.fr\/fdc37\/petit-gibier\/","title":{"rendered":"Petit gibier"},"content":{"rendered":"<p>[vc_row][vc_column]<div class=\"qodef-accordion-holder clearfix qodef-toggle qodef-boxed \">\n\t<h4 class=\"clearfix qodef-title-holder\" >\n\t<span class=\"qodef-accordion-mark qodef-left-mark\">\n\t\t<span class=\"qodef-accordion-mark-icon\">\n\t\t\t<span class=\"icon_plus\"><\/span>\n\t\t\t<span class=\"icon_minus-06\"><\/span>\n\t\t<\/span>\n\t<\/span>\n\t<span class=\"qodef-tab-title\">\n\t\t<span class=\"qodef-tab-title-inner\">\n\t\t\tPr\u00e9l\u00e8vements par saisons\t\t<\/span>\n\t<\/span>\n<\/h4>\n<div class=\"qodef-accordion-content\">\n\t<div class=\"qodef-accordion-content-inner\">\n\t\t[vc_column_text]<\/p>\n<table>\n<tbody>\n<tr>\n<td>ESPECES<\/td>\n<td>2007\/2008<\/td>\n<td>2008\/2009<\/td>\n<td>2009\/2010<\/td>\n<td>2010\/2011<\/td>\n<td>2011\/2012<\/td>\n<td>2012\/2013<\/td>\n<td>2013\/2014<\/td>\n<td>2014\/2015<\/td>\n<td>2015\/2016<\/td>\n<td>2016\/2017<\/td>\n<td>2017-2018<\/td>\n<\/tr>\n<tr>\n<td>LIEVRES<\/td>\n<td>13 059<\/td>\n<td>11 834<\/td>\n<td>11 241<\/td>\n<td>10 494<\/td>\n<td>9 539<\/td>\n<td>9 862<\/td>\n<td>8 161<\/td>\n<td>7 471<\/td>\n<td>6 785<\/td>\n<td>5 078<\/td>\n<td>4 472<\/td>\n<\/tr>\n<tr>\n<td>LAPINS<\/td>\n<td>5 791<\/td>\n<td>6 575<\/td>\n<td>8 679<\/td>\n<td>11 457<\/td>\n<td>9 419<\/td>\n<td>8 179<\/td>\n<td>5 606<\/td>\n<td>5 951<\/td>\n<td>6 519<\/td>\n<td>3 928<\/td>\n<td>3 025<\/td>\n<\/tr>\n<tr>\n<td>PERDRIX GRISES<\/td>\n<td>5 476<\/td>\n<td>4 482<\/td>\n<td>4 319<\/td>\n<td>4 088<\/td>\n<td>4 824<\/td>\n<td>4 173<\/td>\n<td>2 877<\/td>\n<td>2 228<\/td>\n<td>2 045<\/td>\n<td>1 444<\/td>\n<td>1 453<\/td>\n<\/tr>\n<tr>\n<td>PERDRIX ROUGES<\/td>\n<td>4 390<\/td>\n<td>3 141<\/td>\n<td>2 820<\/td>\n<td>3 083<\/td>\n<td>2 722<\/td>\n<td>2 272<\/td>\n<td>1 827<\/td>\n<td>1 564<\/td>\n<td>1 520<\/td>\n<td>1 031<\/td>\n<td>880<\/td>\n<\/tr>\n<tr>\n<td>FAISANS NATURELS<\/td>\n<td>7 034<\/td>\n<td>5 459<\/td>\n<td>4 400<\/td>\n<td>4 460<\/td>\n<td>3 934<\/td>\n<td>4 895<\/td>\n<td>2 235<\/td>\n<td>2 850<\/td>\n<td>2 883<\/td>\n<td>1 376<\/td>\n<td>1 784<\/td>\n<\/tr>\n<tr>\n<td>BECASSES<\/td>\n<td>3 024<\/td>\n<td>3 654<\/td>\n<td>4 043<\/td>\n<td>3 351<\/td>\n<td>2 832<\/td>\n<td>3 361<\/td>\n<td>3 231<\/td>\n<td>2 998<\/td>\n<td>2 963<\/td>\n<td>3 163<\/td>\n<td>2 169<\/td>\n<\/tr>\n<tr>\n<td>GRIVES<\/td>\n<td>3 738<\/td>\n<td>4 531<\/td>\n<td>6 054<\/td>\n<td>6 430<\/td>\n<td>3 879<\/td>\n<td>4 324<\/td>\n<td>3 021<\/td>\n<td>3 622<\/td>\n<td>2 958<\/td>\n<td>2 980<\/td>\n<td>2 750<\/td>\n<\/tr>\n<tr>\n<td>PIGEONS<\/td>\n<td>19 164<\/td>\n<td>26 230<\/td>\n<td>22 416<\/td>\n<td>33 920<\/td>\n<td>23 863<\/td>\n<td>31 452<\/td>\n<td>27 786<\/td>\n<td>24 148<\/td>\n<td>26 733<\/td>\n<td>29 878<\/td>\n<td>23 691<\/td>\n<\/tr>\n<tr>\n<td>COLVERTS<\/td>\n<td>13 899<\/td>\n<td>23 527<\/td>\n<td>20 773<\/td>\n<td>23 791<\/td>\n<td>19 087<\/td>\n<td>18 487<\/td>\n<td>17 587<\/td>\n<td>18 684<\/td>\n<td>15 957<\/td>\n<td>18 335<\/td>\n<td>13 180<\/td>\n<\/tr>\n<tr>\n<td>CORBEAUX CORNEILLES<\/td>\n<td><\/td>\n<td>6197<\/td>\n<td>7125<\/td>\n<td>7792<\/td>\n<td>6366<\/td>\n<td>7028<\/td>\n<td>7213<\/td>\n<td>8457<\/td>\n<td>7928<\/td>\n<td>7851<\/td>\n<td>6613<\/td>\n<\/tr>\n<tr>\n<td>RENARDS<\/td>\n<td><\/td>\n<td>2775<\/td>\n<td>3093<\/td>\n<td>3729<\/td>\n<td>4020<\/td>\n<td>4446<\/td>\n<td>3850<\/td>\n<td>4337<\/td>\n<td>5154<\/td>\n<td>4932<\/td>\n<td>4397<\/td>\n<\/tr>\n<\/tbody>\n<\/table>\n<p>[\/vc_column_text]\t<\/div>\n<\/div>\n<\/div>[vc_empty_space][vc_column_text][\/vc_column_text]<div class=\"qodef-accordion-holder clearfix qodef-toggle qodef-boxed \">\n\t<h4 class=\"clearfix qodef-title-holder\" >\n\t<span class=\"qodef-accordion-mark qodef-left-mark\">\n\t\t<span class=\"qodef-accordion-mark-icon\">\n\t\t\t<span class=\"icon_plus\"><\/span>\n\t\t\t<span class=\"icon_minus-06\"><\/span>\n\t\t<\/span>\n\t<\/span>\n\t<span class=\"qodef-tab-title\">\n\t\t<span class=\"qodef-tab-title-inner\">\n\t\t\tFaisans\t\t<\/span>\n\t<\/span>\n<\/h4>\n<div class=\"qodef-accordion-content\">\n\t<div class=\"qodef-accordion-content-inner\">\n\t\t[vc_column_text]<b><i>Objectifs <\/i><\/b><b><i>: cr\u00e9ation et renforcement de populations naturelles<\/i><\/b><\/p>\n<p>&nbsp;<\/p>\n<p>Le faisan est une esp\u00e8ce qui s\u2019adapte \u00e0 des milieux tr\u00e8s diff\u00e9rents (plaine c\u00e9r\u00e9ali\u00e8re, zone de marais, bocage\u2026.), ses capacit\u00e9s en font une esp\u00e8ce d\u2019avenir. Longtemps consid\u00e9r\u00e9 \u00e0 tort comme un gibier de substitution (tir), des populations naturelles exploitables par la chasse sont d\u00e9sormais r\u00e9guli\u00e8rement implant\u00e9es et d\u00e9velopp\u00e9es.<\/p>\n<p>&nbsp;<\/p>\n<p><u>L\u2019importance de la g\u00e9n\u00e9tique<\/u><\/p>\n<p>&nbsp;<\/p>\n<p>Les travaux de l\u2019ONCFS ont mis en \u00e9vidence une perte de qualit\u00e9 des faisans d\u2019\u00e9levage, concernant leur caract\u00e8re \u00ab sauvage \u00bb, ne permettant pas (ou peu) une adaptation au milieu naturel.<\/p>\n<p>&nbsp;<\/p>\n<p>En partant d\u2019oiseaux captur\u00e9s au sein de populations naturelles, l\u2019ONCFS a permis la cr\u00e9ation d\u2019une souche de faisans utilis\u00e9s pour le repeuplement (sans chasse).<\/p>\n<p>&nbsp;<\/p>\n<p><b><u>En Indre-et-Loire, plusieurs axes sont mis en place<\/u><\/b><b> :<\/b><\/p>\n<p>&nbsp;<\/p>\n<p><b><i>Pour am\u00e9liorer la qualit\u00e9 des oiseaux de chasse<\/i><\/b><\/p>\n<p>&nbsp;<\/p>\n<ul>\n<li>Par l\u00e2chers d\u2019\u00e9t\u00e9, dans les m\u00eames conditions que pour les perdrix.<\/li>\n<li>Par voli\u00e8re \u00e0 ciel ouvert<\/li>\n<\/ul>\n<p>&nbsp;<\/p>\n<p>Le principe permet \u00e9galement de lib\u00e9rer progressivement dans la nature, des jeunes faisans qui vont s\u2019aguerrir dans et aux alentours de la voli\u00e8re, avec pour objectif d\u2019am\u00e9liorer la qualit\u00e9 des oiseaux \u00e0 la chasse et tendre vers celles du gibier naturel.<\/p>\n<p>&nbsp;<\/p>\n<p>Une subvention est propos\u00e9e \u00e0 la cr\u00e9ation de la voli\u00e8re (maxi 3000 \u20ac) avec le respect d\u2019un cahier des charges d\u00e9fini.<\/p>\n<p>&nbsp;<\/p>\n<p><b><i>Pour cr\u00e9er et g\u00e9rer des populations naturelles<\/i><\/b><\/p>\n<p>&nbsp;<\/p>\n<ul>\n<li>Interdiction du tir de la poule faisane<\/li>\n<\/ul>\n<p>&nbsp;<\/p>\n<p>Il s\u2019agit d\u2019une mesure simple car du fait du dimorsphisme sexuel entre les sexes chez cette esp\u00e8ce ,il est peu probable de faire une erreur de tir .<\/p>\n<p>&nbsp;<\/p>\n<p>Principal inconv\u00e9nient: Comme il n\u2019y a \u00a0aucune mesure de protection des coqs ,on obtient rapidement \u00a0un fort d\u00e9s\u00e9quilibre entre les sexes.<\/p>\n<p>&nbsp;<\/p>\n<ul>\n<li>Tir uniquement des oiseaux munis de bagues et ponchos<\/li>\n<\/ul>\n<p>&nbsp;<\/p>\n<p>Le principe est de maintenir la possibilit\u00e9 de chasser les faisans communs l\u00e2ch\u00e9s, qui sont alors munis de ponchos (visuel) et de bagues alaires (contr\u00f4le).<\/p>\n<p>&nbsp;<\/p>\n<p>Cette technique permet de pr\u00e9server les oiseaux naturels ou de repeuplement sur le terrain, elle a pour principaux d\u00e9fauts :<\/p>\n<p>&nbsp;<\/p>\n<ul>\n<li>Le risque d\u2019erreur des chasseurs (difficult\u00e9 de visibilit\u00e9 du poncho),<\/li>\n<li>La r\u00e9introduction r\u00e9guli\u00e8re d\u2019oiseaux d\u2019\u00e9levage (d\u00e9gradation g\u00e9n\u00e9tique).<\/li>\n<\/ul>\n<p>&nbsp;<\/p>\n<p>De fait, le d\u00e9veloppement des populations et la r\u00e9ussite des repeuplements peuvent \u00eatre difficiles.<\/p>\n<p>&nbsp;<\/p>\n<p>La FDC37 subventionne et organise les repeuplements selon un budget annuel allou\u00e9 \u00e0 ces op\u00e9rations .<\/p>\n<p>&nbsp;<\/p>\n<p>Toute implantation de faisan doit \u00eatre suivie par un recensement des populations afin de suivre le d\u00e9roulement de l\u2019op\u00e9ration. Les m\u00e9thodes de recensements sont nombreuses :<\/p>\n<p>&nbsp;<\/p>\n<ul>\n<li>Recensement au percher : nombre d\u2019individus se perchant au coucher du soleil,<\/li>\n<li>Comptage en battue \u00e0 blanc : nombre d\u2019individus pr\u00e9sents sur le territoire,<\/li>\n<li>Comptage des coqs chanteurs : nombre de reproducteurs sur un territoire,<\/li>\n<li>\u00c9chantillonnage : nombre de jeunes accompagnants les poules.<\/li>\n<\/ul>\n<p>&nbsp;<\/p>\n<p>En Indre et Loire nous privil\u00e9gions la m\u00e9thode de recensement des coqs chanteurs au mois d\u2019avril (env 750 participants en 2018) , l\u2019all\u00e8gement de cette m\u00e9thode par des comptages sur points fixes est en cours d\u2019exp\u00e9rimentation.<\/p>\n<p>&nbsp;<\/p>\n<p>le <strong>Plan de gestion<\/strong> pr\u00e9voit la possibilit\u00e9 d\u2019attribuer des bracelets pour la chasse des oiseaux naturels selon les conditions suivantes :<\/p>\n<p>&nbsp;<\/p>\n<ul>\n<li>\u00eatre titulaire d\u2019un plan de chasse sur une commune dont les densit\u00e9s sont sup\u00e9rieures \u00e0 5 coqs chanteurs aux 100 hectares<\/li>\n<li>ne plus \u00eatre sur une commune en cours de repeuplement<\/li>\n<li>que la reproduction de l\u2019ann\u00e9e le permette (au moins 3 jeunes par poule)<\/li>\n<\/ul>\n<p>[\/vc_column_text]\t<\/div>\n<\/div>\n<\/div>[\/vc_column][\/vc_row][vc_row][vc_column][vc_empty_space]<div class=\"qodef-accordion-holder clearfix qodef-toggle qodef-boxed \">\n\t<h4 class=\"clearfix qodef-title-holder\" >\n\t<span class=\"qodef-accordion-mark qodef-left-mark\">\n\t\t<span class=\"qodef-accordion-mark-icon\">\n\t\t\t<span class=\"icon_plus\"><\/span>\n\t\t\t<span class=\"icon_minus-06\"><\/span>\n\t\t<\/span>\n\t<\/span>\n\t<span class=\"qodef-tab-title\">\n\t\t<span class=\"qodef-tab-title-inner\">\n\t\t\tLi\u00e8vre\t\t<\/span>\n\t<\/span>\n<\/h4>\n<div class=\"qodef-accordion-content\">\n\t<div class=\"qodef-accordion-content-inner\">\n\t\t[vc_column_text]<b>PLAN DE CHASSE LI\u00c8VRE<\/b><\/p>\n<p>&nbsp;<\/p>\n<p>Le plan de chasse li\u00e8vre a \u00e9t\u00e9 lanc\u00e9 pour la premi\u00e8re fois en Indre et Loire en 1990 et a \u00e9t\u00e9 \u00e9tendu \u00e0 l\u2019ensemble du d\u00e9partement (sur d\u00e9cision pr\u00e9fectorale) en 2007.<\/p>\n<p>&nbsp;<\/p>\n<p>Comme le plan de chasse \u00ab Grands animaux \u00bb, tout territoire d\u00e9sirant chasser cette esp\u00e8ce, par le biais de son responsable, doit faire une demande de plan de chasse aupr\u00e8s des services de la F\u00e9d\u00e9ration des chasseurs. Cette derni\u00e8re, apr\u00e8s \u00e9tude et acceptation des services de l\u2019\u00e9tat lui attribuera un nombre de bracelets \u00e0 r\u00e9aliser dans la p\u00e9riode l\u00e9gale d\u2019ouverture de son secteur.<\/p>\n<p>&nbsp;<\/p>\n<p>Comme chaque hiver, les comptages nocturnes permettent de d\u00e9terminer les IKA (Indices kilom\u00e9triques d\u2019abondance). C\u2019est le travail de base le plus important, car il permet de donner une tendance de l\u2019\u00e9volution de la population de li\u00e8vre dans chaque secteur du d\u00e9partement et ainsi ajuster les pr\u00e9l\u00e8vements pour la saison \u00e0 venir.<\/p>\n<p>&nbsp;<\/p>\n<p>Il est d\u2019ailleurs bon de souligner que les sous massifs dont l\u2019IKA est inf\u00e9rieur \u00e0 3.5 sont en attribution 0 conform\u00e9ment \u00e0 la d\u00e9cision de l\u2019assembl\u00e9e g\u00e9n\u00e9rale du 2 Avril 2011.<\/p>\n<p>&nbsp;<\/p>\n<p>Malgr\u00e9 ces limitations de la chasse les pr\u00e9l\u00e8vements sont en baisse constantes avec moins de 7000 li\u00e8vres en 2017, le plan de chasse a tout de m\u00eame permis le maintien des populations malgr\u00e9 les difficult\u00e9s rencontr\u00e9es par l\u2019esp\u00e8ce ces derni\u00e8res ann\u00e9es notamment au niveau de la reproduction.<\/p>\n<p>&nbsp;<\/p>\n<p>Les Indices kilom\u00e9triques sont relativement stables mais les possibilit\u00e9s de pr\u00e9l\u00e8vements s\u2019amenuisent chaque ann\u00e9es.<\/p>\n<p>[\/vc_column_text][vc_column_text]En 2012\/2013, le pr\u00e9l\u00e8vement est d\u2019environ 10000 li\u00e8vres, le plan de chasse ayant permis le maintien des populations malgr\u00e9 les difficult\u00e9s rencontr\u00e9es par l\u2019esp\u00e8ce ces derni\u00e8res ann\u00e9es notamment au niveau de la reproduction.[\/vc_column_text]\t<\/div>\n<\/div>\n<\/div>[\/vc_column][\/vc_row][vc_row][vc_column][\/vc_column][\/vc_row]<\/p>\n","protected":false},"excerpt":{"rendered":"<p>[vc_row][vc_column][vc_empty_space][vc_column_text][\/vc_column_text][\/vc_column][\/vc_row][vc_row][vc_column][vc_empty_space][\/vc_column][\/vc_row][vc_row][vc_column][\/vc_column][\/vc_row]<\/p>\n","protected":false},"author":6,"featured_media":0,"parent":0,"menu_order":0,"comment_status":"closed","ping_status":"closed","template":"","meta":{"_acf_changed":false,"inline_featured_image":false,"_exactmetrics_skip_tracking":false,"_exactmetrics_sitenote_active":false,"_exactmetrics_sitenote_note":"","_exactmetrics_sitenote_category":0,"footnotes":""},"class_list":["post-3126","page","type-page","status-publish","hentry"],"acf":[],"publishpress_future_action":{"enabled":false,"date":"2026-04-18 12:27:32","action":"change-status","newStatus":"draft","terms":[],"taxonomy":"","extraData":[]},"publishpress_future_workflow_manual_trigger":{"enabledWorkflows":[]},"_links":{"self":[{"href":"https:\/\/www.save.chasseurducentrevaldeloire.fr\/fdc37\/wp-json\/wp\/v2\/pages\/3126","targetHints":{"allow":["GET"]}}],"collection":[{"href":"https:\/\/www.save.chasseurducentrevaldeloire.fr\/fdc37\/wp-json\/wp\/v2\/pages"}],"about":[{"href":"https:\/\/www.save.chasseurducentrevaldeloire.fr\/fdc37\/wp-json\/wp\/v2\/types\/page"}],"author":[{"embeddable":true,"href":"https:\/\/www.save.chasseurducentrevaldeloire.fr\/fdc37\/wp-json\/wp\/v2\/users\/6"}],"replies":[{"embeddable":true,"href":"https:\/\/www.save.chasseurducentrevaldeloire.fr\/fdc37\/wp-json\/wp\/v2\/comments?post=3126"}],"version-history":[{"count":17,"href":"https:\/\/www.save.chasseurducentrevaldeloire.fr\/fdc37\/wp-json\/wp\/v2\/pages\/3126\/revisions"}],"predecessor-version":[{"id":3629,"href":"https:\/\/www.save.chasseurducentrevaldeloire.fr\/fdc37\/wp-json\/wp\/v2\/pages\/3126\/revisions\/3629"}],"wp:attachment":[{"href":"https:\/\/www.save.chasseurducentrevaldeloire.fr\/fdc37\/wp-json\/wp\/v2\/media?parent=3126"}],"curies":[{"name":"wp","href":"https:\/\/api.w.org\/{rel}","templated":true}]}}