{"id":3122,"date":"2018-06-25T15:32:40","date_gmt":"2018-06-25T13:32:40","guid":{"rendered":"http:\/\/www.chasseurducentrevaldeloire.fr\/fdc37\/?page_id=3122"},"modified":"2019-01-31T13:56:31","modified_gmt":"2019-01-31T12:56:31","slug":"securite","status":"publish","type":"page","link":"https:\/\/www.save.chasseurducentrevaldeloire.fr\/fdc37\/securite\/","title":{"rendered":"S\u00e9curit\u00e9"},"content":{"rendered":"<p>[vc_row][\/vc_row][vc_row][\/vc_row][vc_row][vc_column][vc_empty_space][vc_column_text]Les prescriptions \u00e9l\u00e9mentaires de s\u00e9curit\u00e9 \u00e0 la chasse sont les \u00a0suivantes :<\/p>\n<p>&nbsp;<\/p>\n<ul>\n<li>\u00a0\u00a0\u00a0\u00a0\u00a0\u00a0\u00a0Interdire tout tir dans la traque pour les chasses collectives au grand gibier sauf consigne sp\u00e9cifique du responsable de chasse, avec obligation de respecter l\u2019angle de tir de 30\u00b0.<\/li>\n<li>\u00a0\u00a0\u00a0\u00a0\u00a0\u00a0\u00a0Identifier parfaitement l\u2019animal vis\u00e9, avant toute d\u00e9cision de tir.<\/li>\n<li>\u00a0\u00a0\u00a0\u00a0\u00a0\u00a0\u00a0Proscrire tout \u00a0d\u00e9placement des chasseurs post\u00e9s, en cours d\u2019action de chasse, sans l\u2019accord du chef de ligne ou du responsable de la chasse.<\/li>\n<li>\u00a0\u00a0\u00a0\u00a0\u00a0\u00a0\u00a0Prescrire le tir fichant.<\/li>\n<li>\u00a0\u00a0\u00a0\u00a0\u00a0\u00a0\u00a0Interdire de courir avec une arme charg\u00e9e.<\/li>\n<li>\u00a0\u00a0\u00a0\u00a0\u00a0\u00a0\u00a0Une arme charg\u00e9e doit obligatoirement et toujours \u00eatre tenue en main; \u00e0 d\u00e9faut, les munitions doivent \u00eatre extraites de l\u2019arme.<\/li>\n<\/ul>\n<p>&nbsp;<\/p>\n<p>Les consignes de s\u00e9curit\u00e9 doivent obligatoirement \u00eatre donn\u00e9es avant le d\u00e9part d\u2019une chasse en battue au grand gibier, \u00e0 tous les participants, par le responsable de l\u2019organisation, ou son repr\u00e9sentant.<\/p>\n<p>&nbsp;<\/p>\n<p>La F\u00e9d\u00e9ration incitera \u00a0les territoires de chasse \u00e0 souscrire une assurance les couvrant en mati\u00e8re de responsabilit\u00e9 civile d\u2019organisateur de chasse.<\/p>\n<p>&nbsp;<\/p>\n<p><b>Le stage \u00ab s\u00e9curit\u00e9 \u00bb<\/b> \u00a0dispens\u00e9 par la f\u00e9d\u00e9ration est obligatoire pour tous les nouveaux demandeurs de plan de chasse et\/ou l\u2019organisateur de chasse.<\/p>\n<p>&nbsp;<\/p>\n<p>La f\u00e9d\u00e9ration conseillera \u00a0aux organisateurs de chasse (responsables, chefs de ligne), et aux chasseurs, de participer aux stages de s\u00e9curit\u00e9 qu\u2019elle organise.<\/p>\n<p>&nbsp;<\/p>\n<p>Un bilan des d\u00e9tenteurs de droits de chasse ayant fait le stage s\u00e9curit\u00e9 sera effectu\u00e9 pour \u00a0inciter les absents \u00e0 y participer.<\/p>\n<p>&nbsp;<\/p>\n<p>Toute chasse en battue au grand gibier, <u>\u00e0 partir de 5 chasseurs<\/u>, doit \u00eatre enregistr\u00e9e sur un document, nomm\u00e9 carnet de battue.<\/p>\n<p>&nbsp;<\/p>\n<p>La tenue de ce carnet de battue est obligatoire. Il doit contenir les \u00e9l\u00e9ments suivants :<\/p>\n<p>&nbsp;<\/p>\n<ul>\n<li>\u00a0\u00a0\u00a0\u00a0\u00a0\u00a0\u00a0Liste des chasseurs pr\u00e9sents<\/li>\n<li>\u00a0\u00a0\u00a0\u00a0\u00a0\u00a0\u00a0L\u2019identification des animaux pr\u00e9lev\u00e9s (num\u00e9ro de bracelets de cervid\u00e9s et de boutons pour les sangliers)<\/li>\n<li>\u00a0\u00a0\u00a0\u00a0\u00a0\u00a0\u00a0Le responsable de chasse ou son repr\u00e9sentant, devra proc\u00e9der au contr\u00f4le des num\u00e9ros de permis, de validation, de contrat d\u2019assurance.<\/li>\n<\/ul>\n<p>&nbsp;<\/p>\n<p>Des stages alternatifs aux poursuites p\u00e9nales sont mis en place, en collaboration avec le Parquet de Tours et l\u2019ONCFS, comme r\u00e9ponse p\u00e9nale en mati\u00e8re de risques li\u00e9s au non-respect des r\u00e8gles de la chasse ou d\u2019infraction au titre de la police de la chasse.<\/p>\n<p>&nbsp;<\/p>\n<p>Il est recommand\u00e9 aux d\u00e9tenteurs de plan de chasse de grand gibier de mat\u00e9rialiser leurs postes ou de mettre en place des miradors sur leurs territoires.<\/p>\n<p>&nbsp;<\/p>\n<p>Par mesure de s\u00e9curit\u00e9, la \u00ab chasse dite \u00e0 la rattente \u00bb qui consiste \u00e0 \u00eatre \u00e0 l\u2019attente du passage d\u2019un ou plusieurs grands gibiers, chass\u00e9s en battue, par les territoires voisins est organis\u00e9e de la fa\u00e7on suivante :<\/p>\n<p>&nbsp;<\/p>\n<ul>\n<li>\u00a0\u00a0\u00a0\u00a0\u00a0\u00a0\u00a0s\u2019il y a accord entre les diff\u00e9rents d\u00e9tenteurs de droit de chasse riverains et mise en place d\u2019une convention garantissant la s\u00e9curit\u00e9 de toutes les parties, aucune contrainte n\u2019est impos\u00e9e aux territoires, la rattente est tol\u00e9r\u00e9e.<\/li>\n<li>\u00a0\u00a0\u00a0\u00a0\u00a0\u00a0\u00a0\u00a0en cas d\u2019absence d\u2019accord, pour garantir la s\u00e9curit\u00e9 des deux parties, la chasse \u00e0 la rattente est tol\u00e9r\u00e9e \u00e0 plus de 300 m\u00e8tres des limites de ces territoires. Toutefois, la distance est ramen\u00e9e \u00e0 150 m\u00e8tres d\u00e8s lors que le chasseur \u00e0 la rattente est post\u00e9 dans un dispositif de s\u00e9curit\u00e9 (mirador) \u00e0 plus de 2 m\u00e8tres du sol.<\/li>\n<\/ul>\n<p>&nbsp;<\/p>\n<p>L\u2019usage des armes \u00e0 feu doit se faire conform\u00e9ment \u00e0 l\u2019arr\u00eat\u00e9 pr\u00e9fectoral du 17 mars 1983.<\/p>\n<p>&nbsp;<\/p>\n<p>Le port de mani\u00e8re visible d\u2019un dispositif voyant (de couleur vive ou fluorescent*) est obligatoire pour tous les participants \u00e0 une action de chasse collective au grand gibier et aux renards (hors approche, affut et pratique de la v\u00e9nerie), et ce, \u00e0 partir de deux personnes.<\/p>\n<p>&nbsp;<\/p>\n<p>Ce dispositif sera mat\u00e9rialis\u00e9 par un v\u00eatement haut (tee-shirt, pull, polo, veste, baudrier, chasuble, poncho, parka, imperm\u00e9able, gilet.) totalement ou partiellement de couleur vive ou fluorescente*. Il peut utilement \u00eatre compl\u00e9t\u00e9 par un couvre-chef ou tour de chapeau, \u00e9galement, totalement ou partiellement de couleur vive ou fluorescente*.<\/p>\n<p>&nbsp;<\/p>\n<p>Toutefois, par d\u00e9rogation \u00e0 l\u2019obligation ci-dessus, compte tenu de l\u2019extr\u00eame discr\u00e9tion n\u00e9cessaire \u00e0 leur pratique, les chasseurs \u00e0 l\u2019arc participant \u00e0 une action de chasse collective au grand gibier (hors approche et affut), soit en battue sans arme \u00e0 feu (arcs uniquement), soit en battue mixte (arc et armes \u00e0 feu) et dans ce cas, uniquement lorsqu\u2019ils sont post\u00e9s \u00e0 l\u2019int\u00e9rieur de la parcelle chass\u00e9e (dans la traque), sont autoris\u00e9s \u00e0 ne porter, qu\u2019un brassard totalement ou partiellement de couleur vive ou fluorescente* sur chacun des bras, ou un couvre-chef ou tour de chapeau, \u00e9galement, totalement ou partiellement de couleur vive ou fluorescente*.<\/p>\n<p>&nbsp;<\/p>\n<p><u>Ces dispositions sont \u00e9galement <u>recommand\u00e9es pour les actions de chasse collective au petit gibier<\/u>.<\/u><\/p>\n<p>En cas d\u2019actions de chasses concomitantes, petit et grand gibier, les dispositions relatives au grand gibier s\u2019appliquent.<\/p>\n<p>&nbsp;<\/p>\n<p><b><i>* <\/i><\/b><i>Pour \u00e9viter toute confusion avec les dispositifs utilis\u00e9s, par les automobilistes pour signaliser une avarie, un accident ou un danger, pr\u00e9vus par l\u2019article R.416-19 du code de la route, ou pour prot\u00e9ger les personnels intervenant sur un chantier routier (article 134 <\/i>de l&rsquo;instruction interminist\u00e9rielle sur la signalisation routi\u00e8re), <i>la couleur orange est \u00e0 privil\u00e9gier.<\/i><\/p>\n<p>[\/vc_column_text][\/vc_column][\/vc_row][vc_row][vc_column][vc_empty_space][\/vc_column][\/vc_row][vc_row][vc_column][\/vc_column][\/vc_row]<\/p>\n","protected":false},"excerpt":{"rendered":"<p>[vc_row][\/vc_row][vc_row][\/vc_row][vc_row][vc_column][vc_empty_space][vc_column_text]Les prescriptions \u00e9l\u00e9mentaires de s\u00e9curit\u00e9 \u00e0 la chasse sont les \u00a0suivantes : &nbsp; \u00a0\u00a0\u00a0\u00a0\u00a0\u00a0\u00a0Interdire tout tir dans la traque pour les chasses collectives au grand gibier sauf consigne sp\u00e9cifique du responsable de chasse, avec obligation de respecter l\u2019angle de tir de 30\u00b0. \u00a0\u00a0\u00a0\u00a0\u00a0\u00a0\u00a0Identifier parfaitement l\u2019animal&#8230;<\/p>\n","protected":false},"author":6,"featured_media":0,"parent":0,"menu_order":0,"comment_status":"closed","ping_status":"closed","template":"","meta":{"_acf_changed":false,"inline_featured_image":false,"_exactmetrics_skip_tracking":false,"_exactmetrics_sitenote_active":false,"_exactmetrics_sitenote_note":"","_exactmetrics_sitenote_category":0,"footnotes":""},"class_list":["post-3122","page","type-page","status-publish","hentry"],"acf":[],"publishpress_future_action":{"enabled":false,"date":"2026-04-18 14:05:41","action":"change-status","newStatus":"draft","terms":[],"taxonomy":"","extraData":[]},"publishpress_future_workflow_manual_trigger":{"enabledWorkflows":[]},"_links":{"self":[{"href":"https:\/\/www.save.chasseurducentrevaldeloire.fr\/fdc37\/wp-json\/wp\/v2\/pages\/3122","targetHints":{"allow":["GET"]}}],"collection":[{"href":"https:\/\/www.save.chasseurducentrevaldeloire.fr\/fdc37\/wp-json\/wp\/v2\/pages"}],"about":[{"href":"https:\/\/www.save.chasseurducentrevaldeloire.fr\/fdc37\/wp-json\/wp\/v2\/types\/page"}],"author":[{"embeddable":true,"href":"https:\/\/www.save.chasseurducentrevaldeloire.fr\/fdc37\/wp-json\/wp\/v2\/users\/6"}],"replies":[{"embeddable":true,"href":"https:\/\/www.save.chasseurducentrevaldeloire.fr\/fdc37\/wp-json\/wp\/v2\/comments?post=3122"}],"version-history":[{"count":3,"href":"https:\/\/www.save.chasseurducentrevaldeloire.fr\/fdc37\/wp-json\/wp\/v2\/pages\/3122\/revisions"}],"predecessor-version":[{"id":3618,"href":"https:\/\/www.save.chasseurducentrevaldeloire.fr\/fdc37\/wp-json\/wp\/v2\/pages\/3122\/revisions\/3618"}],"wp:attachment":[{"href":"https:\/\/www.save.chasseurducentrevaldeloire.fr\/fdc37\/wp-json\/wp\/v2\/media?parent=3122"}],"curies":[{"name":"wp","href":"https:\/\/api.w.org\/{rel}","templated":true}]}}