{"id":3118,"date":"2018-06-25T15:17:21","date_gmt":"2018-06-25T13:17:21","guid":{"rendered":"http:\/\/www.chasseurducentrevaldeloire.fr\/fdc37\/?page_id=3118"},"modified":"2025-01-29T16:47:23","modified_gmt":"2025-01-29T15:47:23","slug":"schema-de-gestion-cynegetique","status":"publish","type":"page","link":"https:\/\/www.save.chasseurducentrevaldeloire.fr\/fdc37\/schema-de-gestion-cynegetique\/","title":{"rendered":"Sch\u00e9ma de gestion cyn\u00e9g\u00e9tique"},"content":{"rendered":"<p>[vc_row][\/vc_row][vc_row][vc_column][vc_column_text]<\/p>\n<div class=\"itemFullText\"><\/div>\n<div class=\"itemFullText\"><\/div>\n<p><a href=\"https:\/\/www.calameo.com\/read\/0018970093c8dcd08f22f\" target=\"_blank\" rel=\"noopener\"><img loading=\"lazy\" decoding=\"async\" class=\"size-medium wp-image-5202 aligncenter\" src=\"https:\/\/www.chasseurducentrevaldeloire.fr\/fdc37\/wp-content\/uploads\/sites\/7\/2025\/01\/SCHEMA-2025-2031-couverture-212x300.jpg\" alt=\"\" width=\"212\" height=\"300\" srcset=\"https:\/\/www.save.chasseurducentrevaldeloire.fr\/fdc37\/wp-content\/uploads\/sites\/7\/2025\/01\/SCHEMA-2025-2031-couverture-212x300.jpg 212w, https:\/\/www.save.chasseurducentrevaldeloire.fr\/fdc37\/wp-content\/uploads\/sites\/7\/2025\/01\/SCHEMA-2025-2031-couverture-723x1024.jpg 723w, https:\/\/www.save.chasseurducentrevaldeloire.fr\/fdc37\/wp-content\/uploads\/sites\/7\/2025\/01\/SCHEMA-2025-2031-couverture-768x1087.jpg 768w, https:\/\/www.save.chasseurducentrevaldeloire.fr\/fdc37\/wp-content\/uploads\/sites\/7\/2025\/01\/SCHEMA-2025-2031-couverture-1085x1536.jpg 1085w, https:\/\/www.save.chasseurducentrevaldeloire.fr\/fdc37\/wp-content\/uploads\/sites\/7\/2025\/01\/SCHEMA-2025-2031-couverture-1446x2048.jpg 1446w, https:\/\/www.save.chasseurducentrevaldeloire.fr\/fdc37\/wp-content\/uploads\/sites\/7\/2025\/01\/SCHEMA-2025-2031-couverture.jpg 1753w\" sizes=\"auto, (max-width: 212px) 100vw, 212px\" \/><\/a><\/p>\n<p>T\u00e9l\u00e9charger :<\/p>\n<ul>\n<li>le <span style=\"color: #a04695\"><a style=\"color: #a04695\" href=\"https:\/\/www.calameo.com\/read\/0018970093c8dcd08f22f\" target=\"_blank\" rel=\"noopener\"><strong>Sch\u00e9ma D\u00e9partemental de Gestion Cyn\u00e9g\u00e9tique 2025-2031<\/strong><\/a><\/span><\/li>\n<li>l&rsquo;<a href=\"https:\/\/www.chasseurducentrevaldeloire.fr\/fdc37\/wp-content\/uploads\/sites\/7\/2025\/01\/20250121-Art-SDGC-2025-2031-signe.pdf\" target=\"_blank\" rel=\"noopener\"><strong><span style=\"color: #a04695\">arr\u00eat\u00e9 approuvant le SDGC<\/span><\/strong><\/a><\/li>\n<\/ul>\n<p>&nbsp;<\/p>\n<p>&nbsp;<\/p>\n<p>[\/vc_column_text][\/vc_column][\/vc_row]<\/p>\n","protected":false},"excerpt":{"rendered":"<p>[vc_row][\/vc_row][vc_row][vc_column][vc_column_text] T\u00e9l\u00e9charger : le Sch\u00e9ma D\u00e9partemental de Gestion Cyn\u00e9g\u00e9tique 2025-2031 l&rsquo;arr\u00eat\u00e9 approuvant le SDGC &nbsp; &nbsp; [\/vc_column_text][\/vc_column][\/vc_row]<\/p>\n","protected":false},"author":6,"featured_media":0,"parent":0,"menu_order":0,"comment_status":"closed","ping_status":"closed","template":"","meta":{"_acf_changed":false,"inline_featured_image":false,"_exactmetrics_skip_tracking":false,"_exactmetrics_sitenote_active":false,"_exactmetrics_sitenote_note":"","_exactmetrics_sitenote_category":0,"footnotes":""},"class_list":["post-3118","page","type-page","status-publish","hentry"],"acf":[],"publishpress_future_action":{"enabled":false,"date":"2026-04-18 12:17:27","action":"change-status","newStatus":"draft","terms":[],"taxonomy":"","extraData":[]},"publishpress_future_workflow_manual_trigger":{"enabledWorkflows":[]},"_links":{"self":[{"href":"https:\/\/www.save.chasseurducentrevaldeloire.fr\/fdc37\/wp-json\/wp\/v2\/pages\/3118","targetHints":{"allow":["GET"]}}],"collection":[{"href":"https:\/\/www.save.chasseurducentrevaldeloire.fr\/fdc37\/wp-json\/wp\/v2\/pages"}],"about":[{"href":"https:\/\/www.save.chasseurducentrevaldeloire.fr\/fdc37\/wp-json\/wp\/v2\/types\/page"}],"author":[{"embeddable":true,"href":"https:\/\/www.save.chasseurducentrevaldeloire.fr\/fdc37\/wp-json\/wp\/v2\/users\/6"}],"replies":[{"embeddable":true,"href":"https:\/\/www.save.chasseurducentrevaldeloire.fr\/fdc37\/wp-json\/wp\/v2\/comments?post=3118"}],"version-history":[{"count":11,"href":"https:\/\/www.save.chasseurducentrevaldeloire.fr\/fdc37\/wp-json\/wp\/v2\/pages\/3118\/revisions"}],"predecessor-version":[{"id":3614,"href":"https:\/\/www.save.chasseurducentrevaldeloire.fr\/fdc37\/wp-json\/wp\/v2\/pages\/3118\/revisions\/3614"}],"wp:attachment":[{"href":"https:\/\/www.save.chasseurducentrevaldeloire.fr\/fdc37\/wp-json\/wp\/v2\/media?parent=3118"}],"curies":[{"name":"wp","href":"https:\/\/api.w.org\/{rel}","templated":true}]}}