{"id":3112,"date":"2018-06-20T09:48:37","date_gmt":"2018-06-20T07:48:37","guid":{"rendered":"http:\/\/www.chasseurducentrevaldeloire.fr\/fdc37\/?page_id=3112"},"modified":"2018-06-20T09:48:37","modified_gmt":"2018-06-20T07:48:37","slug":"actualites","status":"publish","type":"page","link":"https:\/\/www.save.chasseurducentrevaldeloire.fr\/fdc37\/actualites\/","title":{"rendered":"Actualit\u00e9s"},"content":{"rendered":"<p><code class=\"news-full-width\">\t<div class=\"wpnawfree-plugin news-clearfix \" id=\"wpnw-news-1\">\r\n\r\n\t\t\r\n\t\t\t<div id=\"post-5232\" class=\"news type-news wpnaw-blog-class has-date news-col-list wpnaw-first wpnaw-last\">\r\n\t\t\t\t<div class=\"news-inner-wrap-view news-clearfix \">\r\n\r\n\t\t\t\t\t\t\t\t\t\t<div class=\"news-thumb\">\r\n\t\t\t\t\t\t\t\t\t\t\t\t\t<div class=\"grid-news-thumb\">\r\n\t\t\t\t\t\t\t\t<a href=\"https:\/\/www.save.chasseurducentrevaldeloire.fr\/fdc37\/news\/resultats-des-votes-de-lag-du-5-avril-2025\/\"><img loading=\"lazy\" decoding=\"async\" width=\"768\" height=\"355\" src=\"https:\/\/www.save.chasseurducentrevaldeloire.fr\/fdc37\/wp-content\/uploads\/sites\/7\/2025\/04\/1-e1744287412291-768x355.jpg\" class=\"attachment-medium_large size-medium_large wp-post-image\" alt=\"\" srcset=\"https:\/\/www.save.chasseurducentrevaldeloire.fr\/fdc37\/wp-content\/uploads\/sites\/7\/2025\/04\/1-e1744287412291-768x355.jpg 768w, https:\/\/www.save.chasseurducentrevaldeloire.fr\/fdc37\/wp-content\/uploads\/sites\/7\/2025\/04\/1-e1744287412291-300x139.jpg 300w, https:\/\/www.save.chasseurducentrevaldeloire.fr\/fdc37\/wp-content\/uploads\/sites\/7\/2025\/04\/1-e1744287412291-1024x474.jpg 1024w, https:\/\/www.save.chasseurducentrevaldeloire.fr\/fdc37\/wp-content\/uploads\/sites\/7\/2025\/04\/1-e1744287412291-1536x710.jpg 1536w, https:\/\/www.save.chasseurducentrevaldeloire.fr\/fdc37\/wp-content\/uploads\/sites\/7\/2025\/04\/1-e1744287412291.jpg 1600w\" sizes=\"auto, (max-width: 768px) 100vw, 768px\" \/><\/a>\r\n\t\t\t\t\t\t\t<\/div>\r\n\t\t\t\t\t\t\t\t\t\t\t<\/div>\r\n\t\t\t\t\t\r\n\t\t\t\t\t<div class=\"news-content\">\r\n\t\t\t\t\t\t\r\n\t\t\t\t\t\t<div class=\"post-content-text\">\r\n\t\t\t\t\t\t\t<h3 class=\"news-title\"><a href=\"https:\/\/www.save.chasseurducentrevaldeloire.fr\/fdc37\/news\/resultats-des-votes-de-lag-du-5-avril-2025\/\" rel=\"bookmark\">R\u00e9sultats des votes de l\u2019AG du 5 avril 2025<\/a><\/h3>\t\t\t\t\t\t\t\t<div class=\"news-content-excerpt\">\r\n\t\t\t\t\t\t\t\t\t\t\t\t\t\t\t\t\t\t\t<div class=\"news-short-content\">\r\n\t\t\t\t\t\t\t\t\t\t\tLes votes de l\u2019Assembl\u00e9e G\u00e9n\u00e9rale du...\t\t\t\t\t\t\t\t\t\t<\/div>\r\n\t\t\t\t\t\t\t\t\t\t<a href=\"https:\/\/www.save.chasseurducentrevaldeloire.fr\/fdc37\/news\/resultats-des-votes-de-lag-du-5-avril-2025\/\" class=\"news-more-link\">En savoir plus<\/a>\r\n\t\t\t\t\t\t\t\t\t\t\t\t\t\t\t\t\t<\/div><!-- .entry-content -->\r\n\t\t\t\t\t\t\t\t\t\t\t\t\t<\/div>\r\n\t\t\t\t\t<\/div>\r\n\t\t\t\t<\/div><!-- #post-## -->\r\n\t\t\t<\/div><!-- #post-## -->\r\n\t\t\t\t\t<div class=\"news_pagination wpnw-prev-next\">\r\n\t\t\t\t<a class=\"next page-numbers\" href=\"https:\/\/www.save.chasseurducentrevaldeloire.fr\/fdc37\/wp-json\/wp\/v2\/pages\/3112\/page\/2\/#wpnw-news-1\">Suivante &raquo;<\/a>\t\t\t<\/div>\r\n\t\t\t<\/div>\r\n\r\n\t<\/code><br \/>\n\t<div class=\"wpnawfree-plugin news-clearfix \" id=\"wpnw-news-2\">\r\n\r\n\t\t\r\n\t\t\t<div id=\"post-5350\" class=\"news type-news wpnaw-blog-class has-date news-col-3 wpnaw-first\">\r\n\t\t\t\t<div class=\"news-inner-wrap-view news-clearfix \">\r\n\r\n\t\t\t\t\t\t\t\t\t\t<div class=\"news-thumb\">\r\n\t\t\t\t\t\t\t\t\t\t\t\t\t<div class=\"grid-news-thumb\">\r\n\t\t\t\t\t\t\t\t<a href=\"https:\/\/www.save.chasseurducentrevaldeloire.fr\/fdc37\/news\/ouverture-de-la-chasse-au-milouin\/\"><img loading=\"lazy\" decoding=\"async\" width=\"768\" height=\"512\" src=\"https:\/\/www.save.chasseurducentrevaldeloire.fr\/fdc37\/wp-content\/uploads\/sites\/7\/2025\/09\/Milouin-768x512.jpg\" class=\"attachment-medium_large size-medium_large wp-post-image\" alt=\"\" srcset=\"https:\/\/www.save.chasseurducentrevaldeloire.fr\/fdc37\/wp-content\/uploads\/sites\/7\/2025\/09\/Milouin-768x512.jpg 768w, https:\/\/www.save.chasseurducentrevaldeloire.fr\/fdc37\/wp-content\/uploads\/sites\/7\/2025\/09\/Milouin-300x200.jpg 300w, https:\/\/www.save.chasseurducentrevaldeloire.fr\/fdc37\/wp-content\/uploads\/sites\/7\/2025\/09\/Milouin.jpg 1000w\" sizes=\"auto, (max-width: 768px) 100vw, 768px\" \/><\/a>\r\n\t\t\t\t\t\t\t<\/div>\r\n\t\t\t\t\t\t\t\t\t\t\t<\/div>\r\n\t\t\t\t\t\r\n\t\t\t\t\t<div class=\"news-content\">\r\n\t\t\t\t\t\t\t\t\t\t\t\t\t<div class=\"grid-date-post\">\r\n\t\t\t\t\t\t\t\t30 septembre 2025\t\t\t\t\t\t\t<\/div>\r\n\t\t\t\t\t\t\r\n\t\t\t\t\t\t<div class=\"post-content-text\">\r\n\t\t\t\t\t\t\t<h3 class=\"news-title\"><a href=\"https:\/\/www.save.chasseurducentrevaldeloire.fr\/fdc37\/news\/ouverture-de-la-chasse-au-milouin\/\" rel=\"bookmark\">Ouverture de la chasse au milouin<\/a><\/h3>\t\t\t\t\t\t\t\t<div class=\"news-content-excerpt\">\r\n\t\t\t\t\t\t\t\t\t\t\t\t\t\t\t\t\t\t\t<div class=\"news-short-content\">\r\n\t\t\t\t\t\t\t\t\t\t\tL\u2019arr\u00eat\u00e9 du 29 septembre 2025 portant...\t\t\t\t\t\t\t\t\t\t<\/div>\r\n\t\t\t\t\t\t\t\t\t\t<a href=\"https:\/\/www.save.chasseurducentrevaldeloire.fr\/fdc37\/news\/ouverture-de-la-chasse-au-milouin\/\" class=\"news-more-link\">En savoir plus<\/a>\r\n\t\t\t\t\t\t\t\t\t\t\t\t\t\t\t\t\t<\/div><!-- .entry-content -->\r\n\t\t\t\t\t\t\t\t\t\t\t\t\t<\/div>\r\n\t\t\t\t\t<\/div>\r\n\t\t\t\t<\/div><!-- #post-## -->\r\n\t\t\t<\/div><!-- #post-## -->\r\n\t\t\r\n\t\t\t<div id=\"post-5324\" class=\"news type-news wpnaw-blog-class has-date news-col-3\">\r\n\t\t\t\t<div class=\"news-inner-wrap-view news-clearfix \">\r\n\r\n\t\t\t\t\t\t\t\t\t\t<div class=\"news-thumb\">\r\n\t\t\t\t\t\t\t\t\t\t\t\t\t<div class=\"grid-news-thumb\">\r\n\t\t\t\t\t\t\t\t<a href=\"https:\/\/www.save.chasseurducentrevaldeloire.fr\/fdc37\/news\/nouvelles-dispositions-nationales-2025-2026-declaration-obligatoire-des-prelevements-de-caille-des-bles\/\"><img loading=\"lazy\" decoding=\"async\" width=\"768\" height=\"512\" src=\"https:\/\/www.save.chasseurducentrevaldeloire.fr\/fdc37\/wp-content\/uploads\/sites\/7\/2025\/08\/autregallinaces_fnc_dgestim201820_2_-768x512.jpg\" class=\"attachment-medium_large size-medium_large wp-post-image\" alt=\"\" srcset=\"https:\/\/www.save.chasseurducentrevaldeloire.fr\/fdc37\/wp-content\/uploads\/sites\/7\/2025\/08\/autregallinaces_fnc_dgestim201820_2_-768x512.jpg 768w, https:\/\/www.save.chasseurducentrevaldeloire.fr\/fdc37\/wp-content\/uploads\/sites\/7\/2025\/08\/autregallinaces_fnc_dgestim201820_2_-300x200.jpg 300w, https:\/\/www.save.chasseurducentrevaldeloire.fr\/fdc37\/wp-content\/uploads\/sites\/7\/2025\/08\/autregallinaces_fnc_dgestim201820_2_.jpg 1000w\" sizes=\"auto, (max-width: 768px) 100vw, 768px\" \/><\/a>\r\n\t\t\t\t\t\t\t<\/div>\r\n\t\t\t\t\t\t\t\t\t\t\t<\/div>\r\n\t\t\t\t\t\r\n\t\t\t\t\t<div class=\"news-content\">\r\n\t\t\t\t\t\t\t\t\t\t\t\t\t<div class=\"grid-date-post\">\r\n\t\t\t\t\t\t\t\t20 ao\u00fbt 2025\t\t\t\t\t\t\t<\/div>\r\n\t\t\t\t\t\t\r\n\t\t\t\t\t\t<div class=\"post-content-text\">\r\n\t\t\t\t\t\t\t<h3 class=\"news-title\"><a href=\"https:\/\/www.save.chasseurducentrevaldeloire.fr\/fdc37\/news\/nouvelles-dispositions-nationales-2025-2026-declaration-obligatoire-des-prelevements-de-caille-des-bles\/\" rel=\"bookmark\">Nouvelles dispositions nationales 2025-2026 \u2013 D\u00e9claration obligatoire des pr\u00e9l\u00e8vements de caille des bl\u00e9s<\/a><\/h3>\t\t\t\t\t\t\t\t<div class=\"news-content-excerpt\">\r\n\t\t\t\t\t\t\t\t\t\t\t\t\t\t\t\t\t\t\t<div class=\"news-short-content\">\r\n\t\t\t\t\t\t\t\t\t\t\tMadame, Monsieur, &nbsp; \u00c0 compter de...\t\t\t\t\t\t\t\t\t\t<\/div>\r\n\t\t\t\t\t\t\t\t\t\t<a href=\"https:\/\/www.save.chasseurducentrevaldeloire.fr\/fdc37\/news\/nouvelles-dispositions-nationales-2025-2026-declaration-obligatoire-des-prelevements-de-caille-des-bles\/\" class=\"news-more-link\">En savoir plus<\/a>\r\n\t\t\t\t\t\t\t\t\t\t\t\t\t\t\t\t\t<\/div><!-- .entry-content -->\r\n\t\t\t\t\t\t\t\t\t\t\t\t\t<\/div>\r\n\t\t\t\t\t<\/div>\r\n\t\t\t\t<\/div><!-- #post-## -->\r\n\t\t\t<\/div><!-- #post-## -->\r\n\t\t\r\n\t\t\t<div id=\"post-5297\" class=\"news type-news wpnaw-blog-class has-date news-col-3 wpnaw-last\">\r\n\t\t\t\t<div class=\"news-inner-wrap-view news-clearfix \">\r\n\r\n\t\t\t\t\t\t\t\t\t\t<div class=\"news-thumb\">\r\n\t\t\t\t\t\t\t\t\t\t\t\t\t<div class=\"grid-news-thumb\">\r\n\t\t\t\t\t\t\t\t<a href=\"https:\/\/www.save.chasseurducentrevaldeloire.fr\/fdc37\/news\/ouverture-de-la-chasse-du-gibier-deau-et-des-oiseaux-de-passage\/\"><img loading=\"lazy\" decoding=\"async\" width=\"768\" height=\"512\" src=\"https:\/\/www.save.chasseurducentrevaldeloire.fr\/fdc37\/wp-content\/uploads\/sites\/7\/2022\/11\/anatides_dgest_fnc_201900030-768x512.jpg\" class=\"attachment-medium_large size-medium_large wp-post-image\" alt=\"\" srcset=\"https:\/\/www.save.chasseurducentrevaldeloire.fr\/fdc37\/wp-content\/uploads\/sites\/7\/2022\/11\/anatides_dgest_fnc_201900030-768x512.jpg 768w, https:\/\/www.save.chasseurducentrevaldeloire.fr\/fdc37\/wp-content\/uploads\/sites\/7\/2022\/11\/anatides_dgest_fnc_201900030-300x200.jpg 300w, https:\/\/www.save.chasseurducentrevaldeloire.fr\/fdc37\/wp-content\/uploads\/sites\/7\/2022\/11\/anatides_dgest_fnc_201900030.jpg 1000w\" sizes=\"auto, (max-width: 768px) 100vw, 768px\" \/><\/a>\r\n\t\t\t\t\t\t\t<\/div>\r\n\t\t\t\t\t\t\t\t\t\t\t<\/div>\r\n\t\t\t\t\t\r\n\t\t\t\t\t<div class=\"news-content\">\r\n\t\t\t\t\t\t\t\t\t\t\t\t\t<div class=\"grid-date-post\">\r\n\t\t\t\t\t\t\t\t23 juillet 2025\t\t\t\t\t\t\t<\/div>\r\n\t\t\t\t\t\t\r\n\t\t\t\t\t\t<div class=\"post-content-text\">\r\n\t\t\t\t\t\t\t<h3 class=\"news-title\"><a href=\"https:\/\/www.save.chasseurducentrevaldeloire.fr\/fdc37\/news\/ouverture-de-la-chasse-du-gibier-deau-et-des-oiseaux-de-passage\/\" rel=\"bookmark\">Ouverture de la chasse du gibier d\u2019eau et des oiseaux de passage<\/a><\/h3>\t\t\t\t\t\t\t\t<div class=\"news-content-excerpt\">\r\n\t\t\t\t\t\t\t\t\t\t\t\t\t\t\t\t\t\t\t<div class=\"news-short-content\">\r\n\t\t\t\t\t\t\t\t\t\t\tRetrouvez dans le document t\u00e9l\u00e9chargeable ci-dessous...\t\t\t\t\t\t\t\t\t\t<\/div>\r\n\t\t\t\t\t\t\t\t\t\t<a href=\"https:\/\/www.save.chasseurducentrevaldeloire.fr\/fdc37\/news\/ouverture-de-la-chasse-du-gibier-deau-et-des-oiseaux-de-passage\/\" class=\"news-more-link\">En savoir plus<\/a>\r\n\t\t\t\t\t\t\t\t\t\t\t\t\t\t\t\t\t<\/div><!-- .entry-content -->\r\n\t\t\t\t\t\t\t\t\t\t\t\t\t<\/div>\r\n\t\t\t\t\t<\/div>\r\n\t\t\t\t<\/div><!-- #post-## -->\r\n\t\t\t<\/div><!-- #post-## -->\r\n\t\t\r\n\t\t\t<div id=\"post-5292\" class=\"news type-news wpnaw-blog-class has-date news-col-3 wpnaw-first\">\r\n\t\t\t\t<div class=\"news-inner-wrap-view news-clearfix \">\r\n\r\n\t\t\t\t\t\t\t\t\t\t<div class=\"news-thumb\">\r\n\t\t\t\t\t\t\t\t\t\t\t\t\t<div class=\"grid-news-thumb\">\r\n\t\t\t\t\t\t\t\t<a href=\"https:\/\/www.save.chasseurducentrevaldeloire.fr\/fdc37\/news\/plan-de-gestion-sanglier\/\"><img loading=\"lazy\" decoding=\"async\" width=\"768\" height=\"512\" src=\"https:\/\/www.save.chasseurducentrevaldeloire.fr\/fdc37\/wp-content\/uploads\/sites\/7\/2022\/11\/dgestim_sanglier_fnc201400012-768x512.jpg\" class=\"attachment-medium_large size-medium_large wp-post-image\" alt=\"\" srcset=\"https:\/\/www.save.chasseurducentrevaldeloire.fr\/fdc37\/wp-content\/uploads\/sites\/7\/2022\/11\/dgestim_sanglier_fnc201400012-768x512.jpg 768w, https:\/\/www.save.chasseurducentrevaldeloire.fr\/fdc37\/wp-content\/uploads\/sites\/7\/2022\/11\/dgestim_sanglier_fnc201400012-300x200.jpg 300w, https:\/\/www.save.chasseurducentrevaldeloire.fr\/fdc37\/wp-content\/uploads\/sites\/7\/2022\/11\/dgestim_sanglier_fnc201400012.jpg 1000w\" sizes=\"auto, (max-width: 768px) 100vw, 768px\" \/><\/a>\r\n\t\t\t\t\t\t\t<\/div>\r\n\t\t\t\t\t\t\t\t\t\t\t<\/div>\r\n\t\t\t\t\t\r\n\t\t\t\t\t<div class=\"news-content\">\r\n\t\t\t\t\t\t\t\t\t\t\t\t\t<div class=\"grid-date-post\">\r\n\t\t\t\t\t\t\t\t1 juillet 2025\t\t\t\t\t\t\t<\/div>\r\n\t\t\t\t\t\t\r\n\t\t\t\t\t\t<div class=\"post-content-text\">\r\n\t\t\t\t\t\t\t<h3 class=\"news-title\"><a href=\"https:\/\/www.save.chasseurducentrevaldeloire.fr\/fdc37\/news\/plan-de-gestion-sanglier\/\" rel=\"bookmark\">Plan de gestion Sanglier<\/a><\/h3>\t\t\t\t\t\t\t\t<div class=\"news-content-excerpt\">\r\n\t\t\t\t\t\t\t\t\t\t\t\t\t\t\t\t\t\t\t<div class=\"news-short-content\">\r\n\t\t\t\t\t\t\t\t\t\t\tT\u00e9l\u00e9charger la demande\t\t\t\t\t\t\t\t\t\t<\/div>\r\n\t\t\t\t\t\t\t\t\t\t<a href=\"https:\/\/www.save.chasseurducentrevaldeloire.fr\/fdc37\/news\/plan-de-gestion-sanglier\/\" class=\"news-more-link\">En savoir plus<\/a>\r\n\t\t\t\t\t\t\t\t\t\t\t\t\t\t\t\t\t<\/div><!-- .entry-content -->\r\n\t\t\t\t\t\t\t\t\t\t\t\t\t<\/div>\r\n\t\t\t\t\t<\/div>\r\n\t\t\t\t<\/div><!-- #post-## -->\r\n\t\t\t<\/div><!-- #post-## -->\r\n\t\t\r\n\t\t\t<div id=\"post-5285\" class=\"news type-news wpnaw-blog-class has-date news-col-3\">\r\n\t\t\t\t<div class=\"news-inner-wrap-view news-clearfix \">\r\n\r\n\t\t\t\t\t\t\t\t\t\t<div class=\"news-thumb\">\r\n\t\t\t\t\t\t\t\t\t\t\t\t\t<div class=\"grid-news-thumb\">\r\n\t\t\t\t\t\t\t\t<a href=\"https:\/\/www.save.chasseurducentrevaldeloire.fr\/fdc37\/news\/flash-info\/\"><img loading=\"lazy\" decoding=\"async\" width=\"768\" height=\"512\" src=\"https:\/\/www.save.chasseurducentrevaldeloire.fr\/fdc37\/wp-content\/uploads\/sites\/7\/2022\/11\/dgestim_sanglier_fnc2015_33_-768x512.jpg\" class=\"attachment-medium_large size-medium_large wp-post-image\" alt=\"\" srcset=\"https:\/\/www.save.chasseurducentrevaldeloire.fr\/fdc37\/wp-content\/uploads\/sites\/7\/2022\/11\/dgestim_sanglier_fnc2015_33_-768x512.jpg 768w, https:\/\/www.save.chasseurducentrevaldeloire.fr\/fdc37\/wp-content\/uploads\/sites\/7\/2022\/11\/dgestim_sanglier_fnc2015_33_-300x200.jpg 300w, https:\/\/www.save.chasseurducentrevaldeloire.fr\/fdc37\/wp-content\/uploads\/sites\/7\/2022\/11\/dgestim_sanglier_fnc2015_33_.jpg 1000w\" sizes=\"auto, (max-width: 768px) 100vw, 768px\" \/><\/a>\r\n\t\t\t\t\t\t\t<\/div>\r\n\t\t\t\t\t\t\t\t\t\t\t<\/div>\r\n\t\t\t\t\t\r\n\t\t\t\t\t<div class=\"news-content\">\r\n\t\t\t\t\t\t\t\t\t\t\t\t\t<div class=\"grid-date-post\">\r\n\t\t\t\t\t\t\t\t20 juin 2025\t\t\t\t\t\t\t<\/div>\r\n\t\t\t\t\t\t\r\n\t\t\t\t\t\t<div class=\"post-content-text\">\r\n\t\t\t\t\t\t\t<h3 class=\"news-title\"><a href=\"https:\/\/www.save.chasseurducentrevaldeloire.fr\/fdc37\/news\/flash-info\/\" rel=\"bookmark\">Flash info<\/a><\/h3>\t\t\t\t\t\t\t\t<div class=\"news-content-excerpt\">\r\n\t\t\t\t\t\t\t\t\t\t\t\t\t\t\t\t\t\t\t<div class=\"news-short-content\">\r\n\t\t\t\t\t\t\t\t\t\t\tLe Conseil d\u2019\u00c9tat annule les dispositions...\t\t\t\t\t\t\t\t\t\t<\/div>\r\n\t\t\t\t\t\t\t\t\t\t<a href=\"https:\/\/www.save.chasseurducentrevaldeloire.fr\/fdc37\/news\/flash-info\/\" class=\"news-more-link\">En savoir plus<\/a>\r\n\t\t\t\t\t\t\t\t\t\t\t\t\t\t\t\t\t<\/div><!-- .entry-content -->\r\n\t\t\t\t\t\t\t\t\t\t\t\t\t<\/div>\r\n\t\t\t\t\t<\/div>\r\n\t\t\t\t<\/div><!-- #post-## -->\r\n\t\t\t<\/div><!-- #post-## -->\r\n\t\t\r\n\t\t\t<div id=\"post-5241\" class=\"news type-news wpnaw-blog-class has-date news-col-3 wpnaw-last\">\r\n\t\t\t\t<div class=\"news-inner-wrap-view news-clearfix \">\r\n\r\n\t\t\t\t\t\t\t\t\t\t<div class=\"news-thumb\">\r\n\t\t\t\t\t\t\t\t\t\t\t\t\t<div class=\"grid-news-thumb\">\r\n\t\t\t\t\t\t\t\t<a href=\"https:\/\/www.save.chasseurducentrevaldeloire.fr\/fdc37\/news\/plaquette-engrillagement\/\"><img loading=\"lazy\" decoding=\"async\" width=\"768\" height=\"537\" src=\"https:\/\/www.save.chasseurducentrevaldeloire.fr\/fdc37\/wp-content\/uploads\/sites\/7\/2025\/05\/PlaqEng-768x537-1.png\" class=\"attachment-medium_large size-medium_large wp-post-image\" alt=\"\" srcset=\"https:\/\/www.save.chasseurducentrevaldeloire.fr\/fdc37\/wp-content\/uploads\/sites\/7\/2025\/05\/PlaqEng-768x537-1.png 768w, https:\/\/www.save.chasseurducentrevaldeloire.fr\/fdc37\/wp-content\/uploads\/sites\/7\/2025\/05\/PlaqEng-768x537-1-300x210.png 300w\" sizes=\"auto, (max-width: 768px) 100vw, 768px\" \/><\/a>\r\n\t\t\t\t\t\t\t<\/div>\r\n\t\t\t\t\t\t\t\t\t\t\t<\/div>\r\n\t\t\t\t\t\r\n\t\t\t\t\t<div class=\"news-content\">\r\n\t\t\t\t\t\t\t\t\t\t\t\t\t<div class=\"grid-date-post\">\r\n\t\t\t\t\t\t\t\t5 mai 2025\t\t\t\t\t\t\t<\/div>\r\n\t\t\t\t\t\t\r\n\t\t\t\t\t\t<div class=\"post-content-text\">\r\n\t\t\t\t\t\t\t<h3 class=\"news-title\"><a href=\"https:\/\/www.save.chasseurducentrevaldeloire.fr\/fdc37\/news\/plaquette-engrillagement\/\" rel=\"bookmark\">Plaquette engrillagement<\/a><\/h3>\t\t\t\t\t\t\t\t<div class=\"news-content-excerpt\">\r\n\t\t\t\t\t\t\t\t\t\t\t\t\t\t\t\t\t\t\t<div class=\"news-short-content\">\r\n\t\t\t\t\t\t\t\t\t\t\tT\u00e9l\u00e9charger la derni\u00e8re version de la...\t\t\t\t\t\t\t\t\t\t<\/div>\r\n\t\t\t\t\t\t\t\t\t\t<a href=\"https:\/\/www.save.chasseurducentrevaldeloire.fr\/fdc37\/news\/plaquette-engrillagement\/\" class=\"news-more-link\">En savoir plus<\/a>\r\n\t\t\t\t\t\t\t\t\t\t\t\t\t\t\t\t\t<\/div><!-- .entry-content -->\r\n\t\t\t\t\t\t\t\t\t\t\t\t\t<\/div>\r\n\t\t\t\t\t<\/div>\r\n\t\t\t\t<\/div><!-- #post-## -->\r\n\t\t\t<\/div><!-- #post-## -->\r\n\t\t\r\n\t\t\t<div id=\"post-5232\" class=\"news type-news wpnaw-blog-class has-date news-col-3 wpnaw-first\">\r\n\t\t\t\t<div class=\"news-inner-wrap-view news-clearfix \">\r\n\r\n\t\t\t\t\t\t\t\t\t\t<div class=\"news-thumb\">\r\n\t\t\t\t\t\t\t\t\t\t\t\t\t<div class=\"grid-news-thumb\">\r\n\t\t\t\t\t\t\t\t<a href=\"https:\/\/www.save.chasseurducentrevaldeloire.fr\/fdc37\/news\/resultats-des-votes-de-lag-du-5-avril-2025\/\"><img loading=\"lazy\" decoding=\"async\" width=\"768\" height=\"355\" src=\"https:\/\/www.save.chasseurducentrevaldeloire.fr\/fdc37\/wp-content\/uploads\/sites\/7\/2025\/04\/1-e1744287412291-768x355.jpg\" class=\"attachment-medium_large size-medium_large wp-post-image\" alt=\"\" srcset=\"https:\/\/www.save.chasseurducentrevaldeloire.fr\/fdc37\/wp-content\/uploads\/sites\/7\/2025\/04\/1-e1744287412291-768x355.jpg 768w, https:\/\/www.save.chasseurducentrevaldeloire.fr\/fdc37\/wp-content\/uploads\/sites\/7\/2025\/04\/1-e1744287412291-300x139.jpg 300w, https:\/\/www.save.chasseurducentrevaldeloire.fr\/fdc37\/wp-content\/uploads\/sites\/7\/2025\/04\/1-e1744287412291-1024x474.jpg 1024w, https:\/\/www.save.chasseurducentrevaldeloire.fr\/fdc37\/wp-content\/uploads\/sites\/7\/2025\/04\/1-e1744287412291-1536x710.jpg 1536w, https:\/\/www.save.chasseurducentrevaldeloire.fr\/fdc37\/wp-content\/uploads\/sites\/7\/2025\/04\/1-e1744287412291.jpg 1600w\" sizes=\"auto, (max-width: 768px) 100vw, 768px\" \/><\/a>\r\n\t\t\t\t\t\t\t<\/div>\r\n\t\t\t\t\t\t\t\t\t\t\t<\/div>\r\n\t\t\t\t\t\r\n\t\t\t\t\t<div class=\"news-content\">\r\n\t\t\t\t\t\t\t\t\t\t\t\t\t<div class=\"grid-date-post\">\r\n\t\t\t\t\t\t\t\t10 avril 2025\t\t\t\t\t\t\t<\/div>\r\n\t\t\t\t\t\t\r\n\t\t\t\t\t\t<div class=\"post-content-text\">\r\n\t\t\t\t\t\t\t<h3 class=\"news-title\"><a href=\"https:\/\/www.save.chasseurducentrevaldeloire.fr\/fdc37\/news\/resultats-des-votes-de-lag-du-5-avril-2025\/\" rel=\"bookmark\">R\u00e9sultats des votes de l\u2019AG du 5 avril 2025<\/a><\/h3>\t\t\t\t\t\t\t\t<div class=\"news-content-excerpt\">\r\n\t\t\t\t\t\t\t\t\t\t\t\t\t\t\t\t\t\t\t<div class=\"news-short-content\">\r\n\t\t\t\t\t\t\t\t\t\t\tLes votes de l\u2019Assembl\u00e9e G\u00e9n\u00e9rale du...\t\t\t\t\t\t\t\t\t\t<\/div>\r\n\t\t\t\t\t\t\t\t\t\t<a href=\"https:\/\/www.save.chasseurducentrevaldeloire.fr\/fdc37\/news\/resultats-des-votes-de-lag-du-5-avril-2025\/\" class=\"news-more-link\">En savoir plus<\/a>\r\n\t\t\t\t\t\t\t\t\t\t\t\t\t\t\t\t\t<\/div><!-- .entry-content -->\r\n\t\t\t\t\t\t\t\t\t\t\t\t\t<\/div>\r\n\t\t\t\t\t<\/div>\r\n\t\t\t\t<\/div><!-- #post-## -->\r\n\t\t\t<\/div><!-- #post-## -->\r\n\t\t\r\n\t\t\t<div id=\"post-4189\" class=\"news type-news wpnaw-blog-class has-date news-col-3\">\r\n\t\t\t\t<div class=\"news-inner-wrap-view news-clearfix \">\r\n\r\n\t\t\t\t\t\t\t\t\t\t<div class=\"news-thumb\">\r\n\t\t\t\t\t\t\t\t\t\t\t\t\t<div class=\"grid-news-thumb\">\r\n\t\t\t\t\t\t\t\t<a href=\"https:\/\/www.save.chasseurducentrevaldeloire.fr\/fdc37\/news\/demande-dautorisation-de-destruction-des-animaux-susceptibles-doccasionner-des-degats\/\"><img loading=\"lazy\" decoding=\"async\" width=\"768\" height=\"512\" src=\"https:\/\/www.save.chasseurducentrevaldeloire.fr\/fdc37\/wp-content\/uploads\/sites\/7\/2021\/02\/mamm_divers_fnc_dgestim2016-19-e1613657331737-768x512.jpg\" class=\"attachment-medium_large size-medium_large wp-post-image\" alt=\"\" srcset=\"https:\/\/www.save.chasseurducentrevaldeloire.fr\/fdc37\/wp-content\/uploads\/sites\/7\/2021\/02\/mamm_divers_fnc_dgestim2016-19-e1613657331737-768x512.jpg 768w, https:\/\/www.save.chasseurducentrevaldeloire.fr\/fdc37\/wp-content\/uploads\/sites\/7\/2021\/02\/mamm_divers_fnc_dgestim2016-19-e1613657331737-300x200.jpg 300w, https:\/\/www.save.chasseurducentrevaldeloire.fr\/fdc37\/wp-content\/uploads\/sites\/7\/2021\/02\/mamm_divers_fnc_dgestim2016-19-e1613657331737.jpg 800w\" sizes=\"auto, (max-width: 768px) 100vw, 768px\" \/><\/a>\r\n\t\t\t\t\t\t\t<\/div>\r\n\t\t\t\t\t\t\t\t\t\t\t<\/div>\r\n\t\t\t\t\t\r\n\t\t\t\t\t<div class=\"news-content\">\r\n\t\t\t\t\t\t\t\t\t\t\t\t\t<div class=\"grid-date-post\">\r\n\t\t\t\t\t\t\t\t20 f\u00e9vrier 2025\t\t\t\t\t\t\t<\/div>\r\n\t\t\t\t\t\t\r\n\t\t\t\t\t\t<div class=\"post-content-text\">\r\n\t\t\t\t\t\t\t<h3 class=\"news-title\"><a href=\"https:\/\/www.save.chasseurducentrevaldeloire.fr\/fdc37\/news\/demande-dautorisation-de-destruction-des-animaux-susceptibles-doccasionner-des-degats\/\" rel=\"bookmark\">Demande d\u2019autorisation de destruction des animaux susceptibles d\u2019occasionner des d\u00e9g\u00e2ts<\/a><\/h3>\t\t\t\t\t\t\t\t<div class=\"news-content-excerpt\">\r\n\t\t\t\t\t\t\t\t\t\t\t\t\t\t\t\t\t\t\t<div class=\"news-short-content\">\r\n\t\t\t\t\t\t\t\t\t\t\tArr\u00eat\u00e9 pr\u00e9fectoral ESOD 2024-2025 Demande d\u2019autorisation...\t\t\t\t\t\t\t\t\t\t<\/div>\r\n\t\t\t\t\t\t\t\t\t\t<a href=\"https:\/\/www.save.chasseurducentrevaldeloire.fr\/fdc37\/news\/demande-dautorisation-de-destruction-des-animaux-susceptibles-doccasionner-des-degats\/\" class=\"news-more-link\">En savoir plus<\/a>\r\n\t\t\t\t\t\t\t\t\t\t\t\t\t\t\t\t\t<\/div><!-- .entry-content -->\r\n\t\t\t\t\t\t\t\t\t\t\t\t\t<\/div>\r\n\t\t\t\t\t<\/div>\r\n\t\t\t\t<\/div><!-- #post-## -->\r\n\t\t\t<\/div><!-- #post-## -->\r\n\t\t\t\t\t<div class=\"news_pagination wpnw-numeric\">\r\n\t\t\t\t<span aria-current=\"page\" class=\"page-numbers current\">1<\/span>\n<a class=\"page-numbers\" href=\"https:\/\/www.save.chasseurducentrevaldeloire.fr\/fdc37\/wp-json\/wp\/v2\/pages\/3112\/page\/2\/#wpnw-news-2\">2<\/a>\n<a class=\"page-numbers\" href=\"https:\/\/www.save.chasseurducentrevaldeloire.fr\/fdc37\/wp-json\/wp\/v2\/pages\/3112\/page\/3\/#wpnw-news-2\">3<\/a>\n<span class=\"page-numbers dots\">\u2026<\/span>\n<a class=\"page-numbers\" href=\"https:\/\/www.save.chasseurducentrevaldeloire.fr\/fdc37\/wp-json\/wp\/v2\/pages\/3112\/page\/7\/#wpnw-news-2\">7<\/a>\n<a class=\"next page-numbers\" href=\"https:\/\/www.save.chasseurducentrevaldeloire.fr\/fdc37\/wp-json\/wp\/v2\/pages\/3112\/page\/2\/#wpnw-news-2\">Suivante &raquo;<\/a>\t\t\t<\/div>\r\n\t\t\t<\/div>\n","protected":false},"excerpt":{"rendered":"Arr\u00eat\u00e9 pr\u00e9fectoral ESOD 2024-2025 Demande d\u2019autorisation de destruction des animaux susceptibles d\u2019occasionner des d\u00e9g\u00e2ts","protected":false},"author":2,"featured_media":0,"parent":0,"menu_order":0,"comment_status":"closed","ping_status":"closed","template":"","meta":{"_acf_changed":false,"inline_featured_image":false,"_exactmetrics_skip_tracking":false,"_exactmetrics_sitenote_active":false,"_exactmetrics_sitenote_note":"","_exactmetrics_sitenote_category":0,"footnotes":""},"class_list":["post-3112","page","type-page","status-publish","hentry"],"acf":[],"publishpress_future_action":{"enabled":false,"date":"2026-04-18 12:17:28","action":"change-status","newStatus":"draft","terms":[],"taxonomy":"","extraData":[]},"publishpress_future_workflow_manual_trigger":{"enabledWorkflows":[]},"_links":{"self":[{"href":"https:\/\/www.save.chasseurducentrevaldeloire.fr\/fdc37\/wp-json\/wp\/v2\/pages\/3112","targetHints":{"allow":["GET"]}}],"collection":[{"href":"https:\/\/www.save.chasseurducentrevaldeloire.fr\/fdc37\/wp-json\/wp\/v2\/pages"}],"about":[{"href":"https:\/\/www.save.chasseurducentrevaldeloire.fr\/fdc37\/wp-json\/wp\/v2\/types\/page"}],"author":[{"embeddable":true,"href":"https:\/\/www.save.chasseurducentrevaldeloire.fr\/fdc37\/wp-json\/wp\/v2\/users\/2"}],"replies":[{"embeddable":true,"href":"https:\/\/www.save.chasseurducentrevaldeloire.fr\/fdc37\/wp-json\/wp\/v2\/comments?post=3112"}],"version-history":[{"count":1,"href":"https:\/\/www.save.chasseurducentrevaldeloire.fr\/fdc37\/wp-json\/wp\/v2\/pages\/3112\/revisions"}],"predecessor-version":[{"id":3113,"href":"https:\/\/www.save.chasseurducentrevaldeloire.fr\/fdc37\/wp-json\/wp\/v2\/pages\/3112\/revisions\/3113"}],"wp:attachment":[{"href":"https:\/\/www.save.chasseurducentrevaldeloire.fr\/fdc37\/wp-json\/wp\/v2\/media?parent=3112"}],"curies":[{"name":"wp","href":"https:\/\/api.w.org\/{rel}","templated":true}]}}