{"id":3090,"date":"2018-06-04T15:23:45","date_gmt":"2018-06-04T13:23:45","guid":{"rendered":"http:\/\/www.chasseurducentrevaldeloire.fr\/fdc37\/?page_id=3090"},"modified":"2025-11-21T11:37:56","modified_gmt":"2025-11-21T10:37:56","slug":"boutique","status":"publish","type":"page","link":"https:\/\/www.save.chasseurducentrevaldeloire.fr\/fdc37\/boutique\/","title":{"rendered":"Boutique"},"content":{"rendered":"<p>[vc_row][vc_column][vc_column_text]<img loading=\"lazy\" decoding=\"async\" class=\"size-medium wp-image-4988 aligncenter\" src=\"https:\/\/www.chasseurducentrevaldeloire.fr\/fdc37\/wp-content\/uploads\/sites\/7\/2024\/03\/IMAGE-BOUTIQUE-300x213.jpg\" alt=\"\" width=\"300\" height=\"213\" srcset=\"https:\/\/www.save.chasseurducentrevaldeloire.fr\/fdc37\/wp-content\/uploads\/sites\/7\/2024\/03\/IMAGE-BOUTIQUE-300x213.jpg 300w, https:\/\/www.save.chasseurducentrevaldeloire.fr\/fdc37\/wp-content\/uploads\/sites\/7\/2024\/03\/IMAGE-BOUTIQUE-1024x727.jpg 1024w, https:\/\/www.save.chasseurducentrevaldeloire.fr\/fdc37\/wp-content\/uploads\/sites\/7\/2024\/03\/IMAGE-BOUTIQUE-768x545.jpg 768w, https:\/\/www.save.chasseurducentrevaldeloire.fr\/fdc37\/wp-content\/uploads\/sites\/7\/2024\/03\/IMAGE-BOUTIQUE-1536x1091.jpg 1536w, https:\/\/www.save.chasseurducentrevaldeloire.fr\/fdc37\/wp-content\/uploads\/sites\/7\/2024\/03\/IMAGE-BOUTIQUE-2048x1455.jpg 2048w\" sizes=\"auto, (max-width: 300px) 100vw, 300px\" \/><\/p>\n<p>&nbsp;<\/p>\n<p>&nbsp;<\/p>\n<p>Retrouvez tous les articles vendus \u00e0 la F\u00e9d\u00e9ration des Chasseurs d\u2019Indre et Loire soit directement au si\u00e8ge de la F\u00e9d\u00e9ration (9 Impasse Heurteloup, 37000 TOURS) soit par courrier ou par mail en remplissant le bon de commande ci-dessous et en ayant pris soins <u>d\u2019appeler au pr\u00e9alable<\/u> le standard afin de vous communiquer le prix des frais de port.<\/p>\n<p>&nbsp;<\/p>\n<p>Contact mail : <a id=\"LPlnk387426\" href=\"mailto:valeriemerand@chasseurdefrance.com\" data-linkindex=\"0\"><span style=\"color: #a04695\"><strong>valeriemerand@chasseurdefrance.com<\/strong><\/span><\/a><u><\/u><\/p>\n<p>&nbsp;<\/p>\n<p>Standard\u00a0: 02 47 05 65 25<\/p>\n<p>&nbsp;<\/p>\n<ul>\n<li>T\u00e9l\u00e9charger le <a href=\"https:\/\/www.chasseurducentrevaldeloire.fr\/fdc37\/wp-content\/uploads\/sites\/7\/2025\/11\/BON-DE-COMMANDE-BOUTIQUE-FDC-37-AU-21-NOVEMBRE-2025.doc\" target=\"_blank\" rel=\"noopener\"><span style=\"color: #a04695\"><strong><u>b<\/u><u>o<\/u><u>n de <\/u><u>commande<\/u><\/strong><\/span><\/a><\/li>\n<li>T\u00e9l\u00e9charger le <span style=\"color: #a04695\"><strong><a style=\"color: #a04695\" href=\"https:\/\/www.chasseurducentrevaldeloire.fr\/fdc37\/wp-content\/uploads\/sites\/7\/2025\/10\/BON-DE-CDE-CARTO.pdf\" target=\"_blank\" rel=\"noopener noreferrer\">bon de commande pour l\u2019\u00e9dition d\u2019un plan en grand format<\/a><\/strong><\/span><\/li>\n<\/ul>\n<p>[\/vc_column_text][\/vc_column][\/vc_row]<\/p>\n","protected":false},"excerpt":{"rendered":"<p>[vc_row][vc_column][vc_column_text] &nbsp; &nbsp; Retrouvez tous les articles vendus \u00e0 la F\u00e9d\u00e9ration des Chasseurs d\u2019Indre et Loire soit directement au si\u00e8ge de la F\u00e9d\u00e9ration (9 Impasse Heurteloup, 37000 TOURS) soit par courrier ou par mail en remplissant le bon de commande ci-dessous et en ayant pris&#8230;<\/p>\n","protected":false},"author":2,"featured_media":0,"parent":0,"menu_order":0,"comment_status":"closed","ping_status":"closed","template":"","meta":{"_acf_changed":false,"inline_featured_image":false,"_exactmetrics_skip_tracking":false,"_exactmetrics_sitenote_active":false,"_exactmetrics_sitenote_note":"","_exactmetrics_sitenote_category":0,"footnotes":""},"class_list":["post-3090","page","type-page","status-publish","hentry"],"acf":[],"publishpress_future_action":{"enabled":false,"date":"2026-04-15 03:02:33","action":"change-status","newStatus":"draft","terms":[],"taxonomy":"","extraData":[]},"publishpress_future_workflow_manual_trigger":{"enabledWorkflows":[]},"_links":{"self":[{"href":"https:\/\/www.save.chasseurducentrevaldeloire.fr\/fdc37\/wp-json\/wp\/v2\/pages\/3090","targetHints":{"allow":["GET"]}}],"collection":[{"href":"https:\/\/www.save.chasseurducentrevaldeloire.fr\/fdc37\/wp-json\/wp\/v2\/pages"}],"about":[{"href":"https:\/\/www.save.chasseurducentrevaldeloire.fr\/fdc37\/wp-json\/wp\/v2\/types\/page"}],"author":[{"embeddable":true,"href":"https:\/\/www.save.chasseurducentrevaldeloire.fr\/fdc37\/wp-json\/wp\/v2\/users\/2"}],"replies":[{"embeddable":true,"href":"https:\/\/www.save.chasseurducentrevaldeloire.fr\/fdc37\/wp-json\/wp\/v2\/comments?post=3090"}],"version-history":[{"count":22,"href":"https:\/\/www.save.chasseurducentrevaldeloire.fr\/fdc37\/wp-json\/wp\/v2\/pages\/3090\/revisions"}],"predecessor-version":[{"id":5375,"href":"https:\/\/www.save.chasseurducentrevaldeloire.fr\/fdc37\/wp-json\/wp\/v2\/pages\/3090\/revisions\/5375"}],"wp:attachment":[{"href":"https:\/\/www.save.chasseurducentrevaldeloire.fr\/fdc37\/wp-json\/wp\/v2\/media?parent=3090"}],"curies":[{"name":"wp","href":"https:\/\/api.w.org\/{rel}","templated":true}]}}