{"id":3087,"date":"2018-06-04T15:05:32","date_gmt":"2018-06-04T13:05:32","guid":{"rendered":"http:\/\/www.chasseurducentrevaldeloire.fr\/fdc37\/?page_id=3087"},"modified":"2022-06-28T14:40:43","modified_gmt":"2022-06-28T12:40:43","slug":"domaine-de-thilouze","status":"publish","type":"page","link":"https:\/\/www.save.chasseurducentrevaldeloire.fr\/fdc37\/domaine-de-thilouze\/","title":{"rendered":"Domaine de Thilouze"},"content":{"rendered":"<p>[vc_row][vc_column][vc_column_text]<\/p>\n<p style=\"text-align: center\"><b><u><img loading=\"lazy\" decoding=\"async\" class=\" wp-image-3049 aligncenter\" src=\"http:\/\/www.chasseurducentrevaldeloire.fr\/fdc37\/wp-content\/uploads\/sites\/7\/2018\/06\/Thilouze.jpg\" alt=\"\" width=\"318\" height=\"212\" \/><\/u><\/b><\/p>\n<p>&nbsp;<\/p>\n<p>&nbsp;<\/p>\n<p>&nbsp;<\/p>\n<p style=\"text-align: center\"><b>MAISON DE LA CHASSE DE THILOUZE<\/b><\/p>\n<p>&nbsp;<\/p>\n<p>Lieu incontournable de la chasse en Indre et Loire, la maison de la chasse permet \u00e0 la f\u00e9d\u00e9ration de stocker, exp\u00e9rimenter mais aussi de cr\u00e9er, d\u00e9velopper, animer et organiser toutes les manifestations ayant attrait \u00e0 la chasse.<\/p>\n<p>&nbsp;<\/p>\n<p><strong><u>Centre de formation<\/u><\/strong><\/p>\n<p>&nbsp;<\/p>\n<p>Le d\u00e9veloppement d\u2019une activit\u00e9 passe par la formation des hommes. Le d\u00e9veloppement de la chasse et son adaptation aux mutations passent par la formation des chasseurs et de ses auxiliaires, tant au point de vue technique que moral. La maison de la chasse est donc le centre de formation o\u00f9 se d\u00e9roulent toutes les formations dispens\u00e9es par les techniciens de la f\u00e9d\u00e9ration. C\u2019est d\u2019ailleurs sur ce site qu\u2019a lieu la formation et l\u2019examen du permis de chasser.<\/p>\n<p>&nbsp;<\/p>\n<p><strong><u>Centre exp\u00e9rimental<\/u><\/strong><\/p>\n<p>&nbsp;<\/p>\n<p>Afin de proposer aux responsables de chasse un ensemble de mesures et d\u2019outils pour la gestion des esp\u00e8ces et des espaces, la maison de la chasse est aussi le centre exp\u00e9rimental de la f\u00e9d\u00e9ration des chasseurs. De la plantation des haies en passant par la voli\u00e8re \u00e0 ciel ouvert ou par les parcours p\u00e9dagogiques, tous les outils sont test\u00e9s afin d\u2019affiner le plus pr\u00e9cis\u00e9ment possible les techniques propos\u00e9es aux chasseurs. Ces outils servent ensuite de supports pour lancer des op\u00e9rations dans le d\u00e9partement.<\/p>\n<p>&nbsp;<\/p>\n<p><strong><u>Lieu d\u2019accueil et de convivialit\u00e9<\/u><\/strong><\/p>\n<p>&nbsp;<\/p>\n<p>La maison de la chasse permet aussi aux nombreuses associations cyn\u00e9g\u00e9tiques du d\u00e9partement de se r\u00e9unir et de trouver un lieu fonctionnel r\u00e9pondant \u00e0 leurs besoins. Ses infrastructures sont disponibles \u00e0 toutes les associations qui la demandent sur r\u00e9servations au si\u00e8ge de la f\u00e9d\u00e9ration. C\u2019est aussi le lieu d\u2019accueil des \u00e9tablissements scolaires qui souhaitent d\u00e9couvrir la chasse, sa pratique, sa gestion,<br \/>\nson d\u00e9veloppement\u2026<\/p>\n<p>&nbsp;<\/p>\n<p><strong><u>Site de manifestations et de f\u00eates<\/u><\/strong><\/p>\n<p>&nbsp;<\/p>\n<p>La maison de la chasse est aussi un site o\u00f9 se d\u00e9roulent de nombreuses manifestations comme l\u2019exposition de troph\u00e9es.<\/p>\n<p>&nbsp;<\/p>\n<p>&nbsp;<\/p>\n<p><span style=\"color: #a04695\"><strong><a style=\"color: #a04695\" href=\"http:\/\/www.chasseurducentrevaldeloire.fr\/fdc37\/wp-content\/uploads\/sites\/7\/2018\/06\/Plan_daccys_Thilouze.pdf\" target=\"_blank\" rel=\"noopener\">Plan d\u2019acc\u00e8s<\/a><\/strong><\/span>[\/vc_column_text][\/vc_column][\/vc_row]<\/p>\n","protected":false},"excerpt":{"rendered":"<p>[vc_row][vc_column][vc_column_text] &nbsp; &nbsp; &nbsp; MAISON DE LA CHASSE DE THILOUZE &nbsp; Lieu incontournable de la chasse en Indre et Loire, la maison de la chasse permet \u00e0 la f\u00e9d\u00e9ration de stocker, exp\u00e9rimenter mais aussi de cr\u00e9er, d\u00e9velopper, animer et organiser toutes les manifestations ayant attrait&#8230;<\/p>\n","protected":false},"author":2,"featured_media":0,"parent":0,"menu_order":0,"comment_status":"closed","ping_status":"closed","template":"","meta":{"_acf_changed":false,"inline_featured_image":false,"_exactmetrics_skip_tracking":false,"_exactmetrics_sitenote_active":false,"_exactmetrics_sitenote_note":"","_exactmetrics_sitenote_category":0,"footnotes":""},"class_list":["post-3087","page","type-page","status-publish","hentry"],"acf":[],"publishpress_future_action":{"enabled":false,"date":"2026-04-15 03:01:33","action":"change-status","newStatus":"draft","terms":[],"taxonomy":"","extraData":[]},"publishpress_future_workflow_manual_trigger":{"enabledWorkflows":[]},"_links":{"self":[{"href":"https:\/\/www.save.chasseurducentrevaldeloire.fr\/fdc37\/wp-json\/wp\/v2\/pages\/3087","targetHints":{"allow":["GET"]}}],"collection":[{"href":"https:\/\/www.save.chasseurducentrevaldeloire.fr\/fdc37\/wp-json\/wp\/v2\/pages"}],"about":[{"href":"https:\/\/www.save.chasseurducentrevaldeloire.fr\/fdc37\/wp-json\/wp\/v2\/types\/page"}],"author":[{"embeddable":true,"href":"https:\/\/www.save.chasseurducentrevaldeloire.fr\/fdc37\/wp-json\/wp\/v2\/users\/2"}],"replies":[{"embeddable":true,"href":"https:\/\/www.save.chasseurducentrevaldeloire.fr\/fdc37\/wp-json\/wp\/v2\/comments?post=3087"}],"version-history":[{"count":6,"href":"https:\/\/www.save.chasseurducentrevaldeloire.fr\/fdc37\/wp-json\/wp\/v2\/pages\/3087\/revisions"}],"predecessor-version":[{"id":4547,"href":"https:\/\/www.save.chasseurducentrevaldeloire.fr\/fdc37\/wp-json\/wp\/v2\/pages\/3087\/revisions\/4547"}],"wp:attachment":[{"href":"https:\/\/www.save.chasseurducentrevaldeloire.fr\/fdc37\/wp-json\/wp\/v2\/media?parent=3087"}],"curies":[{"name":"wp","href":"https:\/\/api.w.org\/{rel}","templated":true}]}}