{"id":3075,"date":"2018-06-04T14:25:12","date_gmt":"2018-06-04T12:25:12","guid":{"rendered":"http:\/\/www.chasseurducentrevaldeloire.fr\/fdc37\/?page_id=3075"},"modified":"2025-08-08T15:47:36","modified_gmt":"2025-08-08T13:47:36","slug":"conducteurs-de-chiens-de-sang","status":"publish","type":"page","link":"https:\/\/www.save.chasseurducentrevaldeloire.fr\/fdc37\/conducteurs-de-chiens-de-sang\/","title":{"rendered":"Conducteurs de chiens de sang"},"content":{"rendered":"<p>[vc_row][vc_column][vc_empty_space][\/vc_column][\/vc_row][vc_row][vc_column][vc_column_text]CHEVALIER Philippe02 47 45 22 84 ou 06 70 83 47 20AZAY LE RIDEAU<\/p>\n<table width=\"578\">\n<tbody>\n<tr>\n<td width=\"152\">NOM<\/td>\n<td width=\"214\">TELEPHONE<\/td>\n<td width=\"212\">COMMUNE DE RATTACHEMENT<\/td>\n<\/tr>\n<tr>\n<td width=\"152\">PERINE S\u00e9bastien<br \/>\nPr\u00e9sident UDUCR 37<\/td>\n<td width=\"214\">06 74 03 42 29<\/td>\n<td width=\"212\">FONDETTES<\/td>\n<\/tr>\n<tr>\n<td width=\"152\">CAILLER St\u00e9phane<\/p>\n<p>(UDUCR 37)<\/td>\n<td width=\"214\">06 07 54 55 00<\/td>\n<td width=\"212\">BRASLOU<\/td>\n<\/tr>\n<tr>\n<td width=\"152\">BACHET Philippe<\/p>\n<p>(UDUCR 37)<\/td>\n<td width=\"214\">06 72 13 16 53<\/td>\n<td width=\"212\">BEAUMONT EN VERON<\/td>\n<\/tr>\n<tr>\n<td width=\"152\">SAVIGNARD David<\/p>\n<p>(UDUCR 37)<\/td>\n<td width=\"214\">06 09 28 07 76<\/td>\n<td width=\"212\">BLERE<\/td>\n<\/tr>\n<tr>\n<td width=\"152\">NIVEAU James<\/p>\n<p>(UDUCR 37)<\/td>\n<td width=\"214\">06 14 14 11 90<\/td>\n<td width=\"212\">AMBILLOU<\/td>\n<\/tr>\n<tr>\n<td width=\"152\">BERRY Richard<\/p>\n<p>(UDUCR 37)<\/td>\n<td width=\"214\">\u00a006 73 34 45 20<\/td>\n<td width=\"212\">ANTOGNY LE TILLAC<\/td>\n<\/tr>\n<tr>\n<td width=\"152\">LETORT Herv\u00e9<\/p>\n<p>(UDUCR 37)<\/td>\n<td width=\"214\">06 42 28 00 97<\/td>\n<td width=\"212\">LUSSAULT SUR LOIRE<\/td>\n<\/tr>\n<tr>\n<td width=\"152\">CHABAULT Jean-Michel<\/p>\n<p>(UDUCR 37)<\/td>\n<td width=\"214\">06 88 53 52 73<\/td>\n<td width=\"212\">LIMERAY<\/td>\n<\/tr>\n<tr>\n<td width=\"152\">MICHEL Eric<\/p>\n<p>(UDUCR 37)<\/td>\n<td width=\"214\">06 75 25 15 07<\/td>\n<td width=\"212\">GENILLE<\/td>\n<\/tr>\n<tr>\n<td width=\"152\">DOLLET St\u00e9phane<\/p>\n<p>(Conducteur de chien de sang agr\u00e9\u00e9 AFUCS)<\/td>\n<td width=\"214\">07.71.18.11.91 <a href=\"mailto:stephane.dollet@gmail.com\">stephane.dollet@gmail.com<\/a><\/td>\n<td width=\"212\">LE GRAND PRESSIGNY<\/td>\n<\/tr>\n<\/tbody>\n<\/table>\n<p>[\/vc_column_text][\/vc_column][\/vc_row]<\/p>\n","protected":false},"excerpt":{"rendered":"<p>[vc_row][vc_column][vc_empty_space][\/vc_column][\/vc_row][vc_row][vc_column][vc_column_text]CHEVALIER Philippe02 47 45 22 84 ou 06 70 83 47 20AZAY LE RIDEAU NOM TELEPHONE COMMUNE DE RATTACHEMENT PERINE S\u00e9bastien Pr\u00e9sident UDUCR 37 06 74 03 42 29 FONDETTES CAILLER St\u00e9phane (UDUCR 37) 06 07 54 55 00 BRASLOU BACHET Philippe (UDUCR 37) 06&#8230;<\/p>\n","protected":false},"author":2,"featured_media":0,"parent":0,"menu_order":0,"comment_status":"closed","ping_status":"closed","template":"","meta":{"_acf_changed":false,"inline_featured_image":false,"_exactmetrics_skip_tracking":false,"_exactmetrics_sitenote_active":false,"_exactmetrics_sitenote_note":"","_exactmetrics_sitenote_category":0,"footnotes":""},"class_list":["post-3075","page","type-page","status-publish","hentry"],"acf":[],"publishpress_future_action":{"enabled":false,"date":"2026-04-18 12:23:26","action":"change-status","newStatus":"draft","terms":[],"taxonomy":"","extraData":[]},"publishpress_future_workflow_manual_trigger":{"enabledWorkflows":[]},"_links":{"self":[{"href":"https:\/\/www.save.chasseurducentrevaldeloire.fr\/fdc37\/wp-json\/wp\/v2\/pages\/3075","targetHints":{"allow":["GET"]}}],"collection":[{"href":"https:\/\/www.save.chasseurducentrevaldeloire.fr\/fdc37\/wp-json\/wp\/v2\/pages"}],"about":[{"href":"https:\/\/www.save.chasseurducentrevaldeloire.fr\/fdc37\/wp-json\/wp\/v2\/types\/page"}],"author":[{"embeddable":true,"href":"https:\/\/www.save.chasseurducentrevaldeloire.fr\/fdc37\/wp-json\/wp\/v2\/users\/2"}],"replies":[{"embeddable":true,"href":"https:\/\/www.save.chasseurducentrevaldeloire.fr\/fdc37\/wp-json\/wp\/v2\/comments?post=3075"}],"version-history":[{"count":16,"href":"https:\/\/www.save.chasseurducentrevaldeloire.fr\/fdc37\/wp-json\/wp\/v2\/pages\/3075\/revisions"}],"predecessor-version":[{"id":5317,"href":"https:\/\/www.save.chasseurducentrevaldeloire.fr\/fdc37\/wp-json\/wp\/v2\/pages\/3075\/revisions\/5317"}],"wp:attachment":[{"href":"https:\/\/www.save.chasseurducentrevaldeloire.fr\/fdc37\/wp-json\/wp\/v2\/media?parent=3075"}],"curies":[{"name":"wp","href":"https:\/\/api.w.org\/{rel}","templated":true}]}}