{"id":3065,"date":"2018-06-04T10:30:19","date_gmt":"2018-06-04T08:30:19","guid":{"rendered":"http:\/\/www.chasseurducentrevaldeloire.fr\/fdc37\/?page_id=3065"},"modified":"2024-01-11T13:47:02","modified_gmt":"2024-01-11T12:47:02","slug":"coordonnees-horaires-et-plan-dacces","status":"publish","type":"page","link":"https:\/\/www.save.chasseurducentrevaldeloire.fr\/fdc37\/coordonnees-horaires-et-plan-dacces\/","title":{"rendered":"Coordonn\u00e9es, horaires et plan d&rsquo;acc\u00e8s"},"content":{"rendered":"<p>[vc_row][vc_column][vc_empty_space][vc_column_text]<\/p>\n<h3>HEURES D\u2019OUVERTURE<\/h3>\n<p>&nbsp;<\/p>\n<p class=\"x_MsoNormal\">du lundi au jeudi \u00a0de 8h \u00e0 12h, et de 13h \u00e0 17h<\/p>\n<p class=\"x_MsoNormal\">le vendredi de 8h \u00e0 12h et de 13h \u00e0 16h<\/p>\n<p>&nbsp;<\/p>\n<p><strong>Du 1 er juin au 30 septembre, seules les validations r\u00e9gl\u00e9es en esp\u00e8ce dont le <\/strong><strong>montant est inf\u00e9rieur \u00e0 300.00 \u20ac ou carte bancaire vous seront d\u00e9livr\u00e9es <\/strong><strong>instantan\u00e9ment avant 16h00.<\/strong><\/p>\n<p>&nbsp;<\/p>\n<p><strong>Du 1 er octobre au 31 mai, les validations sont faites instantan\u00e9ment \u00e0 l\u2019accueil <\/strong><strong>exclusivement avant 16h.<\/strong><\/p>\n<p>&nbsp;<\/p>\n<p>&nbsp;<\/p>\n<p>&nbsp;<\/p>\n<h3><strong>DOMAINE DE THILOUZE<\/strong><\/h3>\n<p>&nbsp;<\/p>\n<p>Sur rendez-vous, contactez votre f\u00e9d\u00e9ration au 02 47 05 65 25[\/vc_column_text][vc_empty_space][vc_empty_space][vc_empty_space][\/vc_column][\/vc_row][vc_row][vc_column][vc_raw_js]JTNDZGl2JTIwYWxpZ24lM0QlMjJjZW50ZXIlMjIlM0UlM0NpZnJhbWUlMjBzcmMlM0QlMjJodHRwcyUzQSUyRiUyRnd3dy5nb29nbGUuY29tJTJGbWFwcyUyRmVtYmVkJTNGcGIlM0QlMjExbTE4JTIxMW0xMiUyMTFtMyUyMTFkODY1OTAuMjA4MTMxMjEzNzUlMjEyZDAuNTY2MTM4ODY0NDc0Mjc0MyUyMTNkNDcuMjk1ODkzODY0Mzc2NjElMjEybTMlMjExZjAlMjEyZjAlMjEzZjAlMjEzbTIlMjExaTEwMjQlMjEyaTc2OCUyMTRmMTMuMSUyMTNtMyUyMTFtMiUyMTFzMHg0N2ZjZDQ0YjQwZDA2NWQ5JTI1M0EweGRmYTgxOTk3MGQyMjg1ZDklMjEyc0YlMjVDMyUyNUE5ZCUyNUMzJTI1QTlyYXRpb24lMkJkZXMlMkJDaGFzc2V1cnMlMkJkJTI2JTIzMzklM0JJbmRyZSUyQmV0JTJCTG9pcmUlMjE1ZTAlMjEzbTIlMjExc2ZyJTIxMnNmciUyMTR2MTUzOTg1NDY0ODU5NSUyMiUyMHdpZHRoJTNEJTIyNjAwJTIyJTIwaGVpZ2h0JTNEJTIyNDUwJTIyJTIwZnJhbWVib3JkZXIlM0QlMjIwJTIyJTIwc3R5bGUlM0QlMjJib3JkZXIlM0EwJTIyJTIwYWxsb3dmdWxsc2NyZWVuJTNFJTNDJTJGaWZyYW1lJTNFJTNDJTJGZGl2JTNF[\/vc_raw_js][vc_empty_space][\/vc_column][\/vc_row]<\/p>\n","protected":false},"excerpt":{"rendered":"<p>[vc_row][vc_column][vc_empty_space][vc_column_text] HEURES D\u2019OUVERTURE &nbsp; du lundi au jeudi \u00a0de 8h \u00e0 12h, et de 13h \u00e0 17h le vendredi de 8h \u00e0 12h et de 13h \u00e0 16h &nbsp; Du 1 er juin au 30 septembre, seules les validations r\u00e9gl\u00e9es en esp\u00e8ce dont le montant&#8230;<\/p>\n","protected":false},"author":2,"featured_media":0,"parent":0,"menu_order":0,"comment_status":"closed","ping_status":"closed","template":"","meta":{"_acf_changed":false,"inline_featured_image":false,"_exactmetrics_skip_tracking":false,"_exactmetrics_sitenote_active":false,"_exactmetrics_sitenote_note":"","_exactmetrics_sitenote_category":0,"footnotes":""},"class_list":["post-3065","page","type-page","status-publish","hentry"],"acf":[],"publishpress_future_action":{"enabled":false,"date":"2026-04-18 12:17:32","action":"change-status","newStatus":"draft","terms":[],"taxonomy":"","extraData":[]},"publishpress_future_workflow_manual_trigger":{"enabledWorkflows":[]},"_links":{"self":[{"href":"https:\/\/www.save.chasseurducentrevaldeloire.fr\/fdc37\/wp-json\/wp\/v2\/pages\/3065","targetHints":{"allow":["GET"]}}],"collection":[{"href":"https:\/\/www.save.chasseurducentrevaldeloire.fr\/fdc37\/wp-json\/wp\/v2\/pages"}],"about":[{"href":"https:\/\/www.save.chasseurducentrevaldeloire.fr\/fdc37\/wp-json\/wp\/v2\/types\/page"}],"author":[{"embeddable":true,"href":"https:\/\/www.save.chasseurducentrevaldeloire.fr\/fdc37\/wp-json\/wp\/v2\/users\/2"}],"replies":[{"embeddable":true,"href":"https:\/\/www.save.chasseurducentrevaldeloire.fr\/fdc37\/wp-json\/wp\/v2\/comments?post=3065"}],"version-history":[{"count":18,"href":"https:\/\/www.save.chasseurducentrevaldeloire.fr\/fdc37\/wp-json\/wp\/v2\/pages\/3065\/revisions"}],"predecessor-version":[{"id":4937,"href":"https:\/\/www.save.chasseurducentrevaldeloire.fr\/fdc37\/wp-json\/wp\/v2\/pages\/3065\/revisions\/4937"}],"wp:attachment":[{"href":"https:\/\/www.save.chasseurducentrevaldeloire.fr\/fdc37\/wp-json\/wp\/v2\/media?parent=3065"}],"curies":[{"name":"wp","href":"https:\/\/api.w.org\/{rel}","templated":true}]}}