{"id":3063,"date":"2018-06-04T10:28:18","date_gmt":"2018-06-04T08:28:18","guid":{"rendered":"http:\/\/www.chasseurducentrevaldeloire.fr\/fdc37\/?page_id=3063"},"modified":"2025-09-16T13:32:51","modified_gmt":"2025-09-16T11:32:51","slug":"le-personnel","status":"publish","type":"page","link":"https:\/\/www.save.chasseurducentrevaldeloire.fr\/fdc37\/le-personnel\/","title":{"rendered":"Le Personnel"},"content":{"rendered":"<p>[vc_row][\/vc_row][vc_row][vc_column][vc_column_text]<\/p>\n<table width=\"991\">\n<tbody>\n<tr>\n<td width=\"196\">Directeur<\/td>\n<td width=\"324\">Quentin GUENAULT<\/td>\n<td width=\"164\">02-47-05-65-25<\/td>\n<td width=\"307\"><a href=\"mailto:direction.fdc37@chasseurdefrance.com\" target=\"_blank\" rel=\"noopener\"><span style=\"color: #a04695\"><strong>direction.fdc37@chasseurdefrance.com<\/strong><\/span><\/a><\/td>\n<\/tr>\n<tr>\n<td width=\"196\">Comptable<\/td>\n<td width=\"324\">Monique FRADIN<br \/>\n(Comptabilit\u00e9, paie, Guichet Unique)<\/td>\n<td width=\"164\">02-47-05-09-89<\/td>\n<td width=\"307\"><span style=\"color: #a04696\"><strong><a style=\"color: #a04696\" href=\"mailto:compta37@chasseurdefrance.com\">compta37@chasseurdefrance.com<\/a><\/strong><\/span><\/td>\n<\/tr>\n<tr>\n<td width=\"196\">Aide Comptable<\/td>\n<td width=\"324\">Julie HUBERT (permis de chasser)<\/td>\n<td width=\"164\">02-47-05-34-48<\/td>\n<td width=\"307\"><span style=\"color: #a04695\"><strong><a style=\"color: #a04695\" href=\"mailto:aidecompta37@chasseurdefrance.com\">aidecompta37@chasseurdefrance.com<\/a><\/strong><\/span><\/td>\n<\/tr>\n<tr>\n<td width=\"196\">Secr\u00e9taire administrative<\/td>\n<td width=\"324\">VALERIE MERAND<br \/>\n(Accueil, Guichet Unique)<\/td>\n<td width=\"164\">02-47-05-65-25<\/td>\n<td width=\"307\"><span style=\"color: #a04695\"><strong><a style=\"color: #a04695\" href=\"mailto:valeriemerand@chasseurdefrance.com\" target=\"_blank\" rel=\"noopener\">valeriemerand@chasseurdefrance.com<\/a><\/strong><\/span><\/td>\n<\/tr>\n<tr>\n<td width=\"196\">Responsable d\u00e9g\u00e2ts<\/td>\n<td width=\"324\">Olivier SAUSSEREAU<br \/>\n(D\u00e9g\u00e2ts de grand gibier)<\/td>\n<td width=\"164\">06-07-64-66-52 ou\u00a0\u00a0\u00a0\u00a0\u00a0 02-47-05-06-12<\/td>\n<td width=\"307\"><a href=\"mailto:degats37@chasseurdefrance.com\"><span style=\"color: #a04696\"><strong>degats37@chasseurdefrance.com<\/strong><\/span><\/a> ou <a href=\"mailto:olivier.saussereau@chasseurdefrance.com\"><span style=\"color: #a04696\"><strong>olivier.saussereau@chasseurdefrance.com<\/strong><\/span><\/a><\/td>\n<\/tr>\n<tr>\n<td width=\"196\">Secr\u00e9taire administrative<\/td>\n<td width=\"324\">DELPHINE SARRAZY<br \/>\n(Secr\u00e9tariat g\u00e9n\u00e9ral, Secr\u00e9tariat technique, Guichet Unique)<\/td>\n<td width=\"164\">02-47-05-06-13<\/td>\n<td width=\"307\"><strong><span style=\"color: #a04696\"><a style=\"color: #a04696\" href=\"mailto:administratif37@chasseurdefrance.com\">administratif37@chasseurdefrance.com<\/a><\/span><\/strong><\/td>\n<\/tr>\n<tr>\n<td width=\"196\">Secr\u00e9taire technique<\/td>\n<td width=\"324\">YVELINE GIRARD (Secr\u00e9tariat technique,Pi\u00e9geurs)<\/td>\n<td width=\"164\">02-47-05-10-75<\/td>\n<td width=\"307\"><span style=\"color: #a04696\"><strong><a style=\"color: #a04696\" href=\"mailto:technique37@chasseurdefrance.com\">technique37@chasseurdefrance.com<\/a><\/strong><\/span><\/td>\n<\/tr>\n<tr>\n<td width=\"196\">Secr\u00e9taire administrative<\/td>\n<td width=\"324\">STEPHANIE MITTEY (Plan de chasse petit et grand gibier, Plan de gestion sanglier, Cartographie)<\/td>\n<td width=\"164\">02-47-05-06-22<\/td>\n<td width=\"307\"><span style=\"color: #a04696\"><strong><a style=\"color: #a04696\" href=\"mailto:territoirefdc37@chasseurdefrance.com\">territoirefdc37@chasseurdefrance.com<\/a><\/strong><\/span><\/td>\n<\/tr>\n<tr>\n<td width=\"196\">Coordinateur technique<\/td>\n<td width=\"324\">J.-MICHEL POUPINEAU<\/td>\n<td width=\"164\">06-72-70-75-28<\/td>\n<td width=\"307\"><span style=\"color: #a04696\"><strong><a style=\"color: #a04696\" href=\"mailto:jean-michel.poupineau@chasseurdefrance.com\">jean-michel.poupineau@chasseurdefrance.com<\/a><\/strong><\/span><\/td>\n<\/tr>\n<tr>\n<td width=\"196\">Technicien<\/td>\n<td width=\"324\">VALENTIN GOUBEAU<\/td>\n<td width=\"164\">07-83-67-03-55<\/td>\n<td width=\"307\"><span style=\"color: #a04696\"><strong><a style=\"color: #a04696\" href=\"mailto:valentingoubeau@chasseurdefrance.com\">valentingoubeau@chasseurdefrance.com<\/a><\/strong><\/span><\/td>\n<\/tr>\n<tr>\n<td width=\"196\">SECTEUR NORD<\/td>\n<td width=\"324\">GUILLAUME FAVIER<\/td>\n<td width=\"164\">06-72-70-75-21<\/td>\n<td width=\"307\"><span style=\"color: #a04696\"><strong><a style=\"color: #a04696\" href=\"mailto:guillaume.favier@chasseurdefrance.com\">guillaume.favier@chasseurdefrance.com<\/a><\/strong><\/span><\/td>\n<\/tr>\n<tr>\n<td width=\"196\">SECTEUR NORD<\/td>\n<td width=\"324\">SEBASTIEN PAPILLON<\/td>\n<td width=\"164\">06-07-64-67-40<\/td>\n<td width=\"307\"><span style=\"color: #a04696\"><strong><a style=\"color: #a04696\" href=\"mailto:sebastien.papillon@chasseurdefrance.com\">sebastien.papillon@chasseurdefrance.com<\/a><\/strong><\/span><\/td>\n<\/tr>\n<tr>\n<td width=\"196\">SECTEUR SUD EST<\/td>\n<td width=\"324\">SYLVAIN GUIGNAUDEAU<\/td>\n<td width=\"164\">06-07-64-67-05<\/td>\n<td width=\"307\"><span style=\"color: #a04696\"><strong><a style=\"color: #a04696\" href=\"mailto:sylvain.guignaudeau@chasseurdefrance.com\">sylvain.guignaudeau@chasseurdefrance.com<\/a><\/strong><\/span><\/td>\n<\/tr>\n<tr>\n<td width=\"196\">SECTEUR SUD EST<\/td>\n<td width=\"324\">CEDRIC BUFFETEAU<\/td>\n<td width=\"164\">06-07-64-67-20<\/td>\n<td width=\"307\"><span style=\"color: #a04696\"><strong><a style=\"color: #a04696\" href=\"mailto:cedric.buffeteau@chasseurdefrance.com\">cedric.buffeteau@chasseurdefrance.com<\/a><\/strong><\/span><\/td>\n<\/tr>\n<tr>\n<td width=\"196\">Maison de la Chasse<\/td>\n<td width=\"324\">JEREMY DEMOIS<\/td>\n<td width=\"164\">06-71-39-18-40<\/td>\n<td width=\"307\"><span style=\"color: #a04696\"><strong><a style=\"color: #a04696\" href=\"mailto:jeremy.demois@chasseurdefrance.com\">jeremy.demois@chasseurdefrance.com<\/a><\/strong><\/span><\/td>\n<\/tr>\n<tr>\n<td width=\"196\">Charg\u00e9e de missions<\/td>\n<td width=\"324\">Marius HARDOUIN<\/td>\n<td width=\"164\">07.49.82.23.37<\/td>\n<td width=\"307\"><a href=\"mailto:marius.hardouin@chasseurdefrance.com\"><span style=\"color: #a04696\"><strong><u>marius.hardouin@chasseurdefrance.com<\/u><\/strong><\/span><\/a><\/td>\n<\/tr>\n<tr>\n<td width=\"196\">Charg\u00e9e de missions<\/td>\n<td width=\"324\"><span data-olk-copy-source=\"MessageBody\">Jimmy HERBERT<\/span><\/td>\n<td width=\"164\"><span data-olk-copy-source=\"MessageBody\">07-43-64-93-96<\/span><\/td>\n<td width=\"307\"><a title=\"mailto:jimmy.herbert@chasseurdefrance.com\" href=\"mailto:jimmy.herbert@chasseurdefrance.com\" data-linkindex=\"1\"><span style=\"color: #a04695\"><strong>jimmy.herbert@chasseurdefrance.com<\/strong><\/span><\/a><\/td>\n<\/tr>\n<tr>\n<td width=\"196\">Agent<\/td>\n<td width=\"324\">Hugo BOISARD<\/td>\n<td width=\"164\">07-49-73-05-87<\/td>\n<td width=\"307\"><span style=\"color: #a04695\"><strong><u><a style=\"color: #a04695\" href=\"mailto:hugo.boisard@chasseurdefrance.com\">hugo.boisard@chasseurdefrance.com<\/a><\/u><\/strong><\/span><\/td>\n<\/tr>\n<tr>\n<td width=\"196\">Agent<\/td>\n<td width=\"324\">Maxime LANG<\/td>\n<td width=\"164\">07-69-98-33-61<\/td>\n<td width=\"307\"><strong><u><a href=\"mailto:maxime.lang@chasseurdefrance.com\"><span style=\"color: #a04695\">maxime.lang@chasseurdefrance.com<\/span><\/a><\/u><\/strong><\/td>\n<\/tr>\n<\/tbody>\n<\/table>\n<p>[\/vc_column_text][\/vc_column][\/vc_row][vc_row][\/vc_row][vc_row][vc_column][\/vc_column][\/vc_row]<\/p>\n","protected":false},"excerpt":{"rendered":"<p>[vc_row][\/vc_row][vc_row][vc_column][vc_column_text] Directeur Quentin GUENAULT 02-47-05-65-25 direction.fdc37@chasseurdefrance.com Comptable Monique FRADIN (Comptabilit\u00e9, paie, Guichet Unique) 02-47-05-09-89 compta37@chasseurdefrance.com Aide Comptable Julie HUBERT (permis de chasser) 02-47-05-34-48 aidecompta37@chasseurdefrance.com Secr\u00e9taire administrative VALERIE MERAND (Accueil, Guichet Unique) 02-47-05-65-25 valeriemerand@chasseurdefrance.com Responsable d\u00e9g\u00e2ts Olivier SAUSSEREAU (D\u00e9g\u00e2ts de grand gibier) 06-07-64-66-52 ou\u00a0\u00a0\u00a0\u00a0\u00a0 02-47-05-06-12 degats37@chasseurdefrance.com&#8230;<\/p>\n","protected":false},"author":2,"featured_media":0,"parent":0,"menu_order":0,"comment_status":"closed","ping_status":"closed","template":"","meta":{"_acf_changed":false,"inline_featured_image":false,"_exactmetrics_skip_tracking":false,"_exactmetrics_sitenote_active":false,"_exactmetrics_sitenote_note":"","_exactmetrics_sitenote_category":0,"footnotes":""},"class_list":["post-3063","page","type-page","status-publish","hentry"],"acf":[],"publishpress_future_action":{"enabled":false,"date":"2026-04-18 12:17:31","action":"change-status","newStatus":"draft","terms":[],"taxonomy":"","extraData":[]},"publishpress_future_workflow_manual_trigger":{"enabledWorkflows":[]},"_links":{"self":[{"href":"https:\/\/www.save.chasseurducentrevaldeloire.fr\/fdc37\/wp-json\/wp\/v2\/pages\/3063","targetHints":{"allow":["GET"]}}],"collection":[{"href":"https:\/\/www.save.chasseurducentrevaldeloire.fr\/fdc37\/wp-json\/wp\/v2\/pages"}],"about":[{"href":"https:\/\/www.save.chasseurducentrevaldeloire.fr\/fdc37\/wp-json\/wp\/v2\/types\/page"}],"author":[{"embeddable":true,"href":"https:\/\/www.save.chasseurducentrevaldeloire.fr\/fdc37\/wp-json\/wp\/v2\/users\/2"}],"replies":[{"embeddable":true,"href":"https:\/\/www.save.chasseurducentrevaldeloire.fr\/fdc37\/wp-json\/wp\/v2\/comments?post=3063"}],"version-history":[{"count":48,"href":"https:\/\/www.save.chasseurducentrevaldeloire.fr\/fdc37\/wp-json\/wp\/v2\/pages\/3063\/revisions"}],"predecessor-version":[{"id":5346,"href":"https:\/\/www.save.chasseurducentrevaldeloire.fr\/fdc37\/wp-json\/wp\/v2\/pages\/3063\/revisions\/5346"}],"wp:attachment":[{"href":"https:\/\/www.save.chasseurducentrevaldeloire.fr\/fdc37\/wp-json\/wp\/v2\/media?parent=3063"}],"curies":[{"name":"wp","href":"https:\/\/api.w.org\/{rel}","templated":true}]}}