{"id":3032,"date":"2018-06-04T10:18:33","date_gmt":"2018-06-04T08:18:33","guid":{"rendered":"http:\/\/www.chasseurducentrevaldeloire.fr\/fdc37\/?page_id=3032"},"modified":"2025-04-01T08:31:16","modified_gmt":"2025-04-01T06:31:16","slug":"les-missions","status":"publish","type":"page","link":"https:\/\/www.save.chasseurducentrevaldeloire.fr\/fdc37\/les-missions\/","title":{"rendered":"Les missions"},"content":{"rendered":"<p>[vc_row][vc_column][vc_column_text]La F\u00e9d\u00e9ration D\u00e9partementale des Chasseurs d\u2019Indre-et-Loire (F.D.C.37) est une association agr\u00e9\u00e9e au titre de la protection de la nature et de l\u2019environnement (article 40 de la loi du 10 juillet 1976), ses statuts sont fix\u00e9s par l\u2019arr\u00eat\u00e9 du 11 f\u00e9vrier 2020. La F.D.C.37 est repr\u00e9sent\u00e9 par un pr\u00e9sident, M. Alain BELLOY et son conseil d\u2019administration.<\/p>\n<p>&nbsp;<\/p>\n<p>Elle comporte :<\/p>\n<p>&nbsp;<\/p>\n<p>Un service administratif :<\/p>\n<p>&#8211; Un directeur,<\/p>\n<p>&#8211; Deux secr\u00e9taires administratives,<\/p>\n<p>&#8211; Une comptable,<\/p>\n<p>&#8211; Une aide comptable<\/p>\n<p>&#8211; Un responsable du service d\u00e9g\u00e2ts de gibier,<\/p>\n<p>&nbsp;<\/p>\n<p>Un service technique :<\/p>\n<p>&#8211; Deux secr\u00e9taires techniques<\/p>\n<p>&#8211; Six techniciens, dont un coordinateur technique.<\/p>\n<p>&#8211; Un charg\u00e9 de missions transversale<\/p>\n<p>&#8211; Un charg\u00e9 de missions (Site Teni\u00e8res, Ecocontribution, garderie)<\/p>\n<p>&nbsp;<\/p>\n<p>Un service agents :<\/p>\n<p>&#8211; Un animateur du site de Thilouze<\/p>\n<p>&#8211; trois agents de d\u00e9veloppement cyn\u00e9g\u00e9tique<\/p>\n<p>&nbsp;<\/p>\n<p>&nbsp;<\/p>\n<p>L\u2019Arr\u00eat\u00e9 minist\u00e9riel du 1er f\u00e9vrier 2018 a fix\u00e9 les nouveaux statuts des F\u00e9d\u00e9rations D\u00e9partementales. Ces derniers ont \u00e9t\u00e9 adopt\u00e9s par l\u2019Assembl\u00e9e G\u00e9n\u00e9rale de la F\u00e9d\u00e9ration D\u00e9partementale des Chasseurs d\u2019Indre et Loire du 7 avril 2018. Nos missions sont les<br \/>\nsuivantes (article 1 er et article 2, des statuts) :<\/p>\n<p>1. La F\u00e9d\u00e9ration D\u00e9partementale des Chasseurs a pour objet de participer \u00e0 la mise en valeur du patrimoine cyn\u00e9g\u00e9tique d\u00e9partemental et \u00e0 la protection et \u00e0 la gestion de la faune sauvage ainsi que de ses habitats. Elle assure la promotion et la d\u00e9fense de la chasse ainsi<br \/>\nque des int\u00e9r\u00eats de ses adh\u00e9rents.<\/p>\n<p>&nbsp;<\/p>\n<p>2. Elle apporte son concours \u00e0 la pr\u00e9vention du braconnage.<\/p>\n<p>&nbsp;<\/p>\n<p>3. Elle organise la formation des candidats aux \u00e9preuves th\u00e9oriques et pratiques de l\u2019examen pour la d\u00e9livrance du permis de chasser. Elle apporte son concours \u00e0 l\u2019organisation de l\u2019examen du permis de chasser.<\/p>\n<p>&nbsp;<\/p>\n<p>4. Elle conduit des actions d\u2019information, d\u2019\u00e9ducation, de formation et d\u2019appui technique \u00e0 l\u2019intention des gestionnaires des territoires et des chasseurs et du public. Elle peut g\u00e9rer des r\u00e9serves naturelles ou tout autre territoire \u00e0 caract\u00e8re prot\u00e9g\u00e9.<\/p>\n<p>&nbsp;<\/p>\n<p>5. Elle coordonne les actions des associations communales et intercommunales de chasse agr\u00e9\u00e9es.<\/p>\n<p>&nbsp;<\/p>\n<p>6. Elle peut apporter son concours \u00e0 la validation du permis de chasser.<\/p>\n<p>&nbsp;<\/p>\n<p>7. Elle conduit des actions de pr\u00e9vention des d\u00e9g\u00e2ts de gibier et assure l\u2019indemnisation des d\u00e9g\u00e2ts de grand gibier dans les conditions pr\u00e9vues par les articles L. 426-1 et L. 426-5 du code de l\u2019environnement.<\/p>\n<p>&nbsp;<\/p>\n<p>8. Elle \u00e9labore, en association avec les propri\u00e9taires, les gestionnaires et les usagers des territoires concern\u00e9s, un sch\u00e9ma d\u00e9partemental de gestion cyn\u00e9g\u00e9tique, conform\u00e9ment aux dispositions de l\u2019article L. 421-5 du code de l\u2019environnement.<\/p>\n<p>&nbsp;<\/p>\n<p>9. Les associations de chasse sp\u00e9cialis\u00e9e sont associ\u00e9es aux travaux de la f\u00e9d\u00e9ration d\u00e9partementale des chasseurs.<\/p>\n<p>&nbsp;<\/p>\n<p>10. La F\u00e9d\u00e9ration D\u00e9partementale des Chasseurs peut recruter, pour l\u2019exercice de ses missions, des agents de d\u00e9veloppement mandat\u00e9s \u00e0 cet effet. Ceux-ci veillent notamment au respect du sch\u00e9ma d\u00e9partemental de gestion cyn\u00e9g\u00e9tique.<\/p>\n<p>&nbsp;<\/p>\n<p>11. La F\u00e9d\u00e9ration D\u00e9partementale des Chasseurs peut exercer les droits reconnus \u00e0 la partie civile en ce qui concerne les faits constituant une infraction aux dispositions du titre II du livre IV du code de l\u2019environnement et des textes pris pour son application et portant un<br \/>\npr\u00e9judice direct ou indirect aux int\u00e9r\u00eats collectifs, mat\u00e9riels et moraux qu\u2019elle a pour objet de d\u00e9fendre.<\/p>\n<p>&nbsp;<\/p>\n<p>12. La F\u00e9d\u00e9ration D\u00e9partementale des Chasseurs, dans le cadre des activit\u00e9s d\u00e9finies \u00e0 l\u2019article 1er, peut assurer des services compl\u00e9mentaires, y compris de surveillance,[\/vc_column_text][\/vc_column][\/vc_row]<\/p>\n","protected":false},"excerpt":{"rendered":"<p>[vc_row][vc_column][vc_column_text]La F\u00e9d\u00e9ration D\u00e9partementale des Chasseurs d\u2019Indre-et-Loire (F.D.C.37) est une association agr\u00e9\u00e9e au titre de la protection de la nature et de l\u2019environnement (article 40 de la loi du 10 juillet 1976), ses statuts sont fix\u00e9s par l\u2019arr\u00eat\u00e9 du 11 f\u00e9vrier 2020. La F.D.C.37 est repr\u00e9sent\u00e9&#8230;<\/p>\n","protected":false},"author":2,"featured_media":0,"parent":0,"menu_order":0,"comment_status":"closed","ping_status":"closed","template":"","meta":{"_acf_changed":false,"inline_featured_image":false,"_exactmetrics_skip_tracking":false,"_exactmetrics_sitenote_active":false,"_exactmetrics_sitenote_note":"","_exactmetrics_sitenote_category":0,"footnotes":""},"class_list":["post-3032","page","type-page","status-publish","hentry"],"acf":[],"publishpress_future_action":{"enabled":false,"date":"2026-04-18 12:44:48","action":"change-status","newStatus":"draft","terms":[],"taxonomy":"","extraData":[]},"publishpress_future_workflow_manual_trigger":{"enabledWorkflows":[]},"_links":{"self":[{"href":"https:\/\/www.save.chasseurducentrevaldeloire.fr\/fdc37\/wp-json\/wp\/v2\/pages\/3032","targetHints":{"allow":["GET"]}}],"collection":[{"href":"https:\/\/www.save.chasseurducentrevaldeloire.fr\/fdc37\/wp-json\/wp\/v2\/pages"}],"about":[{"href":"https:\/\/www.save.chasseurducentrevaldeloire.fr\/fdc37\/wp-json\/wp\/v2\/types\/page"}],"author":[{"embeddable":true,"href":"https:\/\/www.save.chasseurducentrevaldeloire.fr\/fdc37\/wp-json\/wp\/v2\/users\/2"}],"replies":[{"embeddable":true,"href":"https:\/\/www.save.chasseurducentrevaldeloire.fr\/fdc37\/wp-json\/wp\/v2\/comments?post=3032"}],"version-history":[{"count":7,"href":"https:\/\/www.save.chasseurducentrevaldeloire.fr\/fdc37\/wp-json\/wp\/v2\/pages\/3032\/revisions"}],"predecessor-version":[{"id":5229,"href":"https:\/\/www.save.chasseurducentrevaldeloire.fr\/fdc37\/wp-json\/wp\/v2\/pages\/3032\/revisions\/5229"}],"wp:attachment":[{"href":"https:\/\/www.save.chasseurducentrevaldeloire.fr\/fdc37\/wp-json\/wp\/v2\/media?parent=3032"}],"curies":[{"name":"wp","href":"https:\/\/api.w.org\/{rel}","templated":true}]}}