{"id":2999,"date":"2018-05-22T16:28:39","date_gmt":"2018-05-22T14:28:39","guid":{"rendered":"http:\/\/www.chasseurducentrevaldeloire.fr\/fdc37\/?page_id=2999"},"modified":"2025-09-16T10:05:35","modified_gmt":"2025-09-16T08:05:35","slug":"formation-securite","status":"publish","type":"page","link":"https:\/\/www.save.chasseurducentrevaldeloire.fr\/fdc37\/formation-securite\/","title":{"rendered":"Remise \u00e0 niveau d\u00e9cennale s\u00e9curit\u00e9"},"content":{"rendered":"<p>[vc_row][vc_column][vc_column_text]Cette formation d\u2019une \u00bd journ\u00e9e est obligatoire et a \u00e9t\u00e9 instaur\u00e9e par la loi du 24 juillet 2019.<\/p>\n<p>&nbsp;<\/p>\n<p>Il s\u2019agit d\u2019une remise \u00e0 niveau sur la s\u00e9curit\u00e9 qui sera \u00e0 suivre tous les 10 ans et dont le contenu est fix\u00e9 par la FNC. Ce n\u2019est pas un examen, il s\u2019agit d\u2019un rappel des gestes de s\u00e9curit\u00e9 \u00e9l\u00e9mentaires \u00e0 adopter aussi bien en action qu\u2019hors action de chasse, des situations d\u2019accidents, des comportements \u00e0 adopter lorsque l\u2019on rencontre un usager de la nature non chasseur, de la n\u00e9cessaire adaptation de l\u2019arme au gibier etc.\u2026<\/p>\n<p>&nbsp;<\/p>\n<p>Le suivi de cette formation sera indiqu\u00e9 sur votre titre de validation, une fois r\u00e9alis\u00e9e.<\/p>\n<p>&nbsp;<\/p>\n<p><strong>Conditions<\/strong>\u00a0:<\/p>\n<ul>\n<li>Pour suivre cette formation (gratuite) il faut avoir pris sa validation pour la saison en cours en Indre et Loire.<\/li>\n<\/ul>\n<p>&nbsp;<\/p>\n<p><strong>Dates et horaires\u00a0:<\/strong><\/p>\n<p>&nbsp;<\/p>\n<p>&nbsp;<\/p>\n<p>&nbsp;<\/p>\n<p>&nbsp;<\/p>\n<table width=\"663\">\n<tbody>\n<tr>\n<td width=\"171\">DATES<\/td>\n<td width=\"94\">HORAIRES<\/td>\n<td width=\"398\">LIEUX<\/td>\n<\/tr>\n<tr>\n<td>\n<p class=\"x_MsoNormal\" style=\"text-align: left\" align=\"right\"><span data-olk-copy-source=\"MessageBody\">mercredi 3 septembre 2025<\/span><\/p>\n<\/td>\n<td>\n<p class=\"x_MsoNormal\"><span data-olk-copy-source=\"MessageBody\">17h30-21h<\/span><\/p>\n<\/td>\n<td>\n<p class=\"x_MsoNormal\"><span data-olk-copy-source=\"MessageBody\">SALLE MONTBERGER PLACE DU MAIL A NEUILLE PONT PIERRE<\/span><\/p>\n<\/td>\n<\/tr>\n<tr>\n<td>\n<p class=\"x_MsoNormal\" style=\"text-align: left\" align=\"right\"><span data-olk-copy-source=\"MessageBody\">lundi 29 septembre 2025<\/span><\/p>\n<\/td>\n<td>\n<p class=\"x_MsoNormal\"><span data-olk-copy-source=\"MessageBody\">13h45-18h<\/span><\/p>\n<\/td>\n<td>\n<p class=\"x_MsoNormal\"><span data-olk-copy-source=\"MessageBody\">MAISON DE LA CHASSE DE THILOUZE<\/span><\/p>\n<\/td>\n<\/tr>\n<tr>\n<td>\n<p class=\"x_MsoNormal\" style=\"text-align: left\" align=\"right\"><span data-olk-copy-source=\"MessageBody\">vendredi 7 novembre 2025<\/span><\/p>\n<\/td>\n<td>\n<p class=\"x_MsoNormal\"><span data-olk-copy-source=\"MessageBody\">13h45-18h<\/span><\/p>\n<\/td>\n<td>\n<p class=\"x_MsoNormal\"><span data-olk-copy-source=\"MessageBody\">SALLE DES FETES DE CONTINVOIR<\/span><\/p>\n<\/td>\n<\/tr>\n<tr>\n<td>\n<p class=\"x_MsoNormal\" style=\"text-align: left\" align=\"right\"><span data-olk-copy-source=\"MessageBody\">mardi 18 novembre 2025<\/span><\/p>\n<\/td>\n<td>\n<p class=\"x_MsoNormal\"><span data-olk-copy-source=\"MessageBody\">14h00 \u00e0 18h30<\/span><\/p>\n<\/td>\n<td>SALLE DES FETES DE NOIZAY<\/td>\n<\/tr>\n<tr>\n<td>\n<p class=\"x_MsoNormal\" style=\"text-align: left\" align=\"right\"><span data-olk-copy-source=\"MessageBody\">vendredi 21 novembre 2025<\/span><\/p>\n<\/td>\n<td>\n<p class=\"x_MsoNormal\"><span data-olk-copy-source=\"MessageBody\">13h45-18h<\/span><\/p>\n<\/td>\n<td>\n<p class=\"x_MsoNormal\"><span data-olk-copy-source=\"MessageBody\">MAISON DE LA CHASSE DE THILOUZE<\/span><\/p>\n<\/td>\n<\/tr>\n<\/tbody>\n<\/table>\n<p>&nbsp;<\/p>\n<p>&nbsp;<\/p>\n<p><strong>Lieu<\/strong>\u00a0:<\/p>\n<ul>\n<li>Maison de la Chasse de Thilouze, Domaine de Sirand ou autre (cf. tableau ci-dessus)<\/li>\n<li>Possibilit\u00e9 d\u2019effectuer cette formation en distanciel<\/li>\n<\/ul>\n<p>&nbsp;<\/p>\n<p><strong>Intervenants\u00a0<\/strong>: personnel f\u00e9d\u00e9ral<\/p>\n<p>&nbsp;<\/p>\n<p><strong>Nombre de places<\/strong>\u00a0: 50 personnes \u00e0 80 personnes selon le lieu de formation<\/p>\n<p>&nbsp;<\/p>\n<p><strong>Formalit\u00e9s d\u2019inscription et renseignements<\/strong>\u00a0: contacter Mme SARRAZY par t\u00e9l\u00e9phone au 02.47.05.06.13 ou par mail\u00a0: <a href=\"mailto:administratif37@chasseurdefrance.com\"><strong><span style=\"color: #a04695\">administratif37@chasseurdefrance.com<\/span><\/strong><\/a>[\/vc_column_text][vc_empty_space][vc_single_image image=\u00a0\u00bb3000&Prime; img_size=\u00a0\u00bbfull\u00a0\u00bb alignment=\u00a0\u00bbcenter\u00a0\u00bb style=\u00a0\u00bbvc_box_shadow_border\u00a0\u00bb el_class=\u00a0\u00bbmirrorImg\u00a0\u00bb][\/vc_column][\/vc_row][vc_row][vc_column][\/vc_column][\/vc_row]<\/p>\n","protected":false},"excerpt":{"rendered":"<p>[vc_row][vc_column][vc_column_text]Cette formation d\u2019une \u00bd journ\u00e9e est obligatoire et a \u00e9t\u00e9 instaur\u00e9e par la loi du 24 juillet 2019. &nbsp; Il s\u2019agit d\u2019une remise \u00e0 niveau sur la s\u00e9curit\u00e9 qui sera \u00e0 suivre tous les 10 ans et dont le contenu est fix\u00e9 par la FNC&#8230;.<\/p>\n","protected":false},"author":2,"featured_media":0,"parent":0,"menu_order":0,"comment_status":"closed","ping_status":"closed","template":"","meta":{"_acf_changed":false,"inline_featured_image":false,"_exactmetrics_skip_tracking":false,"_exactmetrics_sitenote_active":false,"_exactmetrics_sitenote_note":"","_exactmetrics_sitenote_category":0,"footnotes":""},"class_list":["post-2999","page","type-page","status-publish","hentry"],"acf":[],"publishpress_future_action":{"enabled":false,"date":"2026-04-18 12:16:29","action":"change-status","newStatus":"draft","terms":[],"taxonomy":"","extraData":[]},"publishpress_future_workflow_manual_trigger":{"enabledWorkflows":[]},"_links":{"self":[{"href":"https:\/\/www.save.chasseurducentrevaldeloire.fr\/fdc37\/wp-json\/wp\/v2\/pages\/2999","targetHints":{"allow":["GET"]}}],"collection":[{"href":"https:\/\/www.save.chasseurducentrevaldeloire.fr\/fdc37\/wp-json\/wp\/v2\/pages"}],"about":[{"href":"https:\/\/www.save.chasseurducentrevaldeloire.fr\/fdc37\/wp-json\/wp\/v2\/types\/page"}],"author":[{"embeddable":true,"href":"https:\/\/www.save.chasseurducentrevaldeloire.fr\/fdc37\/wp-json\/wp\/v2\/users\/2"}],"replies":[{"embeddable":true,"href":"https:\/\/www.save.chasseurducentrevaldeloire.fr\/fdc37\/wp-json\/wp\/v2\/comments?post=2999"}],"version-history":[{"count":52,"href":"https:\/\/www.save.chasseurducentrevaldeloire.fr\/fdc37\/wp-json\/wp\/v2\/pages\/2999\/revisions"}],"predecessor-version":[{"id":5345,"href":"https:\/\/www.save.chasseurducentrevaldeloire.fr\/fdc37\/wp-json\/wp\/v2\/pages\/2999\/revisions\/5345"}],"wp:attachment":[{"href":"https:\/\/www.save.chasseurducentrevaldeloire.fr\/fdc37\/wp-json\/wp\/v2\/media?parent=2999"}],"curies":[{"name":"wp","href":"https:\/\/api.w.org\/{rel}","templated":true}]}}