{"id":2994,"date":"2018-05-22T16:18:12","date_gmt":"2018-05-22T14:18:12","guid":{"rendered":"http:\/\/www.chasseurducentrevaldeloire.fr\/fdc37\/?page_id=2994"},"modified":"2025-08-13T10:33:37","modified_gmt":"2025-08-13T08:33:37","slug":"piegeage","status":"publish","type":"page","link":"https:\/\/www.save.chasseurducentrevaldeloire.fr\/fdc37\/piegeage\/","title":{"rendered":"Pi\u00e9geage"},"content":{"rendered":"<p>[vc_row][vc_column][vc_column_text]<img loading=\"lazy\" decoding=\"async\" class=\"wp-image-3650 aligncenter\" src=\"https:\/\/www.chasseurducentrevaldeloire.fr\/fdc37\/wp-content\/uploads\/sites\/7\/2019\/01\/formationpiegeage-300x56.jpg\" alt=\"\" width=\"488\" height=\"91\" srcset=\"https:\/\/www.save.chasseurducentrevaldeloire.fr\/fdc37\/wp-content\/uploads\/sites\/7\/2019\/01\/formationpiegeage-300x56.jpg 300w, https:\/\/www.save.chasseurducentrevaldeloire.fr\/fdc37\/wp-content\/uploads\/sites\/7\/2019\/01\/formationpiegeage.jpg 550w\" sizes=\"auto, (max-width: 488px) 100vw, 488px\" \/><\/p>\n<p>&nbsp;<\/p>\n<p><u><b>Objectif<\/b><\/u> :<\/p>\n<p>\u25cf Acqu\u00e9rir la formation obligatoire en vue de l\u2019obtention de l\u2019agr\u00e9ment de pi\u00e9geur en vertu de l\u2019arr\u00eat\u00e9 minist\u00e9riel du 18 septembre 2009.<\/p>\n<p>&nbsp;<\/p>\n<p><u><b>Dates <\/b><\/u>:<\/p>\n<ul>\n<li><strong>MERCREDI 5 ET JEUDI 6 NOVEMBRE 2025<\/strong><\/li>\n<\/ul>\n<p>&nbsp;<\/p>\n<p><u><b>Horaires <\/b><\/u>:<\/p>\n<p>\u25cf 8h30-12h30 et 14h00-18h00 (repas assur\u00e9)<\/p>\n<p>&nbsp;<\/p>\n<p><u><b>Lieu<\/b><\/u> :<\/p>\n<p>\u25cf Maison de la Chasse Sirand, 37260 Thilouze<\/p>\n<p>&nbsp;<\/p>\n<p><u><b>Public<\/b><\/u> : Personne d\u00e9sirant utiliser tous types de pi\u00e8ges.<\/p>\n<p>&nbsp;<\/p>\n<p><u><b>Programme sur 2 journ\u00e9es <\/b><\/u> :<\/p>\n<p>\u25cf Connaissance des esp\u00e8ces recherch\u00e9es (4h)<br \/>\n\u25cf Connaissance des diff\u00e9rents types de pi\u00e8ges, de leurs possibilit\u00e9s et des<br \/>\nconditions d\u2019utilisation (4h)<br \/>\n\u25cf Manipulations des pi\u00e8ges (2h)<br \/>\n\u25cf Connaissance des mesures propres \u00e0 diminuer les souffrances des animaux<br \/>\ncaptur\u00e9s (2)<br \/>\n\u25cf Application des connaissances (4h)<\/p>\n<p>&nbsp;<\/p>\n<p><u><b>Nombre de places <\/b><\/u> :<\/p>\n<p>&#8211; 20 places maximum<\/p>\n<p>&nbsp;<\/p>\n<p><u><b>Formalit\u00e9s d\u2019inscriptions et co\u00fbt <\/b><\/u> :<\/p>\n<p>\u25cf ch\u00e8que de 65 \u20ac (\u00e0 l\u2019ordre de FDC37) correspondant au prix du repas et \u00e0 la<br \/>\ndocumentation remise.<\/p>\n<p>&nbsp;<\/p>\n<p>T\u00e9l\u00e9charger le <a href=\"https:\/\/www.chasseurducentrevaldeloire.fr\/fdc37\/wp-content\/uploads\/sites\/7\/2025\/07\/BULLETIN-DINSCRIPTION-FORMATION-PIEGEAGE.pdf\" target=\"_blank\" rel=\"noopener\"><span style=\"color: #a04695\"><strong>bulletin d&rsquo;inscription<\/strong><\/span><\/a><\/p>\n<p>&nbsp;<\/p>\n<p><u><b>Intervenants <\/b><\/u>:<\/p>\n<p>\u25cf S\u00e9bastien PAPILLON, Technicien de la FDC 37<br \/>\n\u25cf Un intervenant de la FREDON<\/p>\n<p>&nbsp;<\/p>\n<p><strong><u>Compl\u00e9ment d&rsquo;informations<\/u> : <\/strong><\/p>\n<p>&nbsp;<\/p>\n<p style=\"text-align: center\"><strong><b>Service Technique <\/b><\/strong><\/p>\n<p style=\"text-align: center\"><strong>Yveline GIRARD, <\/strong><\/p>\n<p style=\"text-align: center\"><b>T\u00e9l. : 02.47.05.10.75 ou <\/b><a href=\"mailto:technique37@chasseurdefrance.com\"><b><span style=\"color: #a04696\">technique37@chasseurdefrance.com<\/span><\/b><\/a><\/p>\n<p>[\/vc_column_text][vc_single_image image=\u00a0\u00bb2996&Prime; img_size=\u00a0\u00bbfull\u00a0\u00bb style=\u00a0\u00bbvc_box_shadow_border\u00a0\u00bb el_class=\u00a0\u00bbmirrorImg\u00a0\u00bb][\/vc_column][\/vc_row]<\/p>\n","protected":false},"excerpt":{"rendered":"<p>[vc_row][vc_column][vc_column_text] &nbsp; Objectif : \u25cf Acqu\u00e9rir la formation obligatoire en vue de l\u2019obtention de l\u2019agr\u00e9ment de pi\u00e9geur en vertu de l\u2019arr\u00eat\u00e9 minist\u00e9riel du 18 septembre 2009. &nbsp; Dates : MERCREDI 5 ET JEUDI 6 NOVEMBRE 2025 &nbsp; Horaires : \u25cf 8h30-12h30 et 14h00-18h00 (repas assur\u00e9)&#8230;<\/p>\n","protected":false},"author":2,"featured_media":0,"parent":0,"menu_order":0,"comment_status":"closed","ping_status":"closed","template":"","meta":{"_acf_changed":false,"inline_featured_image":false,"_exactmetrics_skip_tracking":false,"_exactmetrics_sitenote_active":false,"_exactmetrics_sitenote_note":"","_exactmetrics_sitenote_category":0,"footnotes":""},"class_list":["post-2994","page","type-page","status-publish","hentry"],"acf":[],"publishpress_future_action":{"enabled":false,"date":"2026-04-15 03:02:30","action":"change-status","newStatus":"draft","terms":[],"taxonomy":"","extraData":[]},"publishpress_future_workflow_manual_trigger":{"enabledWorkflows":[]},"_links":{"self":[{"href":"https:\/\/www.save.chasseurducentrevaldeloire.fr\/fdc37\/wp-json\/wp\/v2\/pages\/2994","targetHints":{"allow":["GET"]}}],"collection":[{"href":"https:\/\/www.save.chasseurducentrevaldeloire.fr\/fdc37\/wp-json\/wp\/v2\/pages"}],"about":[{"href":"https:\/\/www.save.chasseurducentrevaldeloire.fr\/fdc37\/wp-json\/wp\/v2\/types\/page"}],"author":[{"embeddable":true,"href":"https:\/\/www.save.chasseurducentrevaldeloire.fr\/fdc37\/wp-json\/wp\/v2\/users\/2"}],"replies":[{"embeddable":true,"href":"https:\/\/www.save.chasseurducentrevaldeloire.fr\/fdc37\/wp-json\/wp\/v2\/comments?post=2994"}],"version-history":[{"count":27,"href":"https:\/\/www.save.chasseurducentrevaldeloire.fr\/fdc37\/wp-json\/wp\/v2\/pages\/2994\/revisions"}],"predecessor-version":[{"id":5321,"href":"https:\/\/www.save.chasseurducentrevaldeloire.fr\/fdc37\/wp-json\/wp\/v2\/pages\/2994\/revisions\/5321"}],"wp:attachment":[{"href":"https:\/\/www.save.chasseurducentrevaldeloire.fr\/fdc37\/wp-json\/wp\/v2\/media?parent=2994"}],"curies":[{"name":"wp","href":"https:\/\/api.w.org\/{rel}","templated":true}]}}