{"id":2986,"date":"2018-05-22T16:14:59","date_gmt":"2018-05-22T14:14:59","guid":{"rendered":"http:\/\/www.chasseurducentrevaldeloire.fr\/fdc37\/?page_id=2986"},"modified":"2025-10-13T14:04:32","modified_gmt":"2025-10-13T12:04:32","slug":"permis-de-chasser-chasse-accompagnee","status":"publish","type":"page","link":"https:\/\/www.save.chasseurducentrevaldeloire.fr\/fdc37\/permis-de-chasser-chasse-accompagnee\/","title":{"rendered":"Chasse accompagn\u00e9e"},"content":{"rendered":"<p>[vc_row][vc_column][vc_column_text]<\/p>\n<h2 style=\"text-align: center\"><strong>Chasse accompagn\u00e9e<\/strong><\/h2>\n<p>&nbsp;<\/p>\n<p>&nbsp;<\/p>\n<p>&nbsp;<\/p>\n<p><strong>Dates<\/strong>\u00a0: Contactez votre f\u00e9d\u00e9ration pour conna\u00eetre les prochaines dates de formation<br \/>\n<strong>Dur\u00e9e\u00a0<\/strong>: 4 heures<\/p>\n<p><strong>Lieu\u00a0<\/strong>: Maison de la Chasse Sirand, 37260\u00a0 Thilouze<\/p>\n<p><strong>Public\u00a0<\/strong>: Toute personne voulant d\u00e9couvrir la pratique de la chasse.<\/p>\n<p><strong>Programme\u00a0<\/strong>:<\/p>\n<p>Ce programme est encadr\u00e9 par des textes r\u00e9glementaires.<\/p>\n<ul>\n<li>Simulation d\u2019une partie de chasse au petit gibier en respectant toutes les r\u00e8gles de s\u00e9curit\u00e9 lors du tir, des franchissements d\u2019obstacles et des d\u00e9placements.<\/li>\n<li>Simulation d\u2019une partie de chasse au grand gibier en respectant toutes les r\u00e8gles de s\u00e9curit\u00e9 lors de la prise du poste, du tir en respectant l\u2019angle de s\u00e9curit\u00e9 et lors des d\u00e9placements.<\/li>\n<li>D\u00e9livrance d\u2019une attestation de formation valable 1 an pour le candidat et 10 ans pour l\u2019accompagnateur.<\/li>\n<\/ul>\n<p>&nbsp;<\/p>\n<p><strong>Conditions\u00a0<\/strong>:<\/p>\n<ul>\n<li>Les candidats doivent \u00eatre \u00e2g\u00e9 de 14 ans r\u00e9volus pour s\u2019inscrire \u00e0 la formation chasse accompagn\u00e9e (mais ne pourront chasser accompagn\u00e9 qu\u2019\u00e0 l\u2019\u00e2ge de 15 ans).<\/li>\n<li>L\u2019accompagnateur doit poss\u00e9der un permis depuis 5 ans et avoir la validation en cours.<\/li>\n<li>Une arme pour 2.<\/li>\n<li>Valable un an et non renouvelable.<\/li>\n<\/ul>\n<p>&nbsp;<\/p>\n<p><strong>Formalit\u00e9s d\u2019inscription et co\u00fbt<\/strong>\u00a0:<\/p>\n<ul>\n<li><span style=\"color: #a04695\"><a style=\"color: #a04695\" href=\"https:\/\/www.chasseurducentrevaldeloire.fr\/fdc37\/wp-content\/uploads\/sites\/7\/2025\/10\/Demande-autorisation-chasser-accompagne-V-2025.pdf\" target=\"_blank\" rel=\"noopener\"><strong>Formulaire\u00a0d\u2019inscription <\/strong><\/a><\/span>et le<span style=\"color: #a04695\"><a style=\"color: #a04695\" href=\"https:\/\/www.chasseurducentrevaldeloire.fr\/fdc37\/wp-content\/uploads\/sites\/7\/2023\/03\/Lettre-inscriptionCA.doc\" target=\"_blank\" rel=\"noopener\"><strong> courrier d&rsquo;inscription<\/strong><\/a><\/span><\/li>\n<li>La formation est gratuite, toutefois nous demandons un ch\u00e8que de caution de 50 \u20ac qui est rendu le jour de la Formation.<\/li>\n<\/ul>\n<p>&nbsp;<\/p>\n<p><strong>Intervenants<\/strong>\u00a0:<\/p>\n<ul>\n<li>Sylvain GUIGNAUDEAU, Technicien<\/li>\n<li>Guillaume FAVIER : Technicien<\/li>\n<li>J\u00e9r\u00e9my DEMOIS : Animations site Thilouze<\/li>\n<li>C\u00e9dric BUFFETEAU : Technicien<\/li>\n<li>Valentin GOUBEAU\u00a0: Technicien<\/li>\n<\/ul>\n<p>&nbsp;<\/p>\n<p><strong>Compl\u00e9ment d\u2019informations<\/strong> : JULIE HUBERT,\u00a0<span style=\"color: #a04695\"><a style=\"color: #a04695\" href=\"mailto:julie.hubert@chasseurdefrance.com\"><strong>julie.hubert@chasseurdefrance.com<\/strong><\/a><\/span>, 02 47 05 34 48<\/p>\n<p>Retrouvez la\u00a0<span style=\"color: #a04695\"><strong><a style=\"color: #a04695\" href=\"http:\/\/www.chasseursducentre.fr\/fdc37\/media\/video\/src\/\" target=\"_blank\" rel=\"noopener\">vid\u00e9o des r\u00e9visions du permis de chasser<\/a><\/strong><\/span><\/p>\n<p>Toutes les questions de l\u2019examen sont en ligne sur\u00a0<span style=\"color: #a04695\"><a style=\"color: #a04695\" href=\"http:\/\/www.chasseurdefrance.com\/\" target=\"_blank\" rel=\"noopener\"><strong>www.chasseurdefrance.com<\/strong><\/a><\/span>[\/vc_column_text][\/vc_column][\/vc_row]<\/p>\n","protected":false},"excerpt":{"rendered":"<p>[vc_row][vc_column][vc_column_text] Chasse accompagn\u00e9e &nbsp; &nbsp; &nbsp; Dates\u00a0: Contactez votre f\u00e9d\u00e9ration pour conna\u00eetre les prochaines dates de formation Dur\u00e9e\u00a0: 4 heures Lieu\u00a0: Maison de la Chasse Sirand, 37260\u00a0 Thilouze Public\u00a0: Toute personne voulant d\u00e9couvrir la pratique de la chasse. Programme\u00a0: Ce programme est encadr\u00e9 par des&#8230;<\/p>\n","protected":false},"author":2,"featured_media":0,"parent":0,"menu_order":0,"comment_status":"closed","ping_status":"closed","template":"","meta":{"_acf_changed":false,"inline_featured_image":false,"_exactmetrics_skip_tracking":false,"_exactmetrics_sitenote_active":false,"_exactmetrics_sitenote_note":"","_exactmetrics_sitenote_category":0,"footnotes":""},"class_list":["post-2986","page","type-page","status-publish","hentry"],"acf":[],"publishpress_future_action":{"enabled":false,"date":"2026-04-18 12:24:32","action":"change-status","newStatus":"draft","terms":[],"taxonomy":"","extraData":[]},"publishpress_future_workflow_manual_trigger":{"enabledWorkflows":[]},"_links":{"self":[{"href":"https:\/\/www.save.chasseurducentrevaldeloire.fr\/fdc37\/wp-json\/wp\/v2\/pages\/2986","targetHints":{"allow":["GET"]}}],"collection":[{"href":"https:\/\/www.save.chasseurducentrevaldeloire.fr\/fdc37\/wp-json\/wp\/v2\/pages"}],"about":[{"href":"https:\/\/www.save.chasseurducentrevaldeloire.fr\/fdc37\/wp-json\/wp\/v2\/types\/page"}],"author":[{"embeddable":true,"href":"https:\/\/www.save.chasseurducentrevaldeloire.fr\/fdc37\/wp-json\/wp\/v2\/users\/2"}],"replies":[{"embeddable":true,"href":"https:\/\/www.save.chasseurducentrevaldeloire.fr\/fdc37\/wp-json\/wp\/v2\/comments?post=2986"}],"version-history":[{"count":36,"href":"https:\/\/www.save.chasseurducentrevaldeloire.fr\/fdc37\/wp-json\/wp\/v2\/pages\/2986\/revisions"}],"predecessor-version":[{"id":5360,"href":"https:\/\/www.save.chasseurducentrevaldeloire.fr\/fdc37\/wp-json\/wp\/v2\/pages\/2986\/revisions\/5360"}],"wp:attachment":[{"href":"https:\/\/www.save.chasseurducentrevaldeloire.fr\/fdc37\/wp-json\/wp\/v2\/media?parent=2986"}],"curies":[{"name":"wp","href":"https:\/\/api.w.org\/{rel}","templated":true}]}}