{"id":2983,"date":"2018-05-22T15:21:29","date_gmt":"2018-05-22T13:21:29","guid":{"rendered":"http:\/\/www.chasseurducentrevaldeloire.fr\/fdc37\/?page_id=2983"},"modified":"2024-01-23T08:36:27","modified_gmt":"2024-01-23T07:36:27","slug":"hygiene-et-venaison","status":"publish","type":"page","link":"https:\/\/www.save.chasseurducentrevaldeloire.fr\/fdc37\/hygiene-et-venaison\/","title":{"rendered":"Hygi\u00e8ne et venaison"},"content":{"rendered":"<p>[vc_row][vc_column][vc_column_text]<\/p>\n<h2 style=\"text-align: center\"><strong>FORMATION PATHOLOGIE \u2013 HYGIENE ALIMENTAIRE<br \/>\nMAISON DE LA CHASSE DE THILOUZE<\/strong><\/h2>\n<p>&nbsp;<\/p>\n<p>&nbsp;<\/p>\n<p>&nbsp;<\/p>\n<p>Les chasseurs sont devenus de v\u00e9ritables \u00ab acteurs sentinelles \u00bb du suivi de l\u2019\u00e9tat sanitaire des populations chassables et de la faune sauvage en g\u00e9n\u00e9ral. C\u2019est pourquoi, votre F\u00e9d\u00e9ration vous propose de participer \u00e0 une formation destin\u00e9e \u00e0 identifier les risques sanitaires et am\u00e9liorer certaines pratiques de manipulation (\u00e9visc\u00e9ration, pr\u00e9l\u00e8vements pour la recherche de larves de trichine etc\u2026)<\/p>\n<p>&nbsp;<\/p>\n<p style=\"text-align: center\"><strong>Formation ouverte \u00e0 tous les chasseurs<\/strong><\/p>\n<p>&nbsp;<\/p>\n<p>&nbsp;<\/p>\n<p><strong>Programme :<\/strong><\/p>\n<ul>\n<li>Rappel r\u00e9glementaire : hygi\u00e8ne de la cession de gibier sauvage<\/li>\n<li>Notions d\u2019anatomie et de pathologie<\/li>\n<li>Gestion \u00e0 conna\u00eetre<\/li>\n<li>Arbre de d\u00e9cisions<\/li>\n<li>Manipulations<\/li>\n<\/ul>\n<p>&nbsp;<\/p>\n<p><strong>Dates :<\/strong><\/p>\n<ul>\n<li>Vendredi 28 juin 2024 \u2013 13h00 \u00e0 18h30<\/li>\n<li>Vendredi 13 septembre 2024 -13h00 \u00e0 18h30<\/li>\n<\/ul>\n<p>&nbsp;<\/p>\n<p><strong>Lieu :<\/strong><\/p>\n<p>Maison de la chasse<br \/>\nSirand<br \/>\n37260 THILOUZE<\/p>\n<p>&nbsp;<\/p>\n<p><strong>Organisation :<\/strong><\/p>\n<ul>\n<li>Une demi-journ\u00e9e de formation dont \u00bd heure de pratique<\/li>\n<li>Co\u00fbt de la formation : 20 \u20ac par participant (ch\u00e8que \u00e0 l\u2019ordre de FDC 37)<\/li>\n<\/ul>\n<p>&nbsp;<\/p>\n<p><strong>Intervenants :<\/strong><\/p>\n<p>Sylvain GUIGNAUDEAU \u2013 Technicien FDC 37<br \/>\nDr Jacques GALLIER<br \/>\nJean-Paul GAULTIER<\/p>\n<p>&nbsp;<\/p>\n<p>T\u00e9l\u00e9charger le<span style=\"color: #a04695\"><a style=\"color: #a04695\" href=\"https:\/\/www.chasseurducentrevaldeloire.fr\/fdc37\/wp-content\/uploads\/sites\/7\/2024\/01\/BULLETIN-DINSCRIPTION-FORMATION-PATHOLOGIE-2024.pdf\" target=\"_blank\" rel=\"noopener\"><strong> bulletin d\u2019inscription<\/strong><\/a><\/span><\/p>\n<p>&nbsp;<\/p>\n<p>&nbsp;<\/p>\n<p style=\"text-align: center\"><b>Service Technique<\/b><\/p>\n<p style=\"text-align: center\"><b>Yveline GIRARD<\/b><\/p>\n<p style=\"text-align: center\"><b>T\u00e9l. : 02.47.05.10.75 ou <\/b><span style=\"color: #a04696\"><a style=\"color: #a04696\" href=\"mailto:technique37@chasseurdefrance.com\"><b>technique37@chasseurdefrance.com<\/b><\/a><b>\u00a0<\/b><\/span><\/p>\n<p>[\/vc_column_text][\/vc_column][\/vc_row]<\/p>\n","protected":false},"excerpt":{"rendered":"<p>[vc_row][vc_column][vc_column_text] FORMATION PATHOLOGIE \u2013 HYGIENE ALIMENTAIRE MAISON DE LA CHASSE DE THILOUZE &nbsp; &nbsp; &nbsp; Les chasseurs sont devenus de v\u00e9ritables \u00ab acteurs sentinelles \u00bb du suivi de l\u2019\u00e9tat sanitaire des populations chassables et de la faune sauvage en g\u00e9n\u00e9ral. C\u2019est pourquoi, votre F\u00e9d\u00e9ration vous&#8230;<\/p>\n","protected":false},"author":2,"featured_media":0,"parent":0,"menu_order":0,"comment_status":"closed","ping_status":"closed","template":"","meta":{"_acf_changed":false,"inline_featured_image":false,"_exactmetrics_skip_tracking":false,"_exactmetrics_sitenote_active":false,"_exactmetrics_sitenote_note":"","_exactmetrics_sitenote_category":0,"footnotes":""},"class_list":["post-2983","page","type-page","status-publish","hentry"],"acf":[],"publishpress_future_action":{"enabled":false,"date":"2026-04-15 03:11:56","action":"change-status","newStatus":"draft","terms":[],"taxonomy":"","extraData":[]},"publishpress_future_workflow_manual_trigger":{"enabledWorkflows":[]},"_links":{"self":[{"href":"https:\/\/www.save.chasseurducentrevaldeloire.fr\/fdc37\/wp-json\/wp\/v2\/pages\/2983","targetHints":{"allow":["GET"]}}],"collection":[{"href":"https:\/\/www.save.chasseurducentrevaldeloire.fr\/fdc37\/wp-json\/wp\/v2\/pages"}],"about":[{"href":"https:\/\/www.save.chasseurducentrevaldeloire.fr\/fdc37\/wp-json\/wp\/v2\/types\/page"}],"author":[{"embeddable":true,"href":"https:\/\/www.save.chasseurducentrevaldeloire.fr\/fdc37\/wp-json\/wp\/v2\/users\/2"}],"replies":[{"embeddable":true,"href":"https:\/\/www.save.chasseurducentrevaldeloire.fr\/fdc37\/wp-json\/wp\/v2\/comments?post=2983"}],"version-history":[{"count":14,"href":"https:\/\/www.save.chasseurducentrevaldeloire.fr\/fdc37\/wp-json\/wp\/v2\/pages\/2983\/revisions"}],"predecessor-version":[{"id":4951,"href":"https:\/\/www.save.chasseurducentrevaldeloire.fr\/fdc37\/wp-json\/wp\/v2\/pages\/2983\/revisions\/4951"}],"wp:attachment":[{"href":"https:\/\/www.save.chasseurducentrevaldeloire.fr\/fdc37\/wp-json\/wp\/v2\/media?parent=2983"}],"curies":[{"name":"wp","href":"https:\/\/api.w.org\/{rel}","templated":true}]}}