{"id":2977,"date":"2018-05-22T15:16:13","date_gmt":"2018-05-22T13:16:13","guid":{"rendered":"http:\/\/www.chasseurducentrevaldeloire.fr\/fdc37\/?page_id=2977"},"modified":"2025-06-16T13:55:47","modified_gmt":"2025-06-16T11:55:47","slug":"formation-garde-particulier","status":"publish","type":"page","link":"https:\/\/www.save.chasseurducentrevaldeloire.fr\/fdc37\/formation-garde-particulier\/","title":{"rendered":"Formation garde particulier"},"content":{"rendered":"<p>[vc_row][vc_column][vc_column_text]<img loading=\"lazy\" decoding=\"async\" class=\"size-medium wp-image-3646 aligncenter\" src=\"https:\/\/www.chasseurducentrevaldeloire.fr\/fdc37\/wp-content\/uploads\/sites\/7\/2019\/01\/formationgarde-300x264.jpg\" alt=\"\" width=\"300\" height=\"264\" srcset=\"https:\/\/www.save.chasseurducentrevaldeloire.fr\/fdc37\/wp-content\/uploads\/sites\/7\/2019\/01\/formationgarde-300x264.jpg 300w, https:\/\/www.save.chasseurducentrevaldeloire.fr\/fdc37\/wp-content\/uploads\/sites\/7\/2019\/01\/formationgarde.jpg 513w\" sizes=\"auto, (max-width: 300px) 100vw, 300px\" \/><\/p>\n<p>&nbsp;<\/p>\n<p>&nbsp;<\/p>\n<p><b>Objectifs <\/b>: Acqu\u00e9rir la formation n\u00e9cessaire pour remplir les conditions d\u2019aptitude technique exig\u00e9es pour exercer les fonctions de garde particulier.<\/p>\n<p>&nbsp;<\/p>\n<p><b>Dates<\/b> :<\/p>\n<ul>\n<li>Vendredi 26 Septembre, Lundi 29 Septembre et Vendredi 3 Octobre 2025<\/li>\n<\/ul>\n<p>&nbsp;<\/p>\n<p><b>Horaires<\/b> : de 8h30 \u00e0 12h30 et de 14h00 \u00e0 18h00 (repas assur\u00e9 et pris en commun)<\/p>\n<p>&nbsp;<\/p>\n<p><b>Lieu <\/b>: Maison de la Chasse Sirand, 37260 Thilouze<\/p>\n<p>&nbsp;<\/p>\n<p><b>Public <\/b>: Personne d\u00e9sirant devenir garde particulier ou chasseur d\u00e9sirant se former.<\/p>\n<p>&nbsp;<\/p>\n<p><b>Programme<\/b> (3 journ\u00e9es)<\/p>\n<ul>\n<li><i>Module 1 (1 journ\u00e9e)<\/i> : Notions juridique de base, Droits et devoirs du garde particulier<\/li>\n<li>Module 2 (2 journ\u00e9es) : \u00c9cologie, R\u00e9glementation chasse, Connaissances cyn\u00e9g\u00e9tiques, R\u00e9gulation des esp\u00e8ces susceptibles d\u2019occasionner des d\u00e9g\u00e2ts<\/li>\n<\/ul>\n<p>&nbsp;<\/p>\n<p><b>Nombre de places<\/b> : 25 places maximum<\/p>\n<p>&nbsp;<\/p>\n<p>&nbsp;<\/p>\n<p>&nbsp;<\/p>\n<p><a href=\"https:\/\/docs.google.com\/forms\/d\/e\/1FAIpQLSeObQIkXulZYV-Z-OyKgiRwcc8tgr7Ma-35-cyHIgwzjLnRPw\/viewform?usp=sf_link\" target=\"_blank\" rel=\"noopener noreferrer\"><img loading=\"lazy\" decoding=\"async\" class=\"wp-image-2942 size-full aligncenter\" src=\"http:\/\/www.chasseurducentrevaldeloire.fr\/fdc37\/wp-content\/uploads\/sites\/7\/2018\/05\/inscription.jpg\" alt=\"\" width=\"256\" height=\"68\" \/><\/a><\/p>\n<p>&nbsp;<\/p>\n<p><b>Formalit\u00e9s d\u2019inscriptions et co\u00fbt<\/b> :<\/p>\n<ul>\n<li>pr\u00e9inscription par t\u00e9l\u00e9phone, courrier postal ou \u00e9lectronique,<\/li>\n<li>60 \u20ac (3 repas et prise en charge de la documentation).<\/li>\n<\/ul>\n<p>&nbsp;<\/p>\n<p><b>Intervenants <\/b>:<\/p>\n<ul>\n<li>J\u00e9r\u00e9my DEMOIS, Animateur Site de Thilouze FDC 37<\/li>\n<li>Jean-Michel POUPINEAU, technicien FDC 37<\/li>\n<li>Un Technicien de l\u2019environnement de l\u2019OFB<\/li>\n<\/ul>\n<p>&nbsp;<\/p>\n<p><b>Compl\u00e9ment d\u2019informations<\/b><b> : Delphine SARRAZY, <\/b><span style=\"color: #a04695\"><a style=\"color: #a04695\" href=\"mailto:administratif37@chasseurdefrance.com\"><b>administratif37@chasseurdefrance.com<\/b><\/a><\/span><b>, T\u00e9l. : 02.47.05.06.13.<\/b>[\/vc_column_text][\/vc_column][\/vc_row]<\/p>\n","protected":false},"excerpt":{"rendered":"<p>[vc_row][vc_column][vc_column_text] &nbsp; &nbsp; Objectifs : Acqu\u00e9rir la formation n\u00e9cessaire pour remplir les conditions d\u2019aptitude technique exig\u00e9es pour exercer les fonctions de garde particulier. &nbsp; Dates : Vendredi 26 Septembre, Lundi 29 Septembre et Vendredi 3 Octobre 2025 &nbsp; Horaires : de 8h30 \u00e0 12h30 et&#8230;<\/p>\n","protected":false},"author":2,"featured_media":0,"parent":0,"menu_order":0,"comment_status":"closed","ping_status":"closed","template":"","meta":{"_acf_changed":false,"inline_featured_image":false,"_exactmetrics_skip_tracking":false,"_exactmetrics_sitenote_active":false,"_exactmetrics_sitenote_note":"","_exactmetrics_sitenote_category":0,"footnotes":""},"class_list":["post-2977","page","type-page","status-publish","hentry"],"acf":[],"publishpress_future_action":{"enabled":false,"date":"2026-04-18 12:23:29","action":"change-status","newStatus":"draft","terms":[],"taxonomy":"","extraData":[]},"publishpress_future_workflow_manual_trigger":{"enabledWorkflows":[]},"_links":{"self":[{"href":"https:\/\/www.save.chasseurducentrevaldeloire.fr\/fdc37\/wp-json\/wp\/v2\/pages\/2977","targetHints":{"allow":["GET"]}}],"collection":[{"href":"https:\/\/www.save.chasseurducentrevaldeloire.fr\/fdc37\/wp-json\/wp\/v2\/pages"}],"about":[{"href":"https:\/\/www.save.chasseurducentrevaldeloire.fr\/fdc37\/wp-json\/wp\/v2\/types\/page"}],"author":[{"embeddable":true,"href":"https:\/\/www.save.chasseurducentrevaldeloire.fr\/fdc37\/wp-json\/wp\/v2\/users\/2"}],"replies":[{"embeddable":true,"href":"https:\/\/www.save.chasseurducentrevaldeloire.fr\/fdc37\/wp-json\/wp\/v2\/comments?post=2977"}],"version-history":[{"count":18,"href":"https:\/\/www.save.chasseurducentrevaldeloire.fr\/fdc37\/wp-json\/wp\/v2\/pages\/2977\/revisions"}],"predecessor-version":[{"id":5282,"href":"https:\/\/www.save.chasseurducentrevaldeloire.fr\/fdc37\/wp-json\/wp\/v2\/pages\/2977\/revisions\/5282"}],"wp:attachment":[{"href":"https:\/\/www.save.chasseurducentrevaldeloire.fr\/fdc37\/wp-json\/wp\/v2\/media?parent=2977"}],"curies":[{"name":"wp","href":"https:\/\/api.w.org\/{rel}","templated":true}]}}