{"id":2966,"date":"2018-05-22T15:10:00","date_gmt":"2018-05-22T13:10:00","guid":{"rendered":"http:\/\/www.chasseurducentrevaldeloire.fr\/fdc37\/?page_id=2966"},"modified":"2024-11-04T13:31:50","modified_gmt":"2024-11-04T12:31:50","slug":"chasse-a-larc","status":"publish","type":"page","link":"https:\/\/www.save.chasseurducentrevaldeloire.fr\/fdc37\/chasse-a-larc\/","title":{"rendered":"Chasse \u00e0 l&rsquo;arc"},"content":{"rendered":"<p>[vc_row][vc_column width=\u00a0\u00bb2\/3&Prime;][vc_column_text]<\/p>\n<p style=\"text-align: center\"><b>\u00a0\u00a0 <\/b><\/p>\n<p><b>\u00a0\u00a0\u00a0 <\/b><b>Il n\u2019est pas n\u00e9cessaire d\u2019\u00eatre titulaire du permis de chasser pour s\u2019inscrire et effectuer la formation chasse \u00e0 l\u2019arc.<\/b><\/p>\n<p>&nbsp;<\/p>\n<p><b>\u00a0\u00a0\u00a0 <\/b><b>En revanche, une fois effectu\u00e9e, cette derni\u00e8re ne donne pas la possibilit\u00e9 de pratiquer la chasse sans son permis.<\/b><\/p>\n<p>&nbsp;<\/p>\n<p><b>EN BREF :\u00a0<\/b><\/p>\n<ul>\n<li><b>cette formation est ouverte \u00e0 tous, et ne dispense pas ses participants d\u2019\u00eatre titulaire d\u2019un permis de chasser valide.<\/b><\/li>\n<\/ul>\n<p>&nbsp;<\/p>\n<p><b>Objectif<\/b> :<\/p>\n<ul>\n<li>Pratiquer la chasse \u00e0 l\u2019arc<\/li>\n<\/ul>\n<p>&nbsp;<\/p>\n<p><b>Horaires<\/b> :<\/p>\n<ul>\n<li>8h30-12h00 et 14h00-17h30 (repas assur\u00e9)<\/li>\n<\/ul>\n<p>&nbsp;<\/p>\n<p><b>Lieu<\/b> :<\/p>\n<ul>\n<li>Maison de la chasse Sirand, 37260 Thilouze<\/li>\n<\/ul>\n<p>&nbsp;<\/p>\n<p><b>Public<\/b> : Tout public<\/p>\n<p>&nbsp;<\/p>\n<p><b>Programme sur une journ\u00e9e<\/b><b> :<\/b><\/p>\n<ul>\n<li>La formation qui doit conduire \u00e0 l\u2019acquisition des connaissances pratiques, permettant au chasseur \u00e0 l\u2019arc de manipuler et d\u2019utiliser un arc de chasse, dans des conditions de s\u00e9curit\u00e9 optimales est d\u00e9livr\u00e9e au cours d\u2019une journ\u00e9e, selon le programme suivant (orientations g\u00e9n\u00e9rales) :<\/li>\n<\/ul>\n<p>&nbsp;<\/p>\n<ol>\n<li><b> Th\u00e9orie :<\/b><\/li>\n<\/ol>\n<ol>\n<li>Nomenclature<\/li>\n<li>D\u00e9finitions particuli\u00e8res<\/li>\n<li>Choix du mat\u00e9riel employ\u00e9 \u00e0 la chasse<\/li>\n<li>Tir instinctif et tir en viseur<\/li>\n<li>Anatomie et zone vitale \u00e0 atteindre<\/li>\n<li>Proc\u00e9d\u00e9s de chasse<\/li>\n<li>L\u00e9gislation<\/li>\n<li>S\u00e9curit\u00e9<\/li>\n<\/ol>\n<p>&nbsp;<\/p>\n<ol>\n<li><b> Pratique :<\/b><\/li>\n<\/ol>\n<ul>\n<li>Mise en pratique des apprentissages th\u00e9oriques.<\/li>\n<\/ul>\n<p>&nbsp;<\/p>\n<p><b>Nombre de places<\/b> : 15 personnes maximum<\/p>\n<p>&nbsp;<\/p>\n<p><strong>Prochaines formations :<\/strong><\/p>\n<ul>\n<li><strong>SAMEDI 24 MAI 2025<\/strong><\/li>\n<li><strong>LUNDI 26 MAI 2025<\/strong><\/li>\n<li><strong>SAMEDI 18 OCTOBRE 2025<\/strong><\/li>\n<li><strong>LUNDI 20 OCTOBRE 2025<\/strong><\/li>\n<\/ul>\n<p>&nbsp;<\/p>\n<p>&nbsp;<\/p>\n<p><b>Formalit\u00e9s d\u2019inscriptions et co\u00fbt<\/b> :<\/p>\n<ul>\n<li>Sur <a href=\"https:\/\/www.chasseurducentrevaldeloire.fr\/fdc37\/wp-content\/uploads\/sites\/7\/2018\/05\/formation-chasse-arc-2.pdf\" target=\"_blank\" rel=\"noopener noreferrer\"><span style=\"color: #a04695\"><strong>Cerfa n\u00b0 10804*03 (<i>copie pi\u00e8ce d\u2019identit\u00e9 et enveloppe affranchie au tarif en cours<\/i>)<\/strong><\/span><\/a><\/li>\n<li>ch\u00e8que de 25 \u20ac (\u00e0 l\u2019ordre de FDC37)<\/li>\n<\/ul>\n<p>&nbsp;<\/p>\n<p><b>Intervenants<\/b> :<\/p>\n<ul>\n<li>Guillaume FAVIER, Technicien FDC 37<\/li>\n<li>Un Membre de l\u2019association sportive des chasseurs \u00e0 l\u2019arc de Touraine<\/li>\n<\/ul>\n<p>&nbsp;<\/p>\n<p style=\"text-align: center\"><b>Compl\u00e9ments d\u2019informations<\/b><b> : <\/b><\/p>\n<p>&nbsp;<\/p>\n<p style=\"text-align: center\"><b>Service Technique<\/b><\/p>\n<p style=\"text-align: center\"><b>Yveline GIRARD\u00a0<\/b><\/p>\n<p style=\"text-align: center\"><b>T\u00e9l. : 02.47.05.10.75 ou <\/b><span style=\"color: #a04695\"><a style=\"color: #a04695\" href=\"mailto:technique37@chasseurdefrance.com\"><b>technique37@chasseurdefrance.com<\/b><\/a><b>\u00a0<\/b><\/span><\/p>\n<p>[\/vc_column_text][\/vc_column][vc_column css_animation=\u00a0\u00bbfadeInRight\u00a0\u00bb width=\u00a0\u00bb1\/3&Prime;][vc_single_image image=\u00a0\u00bb2970&Prime; img_size=\u00a0\u00bbfull\u00a0\u00bb style=\u00a0\u00bbvc_box_shadow_border\u00a0\u00bb el_class=\u00a0\u00bbmirrorImg\u00a0\u00bb][\/vc_column][\/vc_row][vc_row][vc_column][\/vc_column][\/vc_row]<\/p>\n","protected":false},"excerpt":{"rendered":"<p>[vc_row][vc_column width=\u00a0\u00bb2\/3&Prime;][vc_column_text] \u00a0\u00a0 \u00a0\u00a0\u00a0 Il n\u2019est pas n\u00e9cessaire d\u2019\u00eatre titulaire du permis de chasser pour s\u2019inscrire et effectuer la formation chasse \u00e0 l\u2019arc. &nbsp; \u00a0\u00a0\u00a0 En revanche, une fois effectu\u00e9e, cette derni\u00e8re ne donne pas la possibilit\u00e9 de pratiquer la chasse sans son permis. &nbsp;&#8230;<\/p>\n","protected":false},"author":2,"featured_media":0,"parent":0,"menu_order":0,"comment_status":"closed","ping_status":"closed","template":"","meta":{"_acf_changed":false,"inline_featured_image":false,"_exactmetrics_skip_tracking":false,"_exactmetrics_sitenote_active":false,"_exactmetrics_sitenote_note":"","_exactmetrics_sitenote_category":0,"footnotes":""},"class_list":["post-2966","page","type-page","status-publish","hentry"],"acf":[],"publishpress_future_action":{"enabled":false,"date":"2026-04-18 12:31:02","action":"change-status","newStatus":"draft","terms":[],"taxonomy":"","extraData":[]},"publishpress_future_workflow_manual_trigger":{"enabledWorkflows":[]},"_links":{"self":[{"href":"https:\/\/www.save.chasseurducentrevaldeloire.fr\/fdc37\/wp-json\/wp\/v2\/pages\/2966","targetHints":{"allow":["GET"]}}],"collection":[{"href":"https:\/\/www.save.chasseurducentrevaldeloire.fr\/fdc37\/wp-json\/wp\/v2\/pages"}],"about":[{"href":"https:\/\/www.save.chasseurducentrevaldeloire.fr\/fdc37\/wp-json\/wp\/v2\/types\/page"}],"author":[{"embeddable":true,"href":"https:\/\/www.save.chasseurducentrevaldeloire.fr\/fdc37\/wp-json\/wp\/v2\/users\/2"}],"replies":[{"embeddable":true,"href":"https:\/\/www.save.chasseurducentrevaldeloire.fr\/fdc37\/wp-json\/wp\/v2\/comments?post=2966"}],"version-history":[{"count":29,"href":"https:\/\/www.save.chasseurducentrevaldeloire.fr\/fdc37\/wp-json\/wp\/v2\/pages\/2966\/revisions"}],"predecessor-version":[{"id":5137,"href":"https:\/\/www.save.chasseurducentrevaldeloire.fr\/fdc37\/wp-json\/wp\/v2\/pages\/2966\/revisions\/5137"}],"wp:attachment":[{"href":"https:\/\/www.save.chasseurducentrevaldeloire.fr\/fdc37\/wp-json\/wp\/v2\/media?parent=2966"}],"curies":[{"name":"wp","href":"https:\/\/api.w.org\/{rel}","templated":true}]}}