{"id":2956,"date":"2018-05-22T14:53:48","date_gmt":"2018-05-22T12:53:48","guid":{"rendered":"http:\/\/www.chasseurducentrevaldeloire.fr\/fdc37\/?page_id=2956"},"modified":"2025-08-14T15:43:32","modified_gmt":"2025-08-14T13:43:32","slug":"autres-formations","status":"publish","type":"page","link":"https:\/\/www.save.chasseurducentrevaldeloire.fr\/fdc37\/autres-formations\/","title":{"rendered":"Autres Formations"},"content":{"rendered":"<p>[vc_row][vc_column]<div class=\"qodef-accordion-holder clearfix qodef-toggle qodef-boxed \">\n\t<h4 class=\"clearfix qodef-title-holder\" >\n\t<span class=\"qodef-accordion-mark qodef-left-mark\">\n\t\t<span class=\"qodef-accordion-mark-icon\">\n\t\t\t<span class=\"icon_plus\"><\/span>\n\t\t\t<span class=\"icon_minus-06\"><\/span>\n\t\t<\/span>\n\t<\/span>\n\t<span class=\"qodef-tab-title\">\n\t\t<span class=\"qodef-tab-title-inner\">\n\t\t\tResponsable de chasse\t\t<\/span>\n\t<\/span>\n<\/h4>\n<div class=\"qodef-accordion-content\">\n\t<div class=\"qodef-accordion-content-inner\">\n\t\t[vc_column_text]<strong><u>Objectif<\/u><\/strong>\u00a0: formation, information des organisateurs de chasse<\/p>\n<p>&nbsp;<\/p>\n<p><strong><u>Dates<\/u><\/strong>\u00a0:<\/p>\n<ul>\n<li>23 mai et 20 juin 2025 (complet)<\/li>\n<li><span data-olk-copy-source=\"MessageBody\">25 septembre et 17 octobre 2025<\/span><\/li>\n<\/ul>\n<p>&nbsp;<\/p>\n<p><strong><u>Horaires<\/u><\/strong>\u00a0: 8h30- 12h00 et de 14h00-17h30 (repas inclus et pris en commun)<\/p>\n<p>&nbsp;<\/p>\n<p><strong><u>Lieu<\/u><\/strong>\u00a0: Maison de la Chasse, Sirand, 37260 THILOUZE<\/p>\n<p>&nbsp;<\/p>\n<p><strong><u>Public<\/u><\/strong>\u00a0: les responsables de territoire<\/p>\n<p>&nbsp;<\/p>\n<p><strong><u>Programme<\/u><\/strong>\u00a0: 1 journ\u00e9e<\/p>\n<ul>\n<li>Aspect administratif et juridique<\/li>\n<li>La s\u00e9curit\u00e9<\/li>\n<li>Formation Espace Adh\u00e9rent<\/li>\n<\/ul>\n<p>&nbsp;<\/p>\n<p><strong><u>Nombre de places<\/u><\/strong> : 30 personnes maximum<\/p>\n<p>&nbsp;<\/p>\n<p>Formalit\u00e9s d\u2019inscription et co\u00fbt\u00a0:<\/p>\n<ul>\n<li>Inscription par t\u00e9l\u00e9phone, courrier postal ou \u00e9lectronique,<\/li>\n<li>gratuit<\/li>\n<\/ul>\n<p>&nbsp;<\/p>\n<p><strong><u>Intervenant<\/u><\/strong>\u00a0:<\/p>\n<ul>\n<li>J\u00e9r\u00e9my DEMOIS, Animateur site de Thilouze FDC 37<\/li>\n<\/ul>\n<p>&nbsp;<\/p>\n<p>Compl\u00e9ment d\u2019informations\u00a0:<strong> Delphine SARRAZY \u2013 <\/strong><a href=\"mailto:administratif37@chasseurdefrance.com\"><strong><span style=\"color: #a04695\">administratif37@chasseurdefrance.com<\/span><\/strong><\/a><strong> \u2013 Tel\u00a0: <\/strong><a href=\"tel:0247050613\"><strong><span style=\"color: #a04695\">02-47-05-06-13<\/span><\/strong><\/a>[\/vc_column_text]\t<\/div>\n<\/div>\n<h4 class=\"clearfix qodef-title-holder\" >\n\t<span class=\"qodef-accordion-mark qodef-left-mark\">\n\t\t<span class=\"qodef-accordion-mark-icon\">\n\t\t\t<span class=\"icon_plus\"><\/span>\n\t\t\t<span class=\"icon_minus-06\"><\/span>\n\t\t<\/span>\n\t<\/span>\n\t<span class=\"qodef-tab-title\">\n\t\t<span class=\"qodef-tab-title-inner\">\n\t\t\tChef de ligne\t\t<\/span>\n\t<\/span>\n<\/h4>\n<div class=\"qodef-accordion-content\">\n\t<div class=\"qodef-accordion-content-inner\">\n\t\t[vc_column_text]<strong><u>Objectif<\/u><\/strong>\u00a0: formation, information des chefs de ligne<\/p>\n<p>&nbsp;<\/p>\n<p><strong><u>Dates<\/u><\/strong> : 4 juillet, 12 septembre et 13 octobre 2025<\/p>\n<p>&nbsp;<\/p>\n<p><strong><u>Horaires<\/u><\/strong>\u00a0: 13h30-18h00<\/p>\n<p>&nbsp;<\/p>\n<p><strong><u>Lieu<\/u><\/strong>\u00a0: Maison de la Chasse, Sirand, 37260 THILOUZE<\/p>\n<p>&nbsp;<\/p>\n<p><strong><u>Public<\/u><\/strong>\u00a0: les chefs de ligne<\/p>\n<p>&nbsp;<\/p>\n<p><strong><u>Programme<\/u><\/strong>\u00a0: 1\/2 journ\u00e9e<\/p>\n<ul>\n<li>Aspect administratif et juridique<\/li>\n<li>La s\u00e9curit\u00e9<\/li>\n<li>Formation Espace Adh\u00e9rent<\/li>\n<\/ul>\n<p>&nbsp;<\/p>\n<p><strong><u>Nombre de places<\/u><\/strong> : 25 personnes maximum<\/p>\n<p>&nbsp;<\/p>\n<p>Formalit\u00e9s d\u2019inscription et co\u00fbt\u00a0:<\/p>\n<ul>\n<li>Inscription par t\u00e9l\u00e9phone ou par mail,<\/li>\n<li>gratuit<\/li>\n<\/ul>\n<p>&nbsp;<\/p>\n<p>Compl\u00e9ment d\u2019informations\u00a0:<strong> Delphine SARRAZY \u2013 <\/strong><a href=\"mailto:administratif37@chasseurdefrance.com\"><strong><span style=\"color: #a04695\">administratif37@chasseurdefrance.com<\/span><\/strong><\/a><strong> \u2013 Tel\u00a0: <\/strong><a href=\"tel:0247050613\"><strong><span style=\"color: #a04695\">02-47-05-06-13<\/span><\/strong><\/a>[\/vc_column_text]\t<\/div>\n<\/div>\n<h4 class=\"clearfix qodef-title-holder\" >\n\t<span class=\"qodef-accordion-mark qodef-left-mark\">\n\t\t<span class=\"qodef-accordion-mark-icon\">\n\t\t\t<span class=\"icon_plus\"><\/span>\n\t\t\t<span class=\"icon_minus-06\"><\/span>\n\t\t<\/span>\n\t<\/span>\n\t<span class=\"qodef-tab-title\">\n\t\t<span class=\"qodef-tab-title-inner\">\n\t\t\tStage Tir d&#039;\u00e9t\u00e9 du renard\t\t<\/span>\n\t<\/span>\n<\/h4>\n<div class=\"qodef-accordion-content\">\n\t<div class=\"qodef-accordion-content-inner\">\n\t\t[vc_column_text]<strong><u>Objectif<\/u> <\/strong>:<\/p>\n<p>\u25cf Encourager la r\u00e9gulation du renard.<\/p>\n<p>&nbsp;<\/p>\n<p><strong><u>Dates<\/u> <\/strong>: non programm\u00e9es<\/p>\n<p>&nbsp;<\/p>\n<p><u><b>Horaires<\/b><\/u> : (2 sessions par jour)<\/p>\n<p>&#8211; 8h30-12h30 ou 14h30-18h30<\/p>\n<p>&nbsp;<\/p>\n<p><img loading=\"lazy\" decoding=\"async\" class=\"size-medium wp-image-2961 alignleft\" src=\"http:\/\/www.chasseurducentrevaldeloire.fr\/fdc37\/wp-content\/uploads\/sites\/7\/2018\/05\/renard-216x300.jpg\" alt=\"\" width=\"216\" height=\"300\" srcset=\"https:\/\/www.save.chasseurducentrevaldeloire.fr\/fdc37\/wp-content\/uploads\/sites\/7\/2018\/05\/renard-216x300.jpg 216w, https:\/\/www.save.chasseurducentrevaldeloire.fr\/fdc37\/wp-content\/uploads\/sites\/7\/2018\/05\/renard.jpg 350w\" sizes=\"auto, (max-width: 216px) 100vw, 216px\" \/><\/p>\n<p><u><b>Lieu<\/b><\/u> :<\/p>\n<p>\u25cf Maison de la Chasse Sirand, 37260 Thilouze<\/p>\n<p>&nbsp;<\/p>\n<p><u><b>Public<\/b><\/u> :<\/p>\n<p>\u25cf Tous publics<\/p>\n<p>&nbsp;<\/p>\n<p><u><b>Programme sur une demi journ\u00e9e <\/b><\/u>\u00a0:<\/p>\n<p>\u25cf Une partie th\u00e9orique : aspect r\u00e9glementaire, technique de chasse et mat\u00e9riel<br \/>\n\u25cf Une partie pratique : Tir et r\u00e8gles de s\u00e9curit\u00e9, tir sur cible \u00e0 50 et 100 m\u00e8tres.<\/p>\n<p>&nbsp;<\/p>\n<p><u><b>Formalit\u00e9s d\u2019inscription et co\u00fbt <\/b><\/u> :<\/p>\n<p>\u25cf Bulletin de participation \u00e0 retourner au Service Technique : GIRARD Yveline \u00e0 la FDC 37.<br \/>\n\u25cf Ch\u00e8que de 15 \u20ac (\u00e0 l\u2019ordre de la FDC37)<\/p>\n<p>&nbsp;<\/p>\n<p><u><b>Nombre de places <\/b><\/u> : 12 personnes maximum<\/p>\n<p>&nbsp;<\/p>\n<p><a href=\"https:\/\/goo.gl\/forms\/byTho5X95vpk9Zjp1\" target=\"_blank\" rel=\"noopener noreferrer\"><img loading=\"lazy\" decoding=\"async\" class=\"wp-image-2942 size-full aligncenter\" src=\"http:\/\/www.chasseurducentrevaldeloire.fr\/fdc37\/wp-content\/uploads\/sites\/7\/2018\/05\/inscription.jpg\" alt=\"\" width=\"256\" height=\"68\" \/><\/a><\/p>\n<p>&nbsp;<\/p>\n<p>&nbsp;<\/p>\n<p><strong><u>Compl\u00e9ment d&rsquo;informations<\/u> :<\/strong><\/p>\n<p style=\"text-align: center\"><strong> Yveline GIRARD, <span style=\"color: #a04695\"><a style=\"color: #a04695\" href=\"mailto:technique37@chasseurdefrance.com\">technique37@chasseurdefrance.com<\/a><\/span>,<\/strong><\/p>\n<p style=\"text-align: center\"><strong> T\u00e9l. : <span style=\"color: #a04695\"><a style=\"color: #a04695\" href=\"tel:+33247051075\" target=\"_blank\" rel=\"noopener noreferrer\">02 47 05 10 75<\/a><\/span><\/strong><\/p>\n<p>[\/vc_column_text][vc_empty_space]\t<\/div>\n<\/div>\n<h4 class=\"clearfix qodef-title-holder\" >\n\t<span class=\"qodef-accordion-mark qodef-left-mark\">\n\t\t<span class=\"qodef-accordion-mark-icon\">\n\t\t\t<span class=\"icon_plus\"><\/span>\n\t\t\t<span class=\"icon_minus-06\"><\/span>\n\t\t<\/span>\n\t<\/span>\n\t<span class=\"qodef-tab-title\">\n\t\t<span class=\"qodef-tab-title-inner\">\n\t\t\tR\u00e9gulation des corvid\u00e9s\t\t<\/span>\n\t<\/span>\n<\/h4>\n<div class=\"qodef-accordion-content\">\n\t<div class=\"qodef-accordion-content-inner\">\n\t\t[vc_column_text]<img loading=\"lazy\" decoding=\"async\" class=\" wp-image-3653 aligncenter\" src=\"https:\/\/www.chasseurducentrevaldeloire.fr\/fdc37\/wp-content\/uploads\/sites\/7\/2019\/01\/formationcorvide-300x67.jpg\" alt=\"\" width=\"497\" height=\"111\" srcset=\"https:\/\/www.save.chasseurducentrevaldeloire.fr\/fdc37\/wp-content\/uploads\/sites\/7\/2019\/01\/formationcorvide-300x67.jpg 300w, https:\/\/www.save.chasseurducentrevaldeloire.fr\/fdc37\/wp-content\/uploads\/sites\/7\/2019\/01\/formationcorvide.jpg 662w\" sizes=\"auto, (max-width: 497px) 100vw, 497px\" \/><\/p>\n<p>&nbsp;<\/p>\n<p><strong><u>Objectif<\/u> <\/strong>:<\/p>\n<p>\u25cf R\u00e9guler les becs droits, en particulier la corneille noire, qui est un redoutable pr\u00e9dateur pour la faune sauvage, et le corbeau freux qui reste un d\u00e9pr\u00e9dateur particuli\u00e8rement redoutable pour le monde agricole \u00e0 la p\u00e9riode des semis de printemps (ma\u00efs et tournesol).<\/p>\n<p>&nbsp;<\/p>\n<p><strong><u>Dates et horaires :<\/u><\/strong><\/p>\n<p>\u25cf non programm\u00e9es<\/p>\n<p>&nbsp;<\/p>\n<p><strong><u>Public<\/u> :<\/strong><\/p>\n<p>\u25cf Tout chasseur<\/p>\n<p>&nbsp;<\/p>\n<p><strong><u>Lieu<\/u> <\/strong>: Maison de la Chasse Sirand, 37260 Thilouze<\/p>\n<p>&nbsp;<\/p>\n<p><strong><u>Programme sur une demi journ\u00e9e :<\/u><\/strong><\/p>\n<p>\u25cf R\u00e9glementation<br \/>\n\u25cf Reconnaissance des esp\u00e8ces chassables<br \/>\n\u25cf Mat\u00e9riel n\u00e9cessaire<br \/>\n\u25cf Techniques de chasse<br \/>\n\u25cf Aspects s\u00e9curitaires<\/p>\n<p>&nbsp;<\/p>\n<p><u><strong>Nombre de places :<\/strong> <\/u><\/p>\n<p>\u25cf 25 personnes maximum<\/p>\n<p>&nbsp;<\/p>\n<p>&nbsp;<\/p>\n<p><a href=\"https:\/\/goo.gl\/forms\/byTho5X95vpk9Zjp1\" target=\"_blank\" rel=\"noopener noreferrer\"><img loading=\"lazy\" decoding=\"async\" class=\"wp-image-2942 size-full aligncenter\" src=\"http:\/\/www.chasseurducentrevaldeloire.fr\/fdc37\/wp-content\/uploads\/sites\/7\/2018\/05\/inscription.jpg\" alt=\"\" width=\"256\" height=\"68\" \/><\/a><\/p>\n<p>&nbsp;<\/p>\n<p><strong><u>Formalit\u00e9s<\/u> <\/strong>:<\/p>\n<p>\u25cf Frais d\u2019inscription 10 \u20ac<\/p>\n<p>&nbsp;<\/p>\n<p>&nbsp;<\/p>\n<p><strong><u>Compl\u00e9ment d&rsquo;informations<\/u> :<\/strong><\/p>\n<p>&nbsp;<\/p>\n<p style=\"text-align: center\"><strong> Yvelines GIRARD\u00a0: <span style=\"color: #a04695\"><a style=\"color: #a04695\" href=\"mailto:technique37@chasseurdefrance.com\">technique37@chasseurdefrance.com<\/a><\/span>, <\/strong><\/p>\n<p style=\"text-align: center\"><strong>Tel : <span style=\"color: #a04695\"><a style=\"color: #a04695\" href=\"tel:+33247051075\">02-47-05-10 -75<\/a><\/span><\/strong><\/p>\n<p>[\/vc_column_text]\t<\/div>\n<\/div>\n<h4 class=\"clearfix qodef-title-holder\" >\n\t<span class=\"qodef-accordion-mark qodef-left-mark\">\n\t\t<span class=\"qodef-accordion-mark-icon\">\n\t\t\t<span class=\"icon_plus\"><\/span>\n\t\t\t<span class=\"icon_minus-06\"><\/span>\n\t\t<\/span>\n\t<\/span>\n\t<span class=\"qodef-tab-title\">\n\t\t<span class=\"qodef-tab-title-inner\">\n\t\t\tFormation 1er secours\t\t<\/span>\n\t<\/span>\n<\/h4>\n<div class=\"qodef-accordion-content\">\n\t<div class=\"qodef-accordion-content-inner\">\n\t\t[vc_column_text]<strong>Objectif :<\/strong> Ces stages de s\u00e9curit\u00e9 de niveau II sont d\u00e9di\u00e9s aux gestes de premiers secours \u00e0 destination des responsables de chasse.<\/p>\n<p>&nbsp;<\/p>\n<p><strong>Dates et horaires :<\/strong><\/p>\n<p>&nbsp;<\/p>\n<p><strong>Lieu :<\/strong> Maison de la Chasse de Thilouze<\/p>\n<p>&nbsp;<\/p>\n<p><strong>Public :<\/strong> Tout responsable de chasse du d\u00e9partement.<\/p>\n<p>&nbsp;<\/p>\n<p><strong>Programme :<\/strong> (1\/2 journ\u00e9e )<\/p>\n<p>&nbsp;<\/p>\n<p>Formation th\u00e9orique de 2 heures sur les malaises, saignements et l&rsquo;AMD (Alerter, Masser, D\u00e9fibriler),<\/p>\n<p>Formation pratique d&rsquo;1heure30 avec reproduction d&rsquo;un accident de chasse (chute, fracture, blessure par balle etc&#8230;) et mise en situation des candidats face \u00e0 ce cas.<\/p>\n<p>&nbsp;<\/p>\n<p><strong>Nombre de places :<\/strong> 12 places maximum<\/p>\n<p>&nbsp;<\/p>\n<p><strong>Formalit\u00e9s d&rsquo;inscriptions et co\u00fbt :<\/strong><\/p>\n<p>coupon r\u00e9ponse \u00e0 renvoyer ou par t\u00e9l\u00e9phone, gratuite<\/p>\n<p>&nbsp;<\/p>\n<p><strong>Intervenants :<\/strong><\/p>\n<p>Michel HUBERT, Technicien de la FDC 37<\/p>\n<p>un intervenant de l\u2019Ecole de Secours et de Sauvetage d\u2019Indre et Loire<\/p>\n<p>&nbsp;<\/p>\n<p><strong>Contact pour information\/inscription :<\/strong><\/p>\n<p>Delphine SARRAZY- Tel : 02 47 05 06 13<\/p>\n<p><span style=\"color: #a04695\"><strong><a style=\"color: #a04695\" href=\"mailto:administratif37@chasseurdefrance.com\">administratif37@chasseurdefrance.com<\/a><\/strong><\/span><\/p>\n<p>&nbsp;<\/p>\n<p><a href=\"https:\/\/goo.gl\/forms\/byTho5X95vpk9Zjp1\" target=\"_blank\" rel=\"noopener noreferrer\"><img loading=\"lazy\" decoding=\"async\" class=\"wp-image-2942 size-full aligncenter\" src=\"http:\/\/www.chasseurducentrevaldeloire.fr\/fdc37\/wp-content\/uploads\/sites\/7\/2018\/05\/inscription.jpg\" alt=\"\" width=\"256\" height=\"68\" \/><\/a>[\/vc_column_text]\t<\/div>\n<\/div>\n<\/div>[\/vc_column][\/vc_row][vc_row][vc_column][vc_column_text][\/vc_column_text][\/vc_column][\/vc_row]<\/p>\n","protected":false},"excerpt":{"rendered":"<p>[vc_row][vc_column][\/vc_column][\/vc_row][vc_row][vc_column][vc_column_text][\/vc_column_text][\/vc_column][\/vc_row]<\/p>\n","protected":false},"author":2,"featured_media":0,"parent":0,"menu_order":0,"comment_status":"closed","ping_status":"closed","template":"","meta":{"_acf_changed":false,"inline_featured_image":false,"_exactmetrics_skip_tracking":false,"_exactmetrics_sitenote_active":false,"_exactmetrics_sitenote_note":"","_exactmetrics_sitenote_category":0,"footnotes":""},"class_list":["post-2956","page","type-page","status-publish","hentry"],"acf":[],"publishpress_future_action":{"enabled":false,"date":"2026-04-18 12:23:27","action":"change-status","newStatus":"draft","terms":[],"taxonomy":"","extraData":[]},"publishpress_future_workflow_manual_trigger":{"enabledWorkflows":[]},"_links":{"self":[{"href":"https:\/\/www.save.chasseurducentrevaldeloire.fr\/fdc37\/wp-json\/wp\/v2\/pages\/2956","targetHints":{"allow":["GET"]}}],"collection":[{"href":"https:\/\/www.save.chasseurducentrevaldeloire.fr\/fdc37\/wp-json\/wp\/v2\/pages"}],"about":[{"href":"https:\/\/www.save.chasseurducentrevaldeloire.fr\/fdc37\/wp-json\/wp\/v2\/types\/page"}],"author":[{"embeddable":true,"href":"https:\/\/www.save.chasseurducentrevaldeloire.fr\/fdc37\/wp-json\/wp\/v2\/users\/2"}],"replies":[{"embeddable":true,"href":"https:\/\/www.save.chasseurducentrevaldeloire.fr\/fdc37\/wp-json\/wp\/v2\/comments?post=2956"}],"version-history":[{"count":34,"href":"https:\/\/www.save.chasseurducentrevaldeloire.fr\/fdc37\/wp-json\/wp\/v2\/pages\/2956\/revisions"}],"predecessor-version":[{"id":5323,"href":"https:\/\/www.save.chasseurducentrevaldeloire.fr\/fdc37\/wp-json\/wp\/v2\/pages\/2956\/revisions\/5323"}],"wp:attachment":[{"href":"https:\/\/www.save.chasseurducentrevaldeloire.fr\/fdc37\/wp-json\/wp\/v2\/media?parent=2956"}],"curies":[{"name":"wp","href":"https:\/\/api.w.org\/{rel}","templated":true}]}}