{"id":2945,"date":"2018-05-22T10:47:13","date_gmt":"2018-05-22T08:47:13","guid":{"rendered":"http:\/\/www.chasseurducentrevaldeloire.fr\/fdc37\/?page_id=2945"},"modified":"2022-06-28T15:09:32","modified_gmt":"2022-06-28T13:09:32","slug":"nuit-du-lievre","status":"publish","type":"page","link":"https:\/\/www.save.chasseurducentrevaldeloire.fr\/fdc37\/nuit-du-lievre\/","title":{"rendered":"Nuit du li\u00e8vre"},"content":{"rendered":"<p>[vc_row][vc_column][vc_column_text]<img loading=\"lazy\" decoding=\"async\" class=\"alignnone size-medium wp-image-3487 aligncenter\" src=\"https:\/\/www.chasseurducentrevaldeloire.fr\/fdc37\/wp-content\/uploads\/sites\/7\/2019\/01\/nuitdulievre-300x181.jpg\" alt=\"\" width=\"300\" height=\"181\" srcset=\"https:\/\/www.save.chasseurducentrevaldeloire.fr\/fdc37\/wp-content\/uploads\/sites\/7\/2019\/01\/nuitdulievre-300x181.jpg 300w, https:\/\/www.save.chasseurducentrevaldeloire.fr\/fdc37\/wp-content\/uploads\/sites\/7\/2019\/01\/nuitdulievre-768x464.jpg 768w, https:\/\/www.save.chasseurducentrevaldeloire.fr\/fdc37\/wp-content\/uploads\/sites\/7\/2019\/01\/nuitdulievre-1024x619.jpg 1024w, https:\/\/www.save.chasseurducentrevaldeloire.fr\/fdc37\/wp-content\/uploads\/sites\/7\/2019\/01\/nuitdulievre.jpg 1299w\" sizes=\"auto, (max-width: 300px) 100vw, 300px\" \/><\/p>\n<p>&nbsp;<\/p>\n<p>&nbsp;<\/p>\n<p style=\"text-align: center\"><strong>Originale et insolite, voici une soir\u00e9e organis\u00e9e pour vous.<\/strong><\/p>\n<p>&nbsp;<\/p>\n<p>Toujours tr\u00e8s spectaculaires, les comptages de gibiers sont effectu\u00e9s chaque ann\u00e9e exclusivement par les techniciens de la F\u00e9d\u00e9ration des Chasseurs. Exceptionnellement cette ann\u00e9e, une soir\u00e9e est organis\u00e9e pour vous, gratuitement.<\/p>\n<p>&nbsp;<\/p>\n<p>Confortablement install\u00e9 \u00e0 bord d\u2019un car, vous aurez la chance d\u2019observer pendant 1 heure et demie la faune sauvage Tourangelle sous un angle totalement insolite car ce comptage vous est propos\u00e9 de NUIT.<\/p>\n<p>&nbsp;<\/p>\n<p>&nbsp;<\/p>\n<p><b>Lieu : \u00a0\u00a0\u00a0\u00a0\u00a0\u00a0\u00a0\u00a0\u00a0\u00a0\u00a0\u00a0\u00a0\u00a0<\/b><b>\u00a0\u00a0\u00a0 <\/b><b>Rendez-vous fix\u00e9 au 9, Impasse Heurteloup, 37000 TOURS<\/b><\/p>\n<p>&nbsp;<\/p>\n<p><b>Horaires : \u00a0\u00a0\u00a0\u00a0\u00a0\u00a0<\/b><b>\u00a0\u00a0\u00a0 <\/b><b>19h45 (retour vers 22h00)<\/b><\/p>\n<p>&nbsp;<\/p>\n<p>Alors n\u2019h\u00e9sitez plus\u2026<\/p>\n<p>&nbsp;<\/p>\n<p>[\/vc_column_text][vc_empty_space height=\u00a0\u00bb64px\u00a0\u00bb][vc_row_inner][vc_column_inner width=\u00a0\u00bb1\/2&Prime;][vc_single_image image=\u00a0\u00bb2948&Prime; img_size=\u00a0\u00bbfull\u00a0\u00bb alignment=\u00a0\u00bbright\u00a0\u00bb][\/vc_column_inner][vc_column_inner width=\u00a0\u00bb1\/2&Prime;][vc_single_image image=\u00a0\u00bb2949&Prime; img_size=\u00a0\u00bbfull\u00a0\u00bb][\/vc_column_inner][\/vc_row_inner][\/vc_column][\/vc_row]<\/p>\n","protected":false},"excerpt":{"rendered":"<p>[vc_row][vc_column][vc_column_text] &nbsp; &nbsp; Originale et insolite, voici une soir\u00e9e organis\u00e9e pour vous. &nbsp; Toujours tr\u00e8s spectaculaires, les comptages de gibiers sont effectu\u00e9s chaque ann\u00e9e exclusivement par les techniciens de la F\u00e9d\u00e9ration des Chasseurs. Exceptionnellement cette ann\u00e9e, une soir\u00e9e est organis\u00e9e pour vous, gratuitement. &nbsp; Confortablement&#8230;<\/p>\n","protected":false},"author":2,"featured_media":0,"parent":0,"menu_order":0,"comment_status":"closed","ping_status":"closed","template":"","meta":{"_acf_changed":false,"inline_featured_image":false,"_exactmetrics_skip_tracking":false,"_exactmetrics_sitenote_active":false,"_exactmetrics_sitenote_note":"","_exactmetrics_sitenote_category":0,"footnotes":""},"class_list":["post-2945","page","type-page","status-publish","hentry"],"acf":[],"publishpress_future_action":{"enabled":false,"date":"2026-04-15 03:24:36","action":"change-status","newStatus":"draft","terms":[],"taxonomy":"","extraData":[]},"publishpress_future_workflow_manual_trigger":{"enabledWorkflows":[]},"_links":{"self":[{"href":"https:\/\/www.save.chasseurducentrevaldeloire.fr\/fdc37\/wp-json\/wp\/v2\/pages\/2945","targetHints":{"allow":["GET"]}}],"collection":[{"href":"https:\/\/www.save.chasseurducentrevaldeloire.fr\/fdc37\/wp-json\/wp\/v2\/pages"}],"about":[{"href":"https:\/\/www.save.chasseurducentrevaldeloire.fr\/fdc37\/wp-json\/wp\/v2\/types\/page"}],"author":[{"embeddable":true,"href":"https:\/\/www.save.chasseurducentrevaldeloire.fr\/fdc37\/wp-json\/wp\/v2\/users\/2"}],"replies":[{"embeddable":true,"href":"https:\/\/www.save.chasseurducentrevaldeloire.fr\/fdc37\/wp-json\/wp\/v2\/comments?post=2945"}],"version-history":[{"count":9,"href":"https:\/\/www.save.chasseurducentrevaldeloire.fr\/fdc37\/wp-json\/wp\/v2\/pages\/2945\/revisions"}],"predecessor-version":[{"id":4565,"href":"https:\/\/www.save.chasseurducentrevaldeloire.fr\/fdc37\/wp-json\/wp\/v2\/pages\/2945\/revisions\/4565"}],"wp:attachment":[{"href":"https:\/\/www.save.chasseurducentrevaldeloire.fr\/fdc37\/wp-json\/wp\/v2\/media?parent=2945"}],"curies":[{"name":"wp","href":"https:\/\/api.w.org\/{rel}","templated":true}]}}