{"id":2924,"date":"2018-05-22T10:26:05","date_gmt":"2018-05-22T08:26:05","guid":{"rendered":"http:\/\/www.chasseurducentrevaldeloire.fr\/fdc37\/?page_id=2924"},"modified":"2022-06-28T14:45:06","modified_gmt":"2022-06-28T12:45:06","slug":"fete-de-la-nature","status":"publish","type":"page","link":"https:\/\/www.save.chasseurducentrevaldeloire.fr\/fdc37\/fete-de-la-nature\/","title":{"rendered":"F\u00eate de la nature"},"content":{"rendered":"<p>[vc_row][vc_column][vc_column_text]<\/p>\n<h2 style=\"text-align: center\"><strong>F\u00eate de la Nature, Ch\u00e2teau de Cand\u00e9 (37260 Monts)<\/strong><\/h2>\n<p>&nbsp;<\/p>\n<p>&nbsp;<\/p>\n<p><img loading=\"lazy\" decoding=\"async\" class=\"size-medium wp-image-3665 aligncenter\" src=\"https:\/\/www.chasseurducentrevaldeloire.fr\/fdc37\/wp-content\/uploads\/sites\/7\/2019\/02\/FeteNature-217x300.jpg\" alt=\"\" width=\"217\" height=\"300\" srcset=\"https:\/\/www.save.chasseurducentrevaldeloire.fr\/fdc37\/wp-content\/uploads\/sites\/7\/2019\/02\/FeteNature-217x300.jpg 217w, https:\/\/www.save.chasseurducentrevaldeloire.fr\/fdc37\/wp-content\/uploads\/sites\/7\/2019\/02\/FeteNature.jpg 470w\" sizes=\"auto, (max-width: 217px) 100vw, 217px\" \/><\/p>\n<p>&nbsp;<\/p>\n<p>&nbsp;<\/p>\n<p>La F\u00e9d\u00e9ration D\u00e9partementale de Chasseurs d\u2019Indre et Loire, organise pour la troisi\u00e8me ann\u00e9e cons\u00e9cutive, le 9 septembre prochain, sa \u00ab F\u00eate de la Nature \u00bb dans le magnifique parc du ch\u00e2teau de Cand\u00e9 (37, Monts) propri\u00e9t\u00e9 du Conseil D\u00e9partemental.<\/p>\n<p>&nbsp;<\/p>\n<p>Cette nouvelle \u00e9dition rassemblera \u00e0 nouveau un \u00e9ventail d\u2019activit\u00e9s.<\/p>\n<p>&nbsp;<\/p>\n<p>&#8211; Toutes les associations cyn\u00e9g\u00e9tiques du d\u00e9partement sont repr\u00e9sent\u00e9es (50 stands) et organisent des animations, notamment : d\u00e9monstrations de chasse au vol, pr\u00e9sentation de meutes, concours de trompes, d\u00e9monstrations de chiens d\u2019arr\u00eat et concours amateurs, d\u00e9monstrations culinaires de recettes \u00e0 base de gibier et d\u00e9gustation de vins, reprise \u00e9questre, Ball Trap, Expo photo\u2026<\/p>\n<p>&nbsp;<\/p>\n<p>&#8211; Les associations halieutiques vous pr\u00e9senteront de nombreuses animations autour des diff\u00e9rentes techniques de p\u00eache\u2026<\/p>\n<p>&#8211; Les randonn\u00e9es p\u00e9destres (deux parcours de 15 et 7.5KM), la d\u00e9couverte et l\u2019initiation \u00e0 la marche nordique, la course d\u2019orientation et l\u2019Agility vont venir compl\u00e9ter ces animations.<\/p>\n<p>&nbsp;<\/p>\n<p>&#8211; messe de Saint Hubert.<\/p>\n<p>&#8211; Restauration sur place<\/p>\n<p>&#8211; Entr\u00e9e gratuite<\/p>\n<p>&nbsp;<\/p>\n<p>plus d\u2019infos: <span style=\"color: #a04695\"><strong><a style=\"color: #a04695\" href=\"https:\/\/www.facebook.com\/events\/1814254285278950\/\">https:\/\/www.facebook.com\/events\/1814254285278950\/<\/a><\/strong><\/span>[\/vc_column_text][vc_empty_space][\/vc_column][\/vc_row][vc_row][vc_column][vc_empty_space][vc_gallery type=\u00a0\u00bbimage_grid\u00a0\u00bb images=\u00a0\u00bb2926,2927,2928,2929,2930,2931,2932,2933&Prime; img_size=\u00a0\u00bbmedium\u00a0\u00bb][\/vc_column][\/vc_row]<\/p>\n","protected":false},"excerpt":{"rendered":"<p>[vc_row][vc_column][vc_column_text] F\u00eate de la Nature, Ch\u00e2teau de Cand\u00e9 (37260 Monts) &nbsp; &nbsp; &nbsp; &nbsp; La F\u00e9d\u00e9ration D\u00e9partementale de Chasseurs d\u2019Indre et Loire, organise pour la troisi\u00e8me ann\u00e9e cons\u00e9cutive, le 9 septembre prochain, sa \u00ab F\u00eate de la Nature \u00bb dans le magnifique parc du ch\u00e2teau&#8230;<\/p>\n","protected":false},"author":2,"featured_media":0,"parent":0,"menu_order":0,"comment_status":"closed","ping_status":"closed","template":"","meta":{"_acf_changed":false,"inline_featured_image":false,"_exactmetrics_skip_tracking":false,"_exactmetrics_sitenote_active":false,"_exactmetrics_sitenote_note":"","_exactmetrics_sitenote_category":0,"footnotes":""},"class_list":["post-2924","page","type-page","status-publish","hentry"],"acf":[],"publishpress_future_action":{"enabled":false,"date":"2026-04-18 12:17:26","action":"change-status","newStatus":"draft","terms":[],"taxonomy":"","extraData":[]},"publishpress_future_workflow_manual_trigger":{"enabledWorkflows":[]},"_links":{"self":[{"href":"https:\/\/www.save.chasseurducentrevaldeloire.fr\/fdc37\/wp-json\/wp\/v2\/pages\/2924","targetHints":{"allow":["GET"]}}],"collection":[{"href":"https:\/\/www.save.chasseurducentrevaldeloire.fr\/fdc37\/wp-json\/wp\/v2\/pages"}],"about":[{"href":"https:\/\/www.save.chasseurducentrevaldeloire.fr\/fdc37\/wp-json\/wp\/v2\/types\/page"}],"author":[{"embeddable":true,"href":"https:\/\/www.save.chasseurducentrevaldeloire.fr\/fdc37\/wp-json\/wp\/v2\/users\/2"}],"replies":[{"embeddable":true,"href":"https:\/\/www.save.chasseurducentrevaldeloire.fr\/fdc37\/wp-json\/wp\/v2\/comments?post=2924"}],"version-history":[{"count":10,"href":"https:\/\/www.save.chasseurducentrevaldeloire.fr\/fdc37\/wp-json\/wp\/v2\/pages\/2924\/revisions"}],"predecessor-version":[{"id":4554,"href":"https:\/\/www.save.chasseurducentrevaldeloire.fr\/fdc37\/wp-json\/wp\/v2\/pages\/2924\/revisions\/4554"}],"wp:attachment":[{"href":"https:\/\/www.save.chasseurducentrevaldeloire.fr\/fdc37\/wp-json\/wp\/v2\/media?parent=2924"}],"curies":[{"name":"wp","href":"https:\/\/api.w.org\/{rel}","templated":true}]}}