{"id":2905,"date":"2018-05-22T09:52:21","date_gmt":"2018-05-22T07:52:21","guid":{"rendered":"http:\/\/www.chasseurducentrevaldeloire.fr\/fdc37\/?page_id=2905"},"modified":"2019-02-04T08:34:09","modified_gmt":"2019-02-04T07:34:09","slug":"autres-sorties","status":"publish","type":"page","link":"https:\/\/www.save.chasseurducentrevaldeloire.fr\/fdc37\/autres-sorties\/","title":{"rendered":"Autres sorties"},"content":{"rendered":"<p>[vc_row][vc_column width=\u00a0\u00bb2\/3&Prime;][vc_column_text]<\/p>\n<h2 style=\"text-align: center\"><strong>FERME EXPO TOURS<\/strong><\/h2>\n<p>&nbsp;<\/p>\n<p>&nbsp;<\/p>\n<p>Les 16, 17 et 18 Novembre prochains se d\u00e9roulera \u00e0 Tours (Indre et Loire) le Salon Ferme Expo. A cette occasion la F\u00e9d\u00e9ration des Chasseurs d\u2019Indre et Loire y tiendra un stand compos\u00e9 de plusieurs ateliers ouverts \u00e0 tous. Outre le simulateur de chasse, ou la reconnaissance du pelage, l\u2019atelier \u00ab empreintes \u00bb et celui de la reconnaissance des essences foresti\u00e8re seront l\u00e0 pour innover. Il a permettra \u00e0 plus de 600 enfants de reproduire une empreinte d\u2019une esp\u00e8ce sauvage, et de la ramener \u00e0 la maison en souvenir de leur passage au stand des chasseurs.<\/p>\n<p>[\/vc_column_text][vc_empty_space][vc_single_image image=\u00a0\u00bb2911&Prime; img_size=\u00a0\u00bbfull\u00a0\u00bb alignment=\u00a0\u00bbcenter\u00a0\u00bb][vc_empty_space][vc_single_image image=\u00a0\u00bb2912&Prime; img_size=\u00a0\u00bbfull\u00a0\u00bb alignment=\u00a0\u00bbcenter\u00a0\u00bb][\/vc_column][vc_column css_animation=\u00a0\u00bbfadeInRight\u00a0\u00bb width=\u00a0\u00bb1\/3&Prime;][vc_single_image image=\u00a0\u00bb2909&Prime; img_size=\u00a0\u00bbfull\u00a0\u00bb][vc_single_image image=\u00a0\u00bb2908&Prime; img_size=\u00a0\u00bbfull\u00a0\u00bb style=\u00a0\u00bbvc_box_shadow_border\u00a0\u00bb el_class=\u00a0\u00bbmirrorImg\u00a0\u00bb][\/vc_column][\/vc_row][vc_row][vc_column][vc_empty_space height=\u00a0\u00bb64px\u00a0\u00bb][\/vc_column][\/vc_row][vc_row][vc_column][vc_column_text]<\/p>\n<h2 style=\"text-align: center\"><strong>F\u00caTE DE LA MUSIQUE<\/strong><\/h2>\n<p>&nbsp;<\/p>\n<p>&nbsp;<\/p>\n<p>Pour les sonneurs de Trompes du d\u00e9partement, la \u00ab F\u00eate de la musique \u00bb du 21 Juin \u00e0 Tours est devenu un rendez-vous traditionnel. Monsieur le pr\u00e9fet ouvre ses jardins priv\u00e9s, pour un concert public ; ensuite crochet vers les jardins du \u00ab Grand Commandement \u00bb pour une nouvelle prestation ; enfin retour \u00e0 la pr\u00e9fecture pour un casse-cro\u00fbte convivial.<\/p>\n<p>&nbsp;<\/p>\n<p>&nbsp;<\/p>\n<p><img loading=\"lazy\" decoding=\"async\" class=\"alignnone size-medium wp-image-3669 aligncenter\" src=\"https:\/\/www.chasseurducentrevaldeloire.fr\/fdc37\/wp-content\/uploads\/sites\/7\/2019\/02\/FeteMusique-300x226.jpg\" alt=\"\" width=\"300\" height=\"226\" srcset=\"https:\/\/www.save.chasseurducentrevaldeloire.fr\/fdc37\/wp-content\/uploads\/sites\/7\/2019\/02\/FeteMusique-300x226.jpg 300w, https:\/\/www.save.chasseurducentrevaldeloire.fr\/fdc37\/wp-content\/uploads\/sites\/7\/2019\/02\/FeteMusique.jpg 396w\" sizes=\"auto, (max-width: 300px) 100vw, 300px\" \/>[\/vc_column_text][\/vc_column][\/vc_row]<\/p>\n","protected":false},"excerpt":{"rendered":"<p>[vc_row][vc_column width=\u00a0\u00bb2\/3&Prime;][vc_column_text] FERME EXPO TOURS &nbsp; &nbsp; Les 16, 17 et 18 Novembre prochains se d\u00e9roulera \u00e0 Tours (Indre et Loire) le Salon Ferme Expo. A cette occasion la F\u00e9d\u00e9ration des Chasseurs d\u2019Indre et Loire y tiendra un stand compos\u00e9 de plusieurs ateliers ouverts \u00e0&#8230;<\/p>\n","protected":false},"author":2,"featured_media":0,"parent":0,"menu_order":0,"comment_status":"closed","ping_status":"closed","template":"","meta":{"_acf_changed":false,"inline_featured_image":false,"_exactmetrics_skip_tracking":false,"_exactmetrics_sitenote_active":false,"_exactmetrics_sitenote_note":"","_exactmetrics_sitenote_category":0,"footnotes":""},"class_list":["post-2905","page","type-page","status-publish","hentry"],"acf":[],"publishpress_future_action":{"enabled":false,"date":"2026-04-18 12:23:23","action":"change-status","newStatus":"draft","terms":[],"taxonomy":"","extraData":[]},"publishpress_future_workflow_manual_trigger":{"enabledWorkflows":[]},"_links":{"self":[{"href":"https:\/\/www.save.chasseurducentrevaldeloire.fr\/fdc37\/wp-json\/wp\/v2\/pages\/2905","targetHints":{"allow":["GET"]}}],"collection":[{"href":"https:\/\/www.save.chasseurducentrevaldeloire.fr\/fdc37\/wp-json\/wp\/v2\/pages"}],"about":[{"href":"https:\/\/www.save.chasseurducentrevaldeloire.fr\/fdc37\/wp-json\/wp\/v2\/types\/page"}],"author":[{"embeddable":true,"href":"https:\/\/www.save.chasseurducentrevaldeloire.fr\/fdc37\/wp-json\/wp\/v2\/users\/2"}],"replies":[{"embeddable":true,"href":"https:\/\/www.save.chasseurducentrevaldeloire.fr\/fdc37\/wp-json\/wp\/v2\/comments?post=2905"}],"version-history":[{"count":12,"href":"https:\/\/www.save.chasseurducentrevaldeloire.fr\/fdc37\/wp-json\/wp\/v2\/pages\/2905\/revisions"}],"predecessor-version":[{"id":3672,"href":"https:\/\/www.save.chasseurducentrevaldeloire.fr\/fdc37\/wp-json\/wp\/v2\/pages\/2905\/revisions\/3672"}],"wp:attachment":[{"href":"https:\/\/www.save.chasseurducentrevaldeloire.fr\/fdc37\/wp-json\/wp\/v2\/media?parent=2905"}],"curies":[{"name":"wp","href":"https:\/\/api.w.org\/{rel}","templated":true}]}}