{"id":2893,"date":"2018-05-22T09:31:42","date_gmt":"2018-05-22T07:31:42","guid":{"rendered":"http:\/\/www.chasseurducentrevaldeloire.fr\/fdc37\/?page_id=2893"},"modified":"2022-06-28T14:35:20","modified_gmt":"2022-06-28T12:35:20","slug":"animations-scolaires","status":"publish","type":"page","link":"https:\/\/www.save.chasseurducentrevaldeloire.fr\/fdc37\/animations-scolaires\/","title":{"rendered":"Animations scolaires"},"content":{"rendered":"<p>[vc_row][vc_column][vc_column_text]<b><u>En milieu scolaire :<\/u><\/b><\/p>\n<p>&nbsp;<\/p>\n<p>La F\u00e9d\u00e9ration des chasseurs d\u2019Indre et Loire propose aux \u00e9coles du d\u00e9partement des animations ponctuelles. Le r\u00e9f\u00e9rentiel de ces animations fixe les th\u00e9matiques abord\u00e9es. Toutefois il est possible selon le contexte de mettre en place une animation portant sur une th\u00e9matique non r\u00e9f\u00e9renc\u00e9e.<\/p>\n<p>&nbsp;<\/p>\n<p>Pour toutes informations compl\u00e9mentaires, merci d\u2019envoyer vos demandes par mail: <span style=\"color: #a04695\"><strong><a style=\"color: #a04695\" href=\"mailto:fdc37@chasseurdefrance.com\">fdc37@chasseurdefrance.com<\/a><\/strong><\/span><\/p>\n<p>&nbsp;<\/p>\n<p><img loading=\"lazy\" decoding=\"async\" class=\"wp-image-3656 aligncenter\" src=\"https:\/\/www.chasseurducentrevaldeloire.fr\/fdc37\/wp-content\/uploads\/sites\/7\/2019\/02\/referentielint-300x212.jpg\" alt=\"\" width=\"865\" height=\"611\" srcset=\"https:\/\/www.save.chasseurducentrevaldeloire.fr\/fdc37\/wp-content\/uploads\/sites\/7\/2019\/02\/referentielint-300x212.jpg 300w, https:\/\/www.save.chasseurducentrevaldeloire.fr\/fdc37\/wp-content\/uploads\/sites\/7\/2019\/02\/referentielint-1024x725.jpg 1024w\" sizes=\"auto, (max-width: 865px) 100vw, 865px\" \/><\/p>\n<p>&nbsp;<\/p>\n<p>&nbsp;<\/p>\n<p><b><u>En milieu extra-scolaire :<\/u><\/b><\/p>\n<p>&nbsp;<\/p>\n<h2><b>CLUB NATURE JUNIOR<\/b><\/h2>\n<p>&nbsp;<\/p>\n<h1>Qu\u2019est-ce qu\u2019un Club Nature Junior ?<\/h1>\n<p>&nbsp;<\/p>\n<p>Les jeunes s\u2019\u00e9loignant de plus en plus de la nature, \u00a0la F\u00e9d\u00e9ration des Chasseurs d\u2019Indre-et-Loire travaille \u00e0 la mise en place d\u2019un projet \u00ab les Clubs Nature Juniors \u00bb : proposer \u00e0 un groupe d\u2019enfants de d\u00e9couvrir ou red\u00e9couvrir les tr\u00e9sors de l\u2019environnement avec les chasseurs.<\/p>\n<p>&nbsp;<\/p>\n<p>Les objectifs \u00e0 travers ces Clubs Nature Juniors sont :<\/p>\n<p>&nbsp;<\/p>\n<p>D\u2019une part \u00a0de faire connaitre et utiliser la nature sous tous ses aspects gr\u00e2ce \u00e0 des activit\u00e9s ludiques et des ateliers pratiques (fabrication d\u2019objets, jeux en pleine nature, d\u00e9couverte, identification, manipulation d\u2019esp\u00e8ces animales, \u2026).<\/p>\n<p>&nbsp;<\/p>\n<p>D\u2019autre part, de pr\u00e9senter l\u2019int\u00e9r\u00eat de la chasse pour le maintien de la biodiversit\u00e9 et l\u2019\u00e9quilibre de la nature.<\/p>\n<p>&nbsp;<\/p>\n<p>Ces clubs nature seraient le fruit de la volont\u00e9 des chasseurs de transmettre leurs connaissances. Ils contribueraient \u00e0 l\u2019\u00e9veil environnemental des enfants.<\/p>\n<p>&nbsp;<\/p>\n<h2>1. \u00a0\u00a0\u00a0\u00a0Propos\u00e9 par qui ?<\/h2>\n<p>&nbsp;<\/p>\n<p>La F\u00e9d\u00e9ration des chasseurs d\u2019Indre-et-Loire, soucieuse de l\u2019\u00e9ducation des g\u00e9n\u00e9rations futures, aimerait apporter sa contribution en mati\u00e8re d\u2019\u00e9ducation \u00e0 l\u2019environnement. Ces clubs nature juniors sont les outils qui permettraient de d\u00e9velopper les relations entre le monde de la chasse, les enfants et leurs parents, et l\u2019\u00e9ducation nationale.<\/p>\n<p>&nbsp;<\/p>\n<h2>2. \u00a0\u00a0Pour qui ?<\/h2>\n<p>&nbsp;<\/p>\n<p>Ces activit\u00e9s seraient propos\u00e9es \u00e0 des enfants de 8 \u00e0 11 ans (CM1 et CM2) issus des \u00e9coles du ou des territoire(s) partenaire(s) de ce projet. Un Club Nature Junior serait \u00a0compos\u00e9 d\u2019un groupe de 15 \u00e0 20 enfants pr\u00e9alablement inform\u00e9s par le biais de l\u2019\u00e9tablissement scolaire dont ils sont issus (flyers, interventions dans les classes, sensibilisation des enseignants, \u2026).<\/p>\n<p>&nbsp;<\/p>\n<h2>3. \u00a0\u00a0Sur quelle p\u00e9riode ?<\/h2>\n<p>&nbsp;<\/p>\n<p>Ces clubs seraient propos\u00e9s aux enfants les deux premiers jours de chaque vacance scolaire. Il est important de souligner que ces clubs ne sont pas associ\u00e9s \u00e0 la scolarit\u00e9 de l\u2019enfant. Etant dispens\u00e9 par les chasseurs eux m\u00eame, les journ\u00e9es d\u2019activit\u00e9s doivent donc \u00eatre propos\u00e9es pendant les vacances permettant de les apparenter \u00e0 des \u00ab centres a\u00e9r\u00e9s \u00bb.<\/p>\n<p>&nbsp;<\/p>\n<h2>4. \u00a0\u00a0A quel endroit ?<\/h2>\n<p>&nbsp;<\/p>\n<p>Il serait int\u00e9ressant d\u2019accueillir les enfants sur un territoire de chasse d\u2019une soci\u00e9t\u00e9 communale ou priv\u00e9e la plus diversifi\u00e9e possible. Diversifi\u00e9e dans son biotope : milieux vari\u00e9s (humide, bocager, forestier, \u2026) et diversifi\u00e9e dans sa composition faunistique et floristique.<\/p>\n<p>&nbsp;<\/p>\n<p>N\u00e9anmoins il est imp\u00e9ratif que cette derni\u00e8re soit \u00e9quip\u00e9e au minimum de structures ayant la capacit\u00e9 d\u2019accueillir des enfants, \u00e0 savoir : sanitaires et b\u00e2timent chauff\u00e9 (lieu d\u2019accueil en tous temps et en toutes saisons).<\/p>\n<p>&nbsp;<\/p>\n<h2>5. \u00a0\u00a0Avec quels moyens ?<\/h2>\n<p>&nbsp;<\/p>\n<p>Afin de d\u00e9velopper au maximum l\u2019\u00e9veil des enfants, les activit\u00e9s propos\u00e9es n\u00e9cessiteraient de temps en temps l\u2019utilisation de :<\/p>\n<p>&nbsp;<\/p>\n<p>mat\u00e9riaux permettant la confection d\u2019objets pour chaque enfants (exemple : nichoir, arc, \u2026) dont ils participeraient \u00e0 la fabrication, et qu\u2019ils remm\u00e8neraient chez eux.<\/p>\n<p>&nbsp;<\/p>\n<p>L\u2019achat de ces mat\u00e9riaux seraient \u00e0 la charge des organisateurs (FDC 37, Soci\u00e9t\u00e9 de chasse), ou pourraient g\u00e9n\u00e9rer une demande de participation de chaque enfant.<\/p>\n<p>&nbsp;<\/p>\n<p>mat\u00e9riel servant \u00e0 la confection d\u2019objets adapt\u00e9s pour l\u2019utilisation par des enfants (exemple : perceuse, scie, \u2026). Ces outils pourraient \u00eatre fournis par les organisateurs (FDC 37, Soci\u00e9t\u00e9 de chasse) apr\u00e8s v\u00e9rification de leur bon fonctionnement. L\u2019utilisation de ce mat\u00e9riel se ferait uniquement avec l\u2019encadrement d\u2019un adulte.<\/p>\n<p>&nbsp;<\/p>\n<p><img loading=\"lazy\" decoding=\"async\" class=\"wp-image-3657 aligncenter\" src=\"https:\/\/www.chasseurducentrevaldeloire.fr\/fdc37\/wp-content\/uploads\/sites\/7\/2019\/02\/clubNJ-300x225.jpg\" alt=\"\" width=\"565\" height=\"424\" srcset=\"https:\/\/www.save.chasseurducentrevaldeloire.fr\/fdc37\/wp-content\/uploads\/sites\/7\/2019\/02\/clubNJ-300x225.jpg 300w, https:\/\/www.save.chasseurducentrevaldeloire.fr\/fdc37\/wp-content\/uploads\/sites\/7\/2019\/02\/clubNJ-768x577.jpg 768w, https:\/\/www.save.chasseurducentrevaldeloire.fr\/fdc37\/wp-content\/uploads\/sites\/7\/2019\/02\/clubNJ-1024x769.jpg 1024w, https:\/\/www.save.chasseurducentrevaldeloire.fr\/fdc37\/wp-content\/uploads\/sites\/7\/2019\/02\/clubNJ-800x600.jpg 800w, https:\/\/www.save.chasseurducentrevaldeloire.fr\/fdc37\/wp-content\/uploads\/sites\/7\/2019\/02\/clubNJ.jpg 1185w\" sizes=\"auto, (max-width: 565px) 100vw, 565px\" \/><\/p>\n<p>&nbsp;<\/p>\n<p><img loading=\"lazy\" decoding=\"async\" class=\"wp-image-3658 aligncenter\" src=\"https:\/\/www.chasseurducentrevaldeloire.fr\/fdc37\/wp-content\/uploads\/sites\/7\/2019\/02\/clubNJ3-300x203.jpg\" alt=\"\" width=\"565\" height=\"383\" srcset=\"https:\/\/www.save.chasseurducentrevaldeloire.fr\/fdc37\/wp-content\/uploads\/sites\/7\/2019\/02\/clubNJ3-300x203.jpg 300w, https:\/\/www.save.chasseurducentrevaldeloire.fr\/fdc37\/wp-content\/uploads\/sites\/7\/2019\/02\/clubNJ3-768x519.jpg 768w, https:\/\/www.save.chasseurducentrevaldeloire.fr\/fdc37\/wp-content\/uploads\/sites\/7\/2019\/02\/clubNJ3-1024x692.jpg 1024w, https:\/\/www.save.chasseurducentrevaldeloire.fr\/fdc37\/wp-content\/uploads\/sites\/7\/2019\/02\/clubNJ3.jpg 1199w\" sizes=\"auto, (max-width: 565px) 100vw, 565px\" \/><\/p>\n<p>&nbsp;<\/p>\n<p>&nbsp;<\/p>\n<p><img loading=\"lazy\" decoding=\"async\" class=\"wp-image-3660 aligncenter\" src=\"https:\/\/www.chasseurducentrevaldeloire.fr\/fdc37\/wp-content\/uploads\/sites\/7\/2019\/02\/clubNJ2-300x202.jpg\" alt=\"\" width=\"566\" height=\"381\" srcset=\"https:\/\/www.save.chasseurducentrevaldeloire.fr\/fdc37\/wp-content\/uploads\/sites\/7\/2019\/02\/clubNJ2-300x202.jpg 300w, https:\/\/www.save.chasseurducentrevaldeloire.fr\/fdc37\/wp-content\/uploads\/sites\/7\/2019\/02\/clubNJ2-768x517.jpg 768w, https:\/\/www.save.chasseurducentrevaldeloire.fr\/fdc37\/wp-content\/uploads\/sites\/7\/2019\/02\/clubNJ2-1024x689.jpg 1024w, https:\/\/www.save.chasseurducentrevaldeloire.fr\/fdc37\/wp-content\/uploads\/sites\/7\/2019\/02\/clubNJ2.jpg 1182w\" sizes=\"auto, (max-width: 566px) 100vw, 566px\" \/>[\/vc_column_text][vc_single_image image=\u00a0\u00bb2896&Prime; img_size=\u00a0\u00bbfull\u00a0\u00bb style=\u00a0\u00bbvc_box_shadow_border\u00a0\u00bb el_class=\u00a0\u00bbmirrorImg\u00a0\u00bb][\/vc_column][\/vc_row]<\/p>\n","protected":false},"excerpt":{"rendered":"<p>[vc_row][vc_column][vc_column_text]En milieu scolaire : &nbsp; La F\u00e9d\u00e9ration des chasseurs d\u2019Indre et Loire propose aux \u00e9coles du d\u00e9partement des animations ponctuelles. Le r\u00e9f\u00e9rentiel de ces animations fixe les th\u00e9matiques abord\u00e9es. Toutefois il est possible selon le contexte de mettre en place une animation portant sur une&#8230;<\/p>\n","protected":false},"author":2,"featured_media":0,"parent":0,"menu_order":0,"comment_status":"closed","ping_status":"closed","template":"","meta":{"_acf_changed":false,"inline_featured_image":false,"_exactmetrics_skip_tracking":false,"_exactmetrics_sitenote_active":false,"_exactmetrics_sitenote_note":"","_exactmetrics_sitenote_category":0,"footnotes":""},"class_list":["post-2893","page","type-page","status-publish","hentry"],"acf":[],"publishpress_future_action":{"enabled":false,"date":"2026-04-18 12:23:32","action":"change-status","newStatus":"draft","terms":[],"taxonomy":"","extraData":[]},"publishpress_future_workflow_manual_trigger":{"enabledWorkflows":[]},"_links":{"self":[{"href":"https:\/\/www.save.chasseurducentrevaldeloire.fr\/fdc37\/wp-json\/wp\/v2\/pages\/2893","targetHints":{"allow":["GET"]}}],"collection":[{"href":"https:\/\/www.save.chasseurducentrevaldeloire.fr\/fdc37\/wp-json\/wp\/v2\/pages"}],"about":[{"href":"https:\/\/www.save.chasseurducentrevaldeloire.fr\/fdc37\/wp-json\/wp\/v2\/types\/page"}],"author":[{"embeddable":true,"href":"https:\/\/www.save.chasseurducentrevaldeloire.fr\/fdc37\/wp-json\/wp\/v2\/users\/2"}],"replies":[{"embeddable":true,"href":"https:\/\/www.save.chasseurducentrevaldeloire.fr\/fdc37\/wp-json\/wp\/v2\/comments?post=2893"}],"version-history":[{"count":8,"href":"https:\/\/www.save.chasseurducentrevaldeloire.fr\/fdc37\/wp-json\/wp\/v2\/pages\/2893\/revisions"}],"predecessor-version":[{"id":4540,"href":"https:\/\/www.save.chasseurducentrevaldeloire.fr\/fdc37\/wp-json\/wp\/v2\/pages\/2893\/revisions\/4540"}],"wp:attachment":[{"href":"https:\/\/www.save.chasseurducentrevaldeloire.fr\/fdc37\/wp-json\/wp\/v2\/media?parent=2893"}],"curies":[{"name":"wp","href":"https:\/\/api.w.org\/{rel}","templated":true}]}}