{"id":4943,"date":"2022-02-17T09:09:38","date_gmt":"2022-02-17T08:09:38","guid":{"rendered":"https:\/\/www.chasseurducentrevaldeloire.fr\/fdc36\/?page_id=4943"},"modified":"2023-11-09T11:22:59","modified_gmt":"2023-11-09T10:22:59","slug":"le-sentier-pedagogique-du-domaine-du-plessis","status":"publish","type":"page","link":"https:\/\/www.save.chasseurducentrevaldeloire.fr\/fdc36\/le-sentier-pedagogique-du-domaine-du-plessis\/","title":{"rendered":"Le sentier p\u00e9dagogique du domaine du Plessis"},"content":{"rendered":"<p><img loading=\"lazy\" decoding=\"async\" class=\"size-medium wp-image-4944 alignleft\" src=\"https:\/\/www.chasseurducentrevaldeloire.fr\/fdc36\/wp-content\/uploads\/sites\/4\/2022\/02\/LogoPlessis-146x300.jpg\" alt=\"\" width=\"146\" height=\"300\" srcset=\"https:\/\/www.save.chasseurducentrevaldeloire.fr\/fdc36\/wp-content\/uploads\/sites\/4\/2022\/02\/LogoPlessis-146x300.jpg 146w, https:\/\/www.save.chasseurducentrevaldeloire.fr\/fdc36\/wp-content\/uploads\/sites\/4\/2022\/02\/LogoPlessis.jpg 466w\" sizes=\"auto, (max-width: 146px) 100vw, 146px\" \/>Le sentier p\u00e9dagogique du domaine du Plessis<\/p>\n<p>&nbsp;<\/p>\n<p>&nbsp;<\/p>\n<p>&nbsp;<\/p>\n<p>&nbsp;<\/p>\n<p>&nbsp;<\/p>\n<p>&nbsp;<\/p>\n<p>&nbsp;<\/p>\n<p>&nbsp;<\/p>\n<p class=\"Standard\" style=\"text-align: justify\">Depuis le d\u00e9but mai un sentier p\u00e9dagogique cr\u00e9\u00e9 au Domaine du Plessis \u00e0 Mign\u00e9 permet d\u2019accueillir les scolaires mais aussi le grand public. Tout au long de ses 1,4km de promenade nous esp\u00e9rons faire d\u00e9couvrir \u00e0 nos visiteurs la faune et \u00e0 la flore de la Brenne et plus g\u00e9n\u00e9ralement les enjeux li\u00e9s \u00e0 la biodiversit\u00e9.<\/p>\n<p><img loading=\"lazy\" decoding=\"async\" class=\"aligncenter wp-image-4945 size-full\" src=\"https:\/\/www.chasseurducentrevaldeloire.fr\/fdc36\/wp-content\/uploads\/sites\/4\/2022\/02\/Plessis1.jpg\" alt=\"\" width=\"986\" height=\"740\" srcset=\"https:\/\/www.save.chasseurducentrevaldeloire.fr\/fdc36\/wp-content\/uploads\/sites\/4\/2022\/02\/Plessis1.jpg 986w, https:\/\/www.save.chasseurducentrevaldeloire.fr\/fdc36\/wp-content\/uploads\/sites\/4\/2022\/02\/Plessis1-300x225.jpg 300w, https:\/\/www.save.chasseurducentrevaldeloire.fr\/fdc36\/wp-content\/uploads\/sites\/4\/2022\/02\/Plessis1-768x576.jpg 768w, https:\/\/www.save.chasseurducentrevaldeloire.fr\/fdc36\/wp-content\/uploads\/sites\/4\/2022\/02\/Plessis1-800x600.jpg 800w\" sizes=\"auto, (max-width: 986px) 100vw, 986px\" \/><\/p>\n<p>&nbsp;<\/p>\n<p class=\"Standard\" style=\"text-align: justify\">Ce sentier balis\u00e9, agr\u00e9ment\u00e9 de panneaux p\u00e9dagogiques et ludiques livre un panorama in\u00e9dit sur les esp\u00e8ces pr\u00e9sentes dans les nombreux types d\u2019habitats de notre r\u00e9gion comme le bocage, la plaine, les zones humides ou le milieu forestier. On y retrouve des informations incontournables sur l&rsquo;alimentation, la reproduction, le type d&rsquo;habitat fr\u00e9quent\u00e9 ou les menaces qui peuvent peser sur certaines de ces esp\u00e8ces. La biologie du cerf du sanglier ou du martin p\u00eacheur n&rsquo;auront ainsi plus de secrets pour vous\u2026<\/p>\n<p class=\"Standard\" style=\"text-align: justify\"><img loading=\"lazy\" decoding=\"async\" class=\"aligncenter wp-image-4946 size-full\" src=\"https:\/\/www.chasseurducentrevaldeloire.fr\/fdc36\/wp-content\/uploads\/sites\/4\/2022\/02\/Plessis2.jpg\" alt=\"\" width=\"1472\" height=\"1105\" srcset=\"https:\/\/www.save.chasseurducentrevaldeloire.fr\/fdc36\/wp-content\/uploads\/sites\/4\/2022\/02\/Plessis2.jpg 1472w, https:\/\/www.save.chasseurducentrevaldeloire.fr\/fdc36\/wp-content\/uploads\/sites\/4\/2022\/02\/Plessis2-300x225.jpg 300w, https:\/\/www.save.chasseurducentrevaldeloire.fr\/fdc36\/wp-content\/uploads\/sites\/4\/2022\/02\/Plessis2-1024x769.jpg 1024w, https:\/\/www.save.chasseurducentrevaldeloire.fr\/fdc36\/wp-content\/uploads\/sites\/4\/2022\/02\/Plessis2-768x577.jpg 768w, https:\/\/www.save.chasseurducentrevaldeloire.fr\/fdc36\/wp-content\/uploads\/sites\/4\/2022\/02\/Plessis2-800x600.jpg 800w\" sizes=\"auto, (max-width: 1472px) 100vw, 1472px\" \/><\/p>\n<p><img loading=\"lazy\" decoding=\"async\" class=\"aligncenter wp-image-4948 size-large\" src=\"https:\/\/www.chasseurducentrevaldeloire.fr\/fdc36\/wp-content\/uploads\/sites\/4\/2022\/02\/Plessis3-1024x769.jpg\" alt=\"\" width=\"1024\" height=\"769\" srcset=\"https:\/\/www.save.chasseurducentrevaldeloire.fr\/fdc36\/wp-content\/uploads\/sites\/4\/2022\/02\/Plessis3-1024x769.jpg 1024w, https:\/\/www.save.chasseurducentrevaldeloire.fr\/fdc36\/wp-content\/uploads\/sites\/4\/2022\/02\/Plessis3-300x225.jpg 300w, https:\/\/www.save.chasseurducentrevaldeloire.fr\/fdc36\/wp-content\/uploads\/sites\/4\/2022\/02\/Plessis3-768x577.jpg 768w, https:\/\/www.save.chasseurducentrevaldeloire.fr\/fdc36\/wp-content\/uploads\/sites\/4\/2022\/02\/Plessis3-800x600.jpg 800w, https:\/\/www.save.chasseurducentrevaldeloire.fr\/fdc36\/wp-content\/uploads\/sites\/4\/2022\/02\/Plessis3.jpg 1472w\" sizes=\"auto, (max-width: 1024px) 100vw, 1024px\" \/><\/p>\n<p>&nbsp;<\/p>\n<p class=\"Standard\" style=\"text-align: justify\">Une plateforme sp\u00e9cifique vou\u00e9e aux embl\u00e9matiques cistudes au sein de leur milieu naturel permet une observation discr\u00e8te, sans leur causer de nuisance. Deux autres observatoires \u00e0 vocation ornithologique sensibiliseront les visiteurs \u00e0 l\u2019identification des oiseaux d&rsquo;eau comme les anatid\u00e9s ou les ard\u00e9id\u00e9s dont de nombreuses esp\u00e8ces fr\u00e9quentent le site.<\/p>\n<p>&nbsp;<\/p>\n<p><img loading=\"lazy\" decoding=\"async\" class=\"aligncenter wp-image-4947 size-large\" src=\"https:\/\/www.chasseurducentrevaldeloire.fr\/fdc36\/wp-content\/uploads\/sites\/4\/2022\/02\/Plessis4-1024x769.jpg\" alt=\"\" width=\"1024\" height=\"769\" srcset=\"https:\/\/www.save.chasseurducentrevaldeloire.fr\/fdc36\/wp-content\/uploads\/sites\/4\/2022\/02\/Plessis4-1024x769.jpg 1024w, https:\/\/www.save.chasseurducentrevaldeloire.fr\/fdc36\/wp-content\/uploads\/sites\/4\/2022\/02\/Plessis4-300x225.jpg 300w, https:\/\/www.save.chasseurducentrevaldeloire.fr\/fdc36\/wp-content\/uploads\/sites\/4\/2022\/02\/Plessis4-768x577.jpg 768w, https:\/\/www.save.chasseurducentrevaldeloire.fr\/fdc36\/wp-content\/uploads\/sites\/4\/2022\/02\/Plessis4-800x600.jpg 800w, https:\/\/www.save.chasseurducentrevaldeloire.fr\/fdc36\/wp-content\/uploads\/sites\/4\/2022\/02\/Plessis4.jpg 1472w\" sizes=\"auto, (max-width: 1024px) 100vw, 1024px\" \/><\/p>\n<p>&nbsp;<\/p>\n<p>Cet espace se veut \u00e9vocateur d&rsquo;une nature sauvage encore bien pr\u00e9sente qu&rsquo;il convient de d\u00e9couvrir en ouvrant les yeux et les oreilles afin de mieux la pr\u00e9server, alors n&rsquo;h\u00e9sitez pas \u00e0 nous joindre pour le visiter.<\/p>\n<p>Le sentier a \u00e9t\u00e9 inaugur\u00e9 le 11 septembre 2019.<\/p>\n<p>&nbsp;<\/p>\n<p><img loading=\"lazy\" decoding=\"async\" class=\"aligncenter wp-image-4949 size-large\" src=\"https:\/\/www.chasseurducentrevaldeloire.fr\/fdc36\/wp-content\/uploads\/sites\/4\/2022\/02\/Plessis5-1024x769.jpg\" alt=\"\" width=\"1024\" height=\"769\" srcset=\"https:\/\/www.save.chasseurducentrevaldeloire.fr\/fdc36\/wp-content\/uploads\/sites\/4\/2022\/02\/Plessis5-1024x769.jpg 1024w, https:\/\/www.save.chasseurducentrevaldeloire.fr\/fdc36\/wp-content\/uploads\/sites\/4\/2022\/02\/Plessis5-300x225.jpg 300w, https:\/\/www.save.chasseurducentrevaldeloire.fr\/fdc36\/wp-content\/uploads\/sites\/4\/2022\/02\/Plessis5-768x577.jpg 768w, https:\/\/www.save.chasseurducentrevaldeloire.fr\/fdc36\/wp-content\/uploads\/sites\/4\/2022\/02\/Plessis5-800x600.jpg 800w, https:\/\/www.save.chasseurducentrevaldeloire.fr\/fdc36\/wp-content\/uploads\/sites\/4\/2022\/02\/Plessis5.jpg 1472w\" sizes=\"auto, (max-width: 1024px) 100vw, 1024px\" \/><\/p>\n<p>&nbsp;<\/p>\n<p class=\"Standard\" style=\"text-align: justify\">Pour toute information pour une visite grand public ou une animation scolaire contacter la F\u00e9d\u00e9ration des Chasseurs de l&rsquo;Indre au 02 54 22 15 98<\/p>\n<p>&nbsp;<\/p>\n<p><img loading=\"lazy\" decoding=\"async\" class=\"alignnone size-medium wp-image-6117\" src=\"https:\/\/www.chasseurducentrevaldeloire.fr\/fdc36\/wp-content\/uploads\/sites\/4\/2023\/11\/IMG_20230620_230751-225x300.jpg\" alt=\"\" width=\"225\" height=\"300\" srcset=\"https:\/\/www.save.chasseurducentrevaldeloire.fr\/fdc36\/wp-content\/uploads\/sites\/4\/2023\/11\/IMG_20230620_230751-225x300.jpg 225w, https:\/\/www.save.chasseurducentrevaldeloire.fr\/fdc36\/wp-content\/uploads\/sites\/4\/2023\/11\/IMG_20230620_230751-768x1024.jpg 768w, https:\/\/www.save.chasseurducentrevaldeloire.fr\/fdc36\/wp-content\/uploads\/sites\/4\/2023\/11\/IMG_20230620_230751-600x800.jpg 600w, https:\/\/www.save.chasseurducentrevaldeloire.fr\/fdc36\/wp-content\/uploads\/sites\/4\/2023\/11\/IMG_20230620_230751.jpg 810w\" sizes=\"auto, (max-width: 225px) 100vw, 225px\" \/><\/p>\n<p><img loading=\"lazy\" decoding=\"async\" class=\"size-medium wp-image-6118 alignright\" src=\"https:\/\/www.chasseurducentrevaldeloire.fr\/fdc36\/wp-content\/uploads\/sites\/4\/2023\/11\/IMG_20230620_230954-225x300.jpg\" alt=\"\" width=\"225\" height=\"300\" srcset=\"https:\/\/www.save.chasseurducentrevaldeloire.fr\/fdc36\/wp-content\/uploads\/sites\/4\/2023\/11\/IMG_20230620_230954-225x300.jpg 225w, https:\/\/www.save.chasseurducentrevaldeloire.fr\/fdc36\/wp-content\/uploads\/sites\/4\/2023\/11\/IMG_20230620_230954-768x1024.jpg 768w, https:\/\/www.save.chasseurducentrevaldeloire.fr\/fdc36\/wp-content\/uploads\/sites\/4\/2023\/11\/IMG_20230620_230954-600x800.jpg 600w, https:\/\/www.save.chasseurducentrevaldeloire.fr\/fdc36\/wp-content\/uploads\/sites\/4\/2023\/11\/IMG_20230620_230954.jpg 810w\" sizes=\"auto, (max-width: 225px) 100vw, 225px\" \/><\/p>\n","protected":false},"excerpt":{"rendered":"<p>Le sentier p\u00e9dagogique du domaine du Plessis &nbsp; &nbsp; &nbsp; &nbsp; &nbsp; &nbsp; &nbsp; &nbsp; Depuis le d\u00e9but mai un sentier p\u00e9dagogique cr\u00e9\u00e9 au Domaine du Plessis \u00e0 Mign\u00e9 permet d\u2019accueillir les scolaires mais aussi le grand public. Tout au long de ses 1,4km de&#8230;<\/p>\n","protected":false},"author":6,"featured_media":0,"parent":0,"menu_order":0,"comment_status":"closed","ping_status":"closed","template":"","meta":{"_acf_changed":false,"inline_featured_image":false,"_exactmetrics_skip_tracking":false,"_exactmetrics_sitenote_active":false,"_exactmetrics_sitenote_note":"","_exactmetrics_sitenote_category":0,"footnotes":""},"class_list":["post-4943","page","type-page","status-publish","hentry"],"acf":[],"publishpress_future_action":{"enabled":false,"date":"2026-04-18 12:24:32","action":"change-status","newStatus":"draft","terms":[],"taxonomy":"","extraData":[]},"publishpress_future_workflow_manual_trigger":{"enabledWorkflows":[]},"_links":{"self":[{"href":"https:\/\/www.save.chasseurducentrevaldeloire.fr\/fdc36\/wp-json\/wp\/v2\/pages\/4943","targetHints":{"allow":["GET"]}}],"collection":[{"href":"https:\/\/www.save.chasseurducentrevaldeloire.fr\/fdc36\/wp-json\/wp\/v2\/pages"}],"about":[{"href":"https:\/\/www.save.chasseurducentrevaldeloire.fr\/fdc36\/wp-json\/wp\/v2\/types\/page"}],"author":[{"embeddable":true,"href":"https:\/\/www.save.chasseurducentrevaldeloire.fr\/fdc36\/wp-json\/wp\/v2\/users\/6"}],"replies":[{"embeddable":true,"href":"https:\/\/www.save.chasseurducentrevaldeloire.fr\/fdc36\/wp-json\/wp\/v2\/comments?post=4943"}],"version-history":[{"count":3,"href":"https:\/\/www.save.chasseurducentrevaldeloire.fr\/fdc36\/wp-json\/wp\/v2\/pages\/4943\/revisions"}],"predecessor-version":[{"id":6119,"href":"https:\/\/www.save.chasseurducentrevaldeloire.fr\/fdc36\/wp-json\/wp\/v2\/pages\/4943\/revisions\/6119"}],"wp:attachment":[{"href":"https:\/\/www.save.chasseurducentrevaldeloire.fr\/fdc36\/wp-json\/wp\/v2\/media?parent=4943"}],"curies":[{"name":"wp","href":"https:\/\/api.w.org\/{rel}","templated":true}]}}