{"id":3670,"date":"2019-05-21T16:36:12","date_gmt":"2019-05-21T14:36:12","guid":{"rendered":"https:\/\/www.chasseurducentrevaldeloire.fr\/fdc36\/?page_id=3670"},"modified":"2025-08-18T16:28:25","modified_gmt":"2025-08-18T14:28:25","slug":"agrainage","status":"publish","type":"page","link":"https:\/\/www.save.chasseurducentrevaldeloire.fr\/fdc36\/agrainage\/","title":{"rendered":"Agrainage"},"content":{"rendered":"<p>Comme vous le savez le nouveau <strong>SDGC<\/strong> (<strong>S<\/strong>ch\u00e9ma <strong>D<\/strong>\u00e9partemental <strong>G<\/strong>estion <strong>C<\/strong>yn\u00e9g\u00e9tique) a \u00e9t\u00e9 sign\u00e9 par le pr\u00e9fet. Y figure notamment la r\u00e9introduction de l\u2019agrainage au ma\u00efs ce qui est une bonne chose.<\/p>\n<p>&nbsp;<\/p>\n<p>Cette autorisation a \u00e9t\u00e9 obtenue apr\u00e8s des n\u00e9gociations difficiles et parfois le rajout de contraintes pointilleuses et d\u2019importance in\u00e9gale.<\/p>\n<p>&nbsp;<\/p>\n<p>Ces contraintes sont d\u00e9taill\u00e9es dans la convention d\u2019agrainage annex\u00e9e.<\/p>\n<p>&nbsp;<\/p>\n<p>Pour l\u2019essentiel l\u2019agrainage doit \u00eatre <strong>dispers\u00e9<\/strong> pour occuper les animaux \u00e0 chercher longtemps, <strong>limit\u00e9<\/strong> en quantit\u00e9 [0.5Kgs \/1 HA Bois et Landes \/semaine] pour ne pas se transformer en nourrissage, effectu\u00e9 <strong>toute l\u2019ann\u00e9e<\/strong> et pas seulement en saison de chasse, et accompagn\u00e9 d\u2019une <strong>fr\u00e9quence de chasse minimale<\/strong> (en fonction de la superficie).<\/p>\n<p>&nbsp;<\/p>\n<p>Nous partageons avec vous la difficult\u00e9 d\u2019application de certaines mesures (jours fixes d\u2019agrainage) ou la difficult\u00e9 de compr\u00e9hension d\u2019autres (suspension de l\u2019agrainage du 15 janvier au 28 f\u00e9vrier) mais votre f\u00e9d\u00e9ration n\u2019a pas la main sur ces points qui ont fait l\u2019objet d\u2019un protocole d\u2019accord national sign\u00e9 le 1<sup>er <\/sup>mars 2023 par le ministre de l\u2019agriculture, la secr\u00e9taire d\u2019\u00e9tat charg\u00e9e de l\u2019\u00e9cologie et le pr\u00e9sident de la F\u00e9d\u00e9ration Nationale des Chasseurs et que nous sommes donc dans l\u2019obligation de respecter.<\/p>\n<p>&nbsp;<\/p>\n<p>C\u2019est \u00e0 ces conditions, aussi contraignantes soient elles, que le pr\u00e9fet de l\u2019Indre a valid\u00e9 le sch\u00e9ma.<\/p>\n<p>&nbsp;<\/p>\n<p>En saint Hubert<\/p>\n<p>&nbsp;<\/p>\n<p>Laurent Gandillot<\/p>\n<p>&nbsp;<\/p>\n<p>T\u00e9l\u00e9charger :<\/p>\n<ul>\n<li>la <a href=\"https:\/\/www.chasseurducentrevaldeloire.fr\/fdc36\/wp-content\/uploads\/sites\/4\/2025\/08\/CONVENTION-AGRAINAGE-2025-2026-VF.pdf\" target=\"_blank\" rel=\"noopener\"><strong><span style=\"color: #c1246d\">convention d&rsquo;agrainage<\/span><\/strong><\/a><\/li>\n<li>le <span style=\"color: #c1246d\"><strong><a style=\"color: #c1246d\" href=\"https:\/\/www.chasseurducentrevaldeloire.fr\/fdc36\/wp-content\/uploads\/sites\/4\/2025\/08\/MODALITES-AGRAINAGE-2025-2026.pdf\" target=\"_blank\" rel=\"noopener\">courrier d&rsquo;accompagnement<\/a><\/strong><\/span><\/li>\n<\/ul>\n","protected":false},"excerpt":{"rendered":"<p>Comme vous le savez le nouveau SDGC (Sch\u00e9ma D\u00e9partemental Gestion Cyn\u00e9g\u00e9tique) a \u00e9t\u00e9 sign\u00e9 par le pr\u00e9fet. Y figure notamment la r\u00e9introduction de l\u2019agrainage au ma\u00efs ce qui est une bonne chose. &nbsp; Cette autorisation a \u00e9t\u00e9 obtenue apr\u00e8s des n\u00e9gociations difficiles et parfois le&#8230;<\/p>\n","protected":false},"author":6,"featured_media":0,"parent":0,"menu_order":0,"comment_status":"closed","ping_status":"closed","template":"","meta":{"_acf_changed":false,"inline_featured_image":false,"_exactmetrics_skip_tracking":false,"_exactmetrics_sitenote_active":false,"_exactmetrics_sitenote_note":"","_exactmetrics_sitenote_category":0,"footnotes":""},"class_list":["post-3670","page","type-page","status-publish","hentry"],"acf":[],"publishpress_future_action":{"enabled":false,"date":"2026-04-18 12:16:37","action":"change-status","newStatus":"draft","terms":[],"taxonomy":"","extraData":[]},"publishpress_future_workflow_manual_trigger":{"enabledWorkflows":[]},"_links":{"self":[{"href":"https:\/\/www.save.chasseurducentrevaldeloire.fr\/fdc36\/wp-json\/wp\/v2\/pages\/3670","targetHints":{"allow":["GET"]}}],"collection":[{"href":"https:\/\/www.save.chasseurducentrevaldeloire.fr\/fdc36\/wp-json\/wp\/v2\/pages"}],"about":[{"href":"https:\/\/www.save.chasseurducentrevaldeloire.fr\/fdc36\/wp-json\/wp\/v2\/types\/page"}],"author":[{"embeddable":true,"href":"https:\/\/www.save.chasseurducentrevaldeloire.fr\/fdc36\/wp-json\/wp\/v2\/users\/6"}],"replies":[{"embeddable":true,"href":"https:\/\/www.save.chasseurducentrevaldeloire.fr\/fdc36\/wp-json\/wp\/v2\/comments?post=3670"}],"version-history":[{"count":9,"href":"https:\/\/www.save.chasseurducentrevaldeloire.fr\/fdc36\/wp-json\/wp\/v2\/pages\/3670\/revisions"}],"predecessor-version":[{"id":7567,"href":"https:\/\/www.save.chasseurducentrevaldeloire.fr\/fdc36\/wp-json\/wp\/v2\/pages\/3670\/revisions\/7567"}],"wp:attachment":[{"href":"https:\/\/www.save.chasseurducentrevaldeloire.fr\/fdc36\/wp-json\/wp\/v2\/media?parent=3670"}],"curies":[{"name":"wp","href":"https:\/\/api.w.org\/{rel}","templated":true}]}}