{"id":3655,"date":"2019-05-21T15:43:38","date_gmt":"2019-05-21T13:43:38","guid":{"rendered":"https:\/\/www.chasseurducentrevaldeloire.fr\/fdc36\/?page_id=3655"},"modified":"2019-05-21T15:43:38","modified_gmt":"2019-05-21T13:43:38","slug":"chasse-en-temps-de-neige","status":"publish","type":"page","link":"https:\/\/www.save.chasseurducentrevaldeloire.fr\/fdc36\/chasse-en-temps-de-neige\/","title":{"rendered":"Chasse en temps de neige"},"content":{"rendered":"<p>En temps de neige est autoris\u00e9e la chasse du grand gibier soumis \u00e0 plan de chasse, du sanglier, du renard, du ragondin, du rat musqu\u00e9, du pigeon ramier (uniquement dans les cultures d\u2019ol\u00e9oprot\u00e9agineux et porte-graines), du gibier d\u2019eau dans les marais non ass\u00e9ch\u00e9s, sur les lacs, \u00e9tangs, fleuves, rivi\u00e8res, canaux, r\u00e9servoirs (le tir au dessus de la nappe d\u2019eau \u00e9tant seul autoris\u00e9), la chasse \u00e0 courre et la v\u00e9nerie sous terre.<\/p>\n","protected":false},"excerpt":{"rendered":"<p>En temps de neige est autoris\u00e9e la chasse du grand gibier soumis \u00e0 plan de chasse, du sanglier, du renard, du ragondin, du rat musqu\u00e9, du pigeon ramier (uniquement dans les cultures d\u2019ol\u00e9oprot\u00e9agineux et porte-graines), du gibier d\u2019eau dans les marais non ass\u00e9ch\u00e9s, sur les&#8230;<\/p>\n","protected":false},"author":6,"featured_media":0,"parent":0,"menu_order":0,"comment_status":"closed","ping_status":"closed","template":"","meta":{"_acf_changed":false,"inline_featured_image":false,"_exactmetrics_skip_tracking":false,"_exactmetrics_sitenote_active":false,"_exactmetrics_sitenote_note":"","_exactmetrics_sitenote_category":0,"footnotes":""},"class_list":["post-3655","page","type-page","status-publish","hentry"],"acf":[],"publishpress_future_action":{"enabled":false,"date":"2026-04-18 12:24:33","action":"change-status","newStatus":"draft","terms":[],"taxonomy":"","extraData":[]},"publishpress_future_workflow_manual_trigger":{"enabledWorkflows":[]},"_links":{"self":[{"href":"https:\/\/www.save.chasseurducentrevaldeloire.fr\/fdc36\/wp-json\/wp\/v2\/pages\/3655","targetHints":{"allow":["GET"]}}],"collection":[{"href":"https:\/\/www.save.chasseurducentrevaldeloire.fr\/fdc36\/wp-json\/wp\/v2\/pages"}],"about":[{"href":"https:\/\/www.save.chasseurducentrevaldeloire.fr\/fdc36\/wp-json\/wp\/v2\/types\/page"}],"author":[{"embeddable":true,"href":"https:\/\/www.save.chasseurducentrevaldeloire.fr\/fdc36\/wp-json\/wp\/v2\/users\/6"}],"replies":[{"embeddable":true,"href":"https:\/\/www.save.chasseurducentrevaldeloire.fr\/fdc36\/wp-json\/wp\/v2\/comments?post=3655"}],"version-history":[{"count":1,"href":"https:\/\/www.save.chasseurducentrevaldeloire.fr\/fdc36\/wp-json\/wp\/v2\/pages\/3655\/revisions"}],"predecessor-version":[{"id":3656,"href":"https:\/\/www.save.chasseurducentrevaldeloire.fr\/fdc36\/wp-json\/wp\/v2\/pages\/3655\/revisions\/3656"}],"wp:attachment":[{"href":"https:\/\/www.save.chasseurducentrevaldeloire.fr\/fdc36\/wp-json\/wp\/v2\/media?parent=3655"}],"curies":[{"name":"wp","href":"https:\/\/api.w.org\/{rel}","templated":true}]}}