{"id":3421,"date":"2018-11-19T11:14:36","date_gmt":"2018-11-19T10:14:36","guid":{"rendered":"http:\/\/www.chasseurducentrevaldeloire.fr\/fdc36\/?page_id=3421"},"modified":"2025-10-17T08:31:11","modified_gmt":"2025-10-17T06:31:11","slug":"sanitaire","status":"publish","type":"page","link":"https:\/\/www.save.chasseurducentrevaldeloire.fr\/fdc36\/sanitaire\/","title":{"rendered":"Sanitaire"},"content":{"rendered":"<p>[vc_row][\/vc_row][vc_row][vc_column width=\u00a0\u00bb5\/6&Prime;][vc_column_text]Le suivi sanitaire de la faune sauvage est important, d\u2019une part pour mieux conna\u00eetre les pathologies touchant ces esp\u00e8ces, mais d\u2019autre part, et peut-\u00eatre m\u00eame surtout, parce que certaines sont transmissibles aux animaux domestiques ou \u00e0 l\u2019Homme (zoonoses). Dans le cadre du r\u00e9seau SAGIR (suivi \u00e9pid\u00e9miologique de la faune sauvage &#8211; OFB), les animaux, quelle qu\u2019en soit l\u2019esp\u00e8ce, chassable ou prot\u00e9g\u00e9e, trouv\u00e9s morts ou malades, hors cause \u00e9vidente (blessure par tir, collision\u2026) peuvent \u00eatre collect\u00e9s et d\u00e9pos\u00e9s \u00e0 Terana (anciennement Laboratoire D\u00e9partemental d\u2019Analyses) pour autopsie et analyse. Les cadavres doivent \u00eatre frais, et de pr\u00e9f\u00e9rence non congel\u00e9s. Une \u00e9tude sp\u00e9cifique sur les cervid\u00e9s et le sanglier repose sur l\u2019analyse de pr\u00e9l\u00e8vements sanguins, en partenariat avec le GDMA.<\/p>\n<p>T\u00e9l\u00e9charger la <a href=\"https:\/\/www.chasseurducentrevaldeloire.fr\/fdc36\/wp-content\/uploads\/sites\/4\/2024\/10\/SAGIR_194_numero-special-bilan-2023.pdf\" target=\"_blank\" rel=\"noopener\"><span style=\"color: #c1246d\"><strong>lettre n\u00b0194 &#8211; Bilan 2023<\/strong><\/span><\/a><\/p>\n<p>&nbsp;<\/p>\n<p>[\/vc_column_text][vc_column_text]<\/p>\n<h3>Peste Porcine Africaine<\/h3>\n<p><strong><span style=\"color: #c1246d\"><a class=\"dl_link\" style=\"color: #c1246d\" href=\"https:\/\/www.chasseurducentrevaldeloire.fr\/fdc36\/wp-content\/uploads\/sites\/4\/2022\/09\/C-22-036-PPA-campagne-prevention-et-biosecurite.pdf\" target=\"_blank\" rel=\"nofollow noopener\">Peste Porcine Africaine \u2013 Messages de pr\u00e9vention<\/a><\/span><\/strong><\/p>\n<p><strong><span style=\"color: #c1246d\"><a class=\"dl_link\" style=\"color: #c1246d\" href=\"http:\/\/www.chasseurducentrevaldeloire.fr\/fdc36\/download\/3367\/\" target=\"_blank\" rel=\"nofollow noopener\">PPA : Communiqu\u00e9 de presse de la FNC<\/a><\/span><\/strong><\/p>\n<p><a class=\"dl_link\" href=\"http:\/\/www.chasseurducentrevaldeloire.fr\/fdc36\/download\/3364\/\" target=\"_blank\" rel=\"nofollow noopener\"><strong><span style=\"color: #c1246d\">PPA : Plaquette de l&rsquo;ANSP<\/span><\/strong><\/a><\/p>\n<p><a class=\"dl_link\" href=\"http:\/\/www.chasseurducentrevaldeloire.fr\/fdc36\/download\/3361\/\" target=\"_blank\" rel=\"nofollow noopener\"><span style=\"color: #c1246d\"><strong>ENR : Peste Porcine Africaine<\/strong><\/span><\/a><\/p>\n<p><a class=\"dl_link\" href=\"https:\/\/www.chasseurducentrevaldeloire.fr\/fdc36\/download\/3735\/\" target=\"_blank\" rel=\"nofollow noopener\"><span style=\"color: #c1246d\"><strong>La peste porcine africaine, par le Docteur Xavier Legendre<\/strong> <\/span><\/a><\/p>\n<hr \/>\n<p>&nbsp;<\/p>\n<h3><strong>Brucellose<\/strong><\/h3>\n<p><a href=\"https:\/\/www.chasseurducentrevaldeloire.fr\/fdc36\/wp-content\/uploads\/sites\/4\/2022\/09\/Fiche-Brucellose-FDC-36.pdf\" target=\"_blank\" rel=\"noopener\"><span style=\"color: #c1246d\"><strong>Fiche Brucellose<\/strong><\/span><\/a><\/p>\n<p>&nbsp;<\/p>\n<hr \/>\n<p>&nbsp;<\/p>\n<h3><strong>Pasteurellose<\/strong><\/h3>\n<p><a href=\"https:\/\/www.chasseurducentrevaldeloire.fr\/fdc36\/wp-content\/uploads\/sites\/4\/2024\/03\/pasteurellose.pdf\" target=\"_blank\" rel=\"noopener\"><span style=\"color: #c1246d\"><strong>Pasteurellose<\/strong><\/span><\/a><\/p>\n<p>&nbsp;<\/p>\n<hr \/>\n<h3><\/h3>\n<h3><strong>Bios\u00e9curit\u00e9<\/strong><\/h3>\n<p><a href=\"https:\/\/www.chasseurducentrevaldeloire.fr\/fdc36\/wp-content\/uploads\/sites\/4\/2023\/12\/BIOSECURITE_DETENTEURS_APPELANTS_maj_AOUT_2022.pdf\" target=\"_blank\" rel=\"noopener\"><span style=\"color: #c1246d\"><strong>FICHE D\u00c9TENTEUR D\u2019APPELANTS<\/strong><\/span><\/a><\/p>\n<p><a href=\"https:\/\/www.chasseurducentrevaldeloire.fr\/fdc36\/wp-content\/uploads\/sites\/4\/2023\/12\/BIOSECURITE_CHASSEURS_DE_GIBIER_DEAU_MAJ_AOUT_2022.pdf\" target=\"_blank\" rel=\"noopener\"><strong><span style=\"color: #c1246d\">FICHE CHASSEUR DE GIBIER D\u2019EAU<\/span><\/strong><\/a><\/p>\n<p><a href=\"https:\/\/www.chasseurducentrevaldeloire.fr\/fdc36\/wp-content\/uploads\/sites\/4\/2023\/12\/BIOSECURITE-CHASSEURS-DE-GIBIER-DEAU-1.pdf\" target=\"_blank\" rel=\"noopener\"><strong><span style=\"color: #c1246d\">AFFICHE CHASSEUR DE GIBIER D&rsquo;EAU<\/span><\/strong><\/a><\/p>\n<p>&nbsp;<\/p>\n<hr \/>\n<h3><\/h3>\n<h3><strong>Influenza Aviaire<br \/>\n<\/strong><\/h3>\n<p><a href=\"https:\/\/www.chasseurducentrevaldeloire.fr\/fdc36\/wp-content\/uploads\/sites\/4\/2024\/03\/influenza-aviaire.pdf\" target=\"_blank\" rel=\"noopener\"><span style=\"color: #c1246d\"><strong>Influenza Aviaire<\/strong><\/span><\/a><\/p>\n<p><img loading=\"lazy\" decoding=\"async\" class=\"aligncenter wp-image-6214 size-full\" src=\"https:\/\/www.chasseurducentrevaldeloire.fr\/fdc36\/wp-content\/uploads\/sites\/4\/2023\/12\/2212_influenza_INF.png\" alt=\"\" width=\"1106\" height=\"1455\" srcset=\"https:\/\/www.save.chasseurducentrevaldeloire.fr\/fdc36\/wp-content\/uploads\/sites\/4\/2023\/12\/2212_influenza_INF.png 1106w, https:\/\/www.save.chasseurducentrevaldeloire.fr\/fdc36\/wp-content\/uploads\/sites\/4\/2023\/12\/2212_influenza_INF-228x300.png 228w, https:\/\/www.save.chasseurducentrevaldeloire.fr\/fdc36\/wp-content\/uploads\/sites\/4\/2023\/12\/2212_influenza_INF-778x1024.png 778w, https:\/\/www.save.chasseurducentrevaldeloire.fr\/fdc36\/wp-content\/uploads\/sites\/4\/2023\/12\/2212_influenza_INF-768x1010.png 768w\" sizes=\"auto, (max-width: 1106px) 100vw, 1106px\" \/><\/p>\n<p>T\u00e9l\u00e9charger les <a href=\"https:\/\/www.chasseurducentrevaldeloire.fr\/fdc36\/wp-content\/uploads\/sites\/4\/2023\/12\/2301_iahp_risque_zoonotique_cle0e1178.pdf\" target=\"_blank\" rel=\"noopener\"><span style=\"color: #c1246d\"><strong>Mesures de pr\u00e9vention pour limiter le risque de contamination ANIMAL\/HOMME<\/strong><\/span><\/a><\/p>\n<p>&nbsp;<\/p>\n<hr \/>\n<h3><\/h3>\n<h3>Maladie de Lyme<\/h3>\n<p><a class=\"dl_link\" href=\"https:\/\/www.chasseurducentrevaldeloire.fr\/fdc36\/download\/3773\/\" target=\"_blank\" rel=\"nofollow noopener\"><span style=\"color: #c1246d\"><strong>La maladie de Lyme, par le Docteur Xavier Legendre<\/strong><\/span><\/a><\/p>\n<hr \/>\n<h3><\/h3>\n<h3>Maladie d&rsquo;Aujeszky<\/h3>\n<p><strong><span style=\"color: #c1246d\"><a class=\"dl_link\" style=\"color: #c1246d\" href=\"https:\/\/www.chasseurducentrevaldeloire.fr\/fdc36\/download\/3741\/\" target=\"_blank\" rel=\"nofollow noopener\">La maladie d&rsquo;Aujeszky, par le Docteur Xavier Legendre<\/a><\/span><\/strong><\/p>\n<p>&nbsp;<\/p>\n<hr \/>\n<h3>Gale<\/h3>\n<p><a href=\"https:\/\/www.chasseurducentrevaldeloire.fr\/fdc36\/wp-content\/uploads\/sites\/4\/2023\/11\/Gale-sarcoptique-du-renard-par-le-Docteur-Xavier-Legendre.pdf\" target=\"_blank\" rel=\"noopener\"><span style=\"color: #c1246d\"><strong>Gale sarcoptique du renard<\/strong><\/span><\/a><\/p>\n<p>&nbsp;<\/p>\n<hr \/>\n<h3><\/h3>\n<h3>Virus USUTU<\/h3>\n<p><a class=\"dl_link\" href=\"https:\/\/www.chasseurducentrevaldeloire.fr\/fdc36\/download\/3738\/\" target=\"_blank\" rel=\"nofollow noopener\"><span style=\"color: #c1246d\"><strong>Le virus USUTU par le Docteur Xavier Legendre<\/strong><\/span><\/a><\/p>\n<hr \/>\n<h3><\/h3>\n<h3>Suivis sanitaires<\/h3>\n<p>\u2022 <a href=\"https:\/\/www.chasseurducentrevaldeloire.fr\/fdc36\/wp-content\/uploads\/sites\/4\/2019\/01\/SONDAGESANITAIRECERVIDES20102011.pdf\" target=\"_blank\" rel=\"noopener\"><strong><span style=\"color: #c1246d\">Sondage sanitaire sur faune sauvage 2010-2011<\/span><\/strong><\/a><\/p>\n<p>\u2022 <a href=\"https:\/\/www.chasseurducentrevaldeloire.fr\/fdc36\/wp-content\/uploads\/sites\/4\/2019\/01\/SONDAGESANITAIRECERVIDES20112012.pdf\" target=\"_blank\" rel=\"noopener\"><strong><span style=\"color: #c1246d\">Sondage sanitaire sur faune sauvage 2011-2012<\/span><\/strong><\/a><\/p>\n<p>\u2022<strong><span style=\"color: #c1246d\">\u00a0<\/span><\/strong><a href=\"https:\/\/www.chasseurducentrevaldeloire.fr\/fdc36\/wp-content\/uploads\/sites\/4\/2019\/01\/SURVEILLANCESANITAIRE20142015.pdf\" target=\"_blank\" rel=\"noopener\"><strong><span style=\"color: #c1246d\">Sondage sanitaire sur la faune sauvage &#8211; R\u00e9sultats saison de chasse 2014-2015<\/span><\/strong><\/a><\/p>\n<p>\u2022 <a href=\"https:\/\/www.chasseurducentrevaldeloire.fr\/fdc36\/wp-content\/uploads\/sites\/4\/2019\/01\/suivi20142015bilan20102014.pdf\" target=\"_blank\" rel=\"noopener\"><span style=\"color: #c1246d\"><strong>Suivi sanitaire faune sauvage 2014-2015 et bilan 2010\u20142014<\/strong><\/span><\/a><\/p>\n<p>\u2022 <a href=\"https:\/\/www.chasseurducentrevaldeloire.fr\/fdc36\/wp-content\/uploads\/sites\/4\/2019\/01\/suivi20152016bilans.pdf\" target=\"_blank\" rel=\"noopener\"><span style=\"color: #c1246d\"><strong>Suivi sanitaire faune sauvage 2015-2016 et bilan 2010\u20142015<\/strong><\/span><\/a><\/p>\n<p>&nbsp;<\/p>\n<p>&nbsp;<\/p>\n<hr \/>\n<h3><\/h3>\n<h3>R\u00e9aliser un pr\u00e9l\u00e8vement de sang sur un sanglier ou un cervid\u00e9<\/h3>\n<p>&nbsp;<\/p>\n<p><iframe loading=\"lazy\" title=\"GDMA : R\u00e9aliser un pr\u00e9l\u00e8vement de sang sur un sanglier ou un cervide\u0301\" width=\"1100\" height=\"619\" src=\"https:\/\/www.youtube.com\/embed\/tmgtUf3PH2g?feature=oembed\" frameborder=\"0\" allow=\"accelerometer; autoplay; clipboard-write; encrypted-media; gyroscope; picture-in-picture; web-share\" referrerpolicy=\"strict-origin-when-cross-origin\" allowfullscreen><\/iframe><\/p>\n<p>&nbsp;<\/p>\n<p>&nbsp;<\/p>\n<hr \/>\n<h3><\/h3>\n<h3>R\u00e9aliser un examen initial de la venaison<\/h3>\n<p><iframe loading=\"lazy\" title=\"GDMA R\u00e9aliser un examen initial de la venaison\" width=\"1100\" height=\"619\" src=\"https:\/\/www.youtube.com\/embed\/4o_FPVgoSDE?feature=oembed\" frameborder=\"0\" allow=\"accelerometer; autoplay; clipboard-write; encrypted-media; gyroscope; picture-in-picture; web-share\" referrerpolicy=\"strict-origin-when-cross-origin\" allowfullscreen><\/iframe><\/p>\n<p>&nbsp;<\/p>\n<hr \/>\n<p>&nbsp;<\/p>\n<h3><span class=\"ILfuVd\" lang=\"fr\"><span class=\"hgKElc\">L&rsquo;\u00e9chinococcose alv\u00e9olaire<\/span><\/span><\/h3>\n<p>&nbsp;<\/p>\n<p><img loading=\"lazy\" decoding=\"async\" class=\"aligncenter wp-image-7572 size-large\" src=\"https:\/\/www.chasseurducentrevaldeloire.fr\/fdc36\/wp-content\/uploads\/sites\/4\/2025\/08\/ECHINOCOCCOSE-ALVEOLAIRE-1024x1024.png\" alt=\"\" width=\"1024\" height=\"1024\" srcset=\"https:\/\/www.save.chasseurducentrevaldeloire.fr\/fdc36\/wp-content\/uploads\/sites\/4\/2025\/08\/ECHINOCOCCOSE-ALVEOLAIRE-1024x1024.png 1024w, https:\/\/www.save.chasseurducentrevaldeloire.fr\/fdc36\/wp-content\/uploads\/sites\/4\/2025\/08\/ECHINOCOCCOSE-ALVEOLAIRE-300x300.png 300w, https:\/\/www.save.chasseurducentrevaldeloire.fr\/fdc36\/wp-content\/uploads\/sites\/4\/2025\/08\/ECHINOCOCCOSE-ALVEOLAIRE-150x150.png 150w, https:\/\/www.save.chasseurducentrevaldeloire.fr\/fdc36\/wp-content\/uploads\/sites\/4\/2025\/08\/ECHINOCOCCOSE-ALVEOLAIRE-768x768.png 768w, https:\/\/www.save.chasseurducentrevaldeloire.fr\/fdc36\/wp-content\/uploads\/sites\/4\/2025\/08\/ECHINOCOCCOSE-ALVEOLAIRE-550x550.png 550w, https:\/\/www.save.chasseurducentrevaldeloire.fr\/fdc36\/wp-content\/uploads\/sites\/4\/2025\/08\/ECHINOCOCCOSE-ALVEOLAIRE-1000x1000.png 1000w, https:\/\/www.save.chasseurducentrevaldeloire.fr\/fdc36\/wp-content\/uploads\/sites\/4\/2025\/08\/ECHINOCOCCOSE-ALVEOLAIRE.png 1080w\" sizes=\"auto, (max-width: 1024px) 100vw, 1024px\" \/>[\/vc_column_text][\/vc_column][vc_column width=\u00a0\u00bb1\/6&Prime;][vc_single_image image=\u00a0\u00bb3422&Prime;][\/vc_column][\/vc_row]<\/p>\n","protected":false},"excerpt":{"rendered":"<p>[vc_row][\/vc_row][vc_row][vc_column width=\u00a0\u00bb5\/6&Prime;][vc_column_text]Le suivi sanitaire de la faune sauvage est important, d\u2019une part pour mieux conna\u00eetre les pathologies touchant ces esp\u00e8ces, mais d\u2019autre part, et peut-\u00eatre m\u00eame surtout, parce que certaines sont transmissibles aux animaux domestiques ou \u00e0 l\u2019Homme (zoonoses). Dans le cadre du r\u00e9seau SAGIR&#8230;<\/p>\n","protected":false},"author":6,"featured_media":0,"parent":0,"menu_order":0,"comment_status":"closed","ping_status":"closed","template":"","meta":{"_acf_changed":false,"inline_featured_image":false,"_exactmetrics_skip_tracking":false,"_exactmetrics_sitenote_active":false,"_exactmetrics_sitenote_note":"","_exactmetrics_sitenote_category":0,"footnotes":""},"class_list":["post-3421","page","type-page","status-publish","hentry"],"acf":[],"publishpress_future_action":{"enabled":false,"date":"2026-04-18 12:17:31","action":"change-status","newStatus":"draft","terms":[],"taxonomy":"","extraData":[]},"publishpress_future_workflow_manual_trigger":{"enabledWorkflows":[]},"_links":{"self":[{"href":"https:\/\/www.save.chasseurducentrevaldeloire.fr\/fdc36\/wp-json\/wp\/v2\/pages\/3421","targetHints":{"allow":["GET"]}}],"collection":[{"href":"https:\/\/www.save.chasseurducentrevaldeloire.fr\/fdc36\/wp-json\/wp\/v2\/pages"}],"about":[{"href":"https:\/\/www.save.chasseurducentrevaldeloire.fr\/fdc36\/wp-json\/wp\/v2\/types\/page"}],"author":[{"embeddable":true,"href":"https:\/\/www.save.chasseurducentrevaldeloire.fr\/fdc36\/wp-json\/wp\/v2\/users\/6"}],"replies":[{"embeddable":true,"href":"https:\/\/www.save.chasseurducentrevaldeloire.fr\/fdc36\/wp-json\/wp\/v2\/comments?post=3421"}],"version-history":[{"count":24,"href":"https:\/\/www.save.chasseurducentrevaldeloire.fr\/fdc36\/wp-json\/wp\/v2\/pages\/3421\/revisions"}],"predecessor-version":[{"id":7752,"href":"https:\/\/www.save.chasseurducentrevaldeloire.fr\/fdc36\/wp-json\/wp\/v2\/pages\/3421\/revisions\/7752"}],"wp:attachment":[{"href":"https:\/\/www.save.chasseurducentrevaldeloire.fr\/fdc36\/wp-json\/wp\/v2\/media?parent=3421"}],"curies":[{"name":"wp","href":"https:\/\/api.w.org\/{rel}","templated":true}]}}