{"id":3119,"date":"2018-06-25T11:10:34","date_gmt":"2018-06-25T09:10:34","guid":{"rendered":"http:\/\/www.chasseurducentrevaldeloire.fr\/fdc36\/?page_id=3119"},"modified":"2025-11-21T15:40:00","modified_gmt":"2025-11-21T14:40:00","slug":"grand-gibier","status":"publish","type":"page","link":"https:\/\/www.save.chasseurducentrevaldeloire.fr\/fdc36\/grand-gibier\/","title":{"rendered":"Grand gibier"},"content":{"rendered":"<p>[vc_row][\/vc_row][vc_row][vc_column][vc_text_separator title=\u00a0\u00bbGrand gibier\u00a0\u00bb color=\u00a0\u00bbcustom\u00a0\u00bb accent_color=\u00a0\u00bb#c0266d\u00a0\u00bb][vc_empty_space][vc_column_text]<\/p>\n<ul>\n<li><a href=\"https:\/\/www.chasseurducentrevaldeloire.fr\/fdc36\/wp-content\/uploads\/sites\/4\/2025\/05\/AP-MINI-MAXI-2025-2026-signe-et-enregistre-au-RAA.pdf\" target=\"_blank\" rel=\"noopener\"><strong><span style=\"color: #c1246d\">Arr\u00eat\u00e9 fixant le nombre minimum et maximum d\u2019animaux soumis \u00e0 plan de chasse (2025-2026)<\/span><\/strong><\/a><\/li>\n<li><a href=\"https:\/\/www.chasseurducentrevaldeloire.fr\/fdc36\/wp-content\/uploads\/sites\/4\/2025\/05\/AP-Controle-execution-PDC-2025-2026-signe-et-enregistre-au-RAA.pdf\" target=\"_blank\" rel=\"noopener\"><strong><span style=\"color: #c1246d\">Arr\u00eat\u00e9 fixant les modalit\u00e9s de contr\u00f4le de l\u2019ex\u00e9cution des plans de chasse individuels (2025-2026)<\/span><\/strong><\/a><\/li>\n<li><span style=\"color: #c1246d\"><a style=\"color: #c1246d\" href=\"https:\/\/www.chasseurducentrevaldeloire.fr\/fdc36\/wp-content\/uploads\/sites\/4\/2025\/04\/MONTANTS-DES-COTISATIONS-PLAN-DE-CHASSE-OU-PLAN-DE-GESTION-SANGLIER-2025-2026.pdf\" target=\"_blank\" rel=\"noopener\"><strong>Montant des cotisations Plan de chasse ou Plan de gestion Sanglier (2025-2026)<\/strong><\/a><\/span><\/li>\n<li><a href=\"https:\/\/www.chasseurducentrevaldeloire.fr\/fdc36\/wp-content\/uploads\/sites\/4\/2025\/08\/CONVENTION-AGRAINAGE-2025-2026-VF.pdf\" target=\"_blank\" rel=\"noopener\"><strong><span style=\"color: #c1246d\">Convention agrainage grand gibier<\/span><\/strong><\/a><\/li>\n<li><a href=\"https:\/\/www.chasseurducentrevaldeloire.fr\/fdc36\/wp-content\/uploads\/sites\/4\/2025\/08\/MODALITES-AGRAINAGE-2025-2026.pdf\" target=\"_blank\" rel=\"noopener\"><strong><span style=\"color: #c1246d\">Modalit\u00e9s d&rsquo;agrainage<\/span><\/strong><\/a><\/li>\n<li><a class=\"dl_link\" href=\"https:\/\/www.chasseurducentrevaldeloire.fr\/fdc36\/wp-content\/uploads\/sites\/4\/2025\/08\/CARTE-MASSIFS-CYNEGETIQUES-JUIN-2025.pdf\" target=\"_blank\" rel=\"nofollow noopener\"><strong><span style=\"color: #c1246d\">Carte des massifs cyn\u00e9g\u00e9tiques<\/span><\/strong><\/a><\/li>\n<li><a class=\"dl_link\" href=\"https:\/\/www.chasseurducentrevaldeloire.fr\/fdc36\/wp-content\/uploads\/sites\/4\/2025\/08\/CEM1-CEM2.pdf\" target=\"_blank\" rel=\"nofollow noopener\"><span style=\"color: #c1246d\"><strong>D\u00e9finition des bracelets CEM1 et CEM2 et Pr\u00e9paration d&rsquo;un troph\u00e9e de cerf<\/strong><\/span><\/a><\/li>\n<li><a class=\"dl_link\" href=\"https:\/\/www.chasseurducentrevaldeloire.fr\/fdc36\/wp-content\/uploads\/sites\/4\/2025\/08\/CARTE-MASSIFS-A-CERVIDES.jpg\" target=\"_blank\" rel=\"nofollow noopener\"><span style=\"color: #c1246d\"><strong>Carte des massifs \u00e0 cervid\u00e9s <\/strong><\/span><\/a><\/li>\n<li><a class=\"dl_link\" href=\"https:\/\/www.chasseurducentrevaldeloire.fr\/fdc36\/wp-content\/uploads\/sites\/4\/2025\/11\/AP-regulation-Muntjac_2025-2028-signe-et-enregistre-au-RAA.pdf\" target=\"_blank\" rel=\"nofollow noopener\"><span style=\"color: #c1246d\"><strong>Arr\u00eat\u00e9 de destruction \u00e0 tir du cerf Muntjac de Reeves<\/strong><\/span><\/a><\/li>\n<\/ul>\n<p>[\/vc_column_text][vc_empty_space][vc_empty_space][vc_text_separator title=\u00a0\u00bbMONTANTS DES COTISATIONS PLAN DE CHASSE 2025-2026 \u2013 FDC36&Prime; color=\u00a0\u00bbcustom\u00a0\u00bb accent_color=\u00a0\u00bb#c0266d\u00a0\u00bb][vc_column_text]<strong>Calculs r\u00e9alis\u00e9s sur la base de la commune principale du plan de chasse ou du plan de gestion<\/strong><\/p>\n<p>&nbsp;<\/p>\n<table width=\"717\">\n<tbody>\n<tr>\n<td colspan=\"2\" width=\"717\"><strong>\u00a0<\/strong><\/p>\n<p><strong>ADHESION OBLIGATOIRE\u00a0: 90 \u20ac <\/strong><\/p>\n<p>(R\u00e9gl\u00e9e une seule fois par d\u00e9tenteur)<\/p>\n<p>&nbsp;<\/td>\n<\/tr>\n<tr>\n<td colspan=\"2\" width=\"717\"><strong>\u00a0<\/strong><\/p>\n<p><strong>PRIX DES BRACELETS A L\u2019UNITE<\/strong><\/p>\n<p>Cerf \u00e9laphe m\u00e2le\u00a0: 180 \u20ac &#8211; Biche\u00a0: 125 \u20ac &#8211; Jeune cervid\u00e9\u00a0: 100 \u20ac &#8211; Chevreuil\u00a0: 18 \u20ac &#8211; Daim\u00a0: 10 \u20ac &#8211; Mouflon\u00a0: 10 \u20ac<\/p>\n<p>Cerf \u00e9laphe m\u00e2le \u00ab\u00a0secours\u00a0\u00bb\u00a0: 250 \u20ac &#8211; Chevreuil \u00ab\u00a0secours\u00a0\u00bb\u00a0: 30 \u20ac<\/p>\n<p>&nbsp;<\/td>\n<\/tr>\n<tr>\n<td colspan=\"2\" width=\"717\"><strong>\u00a0<\/strong><\/p>\n<p><strong><u>C<\/u><\/strong><strong>OTISATION <\/strong><strong><u>T<\/u><\/strong><strong>ERRITORIALE <\/strong><strong><u>O<\/u><\/strong><strong>BLIGATOIRE \u00e0 l\u2019hectare pour toutes les communes du d\u00e9partement<\/strong><\/p>\n<p>Plaine et \u00e9tang\u00a0: 0.15 \u20ac de l\u2019hectare &#8211; Bois et lande\u00a0: 0.45 \u20ac de l\u2019hectare<\/p>\n<p>&nbsp;<\/td>\n<\/tr>\n<tr>\n<td colspan=\"2\" width=\"717\"><strong>\u00a0<\/strong><\/p>\n<p><strong><u>C<\/u><\/strong><strong>OTISATIONS <\/strong><strong><u>S<\/u><\/strong><strong>PECIALE <\/strong><strong><u>S<\/u><\/strong><strong>ANGLIER (\u00e0 l\u2019hectare)\u00a0:<\/strong><\/p>\n<p>&nbsp;<\/td>\n<\/tr>\n<tr>\n<td width=\"425\"><strong>\u00a0<\/strong><\/p>\n<p><strong>AMBRAULT, LA BERTHENOUX, BOMMIERS, PRUNIERS, ST AOUT,<br \/>\nST CHARTIER, SASSIERGES ST GERMAIN, BRIVES, CONDE, MARON, MEUNET-PLANCHES, ST AUBIN, STE FAUSTE, SEGRY, THIZAY, VOUILLON<\/strong><\/td>\n<td width=\"293\">&nbsp;<\/p>\n<p>Plaine et \u00e9tang\u00a0: 0,45 \u20ac<\/p>\n<p>Bois et lande\u00a0: 1,79 \u20ac<\/p>\n<p>&nbsp;<\/td>\n<\/tr>\n<tr>\n<td width=\"425\"><strong>\u00a0<\/strong><\/p>\n<p><strong>ARDENTES, ARTHON, ETRECHET, JEU LES BOIS, MERS SUR INDRE,<br \/>\nLE POINCONNET, TENDU, VELLES, BOUESSE, BUXIERES D&rsquo;AILLAC, GOURNAY, LYS ST GEORGES, MAILLET, MOSNAY,<br \/>\nNEUVY ST SEPULCRE, TRANZAULT<\/strong><\/p>\n<p>&nbsp;<\/td>\n<td width=\"293\">&nbsp;<\/p>\n<p>Plaine et \u00e9tang\u00a0: 0,58\u20ac<\/p>\n<p>Bois et lande\u00a0: 2,33 \u20ac<\/p>\n<p>&nbsp;<\/td>\n<\/tr>\n<tr>\n<td width=\"425\"><strong>\u00a0<\/strong><\/p>\n<p><strong>GIROUX, LUCAY LE LIBRE, MEUNET SUR VATAN, PAUDY, REUILLY, ST PIERRE DE JARDS <\/strong><\/p>\n<p>&nbsp;<\/td>\n<td width=\"293\">&nbsp;<\/p>\n<p>Plaine et \u00e9tang\u00a0: 0,63 \u20ac<\/p>\n<p>Bois et lande\u00a0: 2,51 \u20ac<\/p>\n<p>&nbsp;<\/td>\n<\/tr>\n<tr>\n<td width=\"425\"><strong>\u00a0<\/strong><\/p>\n<p><strong>AIZE, ANJOUIN, BAGNEUX, BUXEUIL, DUN LE POELIER, GUILLY, ORVILLE, REBOURSIN, ST FLORENTIN<\/strong><\/p>\n<p>&nbsp;<\/td>\n<td width=\"293\">&nbsp;<\/p>\n<p>Plaine et \u00e9tang\u00a0: 0,72 \u20ac<\/p>\n<p>Bois et lande\u00a0: 2,87 \u20ac<\/p>\n<p>&nbsp;<\/td>\n<\/tr>\n<tr>\n<td width=\"425\"><strong>\u00a0<\/strong><\/p>\n<p><strong>ECUEILLE, LUCAY LE MALE, PREAUX, Villentrois-faverolles<\/strong><\/p>\n<p>&nbsp;<\/td>\n<td width=\"293\">&nbsp;<\/p>\n<p>Plaine et \u00e9tang\u00a0: 1,23 \u20ac<\/p>\n<p>Bois et lande\u00a0: 4,90 \u20ac<\/p>\n<p>&nbsp;<\/td>\n<\/tr>\n<tr>\n<td width=\"425\"><strong>\u00a0<\/strong><\/p>\n<p><strong>BAUDRES, BOUGES LE CHATEAU, BRETAGNE, Levroux,<br \/>\nMOULINS SUR CEPHONS, ROUVRES LES BOIS, VICQ SUR NAHON<\/strong><\/p>\n<p>&nbsp;<\/td>\n<td width=\"293\">&nbsp;<\/p>\n<p>Plaine et \u00e9tang\u00a0: 0,30 \u20ac<\/p>\n<p>Bois et lande\u00a0: 1,21 \u20ac<\/td>\n<\/tr>\n<tr>\n<td width=\"425\"><strong>\u00a0<\/strong><\/p>\n<p><strong>BELABRE, CHAILLAC, CHALAIS, LIGNAC, LUZERET, OULCHES, PRISSAC, RIVARENNES, SACIERGES ST MARTIN<\/strong><\/p>\n<p>&nbsp;<\/td>\n<td width=\"293\">&nbsp;<\/p>\n<p>Plaine et \u00e9tang\u00a0: 0,43 \u20ac<\/p>\n<p>Bois et lande\u00a0: 1,71 \u20ac<\/p>\n<p>&nbsp;<\/td>\n<\/tr>\n<tr>\n<td width=\"425\"><strong>\u00a0<\/strong><\/p>\n<p><strong>LUANT, MEOBECQ, NEUILLAY LES BOIS, NIHERNE,<br \/>\nNURET LE FERRON, LA PEROUILLE, St Maur<\/strong><\/p>\n<p>&nbsp;<\/td>\n<td width=\"293\">&nbsp;<\/p>\n<p>Plaine et \u00e9tang\u00a0: 0,43 \u20ac<\/p>\n<p>Bois et lande\u00a0: 1,73 \u20ac<\/p>\n<p>&nbsp;<\/td>\n<\/tr>\n<tr>\n<td width=\"425\"><strong>\u00a0<\/strong><\/p>\n<p><strong>MEZIERES EN BRENNE, MIGNE, PAULNAY, STE GEMME,<br \/>\nST MICHEL EN BRENNE, SAULNAY, VENDOEUVRES, VILLIERS<\/strong><\/p>\n<p>&nbsp;<\/td>\n<td width=\"293\">&nbsp;<\/p>\n<p>Plaine et \u00e9tang\u00a0: 0,71 \u20ac<\/p>\n<p>Bois et lande\u00a0: 2,82 \u20ac<\/p>\n<p>&nbsp;<\/td>\n<\/tr>\n<tr>\n<td width=\"425\"><strong>\u00a0<\/strong><\/p>\n<p><strong>ARPHEUILLES, BUZANCAIS, CHATILLON SUR INDRE,<br \/>\nCLION SUR INDRE, MURS, PALLUAU SUR INDRE,<br \/>\nST CYRAN DU JAMBOT, ST GENOU, LE TRANGER<\/strong><\/p>\n<p><strong>\u00a0<\/strong><\/td>\n<td width=\"293\">&nbsp;<\/p>\n<p>Plaine et \u00e9tang\u00a0: 0,32 \u20ac<\/p>\n<p>Bois et lande\u00a0: 1,28 \u20ac<\/p>\n<p>&nbsp;<\/td>\n<\/tr>\n<tr>\n<td width=\"425\"><strong>\u00a0<\/strong><\/p>\n<p><strong>LE BLANC, CIRON, DOUADIC, LINGE, LUREUIL, MAUVIERES,<\/strong><\/p>\n<p><strong>ROSNAY, RUFFEC<\/strong><\/p>\n<p><strong>\u00a0<\/strong><\/td>\n<td width=\"293\">&nbsp;<\/p>\n<p>Plaine et \u00e9tang\u00a0: 0,80 \u20ac<\/p>\n<p>Bois et lande\u00a0: 3,21 \u20ac<\/p>\n<p>&nbsp;<\/td>\n<\/tr>\n<tr>\n<td width=\"425\"><strong>\u00a0<\/strong><\/p>\n<p><strong><u>POUR TOUTES LES AUTRES COMMUNES DU DEPARTEMENT<\/u><\/strong><\/p>\n<p><strong>\u00a0<\/strong><\/p>\n<p><strong>(\u00e0 l\u2019hectare)\u00a0<\/strong><\/p>\n<p><strong>\u00a0<\/strong><\/td>\n<td width=\"293\">Plaine et \u00e9tang\u00a0: 0,18 \u20ac<\/p>\n<p>Bois et lande\u00a0: 0,72 \u20ac<\/td>\n<\/tr>\n<\/tbody>\n<\/table>\n<p>[\/vc_column_text][vc_column_text][\/vc_column_text][vc_empty_space][vc_text_separator title=\u00a0\u00bbSanglier\u00a0\u00bb color=\u00a0\u00bbcustom\u00a0\u00bb accent_color=\u00a0\u00bb#c0266d\u00a0\u00bb][vc_empty_space][vc_column_text]<\/p>\n<ul>\n<li><a class=\"dl_link\" href=\"https:\/\/www.chasseurducentrevaldeloire.fr\/fdc36\/wp-content\/uploads\/sites\/4\/2025\/05\/Accord-detenteur-droit-destruction-sanglier-2025.pdf\" target=\"_blank\" rel=\"nofollow noopener\"><strong><span style=\"color: #c1246d\">Accord d\u00e9tenteur de droit de destruction du sanglier 2025<\/span><\/strong><\/a><\/li>\n<li><a href=\"https:\/\/www.chasseurducentrevaldeloire.fr\/fdc36\/wp-content\/uploads\/sites\/4\/2025\/05\/Demande-chasses-particulieres-sanglier-zones-sensibles-2025.pdf\" target=\"_blank\" rel=\"noopener\"><span style=\"color: #c1246d\"><strong>Demande d\u2019autorisation de chasses particuli\u00e8res par tir de nuit du sanglier entre le 1er avril 2025 et le 31 mai 2025 dans les communes class\u00e9es \u00ab zones sensibles \u00bb au sanglier<\/strong><\/span><\/a><\/li>\n<li><a href=\"https:\/\/www.chasseurducentrevaldeloire.fr\/fdc36\/wp-content\/uploads\/sites\/4\/2025\/05\/zones_sensibles_sangliers_louveterie_036_2025.pdf\" target=\"_blank\" rel=\"noopener\"><span style=\"color: #c1246d\"><strong>Communes class\u00e9es \u00ab\u00a0zones sensibles\u00a0\u00bb au sanglier<\/strong><\/span><\/a><\/li>\n<li><a href=\"https:\/\/www.chasseurducentrevaldeloire.fr\/fdc36\/wp-content\/uploads\/sites\/4\/2025\/05\/Demande-chasses-sanglier-01-04-au-31-05-2025.pdf\" target=\"_blank\" rel=\"noopener\"><span style=\"color: #c1246d\"><strong>Demande d\u2019autorisation de chasse du sanglier par tir de jour entre le 1er avril 2025 et le 31 mai 2025 uniquement pour la protection des semis<\/strong><\/span><\/a><\/li>\n<li><span style=\"color: #c1246d\"><a style=\"color: #c1246d\" href=\"https:\/\/www.chasseurducentrevaldeloire.fr\/fdc36\/wp-content\/uploads\/sites\/4\/2025\/08\/DOSSIER-PLAN-DE-GESTION-SANGLIER-2025-2026.pdf\" target=\"_blank\" rel=\"noopener\"><strong>Plan de gestion sanglier<\/strong><\/a><\/span><\/li>\n<\/ul>\n<p>[\/vc_column_text][vc_column_text]<\/p>\n<p>[\/vc_column_text][vc_empty_space][vc_empty_space][vc_text_separator title=\u00a0\u00bbEtudes et recherches\u00a0\u00bb color=\u00a0\u00bbcustom\u00a0\u00bb accent_color=\u00a0\u00bb#c0266d\u00a0\u00bb][vc_empty_space][vc_column_text]<\/p>\n<h3><strong>\u00c9tudes mandibules :<\/strong><\/h3>\n<ul>\n<li><span style=\"color: #c1246d\"><strong><a style=\"color: #c1246d\" href=\"http:\/\/www.chasseurducentrevaldeloire.fr\/fdc36\/wp-content\/uploads\/sites\/4\/2018\/06\/BILAN2010-2011.pdf\" target=\"_blank\" rel=\"noopener noreferrer\">Etude mandibules 2010-2011<\/a><\/strong><\/span><\/li>\n<li><a href=\"http:\/\/www.chasseurducentrevaldeloire.fr\/fdc36\/wp-content\/uploads\/sites\/4\/2018\/06\/BILANMANDIBULES2011-2012.pdf\" target=\"_blank\" rel=\"noopener noreferrer\"><strong><span style=\"color: #c1246d\">Etude mandibules 2011-2012<\/span><\/strong><\/a><\/li>\n<li><a href=\"http:\/\/www.chasseurducentrevaldeloire.fr\/fdc36\/wp-content\/uploads\/sites\/4\/2018\/06\/Etude-mandibules-2012-2013.pdf\" target=\"_blank\" rel=\"noopener noreferrer\"><span style=\"color: #c1246d\"><strong>Etude mandibules 2012-2013<\/strong><\/span><\/a><\/li>\n<li><strong><span style=\"color: #c1246d\"><a style=\"color: #c1246d\" href=\"http:\/\/www.chasseurducentrevaldeloire.fr\/fdc36\/wp-content\/uploads\/sites\/4\/2018\/06\/BILANdefinitif201314.pdf\" target=\"_blank\" rel=\"noopener noreferrer\">Etude mandibules 2013-2014<\/a><\/span><\/strong><\/li>\n<li><a href=\"http:\/\/www.chasseurducentrevaldeloire.fr\/fdc36\/wp-content\/uploads\/sites\/4\/2018\/06\/bilan20142015.pdf\" target=\"_blank\" rel=\"noopener noreferrer\"><span style=\"color: #c1246d\"><strong>Etude mandibules 2014-2015<\/strong><\/span><\/a><\/li>\n<li><strong><span style=\"color: #c1246d\"><a style=\"color: #c1246d\" href=\"http:\/\/www.chasseurducentrevaldeloire.fr\/fdc36\/wp-content\/uploads\/sites\/4\/2018\/06\/Bilan2015-2016VF.pdf\" target=\"_blank\" rel=\"noopener noreferrer\">Etude mandibules 2015-2016<\/a><\/span><\/strong><\/li>\n<li><a href=\"https:\/\/www.chasseurducentrevaldeloire.fr\/fdc36\/wp-content\/uploads\/sites\/4\/2018\/06\/Etudemandibules20162017.pdf\" target=\"_blank\" rel=\"noopener noreferrer\"><span style=\"color: #c1246d\"><strong>Etude mandibules 2016-2017<\/strong><\/span><\/a><\/li>\n<li><strong><span style=\"color: #c1246d\"><a style=\"color: #c1246d\" href=\"https:\/\/www.chasseurducentrevaldeloire.fr\/fdc36\/wp-content\/uploads\/sites\/4\/2019\/09\/Etudemandibules20172018VF.pdf\" target=\"_blank\" rel=\"noopener noreferrer\">Etude mandibules 2017-2018<\/a><\/span><\/strong><\/li>\n<li><strong><span style=\"color: #c1246d\"><a style=\"color: #c1246d\" href=\"https:\/\/www.chasseurducentrevaldeloire.fr\/fdc36\/wp-content\/uploads\/sites\/4\/2019\/07\/Etude-mandibules-2018-2019-VF.pdf\" target=\"_blank\" rel=\"noopener noreferrer\">\u00c9tude des mandibules saison de chasse 2018-2019<\/a><\/span><\/strong><\/li>\n<li><strong><span style=\"color: #c1246d\"><a style=\"color: #c1246d\" href=\"https:\/\/www.chasseurducentrevaldeloire.fr\/fdc36\/wp-content\/uploads\/sites\/4\/2020\/06\/ETUDE-DES-MANDIBULES-SAISON-DE-CHASSE-2019-2020.pdf\" target=\"_blank\" rel=\"noopener noreferrer\">\u00c9tude des mandibules saison de chasse 2019-2020<\/a><\/span><\/strong><\/li>\n<li><a class=\"dl_link\" href=\"https:\/\/www.chasseurducentrevaldeloire.fr\/fdc36\/download\/5041\/\" target=\"_blank\" rel=\"nofollow noopener\"><span style=\"color: #c1246d\"><strong>\u00c9tude des mandibules saison de chasse 2020-2021 <\/strong><\/span><\/a><\/li>\n<li><strong><span style=\"color: #c1246d\"><a class=\"dl_link\" style=\"color: #c1246d\" href=\"https:\/\/www.chasseurducentrevaldeloire.fr\/fdc36\/download\/5043\/\" target=\"_blank\" rel=\"nofollow noopener\">\u00c9tude des mandibules saison de chasse 2021-2022<\/a><\/span><\/strong><\/li>\n<li><a class=\"dl_link\" href=\"https:\/\/www.chasseurducentrevaldeloire.fr\/fdc36\/download\/6069\/\" target=\"_blank\" rel=\"nofollow noopener\"><strong><span style=\"color: #c1246d\">\u00c9tude des mandibules saison de chasse 2022-2023<\/span> <\/strong><\/a><\/li>\n<li><a class=\"dl_link\" href=\"https:\/\/www.chasseurducentrevaldeloire.fr\/fdc36\/download\/6069\/\" target=\"_blank\" rel=\"nofollow noopener\"><strong><span style=\"color: #c1246d\">\u00c9tude des mandibules saison de chasse 2022-2023<\/span><\/strong><\/a><\/li>\n<li><strong><span style=\"color: #c1246d\"><a class=\"dl_link\" href=\"https:\/\/www.chasseurducentrevaldeloire.fr\/fdc36\/download\/6381\/\" target=\"_blank\" rel=\"nofollow noopener\"><span style=\"color: #c1246d\">\u00c9tude des mandibules saison de chasse 2023-2024<\/span><\/a><\/span><\/strong><\/li>\n<li><a href=\"https:\/\/www.calameo.com\/read\/0044807012534a43f419e\" target=\"_blank\" rel=\"noopener\"><span style=\"color: #c1246d\"><strong>\u00c9tude des mandibules saison de chasse 2024-2025<\/strong><\/span><\/a><\/li>\n<li><a href=\"https:\/\/www.chasseurducentrevaldeloire.fr\/fdc36\/wp-content\/uploads\/sites\/4\/2025\/09\/Modalites-COLLECTE-MANDIBULES-2025-2026.pdf\" target=\"_blank\" rel=\"noopener\"><span style=\"color: #c1246d\"><strong>Modalit\u00e9s Collecte Mandibules 2025-2026<\/strong><\/span><\/a><\/li>\n<\/ul>\n<p>[\/vc_column_text][vc_column_text]<\/p>\n<p>[\/vc_column_text][vc_empty_space][\/vc_column][\/vc_row][vc_row][vc_column][vc_empty_space][vc_text_separator title=\u00a0\u00bbA propos de l\u2019agrainage\u00a0\u00bb color=\u00a0\u00bbcustom\u00a0\u00bb accent_color=\u00a0\u00bb#c0266d\u00a0\u00bb][vc_column_text]<\/p>\n<div class=\"qodef-blog-standard-info-holder\">\n<h2 class=\"qodef-post-title\"><\/h2>\n<\/div>\n<p>T\u00e9l\u00e9charger :<\/p>\n<ul>\n<li>la <span style=\"color: #c1246d\"><a href=\"https:\/\/www.chasseurducentrevaldeloire.fr\/fdc36\/wp-content\/uploads\/sites\/4\/2025\/08\/CONVENTION-AGRAINAGE-2025-2026-VF.pdf\" target=\"_blank\" rel=\"noopener\"><strong><span style=\"color: #c1246d\">convention agrainage grand gibier<\/span><\/strong><\/a><\/span><\/li>\n<li>les <a href=\"https:\/\/www.chasseurducentrevaldeloire.fr\/fdc36\/wp-content\/uploads\/sites\/4\/2025\/08\/MODALITES-AGRAINAGE-2025-2026.pdf\" target=\"_blank\" rel=\"noopener\"><span style=\"color: #c1246d\"><strong>modalit\u00e9s d&rsquo;agrainage<\/strong><\/span><\/a><\/li>\n<\/ul>\n<p>[\/vc_column_text][\/vc_column][\/vc_row][vc_row][vc_column][\/vc_column][\/vc_row][vc_row][vc_column][\/vc_column][\/vc_row][vc_row][vc_column][\/vc_column][\/vc_row]<\/p>\n","protected":false},"excerpt":{"rendered":"<p>[vc_row][\/vc_row][vc_row][vc_column][vc_text_separator title=\u00a0\u00bbGrand gibier\u00a0\u00bb color=\u00a0\u00bbcustom\u00a0\u00bb accent_color=\u00a0\u00bb#c0266d\u00a0\u00bb][vc_empty_space][vc_column_text] Arr\u00eat\u00e9 fixant le nombre minimum et maximum d\u2019animaux soumis \u00e0 plan de chasse (2025-2026) Arr\u00eat\u00e9 fixant les modalit\u00e9s de contr\u00f4le de l\u2019ex\u00e9cution des plans de chasse individuels (2025-2026) Montant des cotisations Plan de chasse ou Plan de gestion Sanglier (2025-2026)&#8230;<\/p>\n","protected":false},"author":6,"featured_media":0,"parent":0,"menu_order":0,"comment_status":"closed","ping_status":"closed","template":"","meta":{"_acf_changed":false,"inline_featured_image":false,"_exactmetrics_skip_tracking":false,"_exactmetrics_sitenote_active":false,"_exactmetrics_sitenote_note":"","_exactmetrics_sitenote_category":0,"footnotes":""},"class_list":["post-3119","page","type-page","status-publish","hentry"],"acf":[],"publishpress_future_action":{"enabled":false,"date":"2026-04-21 19:01:20","action":"change-status","newStatus":"draft","terms":[],"taxonomy":"","extraData":[]},"publishpress_future_workflow_manual_trigger":{"enabledWorkflows":[]},"_links":{"self":[{"href":"https:\/\/www.save.chasseurducentrevaldeloire.fr\/fdc36\/wp-json\/wp\/v2\/pages\/3119","targetHints":{"allow":["GET"]}}],"collection":[{"href":"https:\/\/www.save.chasseurducentrevaldeloire.fr\/fdc36\/wp-json\/wp\/v2\/pages"}],"about":[{"href":"https:\/\/www.save.chasseurducentrevaldeloire.fr\/fdc36\/wp-json\/wp\/v2\/types\/page"}],"author":[{"embeddable":true,"href":"https:\/\/www.save.chasseurducentrevaldeloire.fr\/fdc36\/wp-json\/wp\/v2\/users\/6"}],"replies":[{"embeddable":true,"href":"https:\/\/www.save.chasseurducentrevaldeloire.fr\/fdc36\/wp-json\/wp\/v2\/comments?post=3119"}],"version-history":[{"count":89,"href":"https:\/\/www.save.chasseurducentrevaldeloire.fr\/fdc36\/wp-json\/wp\/v2\/pages\/3119\/revisions"}],"predecessor-version":[{"id":7924,"href":"https:\/\/www.save.chasseurducentrevaldeloire.fr\/fdc36\/wp-json\/wp\/v2\/pages\/3119\/revisions\/7924"}],"wp:attachment":[{"href":"https:\/\/www.save.chasseurducentrevaldeloire.fr\/fdc36\/wp-json\/wp\/v2\/media?parent=3119"}],"curies":[{"name":"wp","href":"https:\/\/api.w.org\/{rel}","templated":true}]}}