{"id":3090,"date":"2018-06-22T14:08:46","date_gmt":"2018-06-22T12:08:46","guid":{"rendered":"http:\/\/www.chasseurducentrevaldeloire.fr\/fdc36\/?page_id=3090"},"modified":"2025-08-19T09:28:46","modified_gmt":"2025-08-19T07:28:46","slug":"securite","status":"publish","type":"page","link":"https:\/\/www.save.chasseurducentrevaldeloire.fr\/fdc36\/securite\/","title":{"rendered":"Organisateurs de chasse et chefs de ligne"},"content":{"rendered":"<p>[vc_row][vc_column][vc_column_text]<\/p>\n<p class=\"x_MsoNormal\">La formation se d\u00e9roule sur une journ\u00e9e au domaine du Plessis \u00e0 Mign\u00e9. L\u2019inscription se fera aupr\u00e8s de la F\u00e9d\u00e9ration au prix de 10 euros.<\/p>\n<p>[\/vc_column_text][vc_empty_space][vc_text_separator title=\u00a0\u00bbCe qui s\u2019impose \u00e0 vous par arr\u00eat\u00e9 pr\u00e9fectoral et minist\u00e9riel\u00a0\u00bb color=\u00a0\u00bbcustom\u00a0\u00bb accent_color=\u00a0\u00bb#c1246d\u00a0\u00bb][vc_empty_space][vc_column_text]<strong>Article 1<\/strong> : Il est interdit d&rsquo;avoir une arme charg\u00e9e ou une fl\u00e8che encoch\u00e9e sur un arc, sur les routes et chemins ouverts au public, ainsi que sur les voies ferr\u00e9es ou dans les emprises et enclos d\u00e9pendants des chemins de fer.<\/p>\n<p>Il est interdit \u00e0 toute personne plac\u00e9e \u00e0 port\u00e9e de tir d&rsquo;une de ces route, chemins ou voies ferr\u00e9es, de tirer dans cette direction ou au-dessus.<\/p>\n<p>Les tirs \u00e0 travers les chemins publics ruraux (domaine priv\u00e9 de la commune) peuvent \u00eatre autoris\u00e9s par la mairie.<\/p>\n<p>&nbsp;<\/p>\n<p><strong>Article 2<\/strong> : Au sein du domaine priv\u00e9 de l\u2019\u00c9tat, les interdictions pr\u00e9vues aux paragraphes 1 et 2 de l&rsquo;article 1er du pr\u00e9sent arr\u00eat\u00e9 ne s&rsquo;appliquent qu&rsquo;aux routes et chemins ouverts \u00e0 la circulation publique motoris\u00e9e.<\/p>\n<p>Le positionnement sur et le tir \u00e0 travers les autres chemins du domaine priv\u00e9 de l\u2019\u00c9tat, sauf interdiction explicite de l&rsquo;Office national des for\u00eats (ONF). L&rsquo;ONF prendra toutes les dispositions n\u00e9cessaires pour assurer pleinement la s\u00e9curit\u00e9 des usagers, notamment en utilisant une signal\u00e9tique adapt\u00e9e.<\/p>\n<p>&nbsp;<\/p>\n<p><strong>Article 3<\/strong> : Il est interdit \u00e0 toute personne plac\u00e9e \u00e0 port\u00e9e de tir des \u00e9l\u00e9ments suivants de tirer en leur direction :<\/p>\n<ul>\n<li>stades,<\/li>\n<li>lieux de r\u00e9unions publiques en g\u00e9n\u00e9ral et habitations particuli\u00e8res (y compris caravanes, remises, abris de jardin),<\/li>\n<li>b\u00e2timents et constructions d\u00e9pendant des a\u00e9roports,<\/li>\n<li>animaux d&rsquo;\u00e9levage,<\/li>\n<li>v\u00e9hicules,<\/li>\n<li>lignes de transport \u00e9lectrique ou t\u00e9l\u00e9phonique et leurs supports,<\/li>\n<li>\u00e9oliennes,<\/li>\n<li>relais,<\/li>\n<li>antennes.<\/li>\n<\/ul>\n<p>Le tir \u00e0 travers les voies priv\u00e9es est autoris\u00e9, pour le d\u00e9tenteur de droit de chasse ou ses d\u00e9l\u00e9gataires.<\/p>\n<p>Le tir \u00e0 balle doit \u00eatre fichant.<\/p>\n<p>Toute arme non tenue en main, y compris \u00e0 la bretelle, doit \u00eatre d\u00e9charg\u00e9e, sauf pour les conducteurs de chiens dans le cas de la recherche au sang.<\/p>\n<p>&nbsp;<\/p>\n<p><strong>Article 4<\/strong> : L&rsquo;usage de la carabine 22 Long Rifle pour la chasse et pour la destruction des animaux class\u00e9s comme susceptibles d&rsquo;occasionner des d\u00e9g\u00e2ts est interdit sur tout le territoire.<\/p>\n<p>Cette arme pourra n\u00e9anmoins \u00eatre utilis\u00e9e dans les conditions suivantes uniquement :<\/p>\n<ol>\n<li>par des agents de l\u2019\u00c9tat et ses \u00e9tablissements publics, par les Lieutenants de Louveterie de l&rsquo;Indre, les gardes asserment\u00e9s des R\u00e9serves naturelles ainsi que les gardes particuliers asserment\u00e9s, pour la destruction des animaux class\u00e9s comme susceptibles d&rsquo;occasionner des d\u00e9g\u00e2ts<\/li>\n<li>par les particuliers titulaires d&rsquo;un permis de chasser valid\u00e9 pour le lieu et la saison en cours, \u00e0 l&rsquo;exception des tirs sur l&#8217;emprise du domaine public fluvial, pour la chasse et la destruction des ragondins et des rats musqu\u00e9s<\/li>\n<li>par les pi\u00e9geurs agr\u00e9\u00e9s et d\u00e9clar\u00e9s en mairie, pour la mise \u00e0 mort des animaux captur\u00e9s par pi\u00e9geage, class\u00e9s comme susceptibles d&rsquo;occasionner des d\u00e9g\u00e2ts<\/li>\n<\/ol>\n<p>&nbsp;<\/p>\n<p><strong>Article 5<\/strong> : Toute arme \u00e0 feu ne peut \u00eatre transport\u00e9e \u00e0 bord d&rsquo;un v\u00e9hicule que d\u00e9charg\u00e9e et plac\u00e9e sous \u00e9tui ou d\u00e9mont\u00e9e.<\/p>\n<p>Tout arc de chasse ne peut \u00eatre transport\u00e9 \u00e0 bord d&rsquo;un v\u00e9hicule que d\u00e9band\u00e9 ou plac\u00e9 sous \u00e9tui.<\/p>\n<p>&nbsp;<\/p>\n<p><strong>Article 6<\/strong> : L&rsquo;utilisation des armes de chasse se fait dans le respect des conditions \u00e9dict\u00e9es par le Sch\u00e9ma d\u00e9partemental de gestion cyn\u00e9g\u00e9tique en vigueur.<\/p>\n<p>&nbsp;<\/p>\n<p><a href=\"https:\/\/www.chasseurducentrevaldeloire.fr\/fdc36\/wp-content\/uploads\/sites\/4\/2019\/05\/SCHEMA_30.pdf\" target=\"_blank\" rel=\"noopener noreferrer\"><img loading=\"lazy\" decoding=\"async\" class=\"size-medium wp-image-3631 aligncenter\" src=\"https:\/\/www.chasseurducentrevaldeloire.fr\/fdc36\/wp-content\/uploads\/sites\/4\/2019\/05\/schema-300x176.jpg\" alt=\"\" width=\"300\" height=\"176\" srcset=\"https:\/\/www.save.chasseurducentrevaldeloire.fr\/fdc36\/wp-content\/uploads\/sites\/4\/2019\/05\/schema-300x176.jpg 300w, https:\/\/www.save.chasseurducentrevaldeloire.fr\/fdc36\/wp-content\/uploads\/sites\/4\/2019\/05\/schema-768x451.jpg 768w, https:\/\/www.save.chasseurducentrevaldeloire.fr\/fdc36\/wp-content\/uploads\/sites\/4\/2019\/05\/schema-1024x601.jpg 1024w, https:\/\/www.save.chasseurducentrevaldeloire.fr\/fdc36\/wp-content\/uploads\/sites\/4\/2019\/05\/schema.jpg 1092w\" sizes=\"auto, (max-width: 300px) 100vw, 300px\" \/><\/a><\/p>\n<p>&nbsp;<\/p>\n<p>&nbsp;<\/p>\n<p>[\/vc_column_text][vc_column_text css=\u00a0\u00bb.vc_custom_1699525527530{border-top-width: 1px !important;border-right-width: 1px !important;border-bottom-width: 1px !important;border-left-width: 1px !important;background-color: #ededed !important;border-left-color: #000000 !important;border-right-color: #000000 !important;border-top-color: #000000 !important;border-bottom-color: #000000 !important;border-radius: 1px !important;}\u00a0\u00bb]<span style=\"font-size: large\"><b><img loading=\"lazy\" decoding=\"async\" class=\"size-medium wp-image-4600 alignleft\" src=\"https:\/\/www.chasseurducentrevaldeloire.fr\/fdc36\/wp-content\/uploads\/sites\/4\/2021\/06\/Panneau-300x300.png\" alt=\"\" width=\"300\" height=\"300\" srcset=\"https:\/\/www.save.chasseurducentrevaldeloire.fr\/fdc36\/wp-content\/uploads\/sites\/4\/2021\/06\/Panneau-300x300.png 300w, https:\/\/www.save.chasseurducentrevaldeloire.fr\/fdc36\/wp-content\/uploads\/sites\/4\/2021\/06\/Panneau-150x150.png 150w, https:\/\/www.save.chasseurducentrevaldeloire.fr\/fdc36\/wp-content\/uploads\/sites\/4\/2021\/06\/Panneau.png 532w\" sizes=\"auto, (max-width: 300px) 100vw, 300px\" \/><\/b><\/span><\/p>\n<h3><strong>Panneaux de signalisation\u2026<\/strong><\/h3>\n<p><strong>Une mesure obligatoire\u00a0!<\/strong><\/p>\n<p>&nbsp;<\/p>\n<p>L\u2019arr\u00eat\u00e9 du 5 octobre 2020 <strong>rend d\u00e9sormais obligatoire la pose de panneaux de signalisation temporaire sur les voies publiques pour la chasse du grand gibier.<\/strong><\/p>\n<p>Son article 2 stipule <em>\u00ab\u00a0tout organisateur d\u2019une action collective de chasse \u00e0 tir au grand gibier appose des panneaux de signalisation temporaire sur l\u2019accotement ou \u00e0 proximit\u00e9 imm\u00e9diate des voies publiques pour signaler les entr\u00e9es principales de la zone de chasse\u00a0\u00bb.<\/em><\/p>\n<p>&nbsp;<\/p>\n<p>Le texte pr\u00e9cise \u00e9galement que <em>\u00ab\u00a0l\u2019apposition des panneaux est r\u00e9alis\u00e9e, avant tout commencement effectif de l\u2019action de chasse consid\u00e9r\u00e9e, le jour m\u00eame et que le retrait des panneaux intervient le m\u00eame jour, une fois l\u2019action de chasse termin\u00e9e\u00a0\u00bb.<\/em><\/p>\n<p><em>\u00a0<\/em><\/p>\n<p>Ces panneaux, dont la forme et le contenu restent libres, ont pour vocation d\u2019informer les usagers de la nature et de la route que des battues sont en cours. Ils concernent toutes les voies publiques (routes, nationales, d\u00e9partementales et communales).<\/p>\n<p>&nbsp;<\/p>\n<p>Panneau en vente au si\u00e8ge de la F\u00e9d\u00e9ration (Affili\u00e9 contrat de prestation de services 2.50\u20ac \/ non affili\u00e9\u00a0: 5\u20ac)<\/p>\n<p>&nbsp;<\/p>\n<hr \/>\n<p align=\"JUSTIFY\"><span style=\"font-size: large\"><b><img loading=\"lazy\" decoding=\"async\" class=\"size-full wp-image-4601 alignleft\" src=\"https:\/\/www.chasseurducentrevaldeloire.fr\/fdc36\/wp-content\/uploads\/sites\/4\/2021\/06\/GiletFluo.jpg\" alt=\"\" width=\"158\" height=\"158\" srcset=\"https:\/\/www.save.chasseurducentrevaldeloire.fr\/fdc36\/wp-content\/uploads\/sites\/4\/2021\/06\/GiletFluo.jpg 158w, https:\/\/www.save.chasseurducentrevaldeloire.fr\/fdc36\/wp-content\/uploads\/sites\/4\/2021\/06\/GiletFluo-150x150.jpg 150w\" sizes=\"auto, (max-width: 158px) 100vw, 158px\" \/><\/b><\/span><\/p>\n<h3><strong>Port du gilet fluo \u00e9tendu\u00a0: <\/strong><\/h3>\n<p>D\u00e9j\u00e0 obligatoire dans notre d\u00e9partement, le seul changement est que <strong>tous les participants devront \u00e9galement \u00eatre porteurs d\u2019un dispositif fluorescent<\/strong>.<\/p>\n<p>Modification du SDGC comme suit\u00a0:<\/p>\n<p>Port obligatoire du gilet fluorescent pour les chasseurs en action collective de chasse \u00e0 tir du grand gibier et du renard. Ce gilet peut \u00eatre int\u00e9gr\u00e9 \u00e0 un v\u00eatement de couleur vive de type, T-shirt, veste ou cape. Il doit \u00eatre port\u00e9 de mani\u00e8re visible et permanente, y compris par les personnes non arm\u00e9es.[\/vc_column_text][\/vc_column][\/vc_row][vc_row][vc_column][vc_empty_space][vc_column_text]T\u00e9l\u00e9charger :<\/p>\n<ul>\n<li><a href=\"https:\/\/www.chasseurducentrevaldeloire.fr\/fdc36\/wp-content\/uploads\/sites\/4\/2025\/08\/RC-Organisateur.pdf\" target=\"_blank\" rel=\"noopener\"><strong><span style=\"color: #c1246d\">Assurance organisateur de chasse<\/span><\/strong><\/a><\/li>\n<li><span style=\"color: #c1246d\"><strong><a style=\"color: #c1246d\" href=\"https:\/\/www.chasseurducentrevaldeloire.fr\/fdc36\/wp-content\/uploads\/sites\/4\/2024\/08\/DIPA-CHASSE-Responsabilite-Civile-2024-2025.pdf\" target=\"_blank\" rel=\"noopener\">Notice d\u2019information du contrat collectif responsabilit\u00e9 civile organisateur de chasse<\/a><\/strong><\/span><\/li>\n<li><a href=\"http:\/\/www.chasseurducentrevaldeloire.fr\/fdc36\/wp-content\/uploads\/sites\/4\/2018\/11\/Arretereglementationutilisationarmes.pdf\" target=\"_blank\" rel=\"noopener noreferrer\"><span style=\"color: #c1246d\"><strong>Arr\u00eat\u00e9 portant r\u00e9glementation de l&rsquo;utilisation des armes pour la chasse et pour la destruction des esp\u00e8ces susceptibles d&rsquo;occasionner des d\u00e9g\u00e2ts<\/strong><\/span><\/a><\/li>\n<li><strong><span style=\"color: #c1246d\"><a style=\"color: #c1246d\" href=\"http:\/\/www.chasseurducentrevaldeloire.fr\/fdc36\/wp-content\/uploads\/sites\/4\/2018\/06\/securiteununjeumajeuretunenecessite.pdf\" target=\"_blank\" rel=\"noopener noreferrer\">La s\u00e9curit\u00e9 est un enjeu majeur et une n\u00e9cessit\u00e9 \u00e0 la chasse<\/a><\/span><\/strong><\/li>\n<li><strong><span style=\"color: #c1246d\"><a style=\"color: #c1246d\" href=\"http:\/\/www.chasseurducentrevaldeloire.fr\/fdc36\/wp-content\/uploads\/sites\/4\/2018\/06\/Fiches_nouvelle_reglementation_armes_de_chasse.pdf\" target=\"_blank\" rel=\"noopener noreferrer\">Les nouvelles cat\u00e9gories de classement des armes de chasse<\/a> <\/span><br \/>\n<span style=\"color: #c1246d\"><a style=\"color: #c1246d\" href=\"http:\/\/www.chasseurducentrevaldeloire.fr\/fdc36\/wp-content\/uploads\/sites\/4\/2018\/06\/decretcontrolearmesmodernesimplifiepreventif.pdf\" target=\"_blank\" rel=\"noopener noreferrer\">D\u00e9cret no 2013-700 du 30 juillet 2013 portant application de la loi no 2012-304 du 6 mars 2012<\/a> <\/span><br \/>\n<span style=\"color: #c1246d\"><a style=\"color: #c1246d\" href=\"http:\/\/www.chasseurducentrevaldeloire.fr\/fdc36\/wp-content\/uploads\/sites\/4\/2018\/06\/Fiche_explicative.pdf\" target=\"_blank\" rel=\"noopener noreferrer\">Le transport de l\u2019arme de chasse \u00e0 bord d\u2019un v\u00e9hicule<\/a> <\/span><br \/>\n<span style=\"color: #c1246d\"><a style=\"color: #c1246d\" href=\"http:\/\/www.chasseurducentrevaldeloire.fr\/fdc36\/wp-content\/uploads\/sites\/4\/2018\/06\/Tableau_comparatif.pdf\" target=\"_blank\" rel=\"noopener noreferrer\">Tableau r\u00e9capitulatif sur les armes de chasse<\/a><\/span><\/strong><\/li>\n<li><a href=\"http:\/\/www.chasseurducentrevaldeloire.fr\/fdc36\/wp-content\/uploads\/sites\/4\/2018\/06\/Laluttecontrelesvols.pdf\" target=\"_blank\" rel=\"noopener noreferrer\"><strong><span style=\"color: #c1246d\">La lutte contre les vols d&rsquo;armes de chasse<\/span><\/strong><\/a><\/li>\n<li><a href=\"https:\/\/www.chasseurducentrevaldeloire.fr\/fdc36\/wp-content\/uploads\/sites\/4\/2025\/08\/article-revue-FOC-1.docx\" target=\"_blank\" rel=\"noopener\"><span style=\"color: #c1246d\"><strong><span data-olk-copy-source=\"MessageBody\">Formation organisateurs de chasse<\/span><\/strong><\/span><\/a><\/li>\n<\/ul>\n<p>[\/vc_column_text][\/vc_column][\/vc_row][vc_row][vc_column][vc_empty_space][vc_text_separator title=\u00a0\u00bbRegistre de chasse\u00a0\u00bb color=\u00a0\u00bbcustom\u00a0\u00bb accent_color=\u00a0\u00bb#c1246d\u00a0\u00bb][\/vc_column][\/vc_row][vc_row][vc_column][vc_empty_space][vc_single_image image=\u00a0\u00bb3100&Prime; img_size=\u00a0\u00bbfull\u00a0\u00bb add_caption=\u00a0\u00bbyes\u00a0\u00bb alignment=\u00a0\u00bbcenter\u00a0\u00bb][\/vc_column][\/vc_row][vc_row][vc_column][vc_text_separator title=\u00a0\u00bbTutoriels S\u00e9curit\u00e9\u00a0\u00bb color=\u00a0\u00bbcustom\u00a0\u00bb accent_color=\u00a0\u00bb#c1246d\u00a0\u00bb][vc_empty_space][vc_column_text]L\u2019Office national de la chasse et de la faune sauvage (ONCFS) et le magazine en ligne Chassons.com r\u00e9alisent une s\u00e9rie de tutoriels destin\u00e9s \u00e0 sensibiliser les chasseurs sur la s\u00e9curit\u00e9 \u00e0 la chasse. Deux tutoriels d\u2019une dur\u00e9e de trois minutes chacun viennent ainsi d\u2019\u00eatre mis en ligne conjointement sur la cha\u00eene <span style=\"color: #c1246d\"><strong><a style=\"color: #c1246d\" href=\"https:\/\/www.youtube.com\/playlist?list=PLD3PtzwgXZXUsrezMiSRnRoMNCBTpl5vz\">YouTube de l\u2019\u00e9tablissement public<\/a><\/strong><\/span> et sur le site de Chassons.com.<\/p>\n<p><iframe loading=\"lazy\" title=\"S\u00e9curit\u00e9 \u00e0 la chasse\" width=\"1100\" height=\"619\" src=\"https:\/\/www.youtube.com\/embed\/videoseries?list=PLD3PtzwgXZXUsrezMiSRnRoMNCBTpl5vz\" frameborder=\"0\" allow=\"accelerometer; autoplay; clipboard-write; encrypted-media; gyroscope; picture-in-picture; web-share\" referrerpolicy=\"strict-origin-when-cross-origin\" allowfullscreen><\/iframe><\/p>\n<div class=\"download_line\">\r\n    <div class=\"dl_top\">\r\n        <div>\r\n                        <a class=\"dl_link\" href=\"https:\/\/www.save.chasseurducentrevaldeloire.fr\/fdc36\/download\/3593\/?tmstv=1775902598\" rel=\"nofollow\" target=\"_blank\">\r\n                <i class=\"file_icon fa fa-file-pdf-o\"><\/i>\r\n                <span>communique_ONCFS_securite_chasse_Chassons.pdf<\/span>\r\n            <\/a>\r\n        <\/div>\r\n                <p><i class=\"dl_count fa fa-download\" onclick=\"location.href='https:\/\/www.save.chasseurducentrevaldeloire.fr\/fdc36\/download\/3593\/?tmstv=1775902598'\"><\/i> 1178<\/p>\r\n    <\/div>\r\n    <div class=\"dl_bottom\" id=\"dlb3593\">\r\n            <\/div>\r\n<\/div>[\/vc_column_text][\/vc_column][\/vc_row]<\/p>\n","protected":false},"excerpt":{"rendered":"<p>[vc_row][vc_column][vc_column_text] La formation se d\u00e9roule sur une journ\u00e9e au domaine du Plessis \u00e0 Mign\u00e9. L\u2019inscription se fera aupr\u00e8s de la F\u00e9d\u00e9ration au prix de 10 euros. [\/vc_column_text][vc_empty_space][vc_text_separator title=\u00a0\u00bbCe qui s\u2019impose \u00e0 vous par arr\u00eat\u00e9 pr\u00e9fectoral et minist\u00e9riel\u00a0\u00bb color=\u00a0\u00bbcustom\u00a0\u00bb accent_color=\u00a0\u00bb#c1246d\u00a0\u00bb][vc_empty_space][vc_column_text]Article 1 : Il est interdit d&rsquo;avoir&#8230;<\/p>\n","protected":false},"author":6,"featured_media":0,"parent":0,"menu_order":0,"comment_status":"closed","ping_status":"closed","template":"","meta":{"_acf_changed":false,"inline_featured_image":false,"_exactmetrics_skip_tracking":false,"_exactmetrics_sitenote_active":false,"_exactmetrics_sitenote_note":"","_exactmetrics_sitenote_category":0,"footnotes":""},"class_list":["post-3090","page","type-page","status-publish","hentry"],"acf":[],"publishpress_future_action":{"enabled":false,"date":"2026-04-18 12:16:38","action":"change-status","newStatus":"draft","terms":[],"taxonomy":"","extraData":[]},"publishpress_future_workflow_manual_trigger":{"enabledWorkflows":[]},"_links":{"self":[{"href":"https:\/\/www.save.chasseurducentrevaldeloire.fr\/fdc36\/wp-json\/wp\/v2\/pages\/3090","targetHints":{"allow":["GET"]}}],"collection":[{"href":"https:\/\/www.save.chasseurducentrevaldeloire.fr\/fdc36\/wp-json\/wp\/v2\/pages"}],"about":[{"href":"https:\/\/www.save.chasseurducentrevaldeloire.fr\/fdc36\/wp-json\/wp\/v2\/types\/page"}],"author":[{"embeddable":true,"href":"https:\/\/www.save.chasseurducentrevaldeloire.fr\/fdc36\/wp-json\/wp\/v2\/users\/6"}],"replies":[{"embeddable":true,"href":"https:\/\/www.save.chasseurducentrevaldeloire.fr\/fdc36\/wp-json\/wp\/v2\/comments?post=3090"}],"version-history":[{"count":35,"href":"https:\/\/www.save.chasseurducentrevaldeloire.fr\/fdc36\/wp-json\/wp\/v2\/pages\/3090\/revisions"}],"predecessor-version":[{"id":7568,"href":"https:\/\/www.save.chasseurducentrevaldeloire.fr\/fdc36\/wp-json\/wp\/v2\/pages\/3090\/revisions\/7568"}],"wp:attachment":[{"href":"https:\/\/www.save.chasseurducentrevaldeloire.fr\/fdc36\/wp-json\/wp\/v2\/media?parent=3090"}],"curies":[{"name":"wp","href":"https:\/\/api.w.org\/{rel}","templated":true}]}}