{"id":3075,"date":"2018-06-22T13:35:10","date_gmt":"2018-06-22T11:35:10","guid":{"rendered":"http:\/\/www.chasseurducentrevaldeloire.fr\/fdc36\/?page_id=3075"},"modified":"2025-06-23T16:19:38","modified_gmt":"2025-06-23T14:19:38","slug":"especes-predatrices-et-depredatrices","status":"publish","type":"page","link":"https:\/\/www.save.chasseurducentrevaldeloire.fr\/fdc36\/especes-predatrices-et-depredatrices\/","title":{"rendered":"Esp\u00e8ces pr\u00e9datrices et d\u00e9pr\u00e9datrices"},"content":{"rendered":"<p>[vc_row][vc_column][vc_column_text][\/vc_column_text][vc_single_image image=\u00a0\u00bb3076&Prime; img_size=\u00a0\u00bbmedium\u00a0\u00bb alignment=\u00a0\u00bbcenter\u00a0\u00bb][\/vc_column][\/vc_row][vc_row][vc_column][vc_column_text]<\/p>\n<ul>\n<li>Arr\u00eat\u00e9s et modalit\u00e9s de destruction des esp\u00e8ces susceptibles d\u2019occasionner des d\u00e9g\u00e2ts <span style=\"color: #c1246d\"><strong><a style=\"color: #c1246d\" href=\"http:\/\/www.chasseurducentrevaldeloire.fr\/fdc36\/wp-content\/uploads\/sites\/4\/2018\/06\/ArreteNuisibleG1Modalite.pdf\" target=\"_blank\" rel=\"noopener noreferrer\">groupe 1<\/a> <\/strong><\/span>et les <span style=\"color: #c1246d\"><strong><a style=\"color: #c1246d\" href=\"http:\/\/www.chasseurducentrevaldeloire.fr\/fdc36\/wp-content\/uploads\/sites\/4\/2018\/06\/ArreteNuisibleG1Disposition.pdf\" target=\"_blank\" rel=\"noopener noreferrer\">dispositions<\/a>\u00a0<\/strong> <\/span>(groupe 1) du 28 juin 2016 et Arr\u00eat\u00e9s et modalit\u00e9s de destruction des esp\u00e8ces susceptibles d\u2019occasionner des d\u00e9g\u00e2ts <span style=\"color: #c1246d\"><a style=\"color: #c1246d\" href=\"https:\/\/www.chasseurducentrevaldeloire.fr\/fdc36\/wp-content\/uploads\/sites\/4\/2023\/08\/Arrete-ESOD_3-AOUT-2023.pdf\" target=\"_blank\" rel=\"noopener\"><strong>groupe 2<\/strong><\/a><\/span> du 3 ao\u00fbt 2023 (Renard, Fouine, Martre, Corbeau freux et Corneille noire)<\/li>\n<li><a href=\"https:\/\/www.chasseurducentrevaldeloire.fr\/fdc36\/wp-content\/uploads\/sites\/4\/2025\/06\/AP-ESOD-Groupe-3-2025-2026-signe-et-enregistre-au-RAA.pdf\" target=\"_blank\" rel=\"noopener\"><strong><span style=\"color: #c1246d\">Arr\u00eat\u00e9 du 4 juin 2024 fixant la listes des esp\u00e8ces susceptibles d\u2019occasionner des d\u00e9g\u00e2ts &#8211; groupe 3<\/span><\/strong><\/a> (2025-2026)<\/li>\n<li><a href=\"https:\/\/www.chasseurducentrevaldeloire.fr\/fdc36\/wp-content\/uploads\/sites\/4\/2025\/02\/Imprime-demande-destruct-animaux-suscept-occasionn-degats-2025-1.pdf\" target=\"_blank\" rel=\"noopener\"><span style=\"color: #c1246d\"><strong>Demande d\u2019autorisation de destruction par tir d\u2019esp\u00e8ces susceptibles d\u2019occasionner des d\u00e9g\u00e2ts<\/strong><\/span><\/a><span style=\"color: #c1246d\"><strong> (FORMULAIRE)<\/strong><\/span><\/li>\n<li><span style=\"color: #c1246d\"><a style=\"color: #c1246d\" href=\"https:\/\/www.demarches-simplifiees.fr\/commencer\/demande-d-autorisation-de-destruction-par-tir-d-esod-2025\" target=\"_blank\" rel=\"noopener\"><strong>Demande d\u2019autorisation de destruction par tir d\u2019esp\u00e8ces susceptibles d\u2019occasionner des d\u00e9g\u00e2ts (D\u00c9MARCHES EN LIGNE)<\/strong><\/a><\/span><\/li>\n<li><a href=\"https:\/\/www.chasseurducentrevaldeloire.fr\/fdc36\/wp-content\/uploads\/sites\/4\/2025\/06\/F-Decl-RagRatmus-2025-2026.pdf\" target=\"_blank\" rel=\"noopener\"><span style=\"color: #c1246d\"><strong>D\u00e9claration de destruction ragondin-rat musqu\u00e9 (FORMULAIRE)<\/strong><\/span><\/a><\/li>\n<li><strong><a href=\"https:\/\/www.demarches-simplifiees.fr\/commencer\/declaration-de-destruction-a-tir-du-ragondin-et-du-rat-musque-2025-2026\" target=\"_blank\" rel=\"noopener\"><span style=\"color: #c1246d\">D\u00e9claration de destruction ragondin-rat musqu\u00e9 (D\u00c9MARCHES EN LIGNE)<\/span><\/a><\/strong><\/li>\n<li><a href=\"https:\/\/www.chasseurducentrevaldeloire.fr\/fdc36\/wp-content\/uploads\/sites\/4\/2025\/06\/ARRETE-LOUTRE-CASTOR-2025-2026-signe-et-enregistre-au-RAA.pdf\" target=\"_blank\" rel=\"noopener\"><span style=\"color: #c1245d\"><strong>Arr\u00eat\u00e9 Loutre-Castor 2025-2026<\/strong><\/span><\/a><\/li>\n<li><a class=\"dl_link\" href=\"https:\/\/www.chasseurducentrevaldeloire.fr\/fdc36\/wp-content\/uploads\/sites\/4\/2024\/08\/fichedommagesESOD.pdf\" target=\"_blank\" rel=\"nofollow noopener\"><strong><span style=\"color: #c1246d\">Attestation de dommages<\/span><\/strong><\/a><\/li>\n<li><a class=\"dl_link\" href=\"https:\/\/www.chasseurducentrevaldeloire.fr\/fdc36\/download\/3765\/\" target=\"_blank\" rel=\"nofollow noopener\"><strong><span style=\"color: #c1246d\">Dispositifs d\u2019effarouchement sonores<\/span><\/strong><\/a><\/li>\n<li><a href=\"https:\/\/www.chasseurducentrevaldeloire.fr\/fdc36\/wp-content\/uploads\/sites\/4\/2023\/11\/fiche-dommages-nuisibles.pdf\" target=\"_blank\" rel=\"noopener\"><span style=\"color: #c1246d\"><strong>Attestation de dommages caus\u00e9s par des esp\u00e8ces pr\u00e9datrices ou d\u00e9pr\u00e9datrices<\/strong><\/span><\/a><\/li>\n<li><a href=\"https:\/\/www.chasseurducentrevaldeloire.fr\/fdc36\/wp-content\/uploads\/sites\/4\/2025\/03\/DECLARATION-PIEGEAGE.pdf\" target=\"_blank\" rel=\"noopener\"><span style=\"color: #c1246d\"><strong>D\u00e9claration de pi\u00e9geage\u00a0<\/strong><\/span><\/a><\/li>\n<li><a href=\"https:\/\/www.chasseurducentrevaldeloire.fr\/fdc36\/wp-content\/uploads\/sites\/4\/2025\/06\/Communique-de-presse-martre-PREFECTURE-05.2025-.pdf\" target=\"_blank\" rel=\"noopener\"><span style=\"color: #c1246d\"><strong>Communiqu\u00e9 de la Pr\u00e9fecture : La martre est retir\u00e9e de la liste des ESOD<\/strong><\/span><\/a><\/li>\n<\/ul>\n<p>[\/vc_column_text][vc_empty_space][\/vc_column][\/vc_row][vc_row][vc_column][\/vc_column][\/vc_row][vc_row][vc_column][vc_empty_space][vc_column_text]Enfin, sur les secteurs \u00e0 mesures de gestion du petit gibier\u00a0: GIC, GIAC, non tir de la poule faisane, zones \u00e0 gestion du li\u00e8vre, r\u00e9implantation du faisan (voli\u00e8res \u00e0 ciel ouvert) ou du lapin de garenne (sous convention avec\u00a0 la FDC36), le pi\u00e9geage des must\u00e9lid\u00e9s est possible sur l\u2019ensemble du territoire des communes concern\u00e9es (liste des communes sur l\u2019arr\u00eat\u00e9 n\u00b02015-17-7.DDT 034 du 17 juillet 2015).<\/p>\n<p>[\/vc_column_text][\/vc_column][\/vc_row][vc_row][vc_column][vc_empty_space][\/vc_column][\/vc_row][vc_row][vc_column][\/vc_column][\/vc_row]<\/p>\n","protected":false},"excerpt":{"rendered":"<p>[vc_row][vc_column][vc_column_text][\/vc_column_text][vc_single_image image=\u00a0\u00bb3076&Prime; img_size=\u00a0\u00bbmedium\u00a0\u00bb alignment=\u00a0\u00bbcenter\u00a0\u00bb][\/vc_column][\/vc_row][vc_row][vc_column][vc_column_text] Arr\u00eat\u00e9s et modalit\u00e9s de destruction des esp\u00e8ces susceptibles d\u2019occasionner des d\u00e9g\u00e2ts groupe 1 et les dispositions\u00a0 (groupe 1) du 28 juin 2016 et Arr\u00eat\u00e9s et modalit\u00e9s de destruction des esp\u00e8ces susceptibles d\u2019occasionner des d\u00e9g\u00e2ts groupe 2 du 3 ao\u00fbt 2023 (Renard,&#8230;<\/p>\n","protected":false},"author":6,"featured_media":0,"parent":0,"menu_order":0,"comment_status":"closed","ping_status":"closed","template":"","meta":{"_acf_changed":false,"inline_featured_image":false,"_exactmetrics_skip_tracking":false,"_exactmetrics_sitenote_active":false,"_exactmetrics_sitenote_note":"","_exactmetrics_sitenote_category":0,"footnotes":""},"class_list":["post-3075","page","type-page","status-publish","hentry"],"acf":[],"publishpress_future_action":{"enabled":false,"date":"2026-04-15 03:01:36","action":"change-status","newStatus":"draft","terms":[],"taxonomy":"","extraData":[]},"publishpress_future_workflow_manual_trigger":{"enabledWorkflows":[]},"_links":{"self":[{"href":"https:\/\/www.save.chasseurducentrevaldeloire.fr\/fdc36\/wp-json\/wp\/v2\/pages\/3075","targetHints":{"allow":["GET"]}}],"collection":[{"href":"https:\/\/www.save.chasseurducentrevaldeloire.fr\/fdc36\/wp-json\/wp\/v2\/pages"}],"about":[{"href":"https:\/\/www.save.chasseurducentrevaldeloire.fr\/fdc36\/wp-json\/wp\/v2\/types\/page"}],"author":[{"embeddable":true,"href":"https:\/\/www.save.chasseurducentrevaldeloire.fr\/fdc36\/wp-json\/wp\/v2\/users\/6"}],"replies":[{"embeddable":true,"href":"https:\/\/www.save.chasseurducentrevaldeloire.fr\/fdc36\/wp-json\/wp\/v2\/comments?post=3075"}],"version-history":[{"count":40,"href":"https:\/\/www.save.chasseurducentrevaldeloire.fr\/fdc36\/wp-json\/wp\/v2\/pages\/3075\/revisions"}],"predecessor-version":[{"id":7357,"href":"https:\/\/www.save.chasseurducentrevaldeloire.fr\/fdc36\/wp-json\/wp\/v2\/pages\/3075\/revisions\/7357"}],"wp:attachment":[{"href":"https:\/\/www.save.chasseurducentrevaldeloire.fr\/fdc36\/wp-json\/wp\/v2\/media?parent=3075"}],"curies":[{"name":"wp","href":"https:\/\/api.w.org\/{rel}","templated":true}]}}