{"id":3071,"date":"2018-06-22T11:37:27","date_gmt":"2018-06-22T09:37:27","guid":{"rendered":"http:\/\/www.chasseurducentrevaldeloire.fr\/fdc36\/?page_id=3071"},"modified":"2024-10-18T11:15:07","modified_gmt":"2024-10-18T09:15:07","slug":"schema-de-gestion-cynegetique","status":"publish","type":"page","link":"https:\/\/www.save.chasseurducentrevaldeloire.fr\/fdc36\/schema-de-gestion-cynegetique\/","title":{"rendered":"Sch\u00e9ma de Gestion Cyn\u00e9g\u00e9tique"},"content":{"rendered":"<p>[vc_row][vc_column][vc_column_text]Le nouveau Sch\u00e9ma D\u00e9partemental de Gestion Cyn\u00e9g\u00e9tique de l\u2019Indre est approuv\u00e9 par le Pr\u00e9fet pour la p\u00e9riode 2024-2030.[\/vc_column_text][vc_empty_space][vc_column_text]Les dispositions approuv\u00e9es par le SDGC sont opposables aux chasseurs, aux soci\u00e9t\u00e9s, aux groupements et aux associations de chasse du d\u00e9partement de l\u2019Indre.[\/vc_column_text][vc_empty_space][vc_column_text]Il s\u2019agit d\u2019une mise \u00e0 jour du SDGC 2018-2024 avec quelques modifications notamment en ce qui concerne l\u2019agrainage du grand gibier, la gestion du sanglier et la s\u00e9curit\u00e9.[\/vc_column_text][vc_empty_space][vc_column_text]Le SDGC est un outil fonctionnel, \u00e9labor\u00e9 et conduit par la F\u00e9d\u00e9ration D\u00e9partementale des Chasseurs de l\u2019Indre, qui inscrit la chasse dans une perspective de gestion durable des esp\u00e8ces et des espaces et contribue \u00e9galement \u00e0 la politique environnementale dans le d\u00e9partement, en partenariat avec les acteurs du monde rural. C\u2019est un projet collectif et d\u2019int\u00e9r\u00eat g\u00e9n\u00e9ral.[\/vc_column_text][vc_empty_space][vc_column_text]Ce Sch\u00e9ma D\u00e9partemental de Gestion Cyn\u00e9g\u00e9tique pour le d\u00e9partement de l\u2019Indre sera mis en \u0153uvre par la F\u00e9d\u00e9ration D\u00e9partementale des Chasseurs de l\u2019Indre et ses membres de 2024 \u00e0 2030, dans la limite des moyens humains et financiers qui sont ou seront les siens.[\/vc_column_text][vc_empty_space][vc_column_text]T\u00e9l\u00e9charger\u00a0:<\/p>\n<ul>\n<li>le<span style=\"color: #c1246d\"><a style=\"color: #c1246d\" href=\"https:\/\/www.chasseurducentrevaldeloire.fr\/fdc36\/wp-content\/uploads\/sites\/4\/2024\/08\/SCHEMA-DEPARTEMENTAL-DE-GESTION-CYNEGETIQUE-2024-2030-VALIDE.pdf\" target=\"_blank\" rel=\"noopener\"><strong> SDGC 2024-2030<\/strong><\/a><\/span><\/li>\n<li>l\u2019 <span style=\"color: #c1246d\"><a style=\"color: #c1246d\" href=\"https:\/\/www.chasseurducentrevaldeloire.fr\/fdc36\/wp-content\/uploads\/sites\/4\/2024\/08\/Arrete-SDGC-2024-2030.pdf\" target=\"_blank\" rel=\"noopener\"><strong>arr\u00eat\u00e9<\/strong><\/a><\/span><\/li>\n<li><a href=\"https:\/\/www.chasseurducentrevaldeloire.fr\/fdc36\/wp-content\/uploads\/sites\/4\/2024\/10\/Schema-Departemental-de-Gestion-Cynegetique-2024-2030.pdf\" target=\"_blank\" rel=\"noopener\"><strong><span style=\"color: #c1246d\">Sch\u00e9ma D\u00e9partemental de Gestion Cyn\u00e9g\u00e9tique 2024-2030<\/span><\/strong><\/a><\/li>\n<\/ul>\n<p>[\/vc_column_text][\/vc_column][\/vc_row][vc_row][vc_column][\/vc_column][\/vc_row]<\/p>\n","protected":false},"excerpt":{"rendered":"<p>[vc_row][vc_column][vc_column_text]Le nouveau Sch\u00e9ma D\u00e9partemental de Gestion Cyn\u00e9g\u00e9tique de l\u2019Indre est approuv\u00e9 par le Pr\u00e9fet pour la p\u00e9riode 2024-2030.[\/vc_column_text][vc_empty_space][vc_column_text]Les dispositions approuv\u00e9es par le SDGC sont opposables aux chasseurs, aux soci\u00e9t\u00e9s, aux groupements et aux associations de chasse du d\u00e9partement de l\u2019Indre.[\/vc_column_text][vc_empty_space][vc_column_text]Il s\u2019agit d\u2019une mise \u00e0 jour&#8230;<\/p>\n","protected":false},"author":6,"featured_media":0,"parent":0,"menu_order":0,"comment_status":"closed","ping_status":"closed","template":"","meta":{"_acf_changed":false,"inline_featured_image":false,"_exactmetrics_skip_tracking":false,"_exactmetrics_sitenote_active":false,"_exactmetrics_sitenote_note":"","_exactmetrics_sitenote_category":0,"footnotes":""},"class_list":["post-3071","page","type-page","status-publish","hentry"],"acf":[],"publishpress_future_action":{"enabled":false,"date":"2026-04-21 18:51:10","action":"change-status","newStatus":"draft","terms":[],"taxonomy":"","extraData":[]},"publishpress_future_workflow_manual_trigger":{"enabledWorkflows":[]},"_links":{"self":[{"href":"https:\/\/www.save.chasseurducentrevaldeloire.fr\/fdc36\/wp-json\/wp\/v2\/pages\/3071","targetHints":{"allow":["GET"]}}],"collection":[{"href":"https:\/\/www.save.chasseurducentrevaldeloire.fr\/fdc36\/wp-json\/wp\/v2\/pages"}],"about":[{"href":"https:\/\/www.save.chasseurducentrevaldeloire.fr\/fdc36\/wp-json\/wp\/v2\/types\/page"}],"author":[{"embeddable":true,"href":"https:\/\/www.save.chasseurducentrevaldeloire.fr\/fdc36\/wp-json\/wp\/v2\/users\/6"}],"replies":[{"embeddable":true,"href":"https:\/\/www.save.chasseurducentrevaldeloire.fr\/fdc36\/wp-json\/wp\/v2\/comments?post=3071"}],"version-history":[{"count":13,"href":"https:\/\/www.save.chasseurducentrevaldeloire.fr\/fdc36\/wp-json\/wp\/v2\/pages\/3071\/revisions"}],"predecessor-version":[{"id":6903,"href":"https:\/\/www.save.chasseurducentrevaldeloire.fr\/fdc36\/wp-json\/wp\/v2\/pages\/3071\/revisions\/6903"}],"wp:attachment":[{"href":"https:\/\/www.save.chasseurducentrevaldeloire.fr\/fdc36\/wp-json\/wp\/v2\/media?parent=3071"}],"curies":[{"name":"wp","href":"https:\/\/api.w.org\/{rel}","templated":true}]}}