{"id":3060,"date":"2018-06-20T09:48:47","date_gmt":"2018-06-20T07:48:47","guid":{"rendered":"http:\/\/www.chasseurducentrevaldeloire.fr\/fdc36\/?page_id=3060"},"modified":"2018-06-20T09:48:47","modified_gmt":"2018-06-20T07:48:47","slug":"actualites","status":"publish","type":"page","link":"https:\/\/www.save.chasseurducentrevaldeloire.fr\/fdc36\/actualites\/","title":{"rendered":"Actualit\u00e9s"},"content":{"rendered":"<p><code class=\"news-full-width\">\t<div class=\"wpnawfree-plugin news-clearfix \" id=\"wpnw-news-1\">\r\n\r\n\t\t\r\n\t\t\t<div id=\"post-7854\" class=\"news type-news wpnaw-blog-class has-date news-col-list wpnaw-first wpnaw-last\">\r\n\t\t\t\t<div class=\"news-inner-wrap-view news-clearfix \">\r\n\r\n\t\t\t\t\t\t\t\t\t\t<div class=\"news-thumb\">\r\n\t\t\t\t\t\t\t\t\t\t\t\t\t<div class=\"grid-news-thumb\">\r\n\t\t\t\t\t\t\t\t<a href=\"https:\/\/www.save.chasseurducentrevaldeloire.fr\/fdc36\/news\/influenza-aviaire-hautement-pathogene-iahp\/\"><img loading=\"lazy\" decoding=\"async\" width=\"768\" height=\"538\" src=\"https:\/\/www.save.chasseurducentrevaldeloire.fr\/fdc36\/wp-content\/uploads\/sites\/4\/2025\/10\/autresoiseaux2019_dgestim_fnc_7_-768x538.jpg\" class=\"attachment-medium_large size-medium_large wp-post-image\" alt=\"Grues cendr\u00e9es\" srcset=\"https:\/\/www.save.chasseurducentrevaldeloire.fr\/fdc36\/wp-content\/uploads\/sites\/4\/2025\/10\/autresoiseaux2019_dgestim_fnc_7_-768x538.jpg 768w, https:\/\/www.save.chasseurducentrevaldeloire.fr\/fdc36\/wp-content\/uploads\/sites\/4\/2025\/10\/autresoiseaux2019_dgestim_fnc_7_-300x210.jpg 300w, https:\/\/www.save.chasseurducentrevaldeloire.fr\/fdc36\/wp-content\/uploads\/sites\/4\/2025\/10\/autresoiseaux2019_dgestim_fnc_7_-1024x717.jpg 1024w, https:\/\/www.save.chasseurducentrevaldeloire.fr\/fdc36\/wp-content\/uploads\/sites\/4\/2025\/10\/autresoiseaux2019_dgestim_fnc_7_-1536x1075.jpg 1536w, https:\/\/www.save.chasseurducentrevaldeloire.fr\/fdc36\/wp-content\/uploads\/sites\/4\/2025\/10\/autresoiseaux2019_dgestim_fnc_7_-2048x1434.jpg 2048w\" sizes=\"auto, (max-width: 768px) 100vw, 768px\" \/><\/a>\r\n\t\t\t\t\t\t\t<\/div>\r\n\t\t\t\t\t\t\t\t\t\t\t<\/div>\r\n\t\t\t\t\t\r\n\t\t\t\t\t<div class=\"news-content\">\r\n\t\t\t\t\t\t\r\n\t\t\t\t\t\t<div class=\"post-content-text\">\r\n\t\t\t\t\t\t\t<h3 class=\"news-title\"><a href=\"https:\/\/www.save.chasseurducentrevaldeloire.fr\/fdc36\/news\/influenza-aviaire-hautement-pathogene-iahp\/\" rel=\"bookmark\">Influenza aviaire hautement pathog\u00e8ne (IAHP)<\/a><\/h3>\t\t\t\t\t\t\t\t<div class=\"news-content-excerpt\">\r\n\t\t\t\t\t\t\t\t\t\t\t\t\t\t\t\t\t\t\t<div class=\"news-short-content\">\r\n\t\t\t\t\t\t\t\t\t\t\tLe d\u00e9partement de l\u2019Indre est touch\u00e9...\t\t\t\t\t\t\t\t\t\t<\/div>\r\n\t\t\t\t\t\t\t\t\t\t<a href=\"https:\/\/www.save.chasseurducentrevaldeloire.fr\/fdc36\/news\/influenza-aviaire-hautement-pathogene-iahp\/\" class=\"news-more-link\">En savoir plus<\/a>\r\n\t\t\t\t\t\t\t\t\t\t\t\t\t\t\t\t\t<\/div><!-- .entry-content -->\r\n\t\t\t\t\t\t\t\t\t\t\t\t\t<\/div>\r\n\t\t\t\t\t<\/div>\r\n\t\t\t\t<\/div><!-- #post-## -->\r\n\t\t\t<\/div><!-- #post-## -->\r\n\t\t\t\t\t<div class=\"news_pagination wpnw-prev-next\">\r\n\t\t\t\t<a class=\"next page-numbers\" href=\"https:\/\/www.save.chasseurducentrevaldeloire.fr\/fdc36\/wp-json\/wp\/v2\/pages\/3060\/page\/2\/#wpnw-news-1\">Suivante &raquo;<\/a>\t\t\t<\/div>\r\n\t\t\t<\/div>\r\n\r\n\t<\/code><br \/>\n\t<div class=\"wpnawfree-plugin news-clearfix \" id=\"wpnw-news-2\">\r\n\r\n\t\t\r\n\t\t\t<div id=\"post-7900\" class=\"news type-news wpnaw-blog-class has-date news-col-3 wpnaw-first\">\r\n\t\t\t\t<div class=\"news-inner-wrap-view news-clearfix \">\r\n\r\n\t\t\t\t\t\t\t\t\t\t<div class=\"news-thumb\">\r\n\t\t\t\t\t\t\t\t\t\t\t\t\t<div class=\"grid-news-thumb\">\r\n\t\t\t\t\t\t\t\t<a href=\"https:\/\/www.save.chasseurducentrevaldeloire.fr\/fdc36\/news\/les-chasseurs-ont-du-coeur\/\"><img loading=\"lazy\" decoding=\"async\" width=\"768\" height=\"522\" src=\"https:\/\/www.save.chasseurducentrevaldeloire.fr\/fdc36\/wp-content\/uploads\/sites\/4\/2025\/11\/RepasSolidaire-768x522.jpg\" class=\"attachment-medium_large size-medium_large wp-post-image\" alt=\"\" srcset=\"https:\/\/www.save.chasseurducentrevaldeloire.fr\/fdc36\/wp-content\/uploads\/sites\/4\/2025\/11\/RepasSolidaire-768x522.jpg 768w, https:\/\/www.save.chasseurducentrevaldeloire.fr\/fdc36\/wp-content\/uploads\/sites\/4\/2025\/11\/RepasSolidaire-300x204.jpg 300w, https:\/\/www.save.chasseurducentrevaldeloire.fr\/fdc36\/wp-content\/uploads\/sites\/4\/2025\/11\/RepasSolidaire.jpg 1000w\" sizes=\"auto, (max-width: 768px) 100vw, 768px\" \/><\/a>\r\n\t\t\t\t\t\t\t<\/div>\r\n\t\t\t\t\t\t\t\t\t\t\t<\/div>\r\n\t\t\t\t\t\r\n\t\t\t\t\t<div class=\"news-content\">\r\n\t\t\t\t\t\t\t\t\t\t\t\t\t<div class=\"grid-date-post\">\r\n\t\t\t\t\t\t\t\t18 novembre 2025\t\t\t\t\t\t\t<\/div>\r\n\t\t\t\t\t\t\r\n\t\t\t\t\t\t<div class=\"post-content-text\">\r\n\t\t\t\t\t\t\t<h3 class=\"news-title\"><a href=\"https:\/\/www.save.chasseurducentrevaldeloire.fr\/fdc36\/news\/les-chasseurs-ont-du-coeur\/\" rel=\"bookmark\">Les chasseurs ont du c\u0153ur<\/a><\/h3>\t\t\t\t\t\t\t\t<div class=\"news-content-excerpt\">\r\n\t\t\t\t\t\t\t\t\t\t\t\t\t\t\t\t\t\t\t<div class=\"news-short-content\">\r\n\t\t\t\t\t\t\t\t\t\t\tA l\u2019initiative de la F\u00e9d\u00e9ration des...\t\t\t\t\t\t\t\t\t\t<\/div>\r\n\t\t\t\t\t\t\t\t\t\t<a href=\"https:\/\/www.save.chasseurducentrevaldeloire.fr\/fdc36\/news\/les-chasseurs-ont-du-coeur\/\" class=\"news-more-link\">En savoir plus<\/a>\r\n\t\t\t\t\t\t\t\t\t\t\t\t\t\t\t\t\t<\/div><!-- .entry-content -->\r\n\t\t\t\t\t\t\t\t\t\t\t\t\t<\/div>\r\n\t\t\t\t\t<\/div>\r\n\t\t\t\t<\/div><!-- #post-## -->\r\n\t\t\t<\/div><!-- #post-## -->\r\n\t\t\r\n\t\t\t<div id=\"post-6198\" class=\"news type-news wpnaw-blog-class has-date news-col-3\">\r\n\t\t\t\t<div class=\"news-inner-wrap-view news-clearfix \">\r\n\r\n\t\t\t\t\t\t\t\t\t\t<div class=\"news-thumb\">\r\n\t\t\t\t\t\t\t\t\t\t\t\t\t<div class=\"grid-news-thumb\">\r\n\t\t\t\t\t\t\t\t<a href=\"https:\/\/www.save.chasseurducentrevaldeloire.fr\/fdc36\/news\/influenza-aviaire-passage-au-niveau-de-risque-modere\/\"><img loading=\"lazy\" decoding=\"async\" width=\"768\" height=\"512\" src=\"https:\/\/www.save.chasseurducentrevaldeloire.fr\/fdc36\/wp-content\/uploads\/sites\/4\/2022\/11\/anatides_dgest_fnc_2021-17-768x512.jpg\" class=\"attachment-medium_large size-medium_large wp-post-image\" alt=\"\" srcset=\"https:\/\/www.save.chasseurducentrevaldeloire.fr\/fdc36\/wp-content\/uploads\/sites\/4\/2022\/11\/anatides_dgest_fnc_2021-17-768x512.jpg 768w, https:\/\/www.save.chasseurducentrevaldeloire.fr\/fdc36\/wp-content\/uploads\/sites\/4\/2022\/11\/anatides_dgest_fnc_2021-17-300x200.jpg 300w, https:\/\/www.save.chasseurducentrevaldeloire.fr\/fdc36\/wp-content\/uploads\/sites\/4\/2022\/11\/anatides_dgest_fnc_2021-17.jpg 1000w\" sizes=\"auto, (max-width: 768px) 100vw, 768px\" \/><\/a>\r\n\t\t\t\t\t\t\t<\/div>\r\n\t\t\t\t\t\t\t\t\t\t\t<\/div>\r\n\t\t\t\t\t\r\n\t\t\t\t\t<div class=\"news-content\">\r\n\t\t\t\t\t\t\t\t\t\t\t\t\t<div class=\"grid-date-post\">\r\n\t\t\t\t\t\t\t\t21 octobre 2025\t\t\t\t\t\t\t<\/div>\r\n\t\t\t\t\t\t\r\n\t\t\t\t\t\t<div class=\"post-content-text\">\r\n\t\t\t\t\t\t\t<h3 class=\"news-title\"><a href=\"https:\/\/www.save.chasseurducentrevaldeloire.fr\/fdc36\/news\/influenza-aviaire-passage-au-niveau-de-risque-modere\/\" rel=\"bookmark\">Influenza aviaire : passage au risque \u00ab\u00a0\u00e9lev\u00e9\u00a0\u00bb<\/a><\/h3>\t\t\t\t\t\t\t\t<div class=\"news-content-excerpt\">\r\n\t\t\t\t\t\t\t\t\t\t\t\t\t\t\t\t\t\t\t<div class=\"news-short-content\">\r\n\t\t\t\t\t\t\t\t\t\t\tT\u00e9l\u00e9charger : Arr\u00eat\u00e9 du 17 octobre...\t\t\t\t\t\t\t\t\t\t<\/div>\r\n\t\t\t\t\t\t\t\t\t\t<a href=\"https:\/\/www.save.chasseurducentrevaldeloire.fr\/fdc36\/news\/influenza-aviaire-passage-au-niveau-de-risque-modere\/\" class=\"news-more-link\">En savoir plus<\/a>\r\n\t\t\t\t\t\t\t\t\t\t\t\t\t\t\t\t\t<\/div><!-- .entry-content -->\r\n\t\t\t\t\t\t\t\t\t\t\t\t\t<\/div>\r\n\t\t\t\t\t<\/div>\r\n\t\t\t\t<\/div><!-- #post-## -->\r\n\t\t\t<\/div><!-- #post-## -->\r\n\t\t\r\n\t\t\t<div id=\"post-7744\" class=\"news type-news wpnaw-blog-class has-date news-col-3 wpnaw-last\">\r\n\t\t\t\t<div class=\"news-inner-wrap-view news-clearfix \">\r\n\r\n\t\t\t\t\t\t\t\t\t\t<div class=\"news-thumb\">\r\n\t\t\t\t\t\t\t\t\t\t\t\t\t<div class=\"grid-news-thumb\">\r\n\t\t\t\t\t\t\t\t<a href=\"https:\/\/www.save.chasseurducentrevaldeloire.fr\/fdc36\/news\/consultation-publique\/\"><img loading=\"lazy\" decoding=\"async\" width=\"300\" height=\"168\" src=\"https:\/\/www.save.chasseurducentrevaldeloire.fr\/fdc36\/wp-content\/uploads\/sites\/4\/2025\/10\/Ministere.png\" class=\"attachment-medium_large size-medium_large wp-post-image\" alt=\"\" \/><\/a>\r\n\t\t\t\t\t\t\t<\/div>\r\n\t\t\t\t\t\t\t\t\t\t\t<\/div>\r\n\t\t\t\t\t\r\n\t\t\t\t\t<div class=\"news-content\">\r\n\t\t\t\t\t\t\t\t\t\t\t\t\t<div class=\"grid-date-post\">\r\n\t\t\t\t\t\t\t\t13 octobre 2025\t\t\t\t\t\t\t<\/div>\r\n\t\t\t\t\t\t\r\n\t\t\t\t\t\t<div class=\"post-content-text\">\r\n\t\t\t\t\t\t\t<h3 class=\"news-title\"><a href=\"https:\/\/www.save.chasseurducentrevaldeloire.fr\/fdc36\/news\/consultation-publique\/\" rel=\"bookmark\">Consultation publique<\/a><\/h3>\t\t\t\t\t\t\t\t<div class=\"news-content-excerpt\">\r\n\t\t\t\t\t\t\t\t\t\t\t\t\t\t\t\t\t\t\t<div class=\"news-short-content\">\r\n\t\t\t\t\t\t\t\t\t\t\tPar solidarit\u00e9 avec le monde agricole,...\t\t\t\t\t\t\t\t\t\t<\/div>\r\n\t\t\t\t\t\t\t\t\t\t<a href=\"https:\/\/www.save.chasseurducentrevaldeloire.fr\/fdc36\/news\/consultation-publique\/\" class=\"news-more-link\">En savoir plus<\/a>\r\n\t\t\t\t\t\t\t\t\t\t\t\t\t\t\t\t\t<\/div><!-- .entry-content -->\r\n\t\t\t\t\t\t\t\t\t\t\t\t\t<\/div>\r\n\t\t\t\t\t<\/div>\r\n\t\t\t\t<\/div><!-- #post-## -->\r\n\t\t\t<\/div><!-- #post-## -->\r\n\t\t\r\n\t\t\t<div id=\"post-7737\" class=\"news type-news wpnaw-blog-class has-date news-col-3 wpnaw-first\">\r\n\t\t\t\t<div class=\"news-inner-wrap-view news-clearfix \">\r\n\r\n\t\t\t\t\t\t\t\t\t\t<div class=\"news-thumb\">\r\n\t\t\t\t\t\t\t\t\t\t\t\t\t<div class=\"grid-news-thumb\">\r\n\t\t\t\t\t\t\t\t<a href=\"https:\/\/www.save.chasseurducentrevaldeloire.fr\/fdc36\/news\/rappel-securite\/\"><img loading=\"lazy\" decoding=\"async\" width=\"560\" height=\"332\" src=\"https:\/\/www.save.chasseurducentrevaldeloire.fr\/fdc36\/wp-content\/uploads\/sites\/4\/2025\/10\/ANGLE30.jpg\" class=\"attachment-medium_large size-medium_large wp-post-image\" alt=\"\" srcset=\"https:\/\/www.save.chasseurducentrevaldeloire.fr\/fdc36\/wp-content\/uploads\/sites\/4\/2025\/10\/ANGLE30.jpg 560w, https:\/\/www.save.chasseurducentrevaldeloire.fr\/fdc36\/wp-content\/uploads\/sites\/4\/2025\/10\/ANGLE30-300x178.jpg 300w\" sizes=\"auto, (max-width: 560px) 100vw, 560px\" \/><\/a>\r\n\t\t\t\t\t\t\t<\/div>\r\n\t\t\t\t\t\t\t\t\t\t\t<\/div>\r\n\t\t\t\t\t\r\n\t\t\t\t\t<div class=\"news-content\">\r\n\t\t\t\t\t\t\t\t\t\t\t\t\t<div class=\"grid-date-post\">\r\n\t\t\t\t\t\t\t\t9 octobre 2025\t\t\t\t\t\t\t<\/div>\r\n\t\t\t\t\t\t\r\n\t\t\t\t\t\t<div class=\"post-content-text\">\r\n\t\t\t\t\t\t\t<h3 class=\"news-title\"><a href=\"https:\/\/www.save.chasseurducentrevaldeloire.fr\/fdc36\/news\/rappel-securite\/\" rel=\"bookmark\">RAPPEL SECURITE<\/a><\/h3>\t\t\t\t\t\t\t\t<div class=\"news-content-excerpt\">\r\n\t\t\t\t\t\t\t\t\t\t\t\t\t\t\t\t\t\t\t<div class=\"news-short-content\">\r\n\t\t\t\t\t\t\t\t\t\t\t&nbsp; Erratum d\u00e9pliant f\u00e9d\u00e9ral 2025-2026 \u00a0...\t\t\t\t\t\t\t\t\t\t<\/div>\r\n\t\t\t\t\t\t\t\t\t\t<a href=\"https:\/\/www.save.chasseurducentrevaldeloire.fr\/fdc36\/news\/rappel-securite\/\" class=\"news-more-link\">En savoir plus<\/a>\r\n\t\t\t\t\t\t\t\t\t\t\t\t\t\t\t\t\t<\/div><!-- .entry-content -->\r\n\t\t\t\t\t\t\t\t\t\t\t\t\t<\/div>\r\n\t\t\t\t\t<\/div>\r\n\t\t\t\t<\/div><!-- #post-## -->\r\n\t\t\t<\/div><!-- #post-## -->\r\n\t\t\r\n\t\t\t<div id=\"post-7723\" class=\"news type-news wpnaw-blog-class has-date news-col-3\">\r\n\t\t\t\t<div class=\"news-inner-wrap-view news-clearfix \">\r\n\r\n\t\t\t\t\t\t\t\t\t\t<div class=\"news-thumb\">\r\n\t\t\t\t\t\t\t\t\t\t\t\t\t<div class=\"grid-news-thumb\">\r\n\t\t\t\t\t\t\t\t<a href=\"https:\/\/www.save.chasseurducentrevaldeloire.fr\/fdc36\/news\/ouverture-de-la-chasse-au-milouin\/\"><img loading=\"lazy\" decoding=\"async\" width=\"768\" height=\"512\" src=\"https:\/\/www.save.chasseurducentrevaldeloire.fr\/fdc36\/wp-content\/uploads\/sites\/4\/2025\/09\/Milouin-768x512.jpg\" class=\"attachment-medium_large size-medium_large wp-post-image\" alt=\"\" srcset=\"https:\/\/www.save.chasseurducentrevaldeloire.fr\/fdc36\/wp-content\/uploads\/sites\/4\/2025\/09\/Milouin-768x512.jpg 768w, https:\/\/www.save.chasseurducentrevaldeloire.fr\/fdc36\/wp-content\/uploads\/sites\/4\/2025\/09\/Milouin-300x200.jpg 300w, https:\/\/www.save.chasseurducentrevaldeloire.fr\/fdc36\/wp-content\/uploads\/sites\/4\/2025\/09\/Milouin.jpg 1000w\" sizes=\"auto, (max-width: 768px) 100vw, 768px\" \/><\/a>\r\n\t\t\t\t\t\t\t<\/div>\r\n\t\t\t\t\t\t\t\t\t\t\t<\/div>\r\n\t\t\t\t\t\r\n\t\t\t\t\t<div class=\"news-content\">\r\n\t\t\t\t\t\t\t\t\t\t\t\t\t<div class=\"grid-date-post\">\r\n\t\t\t\t\t\t\t\t30 septembre 2025\t\t\t\t\t\t\t<\/div>\r\n\t\t\t\t\t\t\r\n\t\t\t\t\t\t<div class=\"post-content-text\">\r\n\t\t\t\t\t\t\t<h3 class=\"news-title\"><a href=\"https:\/\/www.save.chasseurducentrevaldeloire.fr\/fdc36\/news\/ouverture-de-la-chasse-au-milouin\/\" rel=\"bookmark\">Ouverture de la chasse au milouin<\/a><\/h3>\t\t\t\t\t\t\t\t<div class=\"news-content-excerpt\">\r\n\t\t\t\t\t\t\t\t\t\t\t\t\t\t\t\t\t\t\t<div class=\"news-short-content\">\r\n\t\t\t\t\t\t\t\t\t\t\tL\u2019arr\u00eat\u00e9 du 29 septembre 2025 portant...\t\t\t\t\t\t\t\t\t\t<\/div>\r\n\t\t\t\t\t\t\t\t\t\t<a href=\"https:\/\/www.save.chasseurducentrevaldeloire.fr\/fdc36\/news\/ouverture-de-la-chasse-au-milouin\/\" class=\"news-more-link\">En savoir plus<\/a>\r\n\t\t\t\t\t\t\t\t\t\t\t\t\t\t\t\t\t<\/div><!-- .entry-content -->\r\n\t\t\t\t\t\t\t\t\t\t\t\t\t<\/div>\r\n\t\t\t\t\t<\/div>\r\n\t\t\t\t<\/div><!-- #post-## -->\r\n\t\t\t<\/div><!-- #post-## -->\r\n\t\t\r\n\t\t\t<div id=\"post-7605\" class=\"news type-news wpnaw-blog-class has-date news-col-3 wpnaw-last\">\r\n\t\t\t\t<div class=\"news-inner-wrap-view news-clearfix \">\r\n\r\n\t\t\t\t\t\t\t\t\t\t<div class=\"news-thumb\">\r\n\t\t\t\t\t\t\t\t\t\t\t\t\t<div class=\"grid-news-thumb\">\r\n\t\t\t\t\t\t\t\t<a href=\"https:\/\/www.save.chasseurducentrevaldeloire.fr\/fdc36\/news\/chasse-du-petit-gibier-et-du-gibier-deau\/\"><img loading=\"lazy\" decoding=\"async\" width=\"768\" height=\"346\" src=\"https:\/\/www.save.chasseurducentrevaldeloire.fr\/fdc36\/wp-content\/uploads\/sites\/4\/2025\/08\/Oiseaux_anatides_dgest_fnc20240024-768x346.jpg\" class=\"attachment-medium_large size-medium_large wp-post-image\" alt=\"\" srcset=\"https:\/\/www.save.chasseurducentrevaldeloire.fr\/fdc36\/wp-content\/uploads\/sites\/4\/2025\/08\/Oiseaux_anatides_dgest_fnc20240024-768x346.jpg 768w, https:\/\/www.save.chasseurducentrevaldeloire.fr\/fdc36\/wp-content\/uploads\/sites\/4\/2025\/08\/Oiseaux_anatides_dgest_fnc20240024-300x135.jpg 300w, https:\/\/www.save.chasseurducentrevaldeloire.fr\/fdc36\/wp-content\/uploads\/sites\/4\/2025\/08\/Oiseaux_anatides_dgest_fnc20240024.jpg 1000w\" sizes=\"auto, (max-width: 768px) 100vw, 768px\" \/><\/a>\r\n\t\t\t\t\t\t\t<\/div>\r\n\t\t\t\t\t\t\t\t\t\t\t<\/div>\r\n\t\t\t\t\t\r\n\t\t\t\t\t<div class=\"news-content\">\r\n\t\t\t\t\t\t\t\t\t\t\t\t\t<div class=\"grid-date-post\">\r\n\t\t\t\t\t\t\t\t26 ao\u00fbt 2025\t\t\t\t\t\t\t<\/div>\r\n\t\t\t\t\t\t\r\n\t\t\t\t\t\t<div class=\"post-content-text\">\r\n\t\t\t\t\t\t\t<h3 class=\"news-title\"><a href=\"https:\/\/www.save.chasseurducentrevaldeloire.fr\/fdc36\/news\/chasse-du-petit-gibier-et-du-gibier-deau\/\" rel=\"bookmark\">CHASSE DU PETIT GIBIER ET DU GIBIER D\u2019EAU<\/a><\/h3>\t\t\t\t\t\t\t\t<div class=\"news-content-excerpt\">\r\n\t\t\t\t\t\t\t\t\t\t\t\t\t\t\t\t\t\t\t<div class=\"news-short-content\">\r\n\t\t\t\t\t\t\t\t\t\t\tCette ann\u00e9e 2025 se caract\u00e9rise par...\t\t\t\t\t\t\t\t\t\t<\/div>\r\n\t\t\t\t\t\t\t\t\t\t<a href=\"https:\/\/www.save.chasseurducentrevaldeloire.fr\/fdc36\/news\/chasse-du-petit-gibier-et-du-gibier-deau\/\" class=\"news-more-link\">En savoir plus<\/a>\r\n\t\t\t\t\t\t\t\t\t\t\t\t\t\t\t\t\t<\/div><!-- .entry-content -->\r\n\t\t\t\t\t\t\t\t\t\t\t\t\t<\/div>\r\n\t\t\t\t\t<\/div>\r\n\t\t\t\t<\/div><!-- #post-## -->\r\n\t\t\t<\/div><!-- #post-## -->\r\n\t\t\r\n\t\t\t<div id=\"post-7601\" class=\"news type-news wpnaw-blog-class has-date news-col-3 wpnaw-first\">\r\n\t\t\t\t<div class=\"news-inner-wrap-view news-clearfix \">\r\n\r\n\t\t\t\t\t\t\t\t\t\t<div class=\"news-thumb\">\r\n\t\t\t\t\t\t\t\t\t\t\t\t\t<div class=\"grid-news-thumb\">\r\n\t\t\t\t\t\t\t\t<a href=\"https:\/\/www.save.chasseurducentrevaldeloire.fr\/fdc36\/news\/chassadapt\/\"><img loading=\"lazy\" decoding=\"async\" width=\"768\" height=\"429\" src=\"https:\/\/www.save.chasseurducentrevaldeloire.fr\/fdc36\/wp-content\/uploads\/sites\/4\/2025\/08\/chassadapt2-768x429.png\" class=\"attachment-medium_large size-medium_large wp-post-image\" alt=\"\" srcset=\"https:\/\/www.save.chasseurducentrevaldeloire.fr\/fdc36\/wp-content\/uploads\/sites\/4\/2025\/08\/chassadapt2-768x429.png 768w, https:\/\/www.save.chasseurducentrevaldeloire.fr\/fdc36\/wp-content\/uploads\/sites\/4\/2025\/08\/chassadapt2-300x168.png 300w, https:\/\/www.save.chasseurducentrevaldeloire.fr\/fdc36\/wp-content\/uploads\/sites\/4\/2025\/08\/chassadapt2-1024x572.png 1024w, https:\/\/www.save.chasseurducentrevaldeloire.fr\/fdc36\/wp-content\/uploads\/sites\/4\/2025\/08\/chassadapt2.png 1080w\" sizes=\"auto, (max-width: 768px) 100vw, 768px\" \/><\/a>\r\n\t\t\t\t\t\t\t<\/div>\r\n\t\t\t\t\t\t\t\t\t\t\t<\/div>\r\n\t\t\t\t\t\r\n\t\t\t\t\t<div class=\"news-content\">\r\n\t\t\t\t\t\t\t\t\t\t\t\t\t<div class=\"grid-date-post\">\r\n\t\t\t\t\t\t\t\t26 ao\u00fbt 2025\t\t\t\t\t\t\t<\/div>\r\n\t\t\t\t\t\t\r\n\t\t\t\t\t\t<div class=\"post-content-text\">\r\n\t\t\t\t\t\t\t<h3 class=\"news-title\"><a href=\"https:\/\/www.save.chasseurducentrevaldeloire.fr\/fdc36\/news\/chassadapt\/\" rel=\"bookmark\">Chassadapt&rsquo;<\/a><\/h3>\t\t\t\t\t\t\t\t<div class=\"news-content-excerpt\">\r\n\t\t\t\t\t\t\t\t\t\t\t\t\t\t\t\t\t\t\t<div class=\"news-short-content\">\r\n\t\t\t\t\t\t\t\t\t\t\tTuto pour cr\u00e9er un compte :...\t\t\t\t\t\t\t\t\t\t<\/div>\r\n\t\t\t\t\t\t\t\t\t\t<a href=\"https:\/\/www.save.chasseurducentrevaldeloire.fr\/fdc36\/news\/chassadapt\/\" class=\"news-more-link\">En savoir plus<\/a>\r\n\t\t\t\t\t\t\t\t\t\t\t\t\t\t\t\t\t<\/div><!-- .entry-content -->\r\n\t\t\t\t\t\t\t\t\t\t\t\t\t<\/div>\r\n\t\t\t\t\t<\/div>\r\n\t\t\t\t<\/div><!-- #post-## -->\r\n\t\t\t<\/div><!-- #post-## -->\r\n\t\t\r\n\t\t\t<div id=\"post-7585\" class=\"news type-news wpnaw-blog-class has-date news-col-3\">\r\n\t\t\t\t<div class=\"news-inner-wrap-view news-clearfix \">\r\n\r\n\t\t\t\t\t\t\t\t\t\t<div class=\"news-thumb\">\r\n\t\t\t\t\t\t\t\t\t\t\t\t\t<div class=\"grid-news-thumb\">\r\n\t\t\t\t\t\t\t\t<a href=\"https:\/\/www.save.chasseurducentrevaldeloire.fr\/fdc36\/news\/club-international-des-chasseurs-de-becassines-cicb\/\"><img loading=\"lazy\" decoding=\"async\" width=\"600\" height=\"593\" src=\"https:\/\/www.save.chasseurducentrevaldeloire.fr\/fdc36\/wp-content\/uploads\/sites\/4\/2025\/08\/cicb.jpg\" class=\"attachment-medium_large size-medium_large wp-post-image\" alt=\"\" srcset=\"https:\/\/www.save.chasseurducentrevaldeloire.fr\/fdc36\/wp-content\/uploads\/sites\/4\/2025\/08\/cicb.jpg 600w, https:\/\/www.save.chasseurducentrevaldeloire.fr\/fdc36\/wp-content\/uploads\/sites\/4\/2025\/08\/cicb-300x297.jpg 300w\" sizes=\"auto, (max-width: 600px) 100vw, 600px\" \/><\/a>\r\n\t\t\t\t\t\t\t<\/div>\r\n\t\t\t\t\t\t\t\t\t\t\t<\/div>\r\n\t\t\t\t\t\r\n\t\t\t\t\t<div class=\"news-content\">\r\n\t\t\t\t\t\t\t\t\t\t\t\t\t<div class=\"grid-date-post\">\r\n\t\t\t\t\t\t\t\t21 ao\u00fbt 2025\t\t\t\t\t\t\t<\/div>\r\n\t\t\t\t\t\t\r\n\t\t\t\t\t\t<div class=\"post-content-text\">\r\n\t\t\t\t\t\t\t<h3 class=\"news-title\"><a href=\"https:\/\/www.save.chasseurducentrevaldeloire.fr\/fdc36\/news\/club-international-des-chasseurs-de-becassines-cicb\/\" rel=\"bookmark\">Club International des Chasseurs de B\u00e9cassines (CICB)<\/a><\/h3>\t\t\t\t\t\t\t\t<div class=\"news-content-excerpt\">\r\n\t\t\t\t\t\t\t\t\t\t\t\t\t\t\t\t\t\t\t<div class=\"news-short-content\">\r\n\t\t\t\t\t\t\t\t\t\t\tLe Club International des Chasseurs de...\t\t\t\t\t\t\t\t\t\t<\/div>\r\n\t\t\t\t\t\t\t\t\t\t<a href=\"https:\/\/www.save.chasseurducentrevaldeloire.fr\/fdc36\/news\/club-international-des-chasseurs-de-becassines-cicb\/\" class=\"news-more-link\">En savoir plus<\/a>\r\n\t\t\t\t\t\t\t\t\t\t\t\t\t\t\t\t\t<\/div><!-- .entry-content -->\r\n\t\t\t\t\t\t\t\t\t\t\t\t\t<\/div>\r\n\t\t\t\t\t<\/div>\r\n\t\t\t\t<\/div><!-- #post-## -->\r\n\t\t\t<\/div><!-- #post-## -->\r\n\t\t\t\t\t<div class=\"news_pagination wpnw-numeric\">\r\n\t\t\t\t<span aria-current=\"page\" class=\"page-numbers current\">1<\/span>\n<a class=\"page-numbers\" href=\"https:\/\/www.save.chasseurducentrevaldeloire.fr\/fdc36\/wp-json\/wp\/v2\/pages\/3060\/page\/2\/#wpnw-news-2\">2<\/a>\n<a class=\"page-numbers\" href=\"https:\/\/www.save.chasseurducentrevaldeloire.fr\/fdc36\/wp-json\/wp\/v2\/pages\/3060\/page\/3\/#wpnw-news-2\">3<\/a>\n<span class=\"page-numbers dots\">\u2026<\/span>\n<a class=\"page-numbers\" href=\"https:\/\/www.save.chasseurducentrevaldeloire.fr\/fdc36\/wp-json\/wp\/v2\/pages\/3060\/page\/11\/#wpnw-news-2\">11<\/a>\n<a class=\"next page-numbers\" href=\"https:\/\/www.save.chasseurducentrevaldeloire.fr\/fdc36\/wp-json\/wp\/v2\/pages\/3060\/page\/2\/#wpnw-news-2\">Suivante &raquo;<\/a>\t\t\t<\/div>\r\n\t\t\t<\/div>\n","protected":false},"excerpt":{"rendered":"Le Club International des Chasseurs de B\u00e9cassines (CICB), qui \u00e9tudie les b\u00e9cassines depuis de nombreuses ann\u00e9es, r\u00e9alise un suivi des observations sur le terrain, dont l'objectif est de conna\u00eetre la fr\u00e9quentation des b\u00e9cassines des marais et sourdes sur les diff\u00e9rents territoires au cours de la...","protected":false},"author":2,"featured_media":0,"parent":0,"menu_order":0,"comment_status":"closed","ping_status":"closed","template":"","meta":{"_acf_changed":false,"inline_featured_image":false,"_exactmetrics_skip_tracking":false,"_exactmetrics_sitenote_active":false,"_exactmetrics_sitenote_note":"","_exactmetrics_sitenote_category":0,"footnotes":""},"class_list":["post-3060","page","type-page","status-publish","hentry"],"acf":[],"publishpress_future_action":{"enabled":false,"date":"2026-04-18 12:24:33","action":"change-status","newStatus":"draft","terms":[],"taxonomy":"","extraData":[]},"publishpress_future_workflow_manual_trigger":{"enabledWorkflows":[]},"_links":{"self":[{"href":"https:\/\/www.save.chasseurducentrevaldeloire.fr\/fdc36\/wp-json\/wp\/v2\/pages\/3060","targetHints":{"allow":["GET"]}}],"collection":[{"href":"https:\/\/www.save.chasseurducentrevaldeloire.fr\/fdc36\/wp-json\/wp\/v2\/pages"}],"about":[{"href":"https:\/\/www.save.chasseurducentrevaldeloire.fr\/fdc36\/wp-json\/wp\/v2\/types\/page"}],"author":[{"embeddable":true,"href":"https:\/\/www.save.chasseurducentrevaldeloire.fr\/fdc36\/wp-json\/wp\/v2\/users\/2"}],"replies":[{"embeddable":true,"href":"https:\/\/www.save.chasseurducentrevaldeloire.fr\/fdc36\/wp-json\/wp\/v2\/comments?post=3060"}],"version-history":[{"count":1,"href":"https:\/\/www.save.chasseurducentrevaldeloire.fr\/fdc36\/wp-json\/wp\/v2\/pages\/3060\/revisions"}],"predecessor-version":[{"id":3061,"href":"https:\/\/www.save.chasseurducentrevaldeloire.fr\/fdc36\/wp-json\/wp\/v2\/pages\/3060\/revisions\/3061"}],"wp:attachment":[{"href":"https:\/\/www.save.chasseurducentrevaldeloire.fr\/fdc36\/wp-json\/wp\/v2\/media?parent=3060"}],"curies":[{"name":"wp","href":"https:\/\/api.w.org\/{rel}","templated":true}]}}