{"id":3031,"date":"2018-06-04T10:07:37","date_gmt":"2018-06-04T08:07:37","guid":{"rendered":"http:\/\/www.chasseurducentrevaldeloire.fr\/fdc36\/?page_id=3031"},"modified":"2023-11-13T14:10:30","modified_gmt":"2023-11-13T13:10:30","slug":"domaine-du-plessis","status":"publish","type":"page","link":"https:\/\/www.save.chasseurducentrevaldeloire.fr\/fdc36\/domaine-du-plessis\/","title":{"rendered":"Domaine du Plessis"},"content":{"rendered":"<p>[vc_row][vc_column width=\u00a0\u00bb1\/4&Prime;][vc_single_image image=\u00a0\u00bb3183&Prime; img_size=\u00a0\u00bbmedium\u00a0\u00bb][\/vc_column][vc_column width=\u00a0\u00bb3\/4&Prime;][vc_column_text]<\/p>\n<div class=\"texte\">Le sentier a \u00e9t\u00e9 inaugur\u00e9 le 11 septembre 2019.<\/div>\n<div><\/div>\n<div class=\"texte\"><strong class=\"spip\">\u00a0<\/strong><\/div>\n<p>[\/vc_column_text][vc_column_text]<\/p>\n<div><\/div>\n<div class=\"texte\">Propri\u00e9t\u00e9 de la Fondation pour la Protection des Habitats de la Faune Sauvage et de la F\u00e9d\u00e9ration des Chasseurs de l\u2019Indre depuis 1993, le Domaine du Plessis s\u2019\u00e9tend sur 215\u00a0hectares de bois, friches et landes et 7 \u00e9tangs. G\u00e9r\u00e9 et entretenu par la F\u00e9d\u00e9ration des Chasseurs de l\u2019Indre, ce site remarquable sert de Centre d\u00e9partemental de formation et d\u2019\u00e9ducation \u00e0 l\u2019environnement \u00e0 la F\u00e9d\u00e9ration ainsi que d\u2019accueil pour diff\u00e9rents \u00e9tudiants.<\/div>\n<div class=\"texte\"><strong class=\"spip\">\u00a0<\/strong><\/div>\n<div><strong class=\"spip\"><img loading=\"lazy\" decoding=\"async\" class=\"size-medium wp-image-3322 alignright\" src=\"http:\/\/www.chasseurducentrevaldeloire.fr\/fdc36\/wp-content\/uploads\/sites\/4\/2018\/11\/IMG_1887-300x200.jpg\" alt=\"\" width=\"300\" height=\"200\" srcset=\"https:\/\/www.save.chasseurducentrevaldeloire.fr\/fdc36\/wp-content\/uploads\/sites\/4\/2018\/11\/IMG_1887-300x200.jpg 300w, https:\/\/www.save.chasseurducentrevaldeloire.fr\/fdc36\/wp-content\/uploads\/sites\/4\/2018\/11\/IMG_1887.jpg 400w\" sizes=\"auto, (max-width: 300px) 100vw, 300px\" \/><\/strong><\/div>\n<div class=\"texte\">\n<p>La F\u00e9d\u00e9ration y organise en outre des chasses aux sangliers r\u00e9serv\u00e9es aux nouveaux chasseurs. L\u2019Association des Chasseurs de Grand Gibier de l\u2019Indre quant \u00e0 elle supervise la r\u00e9alisation du plan de chasse attribu\u00e9 aux laur\u00e9ats du Brevet Grand Gibier.<\/p>\n<p>&nbsp;<\/p>\n<p>Sous couvert de conventions, un pisciculteur local g\u00e8re les \u00e9tangs du domaine.<br \/>\nLes p\u00eaches fournissent l\u2019occasion\u00a0 d\u2019int\u00e9resser un public scolaire de divers niveaux.<\/p>\n<\/div>\n<div class=\"texte\"><strong class=\"spip\">\u00a0<\/strong><\/div>\n<p>[\/vc_column_text][\/vc_column][\/vc_row][vc_row][vc_column][vc_empty_space][vc_column_text]<strong><img loading=\"lazy\" decoding=\"async\" class=\"alignnone size-medium wp-image-3323 alignleft\" src=\"http:\/\/www.chasseurducentrevaldeloire.fr\/fdc36\/wp-content\/uploads\/sites\/4\/2018\/11\/IMG_1904-300x200.jpg\" alt=\"\" width=\"300\" height=\"200\" srcset=\"https:\/\/www.save.chasseurducentrevaldeloire.fr\/fdc36\/wp-content\/uploads\/sites\/4\/2018\/11\/IMG_1904-300x200.jpg 300w, https:\/\/www.save.chasseurducentrevaldeloire.fr\/fdc36\/wp-content\/uploads\/sites\/4\/2018\/11\/IMG_1904.jpg 400w\" sizes=\"auto, (max-width: 300px) 100vw, 300px\" \/>Localisation<\/strong>\u00a0: Mign\u00e9 \u2013 Brenne (Indre) &#8211; 36800<\/p>\n<p>&nbsp;<\/p>\n<p><strong>Formations<\/strong> : permis de chasser (th\u00e9orique et pratique),\u00a0 s\u00e9curit\u00e9, gestion de la faune et des milieux naturels, pi\u00e9geage<\/p>\n<p>&nbsp;<\/p>\n<p><strong>\u00c9ducation \u00e0 l&rsquo;environnement<\/strong> : Informer et \u00e9duquer divers publics \u00e0 la gestion de la faune sauvage et de leurs habitats, Inventaires faune\/flore, gestion des esp\u00e8ces, gestion et entretien des milieux (\u00e9tangs), d\u00e9couverte de la faune sauvage de Brenne.<\/p>\n<p>&nbsp;<\/p>\n<p><strong>\u00c9quipements<\/strong> : Salles de r\u00e9union, salle d\u2019exposition, mat\u00e9riel de projection , observatoires, sentier de d\u00e9couverte, installations pour le permis de chasser<\/p>\n<p>&nbsp;<\/p>\n<p><strong><img loading=\"lazy\" decoding=\"async\" class=\"size-medium wp-image-3324 alignright\" src=\"http:\/\/www.chasseurducentrevaldeloire.fr\/fdc36\/wp-content\/uploads\/sites\/4\/2018\/11\/IMG_1978-300x200.jpg\" alt=\"\" width=\"300\" height=\"200\" srcset=\"https:\/\/www.save.chasseurducentrevaldeloire.fr\/fdc36\/wp-content\/uploads\/sites\/4\/2018\/11\/IMG_1978-300x200.jpg 300w, https:\/\/www.save.chasseurducentrevaldeloire.fr\/fdc36\/wp-content\/uploads\/sites\/4\/2018\/11\/IMG_1978.jpg 400w\" sizes=\"auto, (max-width: 300px) 100vw, 300px\" \/>Type d\u2019accueil<\/strong>\u00a0: Visites du domaine avec parcours de d\u00e9couverte, accueil \u00e0 la journ\u00e9e sur le site sur rendez-vous.<\/p>\n<p>&nbsp;<\/p>\n<p><strong>Contact<\/strong>\u00a0: FEDERATION DES CHASSEURS DE L\u2019INDRE<\/p>\n<p>&nbsp;<\/p>\n<p><a href=\"tel:+33254221598\" target=\"_blank\" rel=\"noopener\"> <i class=\"fa fa-phone\"> <\/i> <span style=\"color: #c1246d\"><strong>\u00a0\u00a0\u00a0\u00a0 02.54.22.15.98<\/strong><\/span><\/a><\/p>\n<p>&nbsp;<\/p>\n<p><span style=\"color: #c1246d\"><strong><u><a style=\"color: #c1246d\" href=\"mailto:fdc36@chasseurdefrance.com\">fdc36@chasseurdefrance.com<\/a><\/u><\/strong><\/span><\/p>\n<p>&nbsp;<\/p>\n<p><img loading=\"lazy\" decoding=\"async\" class=\"size-medium wp-image-6114 alignright\" src=\"https:\/\/www.chasseurducentrevaldeloire.fr\/fdc36\/wp-content\/uploads\/sites\/4\/2023\/11\/Jerome2-300x135.jpg\" alt=\"\" width=\"300\" height=\"135\" srcset=\"https:\/\/www.save.chasseurducentrevaldeloire.fr\/fdc36\/wp-content\/uploads\/sites\/4\/2023\/11\/Jerome2-300x135.jpg 300w, https:\/\/www.save.chasseurducentrevaldeloire.fr\/fdc36\/wp-content\/uploads\/sites\/4\/2023\/11\/Jerome2.jpg 730w\" sizes=\"auto, (max-width: 300px) 100vw, 300px\" \/><\/p>\n<p><img loading=\"lazy\" decoding=\"async\" class=\"alignnone size-medium wp-image-6115\" src=\"https:\/\/www.chasseurducentrevaldeloire.fr\/fdc36\/wp-content\/uploads\/sites\/4\/2023\/11\/Jerome1-300x135.jpg\" alt=\"\" width=\"300\" height=\"135\" srcset=\"https:\/\/www.save.chasseurducentrevaldeloire.fr\/fdc36\/wp-content\/uploads\/sites\/4\/2023\/11\/Jerome1-300x135.jpg 300w, https:\/\/www.save.chasseurducentrevaldeloire.fr\/fdc36\/wp-content\/uploads\/sites\/4\/2023\/11\/Jerome1.jpg 768w\" sizes=\"auto, (max-width: 300px) 100vw, 300px\" \/><\/p>\n<p>&nbsp;<\/p>\n<p>&nbsp;<\/p>\n<p><img loading=\"lazy\" decoding=\"async\" class=\"size-medium wp-image-3326 aligncenter\" src=\"http:\/\/www.chasseurducentrevaldeloire.fr\/fdc36\/wp-content\/uploads\/sites\/4\/2018\/11\/IMG_1917-300x200.jpg\" alt=\"\" width=\"300\" height=\"200\" srcset=\"https:\/\/www.save.chasseurducentrevaldeloire.fr\/fdc36\/wp-content\/uploads\/sites\/4\/2018\/11\/IMG_1917-300x200.jpg 300w, https:\/\/www.save.chasseurducentrevaldeloire.fr\/fdc36\/wp-content\/uploads\/sites\/4\/2018\/11\/IMG_1917.jpg 400w\" sizes=\"auto, (max-width: 300px) 100vw, 300px\" \/>[\/vc_column_text][\/vc_column][\/vc_row]<\/p>\n","protected":false},"excerpt":{"rendered":"<p>[vc_row][vc_column width=\u00a0\u00bb1\/4&Prime;][vc_single_image image=\u00a0\u00bb3183&Prime; img_size=\u00a0\u00bbmedium\u00a0\u00bb][\/vc_column][vc_column width=\u00a0\u00bb3\/4&Prime;][vc_column_text] Le sentier a \u00e9t\u00e9 inaugur\u00e9 le 11 septembre 2019. \u00a0 [\/vc_column_text][vc_column_text] Propri\u00e9t\u00e9 de la Fondation pour la Protection des Habitats de la Faune Sauvage et de la F\u00e9d\u00e9ration des Chasseurs de l\u2019Indre depuis 1993, le Domaine du Plessis s\u2019\u00e9tend sur&#8230;<\/p>\n","protected":false},"author":2,"featured_media":0,"parent":0,"menu_order":0,"comment_status":"closed","ping_status":"closed","template":"","meta":{"_acf_changed":false,"inline_featured_image":false,"_exactmetrics_skip_tracking":false,"_exactmetrics_sitenote_active":false,"_exactmetrics_sitenote_note":"","_exactmetrics_sitenote_category":0,"footnotes":""},"class_list":["post-3031","page","type-page","status-publish","hentry"],"acf":[],"publishpress_future_action":{"enabled":false,"date":"2026-04-18 12:24:32","action":"change-status","newStatus":"draft","terms":[],"taxonomy":"","extraData":[]},"publishpress_future_workflow_manual_trigger":{"enabledWorkflows":[]},"_links":{"self":[{"href":"https:\/\/www.save.chasseurducentrevaldeloire.fr\/fdc36\/wp-json\/wp\/v2\/pages\/3031","targetHints":{"allow":["GET"]}}],"collection":[{"href":"https:\/\/www.save.chasseurducentrevaldeloire.fr\/fdc36\/wp-json\/wp\/v2\/pages"}],"about":[{"href":"https:\/\/www.save.chasseurducentrevaldeloire.fr\/fdc36\/wp-json\/wp\/v2\/types\/page"}],"author":[{"embeddable":true,"href":"https:\/\/www.save.chasseurducentrevaldeloire.fr\/fdc36\/wp-json\/wp\/v2\/users\/2"}],"replies":[{"embeddable":true,"href":"https:\/\/www.save.chasseurducentrevaldeloire.fr\/fdc36\/wp-json\/wp\/v2\/comments?post=3031"}],"version-history":[{"count":16,"href":"https:\/\/www.save.chasseurducentrevaldeloire.fr\/fdc36\/wp-json\/wp\/v2\/pages\/3031\/revisions"}],"predecessor-version":[{"id":6147,"href":"https:\/\/www.save.chasseurducentrevaldeloire.fr\/fdc36\/wp-json\/wp\/v2\/pages\/3031\/revisions\/6147"}],"wp:attachment":[{"href":"https:\/\/www.save.chasseurducentrevaldeloire.fr\/fdc36\/wp-json\/wp\/v2\/media?parent=3031"}],"curies":[{"name":"wp","href":"https:\/\/api.w.org\/{rel}","templated":true}]}}