{"id":3019,"date":"2018-05-28T11:00:20","date_gmt":"2018-05-28T09:00:20","guid":{"rendered":"http:\/\/www.chasseurducentrevaldeloire.fr\/fdc36\/?page_id=3019"},"modified":"2025-03-12T11:19:46","modified_gmt":"2025-03-12T10:19:46","slug":"lieutenants-de-louveterie","status":"publish","type":"page","link":"https:\/\/www.save.chasseurducentrevaldeloire.fr\/fdc36\/lieutenants-de-louveterie\/","title":{"rendered":"Lieutenants de louveterie"},"content":{"rendered":"<p>[vc_row][vc_column el_class=\u00a0\u00bbtext-center\u00a0\u00bb][vc_column_text]<strong>ASSAILLY Gilles (5\u00e8me circonscription)<\/strong><br \/>\nLes Petits Cailloux<\/p>\n<p>36600 LYE<\/p>\n<p>T\u00e9l. :\u00a0 06 24 41 32 18<\/p>\n<p><strong><span style=\"color: #c1246d\"><a style=\"color: #c1246d\" href=\"mailto:gilles.assailly@laposte.net\">gilles.assailly@laposte.net<\/a><\/span><\/strong><\/p>\n<p>&nbsp;<\/p>\n<p>&nbsp;<\/p>\n<p><strong>BARDIN Wilfried (9\u00e8me circonscription)<br \/>\n<\/strong><\/p>\n<p>Chauvigny<\/p>\n<p>36300 DOUADIC<\/p>\n<p>T\u00e9l. : 06 70 42 66 95<\/p>\n<p><strong><span style=\"color: #c1246d\"><a style=\"color: #c1246d\" href=\"mailto:wilfried.bardin@orange.fr\">wilfried.bardin@orange.fr<\/a><\/span><\/strong><\/p>\n<p>&nbsp;<\/p>\n<p>&nbsp;<\/p>\n<p><strong>BRILLAULT William (1\u00e8me circonscription)<\/strong><br \/>\n1, Village de Brenne<\/p>\n<p>36230 BUXIERES D\u2019AILLAC<\/p>\n<p>T\u00e9l. : 06 76 31 22 29<\/p>\n<p><strong><span style=\"color: #c1246d\"><a style=\"color: #c1246d\" href=\"mailto:brillaud.william@live.fr\">brillaud.william@live.fr<\/a><\/span><\/strong><\/p>\n<p>&nbsp;<\/p>\n<p>&nbsp;<\/p>\n<p><strong>DE FOUGERES Arthur (11\u00e8me circonscription)<br \/>\n<\/strong><\/p>\n<p>4 RIVARENNES<\/p>\n<p>36400 LE MAGNY<\/p>\n<p>T\u00e9l. : 06 95 75 93 78<\/p>\n<p><span style=\"color: #c1246d\"><strong><a style=\"color: #c1246d\" href=\"mailto:arthurdefougeres@gmail.com\">arthurdefougeres@gmail.com<\/a><\/strong><\/span><\/p>\n<p>&nbsp;<\/p>\n<p>&nbsp;<\/p>\n<p><strong>ENIQUE Thomas (10\u00e8me circonscription)<br \/>\n<\/strong><\/p>\n<p>LE BREUIL<\/p>\n<p>36160 FEUSINES<\/p>\n<p>T\u00e9l. : 06 68 53 12 36<\/p>\n<p><span style=\"color: #c1246d\"><strong><a style=\"color: #c1246d\" href=\"mailto:thomas.enique@laposte.net\">thomas.enique@laposte.net<\/a><\/strong><\/span><\/p>\n<p>&nbsp;<\/p>\n<p>&nbsp;<\/p>\n<p><strong>GAUTIER J\u00e9r\u00e9my (6\u00e8me circonscription)<br \/>\n<\/strong><\/p>\n<p>&nbsp;<\/p>\n<p>&nbsp;<\/p>\n<p><strong>GAUTIER Romain (3\u00e8me circonscription)<br \/>\n<\/strong><\/p>\n<p>29 LES GRANDS SEGOUINS<\/p>\n<p>36200 ARGENTON-SUR-CREUSE<\/p>\n<p>T\u00e9l. : 06 47 37 31 38<\/p>\n<p><strong><span style=\"color: #c1246d\"><a style=\"color: #c1246d\" href=\"mailto:gautier.romain36@outlook.fr\">gautier.romain36@outlook.fr<\/a><\/span><\/strong><\/p>\n<p>&nbsp;<\/p>\n<p>&nbsp;<\/p>\n<p><strong>GUIGNARD Cyril (4\u00e8me circonscription)<br \/>\n<\/strong><\/p>\n<p>13 RUE MARCEL BOUILLON<\/p>\n<p>36110 LEVROUX<\/p>\n<p>T\u00e9l. : 07 62 04 87 42<\/p>\n<p><a href=\"mailto:cyril.guignard36110@gmail.com\"><strong><span style=\"color: #c1246d\">cyril.guignard36110@gmail.com<\/span><\/strong><\/a><\/p>\n<p>&nbsp;<\/p>\n<p>&nbsp;<\/p>\n<p><strong>LECLERC Herv\u00e9 (7\u00e8me circonscription)<br \/>\n<\/strong><\/p>\n<p>Grammont<\/p>\n<p>36600 VALENCAY<\/p>\n<p>T\u00e9l. : 06 07 90 49 61<\/p>\n<p><strong><span style=\"color: #c1246d\"><a style=\"color: #c1246d\" href=\"mailto:herveleclerc@laposte.net\">herveleclerc@laposte.net<\/a><\/span><\/strong><\/p>\n<p>&nbsp;<\/p>\n<p>&nbsp;<\/p>\n<p><strong>MARACHE Nicolas (13\u00e8me circonscription)<br \/>\n<\/strong><\/p>\n<p>26 RUE DU GUE DE L&rsquo;ILE<\/p>\n<p>36800 THENAY<\/p>\n<p>T\u00e9l. : 06 71 17 06 91<\/p>\n<p><span style=\"color: #c1246d\"><strong><a style=\"color: #c1246d\" href=\"mailto:nicoklytia@hotmail.fr\">nicoklytia@hotmail.fr<\/a><\/strong><\/span><\/p>\n<p>&nbsp;<\/p>\n<p>&nbsp;<\/p>\n<p><strong>MAUVE Jean-Paul (2\u00e8me circonscription)<\/strong><br \/>\n13, route d\u2019Oulches \u2013 Cors<\/p>\n<p>36800 OULCHES<\/p>\n<p>T\u00e9l. : 06 88 75 51 68<\/p>\n<p><strong><span style=\"color: #c1246d\"><a style=\"color: #c1246d\" href=\"mailto:catherine.mauve0@orange.fr\">catherine.mauve0@orange.fr<\/a><\/span><\/strong><\/p>\n<p>&nbsp;<\/p>\n<p>&nbsp;<\/p>\n<p><strong>PASQUET Guy (12\u00e8me circonscription)<br \/>\n<\/strong><\/p>\n<p>LA FOND ROY BATARD<\/p>\n<p>36120 ST AOUT<\/p>\n<p>T\u00e9l. : 06 71 53 92 43<\/p>\n<p><span style=\"color: #c1246d\"><strong><a style=\"color: #c1246d\" href=\"mailto:guy.pasquet2@wanadoo.fr\">guy.pasquet2@wanadoo.fr<\/a><\/strong><\/span><\/p>\n<p>&nbsp;<\/p>\n<p>&nbsp;<\/p>\n<p><strong>PIROT Francis (8\u00e8me circonscription)<\/strong><br \/>\n39, rue de St Denis de Jouhet<\/p>\n<p>36400 LE MAGNY<\/p>\n<p>T\u00e9l. : 06 45 08 24 46<\/p>\n<p><span style=\"color: #c1246d\"><strong><a style=\"color: #c1246d\" href=\"mailto:fpirot.1952@outlook.com\">fpirot.1952@outlook.com<\/a><\/strong><\/span><\/p>\n<p>&nbsp;<\/p>\n<p>T\u00e9l\u00e9charger l&rsquo;<a href=\"https:\/\/www.chasseurducentrevaldeloire.fr\/fdc36\/wp-content\/uploads\/sites\/4\/2024\/12\/AP-LL-nomination-2025.pdf\" target=\"_blank\" rel=\"noopener\"><strong><span style=\"color: #c1246d\">arr\u00eat\u00e9 <\/span><\/strong><\/a>et la <a href=\"https:\/\/www.chasseurducentrevaldeloire.fr\/fdc36\/wp-content\/uploads\/sites\/4\/2024\/12\/carte-circonscriptions-2025-2029.pdf\" target=\"_blank\" rel=\"noopener\"><span style=\"color: #c1246d\"><strong>carte des louvetiers<\/strong><\/span><\/a>[\/vc_column_text][\/vc_column][\/vc_row][vc_row][vc_column][vc_empty_space][vc_column_text]T\u00e9l\u00e9charger l&rsquo;<span style=\"color: #c1246d\"><strong><a href=\"https:\/\/www.chasseurducentrevaldeloire.fr\/fdc36\/wp-content\/uploads\/sites\/4\/2025\/03\/AP-LL-nomination-2025.pdf\" target=\"_blank\" rel=\"noopener\"><span style=\"color: #c1246d\">arr\u00eat\u00e9 de nomination<\/span><\/a>\u00a0<\/strong><\/span>et la <a href=\"https:\/\/www.chasseurducentrevaldeloire.fr\/fdc36\/wp-content\/uploads\/sites\/4\/2025\/03\/carte-circonscriptions-2025-2029.pdf\" target=\"_blank\" rel=\"noopener\"><span style=\"color: #c1246d\"><strong>carte<\/strong><\/span><\/a>[\/vc_column_text][\/vc_column][vc_column][\/vc_column][\/vc_row]<\/p>\n","protected":false},"excerpt":{"rendered":"<p>[vc_row][vc_column el_class=\u00a0\u00bbtext-center\u00a0\u00bb][vc_column_text]ASSAILLY Gilles (5\u00e8me circonscription) Les Petits Cailloux 36600 LYE T\u00e9l. :\u00a0 06 24 41 32 18 gilles.assailly@laposte.net &nbsp; &nbsp; BARDIN Wilfried (9\u00e8me circonscription) Chauvigny 36300 DOUADIC T\u00e9l. : 06 70 42 66 95 wilfried.bardin@orange.fr &nbsp; &nbsp; BRILLAULT William (1\u00e8me circonscription) 1, Village de Brenne&#8230;<\/p>\n","protected":false},"author":2,"featured_media":0,"parent":0,"menu_order":0,"comment_status":"closed","ping_status":"closed","template":"","meta":{"_acf_changed":false,"inline_featured_image":false,"_exactmetrics_skip_tracking":false,"_exactmetrics_sitenote_active":false,"_exactmetrics_sitenote_note":"","_exactmetrics_sitenote_category":0,"footnotes":""},"class_list":["post-3019","page","type-page","status-publish","hentry"],"acf":[],"publishpress_future_action":{"enabled":false,"date":"2026-04-15 03:21:01","action":"change-status","newStatus":"draft","terms":[],"taxonomy":"","extraData":[]},"publishpress_future_workflow_manual_trigger":{"enabledWorkflows":[]},"_links":{"self":[{"href":"https:\/\/www.save.chasseurducentrevaldeloire.fr\/fdc36\/wp-json\/wp\/v2\/pages\/3019","targetHints":{"allow":["GET"]}}],"collection":[{"href":"https:\/\/www.save.chasseurducentrevaldeloire.fr\/fdc36\/wp-json\/wp\/v2\/pages"}],"about":[{"href":"https:\/\/www.save.chasseurducentrevaldeloire.fr\/fdc36\/wp-json\/wp\/v2\/types\/page"}],"author":[{"embeddable":true,"href":"https:\/\/www.save.chasseurducentrevaldeloire.fr\/fdc36\/wp-json\/wp\/v2\/users\/2"}],"replies":[{"embeddable":true,"href":"https:\/\/www.save.chasseurducentrevaldeloire.fr\/fdc36\/wp-json\/wp\/v2\/comments?post=3019"}],"version-history":[{"count":30,"href":"https:\/\/www.save.chasseurducentrevaldeloire.fr\/fdc36\/wp-json\/wp\/v2\/pages\/3019\/revisions"}],"predecessor-version":[{"id":7197,"href":"https:\/\/www.save.chasseurducentrevaldeloire.fr\/fdc36\/wp-json\/wp\/v2\/pages\/3019\/revisions\/7197"}],"wp:attachment":[{"href":"https:\/\/www.save.chasseurducentrevaldeloire.fr\/fdc36\/wp-json\/wp\/v2\/media?parent=3019"}],"curies":[{"name":"wp","href":"https:\/\/api.w.org\/{rel}","templated":true}]}}