{"id":3015,"date":"2018-05-28T10:57:06","date_gmt":"2018-05-28T08:57:06","guid":{"rendered":"http:\/\/www.chasseurducentrevaldeloire.fr\/fdc36\/?page_id=3015"},"modified":"2025-10-10T10:52:03","modified_gmt":"2025-10-10T08:52:03","slug":"conducteurs-de-chiens-de-sang","status":"publish","type":"page","link":"https:\/\/www.save.chasseurducentrevaldeloire.fr\/fdc36\/conducteurs-de-chiens-de-sang\/","title":{"rendered":"Conducteurs de chiens de sang"},"content":{"rendered":"<p>[vc_row][vc_column el_class=\u00a0\u00bbtext-center\u00a0\u00bb][vc_column_text]<strong>BAUERT Pascale<\/strong><\/p>\n<p>Pr\u00e9sidente AFUCS (Association Fran\u00e7aise des Utilisateurs de Chiens de Sang)<\/p>\n<p>AZAY LE FERRON<br \/>\nPort. : 06.74.79.15.68<\/p>\n<p>&nbsp;<\/p>\n<p class=\"itemTitle\"><strong>BEIGNEUX Fr\u00e9d\u00e9ric<\/strong><\/p>\n<div class=\"itemFullText\">\n<p>SAINT-GENOU<br \/>\nT\u00e9l. : 02.54.84.16.05 ou Port. : 06.66.35.23.02<\/p>\n<\/div>\n<p>&nbsp;<\/p>\n<p><strong>BERT Beno\u00eet <\/strong><\/p>\n<p>VALENCAY<br \/>\nPort. : 06.14.12.38.55<\/p>\n<p>&nbsp;<\/p>\n<p><strong>BESSONNEAU Arnaud<\/strong><\/p>\n<p>EGUZON CHANTOME<br \/>\nPort. : 06.87.29.25.70<\/p>\n<p>&nbsp;<\/p>\n<p><strong>BOURDON B\u00e9reng\u00e8re <\/strong><\/p>\n<p>SAINT-GENOU<br \/>\nT\u00e9l. : 02.54.84.16.05 \u2013 Port. : 06.81.22.10.33<\/p>\n<p>&nbsp;<\/p>\n<p><strong>BRUNET Maria\u00a0<\/strong><\/p>\n<p>SAINT-AIGNY<br \/>\nPort. : 06.79.98.78.09<\/p>\n<p>&nbsp;<\/p>\n<p><strong>CHANTELOUP Gilles <\/strong><\/p>\n<p>CHATEAUROUX<br \/>\nPort. : 06.85.30.71.45<\/p>\n<p>&nbsp;<\/p>\n<p><strong>COME Jackie<\/strong><\/p>\n<p>SAINTE-LIZAIGNE<br \/>\nPort. : 06.31.48.48.45<\/p>\n<p>&nbsp;<\/p>\n<p><strong>GIRARD Laurent\u00a0<\/strong><\/p>\n<p>SAINT-LOUP-SUR-CHER<br \/>\nPort. : 06.82.41.20.01<\/p>\n<p><strong>\u00a0<\/strong><\/p>\n<p><strong>GUILLEBAUD JEREMY<\/strong><\/p>\n<p>MEOBECQ<br \/>\nPort. : 07.86.84.19.48<\/p>\n<p>&nbsp;<\/p>\n<p><strong>GUILLON Ludovic<\/strong><\/p>\n<p>AZAY LE FERRON<br \/>\nPort. : <span data-olk-copy-source=\"MessageBody\">06.88.97.01.67<\/span><\/p>\n<p>&nbsp;<\/p>\n<p><strong>LABRUNE Claude <\/strong><\/p>\n<p>LYE<br \/>\nT\u00e9l. : 02.54.41.02.60 &#8211; Port. : 06.15.10.12.33<\/p>\n<p><strong>\u00a0<\/strong><\/p>\n<p><strong>LABRUNE Fabienne <\/strong><\/p>\n<p>LYE<br \/>\nT\u00e9l. : 02.54.41.02.60 &#8211;\u00a0Port. : 06.26.85.94.06<\/p>\n<p><strong>\u00a0<\/strong><\/p>\n<p><strong>LAPRADE Dominique <\/strong><\/p>\n<p>SAINT AUBIN<br \/>\nT\u00e9l. : 02-54-03-11-46 &#8211;\u00a0Port. : 06-76-62-08-20<\/p>\n<p>&nbsp;<\/p>\n<p><strong>PERRIN Pierre<br \/>\n<\/strong><strong>D\u00e9l\u00e9gu\u00e9 36 UNUCR (<b>U<\/b>nion <b>N<\/b>ationale pour l\u2019<b>U<\/b>tilisation des <b>C<\/b>hiens de <b>R<\/b>ouge 36)<\/strong><\/p>\n<p>PARPECAY<br \/>\nPort. : 06.81.53.54.77<br \/>\nMail : <a href=\"mailto:pierreperrin36210@gmail.com\"><strong><span style=\"color: #c1246d\">pierreperrin36210@gmail.com<\/span><\/strong><\/a><\/p>\n<p>&nbsp;<\/p>\n<p><strong>\u00a0<\/strong><\/p>\n<p><strong>PERROT Christophe<\/strong><\/p>\n<p>LA CHAPELLE SAINT-LAURIAN<br \/>\nPort. : 06.88.32.18.11<\/p>\n<p>&nbsp;<\/p>\n<p><strong>PICARD Michel <\/strong><\/p>\n<p>CHATEAUROUX<br \/>\nPort. : 06.79.85.01.48[\/vc_column_text][\/vc_column][\/vc_row]<\/p>\n","protected":false},"excerpt":{"rendered":"<p>[vc_row][vc_column el_class=\u00a0\u00bbtext-center\u00a0\u00bb][vc_column_text]BAUERT Pascale Pr\u00e9sidente AFUCS (Association Fran\u00e7aise des Utilisateurs de Chiens de Sang) AZAY LE FERRON Port. : 06.74.79.15.68 &nbsp; BEIGNEUX Fr\u00e9d\u00e9ric SAINT-GENOU T\u00e9l. : 02.54.84.16.05 ou Port. : 06.66.35.23.02 &nbsp; BERT Beno\u00eet VALENCAY Port. : 06.14.12.38.55 &nbsp; BESSONNEAU Arnaud EGUZON CHANTOME Port. : 06.87.29.25.70&#8230;<\/p>\n","protected":false},"author":2,"featured_media":0,"parent":0,"menu_order":0,"comment_status":"closed","ping_status":"closed","template":"","meta":{"_acf_changed":false,"inline_featured_image":false,"_exactmetrics_skip_tracking":false,"_exactmetrics_sitenote_active":false,"_exactmetrics_sitenote_note":"","_exactmetrics_sitenote_category":0,"footnotes":""},"class_list":["post-3015","page","type-page","status-publish","hentry"],"acf":[],"publishpress_future_action":{"enabled":false,"date":"2026-04-18 12:24:33","action":"change-status","newStatus":"draft","terms":[],"taxonomy":"","extraData":[]},"publishpress_future_workflow_manual_trigger":{"enabledWorkflows":[]},"_links":{"self":[{"href":"https:\/\/www.save.chasseurducentrevaldeloire.fr\/fdc36\/wp-json\/wp\/v2\/pages\/3015","targetHints":{"allow":["GET"]}}],"collection":[{"href":"https:\/\/www.save.chasseurducentrevaldeloire.fr\/fdc36\/wp-json\/wp\/v2\/pages"}],"about":[{"href":"https:\/\/www.save.chasseurducentrevaldeloire.fr\/fdc36\/wp-json\/wp\/v2\/types\/page"}],"author":[{"embeddable":true,"href":"https:\/\/www.save.chasseurducentrevaldeloire.fr\/fdc36\/wp-json\/wp\/v2\/users\/2"}],"replies":[{"embeddable":true,"href":"https:\/\/www.save.chasseurducentrevaldeloire.fr\/fdc36\/wp-json\/wp\/v2\/comments?post=3015"}],"version-history":[{"count":31,"href":"https:\/\/www.save.chasseurducentrevaldeloire.fr\/fdc36\/wp-json\/wp\/v2\/pages\/3015\/revisions"}],"predecessor-version":[{"id":7743,"href":"https:\/\/www.save.chasseurducentrevaldeloire.fr\/fdc36\/wp-json\/wp\/v2\/pages\/3015\/revisions\/7743"}],"wp:attachment":[{"href":"https:\/\/www.save.chasseurducentrevaldeloire.fr\/fdc36\/wp-json\/wp\/v2\/media?parent=3015"}],"curies":[{"name":"wp","href":"https:\/\/api.w.org\/{rel}","templated":true}]}}