{"id":2982,"date":"2018-05-25T17:40:03","date_gmt":"2018-05-25T15:40:03","guid":{"rendered":"http:\/\/www.chasseurducentrevaldeloire.fr\/fdc36\/?page_id=2982"},"modified":"2025-10-06T11:59:23","modified_gmt":"2025-10-06T09:59:23","slug":"associations","status":"publish","type":"page","link":"https:\/\/www.save.chasseurducentrevaldeloire.fr\/fdc36\/associations\/","title":{"rendered":"Associations"},"content":{"rendered":"<p>[vc_row][vc_column]<div class=\"qodef-accordion-holder clearfix qodef-toggle qodef-boxed \">\n\t<h4 class=\"clearfix qodef-title-holder\" >\n\t<span class=\"qodef-accordion-mark qodef-left-mark\">\n\t\t<span class=\"qodef-accordion-mark-icon\">\n\t\t\t<span class=\"icon_plus\"><\/span>\n\t\t\t<span class=\"icon_minus-06\"><\/span>\n\t\t<\/span>\n\t<\/span>\n\t<span class=\"qodef-tab-title\">\n\t\t<span class=\"qodef-tab-title-inner\">\n\t\t\tBECASSIERS\t\t<\/span>\n\t<\/span>\n<\/h4>\n<div class=\"qodef-accordion-content\">\n\t<div class=\"qodef-accordion-content-inner\">\n\t\t[vc_row_inner el_class=\u00a0\u00bbasso\u00a0\u00bb][vc_column_inner el_class=\u00a0\u00bbasso-img\u00a0\u00bb width=\u00a0\u00bb1\/4&Prime;][vc_single_image image=\u00a0\u00bb2995&Prime; alignment=\u00a0\u00bbcenter\u00a0\u00bb][\/vc_column_inner][vc_column_inner el_class=\u00a0\u00bbasso-text\u00a0\u00bb width=\u00a0\u00bb3\/4&Prime;][vc_column_text]<strong>Section D\u00e9partementale du Club National des B\u00e9cassiers (CNB 36)<\/strong><\/p>\n<p><strong>Patrick Quenault<\/strong><\/p>\n<p>9 avenue du 8 mai 1945<\/p>\n<p>36230 Neuvy Saint S\u00e9pulchre<\/p>\n<p><span id=\"page3R_mcid46\" class=\"markedContent\"><span dir=\"ltr\" role=\"presentation\">0<\/span><span dir=\"ltr\" role=\"presentation\">2 54 28 07 65<\/span><\/span> &#8211; 06 82 46 93 46<\/p>\n<p><span style=\"color: #c1246d\"><strong><a style=\"color: #c1246d\" href=\"mailto:quenaulette@gmail.com\">quenaulette@gmail.com<\/a><\/strong><\/span>[\/vc_column_text][\/vc_column_inner][\/vc_row_inner]\t<\/div>\n<\/div>\n<h4 class=\"clearfix qodef-title-holder\" >\n\t<span class=\"qodef-accordion-mark qodef-left-mark\">\n\t\t<span class=\"qodef-accordion-mark-icon\">\n\t\t\t<span class=\"icon_plus\"><\/span>\n\t\t\t<span class=\"icon_minus-06\"><\/span>\n\t\t<\/span>\n\t<\/span>\n\t<span class=\"qodef-tab-title\">\n\t\t<span class=\"qodef-tab-title-inner\">\n\t\t\tCHASSEURS A L\u2019ARC BERRY-BRENNE\t\t<\/span>\n\t<\/span>\n<\/h4>\n<div class=\"qodef-accordion-content\">\n\t<div class=\"qodef-accordion-content-inner\">\n\t\t[vc_row_inner el_class=\u00a0\u00bbasso\u00a0\u00bb][vc_column_inner el_class=\u00a0\u00bbasso-img\u00a0\u00bb width=\u00a0\u00bb1\/4&Prime;][vc_single_image image=\u00a0\u00bb2996&Prime; alignment=\u00a0\u00bbcenter\u00a0\u00bb][\/vc_column_inner][vc_column_inner el_class=\u00a0\u00bbasso-text\u00a0\u00bb width=\u00a0\u00bb3\/4&Prime;][vc_column_text]<strong>Association des Chasseurs \u00e0 l\u2019Arc Berry-Brenne (ACABB 36)<\/strong><\/p>\n<p>&nbsp;<\/p>\n<p><strong>Monsieur Christophe PIETTE<\/strong><br \/>\nBeauregard<br \/>\n36500 SAINT-LACTENCIN<\/p>\n<p>: 02 54 84 18 07<\/p>\n<p>: 06 14 28 21 45<\/p>\n<p>EMail : <span style=\"color: #c1246d\"><strong><u><a style=\"color: #c1246d\" href=\"mailto:christophe-piette@orange.fr\"><span style=\"font-family: Arial, sans-serif\"><span style=\"font-size: small\">christophe-piette@orange.fr<\/span><\/span><\/a><\/u><\/strong><\/span>[\/vc_column_text][\/vc_column_inner][\/vc_row_inner]\t<\/div>\n<\/div>\n<h4 class=\"clearfix qodef-title-holder\" >\n\t<span class=\"qodef-accordion-mark qodef-left-mark\">\n\t\t<span class=\"qodef-accordion-mark-icon\">\n\t\t\t<span class=\"icon_plus\"><\/span>\n\t\t\t<span class=\"icon_minus-06\"><\/span>\n\t\t<\/span>\n\t<\/span>\n\t<span class=\"qodef-tab-title\">\n\t\t<span class=\"qodef-tab-title-inner\">\n\t\t\tCHASSEURS DE SANGLIER\t\t<\/span>\n\t<\/span>\n<\/h4>\n<div class=\"qodef-accordion-content\">\n\t<div class=\"qodef-accordion-content-inner\">\n\t\t[vc_row_inner el_class=\u00a0\u00bbasso\u00a0\u00bb][vc_column_inner el_class=\u00a0\u00bbasso-img\u00a0\u00bb width=\u00a0\u00bb1\/4&Prime;][vc_single_image image=\u00a0\u00bb2997&Prime; alignment=\u00a0\u00bbcenter\u00a0\u00bb][\/vc_column_inner][vc_column_inner el_class=\u00a0\u00bbasso-text\u00a0\u00bb width=\u00a0\u00bb3\/4&Prime;][vc_column_text]<strong>Section D\u00e9partementale de l\u2019Association Nationale des Chasseurs de Sanglier (ANCS 36)<\/strong><\/p>\n<p><strong><br \/>\nMonsieur Guy ROY<br \/>\n<\/strong>22 Place Patureau-Mirand<br \/>\n36000 CHATEAUROUX<\/p>\n<p><i class=\"fas fa-phone\"><\/i> : 02 54 60 98 74 et 06 83 21 37 02<\/p>\n<p>&nbsp;<\/p>\n<p>EMail : <span style=\"color: #0563c1\"><u><a href=\"mailto:guy.roy0202@orange.fr\"><span style=\"font-family: Arial, sans-serif\"><span style=\"font-size: small\"><span style=\"color: #c1246d\"><strong>guy.roy0202@orange.fr<\/strong><\/span><\/span><\/span><\/a><\/u><\/span>[\/vc_column_text][\/vc_column_inner][\/vc_row_inner]\t<\/div>\n<\/div>\n<h4 class=\"clearfix qodef-title-holder\" >\n\t<span class=\"qodef-accordion-mark qodef-left-mark\">\n\t\t<span class=\"qodef-accordion-mark-icon\">\n\t\t\t<span class=\"icon_plus\"><\/span>\n\t\t\t<span class=\"icon_minus-06\"><\/span>\n\t\t<\/span>\n\t<\/span>\n\t<span class=\"qodef-tab-title\">\n\t\t<span class=\"qodef-tab-title-inner\">\n\t\t\tCHIENS COURANTS\t\t<\/span>\n\t<\/span>\n<\/h4>\n<div class=\"qodef-accordion-content\">\n\t<div class=\"qodef-accordion-content-inner\">\n\t\t[vc_row_inner el_class=\u00a0\u00bbasso\u00a0\u00bb][vc_column_inner el_class=\u00a0\u00bbasso-img\u00a0\u00bb width=\u00a0\u00bb1\/4&Prime;][vc_single_image image=\u00a0\u00bb2998&Prime; alignment=\u00a0\u00bbcenter\u00a0\u00bb][\/vc_column_inner][vc_column_inner el_class=\u00a0\u00bbasso-text\u00a0\u00bb width=\u00a0\u00bb3\/4&Prime;][vc_column_text]<strong>Association Fran\u00e7aise pour l\u2019Avenir de la Chasse aux Chiens Courants, Section Indre (AFACCC 36)<\/strong><\/p>\n<p>&nbsp;<\/p>\n<p><strong>Pr\u00e9sident : Ludovic Gaultier<\/strong><\/p>\n<p>Le Petit Chaffaud<\/p>\n<p>Saint-Pierre de Lamps<\/p>\n<p>36110 LEVROUX<\/p>\n<p>06.48.15.25.19<\/p>\n<p><a href=\"mailto:ludovicgaultier4@gmail.com\"><span style=\"color: #c1246d\"><strong>ludovicgaultier4@gmail.com<\/strong><\/span><\/a>[\/vc_column_text][\/vc_column_inner][\/vc_row_inner]\t<\/div>\n<\/div>\n<h4 class=\"clearfix qodef-title-holder\" >\n\t<span class=\"qodef-accordion-mark qodef-left-mark\">\n\t\t<span class=\"qodef-accordion-mark-icon\">\n\t\t\t<span class=\"icon_plus\"><\/span>\n\t\t\t<span class=\"icon_minus-06\"><\/span>\n\t\t<\/span>\n\t<\/span>\n\t<span class=\"qodef-tab-title\">\n\t\t<span class=\"qodef-tab-title-inner\">\n\t\t\tGESTION ET REGULATION PREDATEURS - AGRP 36\t\t<\/span>\n\t<\/span>\n<\/h4>\n<div class=\"qodef-accordion-content\">\n\t<div class=\"qodef-accordion-content-inner\">\n\t\t[vc_row_inner el_class=\u00a0\u00bbasso\u00a0\u00bb][vc_column_inner el_class=\u00a0\u00bbasso-img\u00a0\u00bb width=\u00a0\u00bb1\/4&Prime;][vc_single_image image=\u00a0\u00bb3570&Prime; img_size=\u00a0\u00bblarge\u00a0\u00bb alignment=\u00a0\u00bbcenter\u00a0\u00bb][\/vc_column_inner][vc_column_inner el_class=\u00a0\u00bbasso-text\u00a0\u00bb width=\u00a0\u00bb3\/4&Prime;][vc_column_text]<strong>Association de Gestion et de R\u00e9gulation des Pr\u00e9dateurs de l\u2019Indre (AGRP 36)<\/strong><\/p>\n<p>&nbsp;<\/p>\n<p class=\"x_MsoNormal\">Monsieur Jo\u00ebl DODY \u2013 4 All\u00e9e des poiriers \u2013 36350 LUANT<\/p>\n<p class=\"x_MsoNormal\">02.54.36.16.98 \u2013 06.86.91.00.01<\/p>\n<p class=\"x_MsoNormal\"><span style=\"color: #c1246d\"><strong><a style=\"color: #c1246d\" href=\"mailto:Joel.dody@orange.fr\">Joel.dody@orange.fr<\/a><\/strong><\/span><\/p>\n<p>[\/vc_column_text][\/vc_column_inner][\/vc_row_inner]\t<\/div>\n<\/div>\n<h4 class=\"clearfix qodef-title-holder\" >\n\t<span class=\"qodef-accordion-mark qodef-left-mark\">\n\t\t<span class=\"qodef-accordion-mark-icon\">\n\t\t\t<span class=\"icon_plus\"><\/span>\n\t\t\t<span class=\"icon_minus-06\"><\/span>\n\t\t<\/span>\n\t<\/span>\n\t<span class=\"qodef-tab-title\">\n\t\t<span class=\"qodef-tab-title-inner\">\n\t\t\tGIBIER D&#039;EAU\t\t<\/span>\n\t<\/span>\n<\/h4>\n<div class=\"qodef-accordion-content\">\n\t<div class=\"qodef-accordion-content-inner\">\n\t\t[vc_row_inner el_class=\u00a0\u00bbasso\u00a0\u00bb][vc_column_inner el_class=\u00a0\u00bbasso-img\u00a0\u00bb width=\u00a0\u00bb1\/4&Prime;][vc_single_image image=\u00a0\u00bb2989&Prime; img_size=\u00a0\u00bbfull\u00a0\u00bb alignment=\u00a0\u00bbcenter\u00a0\u00bb][\/vc_column_inner][vc_column_inner el_class=\u00a0\u00bbasso-text\u00a0\u00bb width=\u00a0\u00bb3\/4&Prime;][vc_column_text]<strong>Association D\u00e9partementale des Chasseurs de Gibier d\u2019Eau (ADCGE 36)<\/strong><\/p>\n<p>&nbsp;<\/p>\n<p>Monsieur Michel CHRISTOPHE<\/p>\n<p>Le Sans Souci<\/p>\n<p>36350 LUANT<\/p>\n<p><strong>06.81.96.41.41<\/strong><\/p>\n<p><strong>E-Mail : <a href=\"mailto:michel.christophe.luant@gmail.com\"><span style=\"color: #c1246d\">michel.christophe.luant@gmail.com<\/span><\/a><\/strong><\/p>\n<p><span style=\"color: #c1246d\"><strong>https:\/\/adcge36.blogspot.com\/<\/strong><\/span>[\/vc_column_text][\/vc_column_inner][\/vc_row_inner]\t<\/div>\n<\/div>\n<h4 class=\"clearfix qodef-title-holder\" >\n\t<span class=\"qodef-accordion-mark qodef-left-mark\">\n\t\t<span class=\"qodef-accordion-mark-icon\">\n\t\t\t<span class=\"icon_plus\"><\/span>\n\t\t\t<span class=\"icon_minus-06\"><\/span>\n\t\t<\/span>\n\t<\/span>\n\t<span class=\"qodef-tab-title\">\n\t\t<span class=\"qodef-tab-title-inner\">\n\t\t\tGRAND GIBIER &amp; Soci\u00e9t\u00e9 de V\u00e8nerie D\u00e9l\u00e9gation 36\t\t<\/span>\n\t<\/span>\n<\/h4>\n<div class=\"qodef-accordion-content\">\n\t<div class=\"qodef-accordion-content-inner\">\n\t\t[vc_row_inner el_class=\u00a0\u00bbasso\u00a0\u00bb][vc_column_inner el_class=\u00a0\u00bbasso-img\u00a0\u00bb width=\u00a0\u00bb1\/4&Prime;][vc_single_image image=\u00a0\u00bb2990&Prime; alignment=\u00a0\u00bbcenter\u00a0\u00bb][vc_single_image image=\u00a0\u00bb5179&Prime;][\/vc_column_inner][vc_column_inner el_class=\u00a0\u00bbasso-text\u00a0\u00bb width=\u00a0\u00bb3\/4&Prime;][vc_column_text]<strong>Association D\u00e9partementale des Chasseurs de Grand Gibier (ADCGG 36) <span id=\"page3R_mcid59\" class=\"markedContent\"><span dir=\"ltr\" role=\"presentation\">&amp;<\/span><\/span><span id=\"page3R_mcid60\" class=\"markedContent\"> <span dir=\"ltr\" role=\"presentation\">Soci<\/span><span dir=\"ltr\" role=\"presentation\">\u00e9<\/span><span dir=\"ltr\" role=\"presentation\">t\u00e9 de V\u00e8nerie<\/span><\/span><span id=\"page3R_mcid61\" class=\"markedContent\"> <span dir=\"ltr\" role=\"presentation\">D\u00e9l\u00e9gation 36<\/span><\/span><br \/>\n<\/strong><\/p>\n<p>&nbsp;<\/p>\n<p><strong>Monsieur Xavier LEGENDRE<\/strong><br \/>\nLe Blizon<br \/>\n36300\u00a0ROSNAY<br \/>\n<i class=\"fa fa-phone\"><\/i> : <a href=\"tel:+33254287417\" target=\"_blank\" rel=\"noopener noreferrer\"><span style=\"color: #c1246d\"><strong>02 54 28 74 17<\/strong><\/span><\/a><br \/>\n<i class=\"fa fa-mobile\"><\/i> : <a href=\"tel:+33684627657\" target=\"_blank\" rel=\"noopener noreferrer\"><span style=\"color: #c1246d\"><strong>06 84 62 76 57<\/strong><\/span><\/a><\/p>\n<p>&nbsp;<\/p>\n<p>EMail : <span style=\"color: #0563c1\"><u><a href=\"mailto:xavierlegendre36@gmail.com\"><span style=\"font-family: Arial, sans-serif\"><span style=\"font-size: small\"><span style=\"color: #c1246d\"><strong>xavierlegendre36@gmail.com<\/strong><\/span><\/span><\/span><\/a><\/u><\/span>[\/vc_column_text][\/vc_column_inner][\/vc_row_inner]\t<\/div>\n<\/div>\n<h4 class=\"clearfix qodef-title-holder\" >\n\t<span class=\"qodef-accordion-mark qodef-left-mark\">\n\t\t<span class=\"qodef-accordion-mark-icon\">\n\t\t\t<span class=\"icon_plus\"><\/span>\n\t\t\t<span class=\"icon_minus-06\"><\/span>\n\t\t<\/span>\n\t<\/span>\n\t<span class=\"qodef-tab-title\">\n\t\t<span class=\"qodef-tab-title-inner\">\n\t\t\tJEUNES CHASSEURS\t\t<\/span>\n\t<\/span>\n<\/h4>\n<div class=\"qodef-accordion-content\">\n\t<div class=\"qodef-accordion-content-inner\">\n\t\t[vc_row_inner el_class=\u00a0\u00bbasso\u00a0\u00bb][vc_column_inner el_class=\u00a0\u00bbasso-img\u00a0\u00bb width=\u00a0\u00bb1\/4&Prime;][vc_single_image image=\u00a0\u00bb3329&Prime; img_size=\u00a0\u00bbfull\u00a0\u00bb][\/vc_column_inner][vc_column_inner el_class=\u00a0\u00bbasso-text\u00a0\u00bb width=\u00a0\u00bb3\/4&Prime;][vc_column_text]<strong>Association D\u00e9partementale des Jeunes Chasseurs de l\u2019Indre (ADJC 36)<\/strong><\/p>\n<p>&nbsp;<\/p>\n<p>Pr\u00e9sident : <strong>Steven BOUCHETAL\u00a0<\/strong><\/p>\n<p>83. Rue Nationale \u2013 36800 LE PONT CHRETIEN<\/p>\n<p>06.13.39.23.66<\/p>\n<p>EMail : <span style=\"color: #0563c1\"><u><a href=\"mailto:ajc36@wanadoo.fr\"><span style=\"font-family: Arial, sans-serif\"><span style=\"font-size: small\"><span style=\"color: #c1246d\"><strong>ajc36@wanadoo.fr<\/strong><\/span><\/span><\/span><\/a><\/u><\/span>[\/vc_column_text][\/vc_column_inner][\/vc_row_inner]\t<\/div>\n<\/div>\n<h4 class=\"clearfix qodef-title-holder\" >\n\t<span class=\"qodef-accordion-mark qodef-left-mark\">\n\t\t<span class=\"qodef-accordion-mark-icon\">\n\t\t\t<span class=\"icon_plus\"><\/span>\n\t\t\t<span class=\"icon_minus-06\"><\/span>\n\t\t<\/span>\n\t<\/span>\n\t<span class=\"qodef-tab-title\">\n\t\t<span class=\"qodef-tab-title-inner\">\n\t\t\tLIEUTENANTS DE LOUVETERIE\t\t<\/span>\n\t<\/span>\n<\/h4>\n<div class=\"qodef-accordion-content\">\n\t<div class=\"qodef-accordion-content-inner\">\n\t\t[vc_row_inner el_class=\u00a0\u00bbasso\u00a0\u00bb][vc_column_inner el_class=\u00a0\u00bbasso-img\u00a0\u00bb width=\u00a0\u00bb1\/4&Prime;][vc_single_image image=\u00a0\u00bb2991&Prime; alignment=\u00a0\u00bbcenter\u00a0\u00bb][\/vc_column_inner][vc_column_inner el_class=\u00a0\u00bbasso-text\u00a0\u00bb width=\u00a0\u00bb3\/4&Prime;][vc_column_text]<strong>Association des Lieutenants de Louveterie de l\u2019Indre<\/strong><\/p>\n<p>&nbsp;<\/p>\n<p>Jean-Paul MAUVE \u2013 13. Route d\u2019Oulches \u2013 Cors \u2013 36800 OULCHES<\/p>\n<p><a href=\"mailto:catherine.mauve0@orange.fr\" target=\"_blank\" rel=\"noopener noreferrer\"><span style=\"color: #c1246d\"><strong>catherine.mauve0@orange.fr<\/strong><\/span><\/a><\/p>\n<p>T\u00e9l : 02.54.28.07.65 \u2013 06.88.75.51.68[\/vc_column_text][\/vc_column_inner][\/vc_row_inner]\t<\/div>\n<\/div>\n<h4 class=\"clearfix qodef-title-holder\" >\n\t<span class=\"qodef-accordion-mark qodef-left-mark\">\n\t\t<span class=\"qodef-accordion-mark-icon\">\n\t\t\t<span class=\"icon_plus\"><\/span>\n\t\t\t<span class=\"icon_minus-06\"><\/span>\n\t\t<\/span>\n\t<\/span>\n\t<span class=\"qodef-tab-title\">\n\t\t<span class=\"qodef-tab-title-inner\">\n\t\t\tPETIT GIBIER\t\t<\/span>\n\t<\/span>\n<\/h4>\n<div class=\"qodef-accordion-content\">\n\t<div class=\"qodef-accordion-content-inner\">\n\t\t[vc_row_inner el_class=\u00a0\u00bbasso\u00a0\u00bb][vc_column_inner el_class=\u00a0\u00bbasso-img\u00a0\u00bb width=\u00a0\u00bb1\/4&Prime;][vc_single_image image=\u00a0\u00bb3332&Prime; img_size=\u00a0\u00bbfull\u00a0\u00bb][\/vc_column_inner][vc_column_inner el_class=\u00a0\u00bbasso-text\u00a0\u00bb width=\u00a0\u00bb3\/4&Prime;][vc_column_text]<strong>Association D\u00e9partementale des Chasseurs de Petit Gibier (ADCPG 36)<\/strong><\/p>\n<p>&nbsp;<\/p>\n<p>Monsieur Francis\u00a0BERTHON<br \/>\n34 rue Ali\u00e9nor d\u2019Aquitaine<br \/>\n36370 LIGNAC<\/p>\n<p><i class=\"fa fa-phone\"><\/i> : <a href=\"tel:+33254256398\" target=\"_blank\" rel=\"noopener noreferrer\"><span style=\"color: #c1246d\"><strong>02 54 25 63 98<\/strong><\/span><\/a><br \/>\n<i class=\"fa fa-mobile\"><\/i> : <a href=\"tel:+33672055511\" target=\"_blank\" rel=\"noopener noreferrer\"><span style=\"color: #c1246d\"><strong>06 72 05 55 11<\/strong><\/span><\/a><\/p>\n<p>&nbsp;<\/p>\n<p>EMail : <span style=\"color: #c1246d\"><strong><u><a style=\"color: #c1246d\" href=\"mailto:bfranic0512@gmail.com\">bfranic0512@gmail.com<\/a><\/u><\/strong><\/span>[\/vc_column_text][\/vc_column_inner][\/vc_row_inner]\t<\/div>\n<\/div>\n<h4 class=\"clearfix qodef-title-holder\" >\n\t<span class=\"qodef-accordion-mark qodef-left-mark\">\n\t\t<span class=\"qodef-accordion-mark-icon\">\n\t\t\t<span class=\"icon_plus\"><\/span>\n\t\t\t<span class=\"icon_minus-06\"><\/span>\n\t\t<\/span>\n\t<\/span>\n\t<span class=\"qodef-tab-title\">\n\t\t<span class=\"qodef-tab-title-inner\">\n\t\t\tUnion Nationale pour l&#039;Utilisation de Chiens de Rouge 36- UNUCR 36\t\t<\/span>\n\t<\/span>\n<\/h4>\n<div class=\"qodef-accordion-content\">\n\t<div class=\"qodef-accordion-content-inner\">\n\t\t[vc_row_inner el_class=\u00a0\u00bbasso\u00a0\u00bb][vc_column_inner el_class=\u00a0\u00bbasso-img\u00a0\u00bb width=\u00a0\u00bb1\/2&Prime;][vc_single_image image=\u00a0\u00bb2992&Prime; img_size=\u00a0\u00bblarge\u00a0\u00bb alignment=\u00a0\u00bbcenter\u00a0\u00bb][\/vc_column_inner][vc_column_inner width=\u00a0\u00bb1\/2&Prime;][vc_column_text]<strong>Section D\u00e9partementale de l\u2019Union Nationale des Utilisateurs de Chiens de Rouge (UNUCR 36)<\/strong><\/p>\n<p>&nbsp;<\/p>\n<p>PERRIN Pierre<\/p>\n<p>D\u00e9l\u00e9gu\u00e9 UNUCR 36<\/p>\n<p>Parpe\u00e7ay<\/p>\n<p>Port. : 06.81.53.54.77<\/p>\n<p>MAIL : <a href=\"mailto:pierreperrin36210@gmail.com\"><span style=\"color: #c1246d\"><strong>pierreperrin36210@gmail.com<\/strong><\/span><\/a>[\/vc_column_text][\/vc_column_inner][\/vc_row_inner]\t<\/div>\n<\/div>\n<h4 class=\"clearfix qodef-title-holder\" >\n\t<span class=\"qodef-accordion-mark qodef-left-mark\">\n\t\t<span class=\"qodef-accordion-mark-icon\">\n\t\t\t<span class=\"icon_plus\"><\/span>\n\t\t\t<span class=\"icon_minus-06\"><\/span>\n\t\t<\/span>\n\t<\/span>\n\t<span class=\"qodef-tab-title\">\n\t\t<span class=\"qodef-tab-title-inner\">\n\t\t\tRECHERCHE DU GRAND GIBIER BLESS\u00c9 - AFUCS - Association Fran\u00e7aise des Utilisateurs de Chiens de Sang\t\t<\/span>\n\t<\/span>\n<\/h4>\n<div class=\"qodef-accordion-content\">\n\t<div class=\"qodef-accordion-content-inner\">\n\t\t[vc_row_inner el_class=\u00a0\u00bbasso\u00a0\u00bb][vc_column_inner el_class=\u00a0\u00bbasso-img\u00a0\u00bb width=\u00a0\u00bb1\/4&Prime;][vc_single_image image=\u00a0\u00bb4447&Prime;][\/vc_column_inner][vc_column_inner width=\u00a0\u00bb3\/4&Prime;][vc_column_text]<\/p>\n<div class=\"itemFullText\">\n<p>Madame Pascale BAUERT<\/p>\n<p>Saint-Julien<\/p>\n<p>36290 AZAY LE FERRON<\/p>\n<p><i class=\"fas fa-phone\"><\/i> : 02 54 84 17 38<\/p>\n<p><i class=\"fas fa-mobile\"><\/i> : 06 74 79 15 68<\/p>\n<\/div>\n<p>&nbsp;<\/p>\n<p>EMail : <span style=\"color: #0563c1\"><u><a href=\"mailto:pascale.bauert@orange.fr\"><span style=\"color: #c1246d\"><strong>pascale.bauert@orange.fr<\/strong><\/span><\/a><\/u><\/span>[\/vc_column_text][\/vc_column_inner][\/vc_row_inner]\t<\/div>\n<\/div>\n<h4 class=\"clearfix qodef-title-holder\" >\n\t<span class=\"qodef-accordion-mark qodef-left-mark\">\n\t\t<span class=\"qodef-accordion-mark-icon\">\n\t\t\t<span class=\"icon_plus\"><\/span>\n\t\t\t<span class=\"icon_minus-06\"><\/span>\n\t\t<\/span>\n\t<\/span>\n\t<span class=\"qodef-tab-title\">\n\t\t<span class=\"qodef-tab-title-inner\">\n\t\t\tVENERIE SOUS TERRE\t\t<\/span>\n\t<\/span>\n<\/h4>\n<div class=\"qodef-accordion-content\">\n\t<div class=\"qodef-accordion-content-inner\">\n\t\t[vc_row_inner el_class=\u00a0\u00bbasso\u00a0\u00bb][vc_column_inner el_class=\u00a0\u00bbasso-img\u00a0\u00bb width=\u00a0\u00bb1\/4&Prime;][vc_single_image image=\u00a0\u00bb2993&Prime; alignment=\u00a0\u00bbcenter\u00a0\u00bb][\/vc_column_inner][vc_column_inner el_class=\u00a0\u00bbasso-text\u00a0\u00bb width=\u00a0\u00bb3\/4&Prime;][vc_column_text]<strong>Association D\u00e9partementale des Equipages de V\u00e9nerie Sous Terre (ADEVST 36)<\/strong><\/p>\n<p>&nbsp;<\/p>\n<p>Monsieur Bernard COSSET<\/p>\n<p>10 rue de la Reuille<\/p>\n<p>Le Tertre<\/p>\n<p>36800 CHITRAY<\/p>\n<p><i class=\"\"><\/i> <i class=\"fas fa-phone\"><\/i> : <a href=\"tel:+33254470318\" target=\"_blank\" rel=\"noopener noreferrer\"><span style=\"color: #c1246d\"><strong>02 54 47 03 18<\/strong><\/span><\/a><br \/>\n:\u00a0 <a href=\"tel:+33671214994\" target=\"_blank\" rel=\"noopener noreferrer\"><span style=\"color: #c1246d\"><strong>06 71 21 49 94<\/strong><\/span><\/a><\/p>\n<p>@mail :<span style=\"color: #c1245d\"><strong>\u00a0<a style=\"color: #c1245d\" href=\"mailto:ldouadic@gmail.com\">ldouadic@gmail.com<\/a><\/strong><\/span>[\/vc_column_text][\/vc_column_inner][\/vc_row_inner]\t<\/div>\n<\/div>\n<h4 class=\"clearfix qodef-title-holder\" >\n\t<span class=\"qodef-accordion-mark qodef-left-mark\">\n\t\t<span class=\"qodef-accordion-mark-icon\">\n\t\t\t<span class=\"icon_plus\"><\/span>\n\t\t\t<span class=\"icon_minus-06\"><\/span>\n\t\t<\/span>\n\t<\/span>\n\t<span class=\"qodef-tab-title\">\n\t\t<span class=\"qodef-tab-title-inner\">\n\t\t\tD\u00e9l\u00e9gation D\u00e9partementale des Trompes de l&#039;Indre\t\t<\/span>\n\t<\/span>\n<\/h4>\n<div class=\"qodef-accordion-content\">\n\t<div class=\"qodef-accordion-content-inner\">\n\t\t[vc_row_inner el_class=\u00a0\u00bbasso\u00a0\u00bb][vc_column_inner el_class=\u00a0\u00bbasso-img\u00a0\u00bb width=\u00a0\u00bb1\/4&Prime;][vc_single_image image=\u00a0\u00bb3662&Prime; alignment=\u00a0\u00bbcenter\u00a0\u00bb][\/vc_column_inner][vc_column_inner el_class=\u00a0\u00bbasso-text\u00a0\u00bb width=\u00a0\u00bb3\/4&Prime;][vc_column_text]<strong>C\u00e9cile GATEBLED<\/strong><\/p>\n<p>La Pilette \u2013 36700 LE TRANGER<\/p>\n<p><i class=\"fas fa-phone\"><\/i> : 06.22.97.73.70<\/p>\n<p><span style=\"font-size: small\">\u00a0<\/span><\/p>\n<p>EMail : <span style=\"color: #c1246d\"><strong><u><a style=\"color: #c1246d\" href=\"mailto:trompesdelindre@yahoo.fr\">trompesdelindre@yahoo.fr<\/a><\/u><\/strong><\/span><u><\/u>[\/vc_column_text][\/vc_column_inner][\/vc_row_inner]\t<\/div>\n<\/div>\n<h4 class=\"clearfix qodef-title-holder\" >\n\t<span class=\"qodef-accordion-mark qodef-left-mark\">\n\t\t<span class=\"qodef-accordion-mark-icon\">\n\t\t\t<span class=\"icon_plus\"><\/span>\n\t\t\t<span class=\"icon_minus-06\"><\/span>\n\t\t<\/span>\n\t<\/span>\n\t<span class=\"qodef-tab-title\">\n\t\t<span class=\"qodef-tab-title-inner\">\n\t\t\tAssociation Cyn\u00e9g\u00e9tique et Cynophile 36\t\t<\/span>\n\t<\/span>\n<\/h4>\n<div class=\"qodef-accordion-content\">\n\t<div class=\"qodef-accordion-content-inner\">\n\t\t[vc_column_text]<\/p>\n<p><strong>Pr\u00e9sident Eric BRANSON\u00a0<\/strong><\/p>\n<p>Rue Victor Hugo<\/p>\n<p>Route des Loges Bernard<\/p>\n<p>36230 NEUVY ST SEPULCHRE<\/p>\n<p>T\u00e9l. : 02 54 30 84 62 &#8211; Port. :\u00a0 06 70 66 36 08<\/p>\n<p>mail :<strong> <a href=\"mailto:branson.eric@neuf.fr\"><span style=\"color: #c1246d\">branson.eric@neuf.fr<\/span><\/a><\/strong>[\/vc_column_text]\t<\/div>\n<\/div>\n<h4 class=\"clearfix qodef-title-holder\" >\n\t<span class=\"qodef-accordion-mark qodef-left-mark\">\n\t\t<span class=\"qodef-accordion-mark-icon\">\n\t\t\t<span class=\"icon_plus\"><\/span>\n\t\t\t<span class=\"icon_minus-06\"><\/span>\n\t\t<\/span>\n\t<\/span>\n\t<span class=\"qodef-tab-title\">\n\t\t<span class=\"qodef-tab-title-inner\">\n\t\t\tAssociation Nationale des Sportifs Chasseurs\t\t<\/span>\n\t<\/span>\n<\/h4>\n<div class=\"qodef-accordion-content\">\n\t<div class=\"qodef-accordion-content-inner\">\n\t\t[vc_column_text]<strong><img loading=\"lazy\" decoding=\"async\" class=\"size-full wp-image-5177 aligncenter\" src=\"https:\/\/www.chasseurducentrevaldeloire.fr\/fdc36\/wp-content\/uploads\/sites\/4\/2022\/07\/SportChas.png\" alt=\"\" width=\"175\" height=\"225\" \/><\/strong><\/p>\n<p><strong>Pr\u00e9sident Dominique BEAUDET<br \/>\n<\/strong><\/p>\n<p>8. Rue de la Brigaudi\u00e8re<\/p>\n<p>36500 SAINT-GENOU<\/p>\n<p>Port. :\u00a0 06 72 28 71 00<\/p>\n<p>mail :<span style=\"color: #c1246d\"><strong> <a style=\"color: #c1246d\" href=\"mailto:sportifs.chasseurs@live.fr\">sportifs.chasseurs@live.fr<\/a>\u00a0<\/strong><\/span>[\/vc_column_text]\t<\/div>\n<\/div>\n<h4 class=\"clearfix qodef-title-holder\" >\n\t<span class=\"qodef-accordion-mark qodef-left-mark\">\n\t\t<span class=\"qodef-accordion-mark-icon\">\n\t\t\t<span class=\"icon_plus\"><\/span>\n\t\t\t<span class=\"icon_minus-06\"><\/span>\n\t\t<\/span>\n\t<\/span>\n\t<span class=\"qodef-tab-title\">\n\t\t<span class=\"qodef-tab-title-inner\">\n\t\t\tChasseresses de France Correspondantes de l\u2019Indre\t\t<\/span>\n\t<\/span>\n<\/h4>\n<div class=\"qodef-accordion-content\">\n\t<div class=\"qodef-accordion-content-inner\">\n\t\t[vc_column_text]<strong><img loading=\"lazy\" decoding=\"async\" class=\"size-full wp-image-5178 aligncenter\" src=\"https:\/\/www.chasseurducentrevaldeloire.fr\/fdc36\/wp-content\/uploads\/sites\/4\/2022\/07\/LogoChasseresse.jpg\" alt=\"\" width=\"226\" height=\"223\" \/><\/strong><\/p>\n<p><strong>Mesdames Claudine GIBAULT et Louise MASSERON<br \/>\n<\/strong><\/p>\n<p>1 Route Launay les haies<\/p>\n<p>36210 CHABRIS<\/p>\n<p>Les Petits Roquillets<\/p>\n<p>36210 POULAINES<\/p>\n<p>Port. : 06.76.83.46.95 &#8211; 07.50.20.52.91<\/p>\n<p>mail :\u00a0<a href=\"mailto:claudine.horr36@orange.fr\"><span style=\"color: #c1246d\"><strong>claudine.horr36@orange.fr<\/strong><\/span><\/a>\u00a0et <a href=\"mailto:louise.masseron@orange.fr\"><strong><span style=\"color: #c1246d\">louise.masseron@orange.fr<\/span><\/strong><\/a>[\/vc_column_text]\t<\/div>\n<\/div>\n<\/div>[\/vc_column][\/vc_row]<\/p>\n","protected":false},"excerpt":{"rendered":"<p>[vc_row][vc_column][\/vc_column][\/vc_row]<\/p>\n","protected":false},"author":2,"featured_media":0,"parent":0,"menu_order":0,"comment_status":"closed","ping_status":"closed","template":"","meta":{"_acf_changed":false,"inline_featured_image":false,"_exactmetrics_skip_tracking":false,"_exactmetrics_sitenote_active":false,"_exactmetrics_sitenote_note":"","_exactmetrics_sitenote_category":0,"footnotes":""},"class_list":["post-2982","page","type-page","status-publish","hentry"],"acf":[],"publishpress_future_action":{"enabled":false,"date":"2026-04-18 12:23:36","action":"change-status","newStatus":"draft","terms":[],"taxonomy":"","extraData":[]},"publishpress_future_workflow_manual_trigger":{"enabledWorkflows":[]},"_links":{"self":[{"href":"https:\/\/www.save.chasseurducentrevaldeloire.fr\/fdc36\/wp-json\/wp\/v2\/pages\/2982","targetHints":{"allow":["GET"]}}],"collection":[{"href":"https:\/\/www.save.chasseurducentrevaldeloire.fr\/fdc36\/wp-json\/wp\/v2\/pages"}],"about":[{"href":"https:\/\/www.save.chasseurducentrevaldeloire.fr\/fdc36\/wp-json\/wp\/v2\/types\/page"}],"author":[{"embeddable":true,"href":"https:\/\/www.save.chasseurducentrevaldeloire.fr\/fdc36\/wp-json\/wp\/v2\/users\/2"}],"replies":[{"embeddable":true,"href":"https:\/\/www.save.chasseurducentrevaldeloire.fr\/fdc36\/wp-json\/wp\/v2\/comments?post=2982"}],"version-history":[{"count":59,"href":"https:\/\/www.save.chasseurducentrevaldeloire.fr\/fdc36\/wp-json\/wp\/v2\/pages\/2982\/revisions"}],"predecessor-version":[{"id":7734,"href":"https:\/\/www.save.chasseurducentrevaldeloire.fr\/fdc36\/wp-json\/wp\/v2\/pages\/2982\/revisions\/7734"}],"wp:attachment":[{"href":"https:\/\/www.save.chasseurducentrevaldeloire.fr\/fdc36\/wp-json\/wp\/v2\/media?parent=2982"}],"curies":[{"name":"wp","href":"https:\/\/api.w.org\/{rel}","templated":true}]}}