{"id":2955,"date":"2018-05-25T17:28:48","date_gmt":"2018-05-25T15:28:48","guid":{"rendered":"http:\/\/www.chasseurducentrevaldeloire.fr\/fdc36\/?page_id=2955"},"modified":"2025-10-07T11:30:57","modified_gmt":"2025-10-07T09:30:57","slug":"conseil-dadministration","status":"publish","type":"page","link":"https:\/\/www.save.chasseurducentrevaldeloire.fr\/fdc36\/conseil-dadministration\/","title":{"rendered":"Conseil d&rsquo;administration"},"content":{"rendered":"<p>[vc_row][vc_column][vc_column_text]<\/p>\n<table width=\"590\">\n<tbody>\n<tr>\n<td><img loading=\"lazy\" decoding=\"async\" class=\"alignnone size-medium wp-image-5032\" src=\"https:\/\/www.chasseurducentrevaldeloire.fr\/fdc36\/wp-content\/uploads\/sites\/4\/2022\/05\/Gandillot-200x300.jpg\" alt=\"\" width=\"200\" height=\"300\" srcset=\"https:\/\/www.save.chasseurducentrevaldeloire.fr\/fdc36\/wp-content\/uploads\/sites\/4\/2022\/05\/Gandillot-200x300.jpg 200w, https:\/\/www.save.chasseurducentrevaldeloire.fr\/fdc36\/wp-content\/uploads\/sites\/4\/2022\/05\/Gandillot-683x1024.jpg 683w, https:\/\/www.save.chasseurducentrevaldeloire.fr\/fdc36\/wp-content\/uploads\/sites\/4\/2022\/05\/Gandillot-768x1152.jpg 768w, https:\/\/www.save.chasseurducentrevaldeloire.fr\/fdc36\/wp-content\/uploads\/sites\/4\/2022\/05\/Gandillot.jpg 800w\" sizes=\"auto, (max-width: 200px) 100vw, 200px\" \/><\/td>\n<td><strong>Pr\u00e9sident <\/strong><strong><br \/>\n<\/strong>Laurent GANDILLOT<\/td>\n<td>36300 RUFFEC<\/td>\n<\/tr>\n<tr>\n<td><img loading=\"lazy\" decoding=\"async\" class=\"alignnone size-medium wp-image-5016\" src=\"https:\/\/www.chasseurducentrevaldeloire.fr\/fdc36\/wp-content\/uploads\/sites\/4\/2022\/05\/Patureau-Mirand-200x300.jpg\" alt=\"\" width=\"200\" height=\"300\" srcset=\"https:\/\/www.save.chasseurducentrevaldeloire.fr\/fdc36\/wp-content\/uploads\/sites\/4\/2022\/05\/Patureau-Mirand-200x300.jpg 200w, https:\/\/www.save.chasseurducentrevaldeloire.fr\/fdc36\/wp-content\/uploads\/sites\/4\/2022\/05\/Patureau-Mirand-683x1024.jpg 683w, https:\/\/www.save.chasseurducentrevaldeloire.fr\/fdc36\/wp-content\/uploads\/sites\/4\/2022\/05\/Patureau-Mirand-768x1152.jpg 768w, https:\/\/www.save.chasseurducentrevaldeloire.fr\/fdc36\/wp-content\/uploads\/sites\/4\/2022\/05\/Patureau-Mirand.jpg 800w\" sizes=\"auto, (max-width: 200px) 100vw, 200px\" \/><\/td>\n<td><strong>Vice-Pr\u00e9sident <\/strong><\/p>\n<p>Guy PATUREAU-MIRAND<\/td>\n<td>36500 VENDOEUVRES<\/td>\n<\/tr>\n<tr>\n<td><img loading=\"lazy\" decoding=\"async\" class=\"alignnone size-medium wp-image-5015\" src=\"https:\/\/www.chasseurducentrevaldeloire.fr\/fdc36\/wp-content\/uploads\/sites\/4\/2022\/05\/Genichon-200x300.jpg\" alt=\"\" width=\"200\" height=\"300\" srcset=\"https:\/\/www.save.chasseurducentrevaldeloire.fr\/fdc36\/wp-content\/uploads\/sites\/4\/2022\/05\/Genichon-200x300.jpg 200w, https:\/\/www.save.chasseurducentrevaldeloire.fr\/fdc36\/wp-content\/uploads\/sites\/4\/2022\/05\/Genichon-683x1024.jpg 683w, https:\/\/www.save.chasseurducentrevaldeloire.fr\/fdc36\/wp-content\/uploads\/sites\/4\/2022\/05\/Genichon-768x1152.jpg 768w, https:\/\/www.save.chasseurducentrevaldeloire.fr\/fdc36\/wp-content\/uploads\/sites\/4\/2022\/05\/Genichon.jpg 800w\" sizes=\"auto, (max-width: 200px) 100vw, 200px\" \/><\/td>\n<td><strong>Pr\u00e9sident d\u2019honneur <\/strong><br \/>\nG\u00e9rard GENICHON<\/td>\n<td>36260 PAUDY<\/td>\n<\/tr>\n<tr>\n<td><img loading=\"lazy\" decoding=\"async\" class=\"alignnone size-medium wp-image-5021\" src=\"https:\/\/www.chasseurducentrevaldeloire.fr\/fdc36\/wp-content\/uploads\/sites\/4\/2022\/05\/Dody-200x300.jpg\" alt=\"\" width=\"200\" height=\"300\" srcset=\"https:\/\/www.save.chasseurducentrevaldeloire.fr\/fdc36\/wp-content\/uploads\/sites\/4\/2022\/05\/Dody-200x300.jpg 200w, https:\/\/www.save.chasseurducentrevaldeloire.fr\/fdc36\/wp-content\/uploads\/sites\/4\/2022\/05\/Dody-683x1024.jpg 683w, https:\/\/www.save.chasseurducentrevaldeloire.fr\/fdc36\/wp-content\/uploads\/sites\/4\/2022\/05\/Dody-768x1152.jpg 768w, https:\/\/www.save.chasseurducentrevaldeloire.fr\/fdc36\/wp-content\/uploads\/sites\/4\/2022\/05\/Dody.jpg 800w\" sizes=\"auto, (max-width: 200px) 100vw, 200px\" \/><\/td>\n<td><strong>Secr\u00e9taire G\u00e9n\u00e9ral<\/strong><br \/>\nJo\u00ebl DODY<\/td>\n<td>36350 LUANT<\/td>\n<\/tr>\n<tr>\n<td><img loading=\"lazy\" decoding=\"async\" class=\"alignnone size-medium wp-image-6770\" src=\"https:\/\/www.chasseurducentrevaldeloire.fr\/fdc36\/wp-content\/uploads\/sites\/4\/2024\/10\/DAUPHIN-OLIVIER-206x300.jpg\" alt=\"\" width=\"206\" height=\"300\" srcset=\"https:\/\/www.save.chasseurducentrevaldeloire.fr\/fdc36\/wp-content\/uploads\/sites\/4\/2024\/10\/DAUPHIN-OLIVIER-206x300.jpg 206w, https:\/\/www.save.chasseurducentrevaldeloire.fr\/fdc36\/wp-content\/uploads\/sites\/4\/2024\/10\/DAUPHIN-OLIVIER.jpg 451w\" sizes=\"auto, (max-width: 206px) 100vw, 206px\" \/><\/td>\n<td><strong>Tr\u00e9sorier<\/strong><br \/>\nOlivier Dauphin<\/td>\n<td>36110 BRION<\/td>\n<\/tr>\n<tr>\n<td><img loading=\"lazy\" decoding=\"async\" class=\"alignnone size-medium wp-image-5017\" src=\"https:\/\/www.chasseurducentrevaldeloire.fr\/fdc36\/wp-content\/uploads\/sites\/4\/2022\/05\/Perrot-200x300.jpg\" alt=\"\" width=\"200\" height=\"300\" srcset=\"https:\/\/www.save.chasseurducentrevaldeloire.fr\/fdc36\/wp-content\/uploads\/sites\/4\/2022\/05\/Perrot-200x300.jpg 200w, https:\/\/www.save.chasseurducentrevaldeloire.fr\/fdc36\/wp-content\/uploads\/sites\/4\/2022\/05\/Perrot-683x1024.jpg 683w, https:\/\/www.save.chasseurducentrevaldeloire.fr\/fdc36\/wp-content\/uploads\/sites\/4\/2022\/05\/Perrot-768x1152.jpg 768w, https:\/\/www.save.chasseurducentrevaldeloire.fr\/fdc36\/wp-content\/uploads\/sites\/4\/2022\/05\/Perrot.jpg 800w\" sizes=\"auto, (max-width: 200px) 100vw, 200px\" \/><\/td>\n<td><strong>Tr\u00e9sori\u00e8re-adjointe<\/strong><br \/>\nClaire PERROT<\/td>\n<td>36150 LA CHAPELLE SAINT-LAURIAN<\/td>\n<\/tr>\n<tr>\n<td><img loading=\"lazy\" decoding=\"async\" class=\"alignnone size-medium wp-image-6460\" src=\"https:\/\/www.chasseurducentrevaldeloire.fr\/fdc36\/wp-content\/uploads\/sites\/4\/2024\/05\/JChatillon-239x300.png\" alt=\"\" width=\"239\" height=\"300\" srcset=\"https:\/\/www.save.chasseurducentrevaldeloire.fr\/fdc36\/wp-content\/uploads\/sites\/4\/2024\/05\/JChatillon-239x300.png 239w, https:\/\/www.save.chasseurducentrevaldeloire.fr\/fdc36\/wp-content\/uploads\/sites\/4\/2024\/05\/JChatillon-815x1024.png 815w, https:\/\/www.save.chasseurducentrevaldeloire.fr\/fdc36\/wp-content\/uploads\/sites\/4\/2024\/05\/JChatillon-768x965.png 768w, https:\/\/www.save.chasseurducentrevaldeloire.fr\/fdc36\/wp-content\/uploads\/sites\/4\/2024\/05\/JChatillon.png 1052w\" sizes=\"auto, (max-width: 239px) 100vw, 239px\" \/><\/td>\n<td>Jeanne CHATILLON<\/td>\n<td>03230 PARAY LE FRESIL<\/td>\n<\/tr>\n<tr>\n<td><img loading=\"lazy\" decoding=\"async\" class=\"alignnone size-medium wp-image-5024\" src=\"https:\/\/www.chasseurducentrevaldeloire.fr\/fdc36\/wp-content\/uploads\/sites\/4\/2022\/05\/Duteil-200x300.jpg\" alt=\"\" width=\"200\" height=\"300\" srcset=\"https:\/\/www.save.chasseurducentrevaldeloire.fr\/fdc36\/wp-content\/uploads\/sites\/4\/2022\/05\/Duteil-200x300.jpg 200w, https:\/\/www.save.chasseurducentrevaldeloire.fr\/fdc36\/wp-content\/uploads\/sites\/4\/2022\/05\/Duteil-683x1024.jpg 683w, https:\/\/www.save.chasseurducentrevaldeloire.fr\/fdc36\/wp-content\/uploads\/sites\/4\/2022\/05\/Duteil-768x1152.jpg 768w, https:\/\/www.save.chasseurducentrevaldeloire.fr\/fdc36\/wp-content\/uploads\/sites\/4\/2022\/05\/Duteil.jpg 800w\" sizes=\"auto, (max-width: 200px) 100vw, 200px\" \/><\/td>\n<td>Bruno DUTEIL<\/td>\n<td>36400 NOHANT-VIC<\/td>\n<\/tr>\n<tr>\n<td><img loading=\"lazy\" decoding=\"async\" class=\"alignnone size-full wp-image-6128\" src=\"https:\/\/www.chasseurducentrevaldeloire.fr\/fdc36\/wp-content\/uploads\/sites\/4\/2023\/11\/Guibouret.jpg\" alt=\"\" width=\"200\" height=\"267\" \/><\/td>\n<td>J\u00e9r\u00f4me GUIBOURET<\/td>\n<td>36100 ISSOUDUN<\/td>\n<\/tr>\n<tr>\n<td><img loading=\"lazy\" decoding=\"async\" class=\"alignnone size-medium wp-image-5030\" src=\"https:\/\/www.chasseurducentrevaldeloire.fr\/fdc36\/wp-content\/uploads\/sites\/4\/2022\/05\/Lespagnol-200x300.jpg\" alt=\"\" width=\"200\" height=\"300\" srcset=\"https:\/\/www.save.chasseurducentrevaldeloire.fr\/fdc36\/wp-content\/uploads\/sites\/4\/2022\/05\/Lespagnol-200x300.jpg 200w, https:\/\/www.save.chasseurducentrevaldeloire.fr\/fdc36\/wp-content\/uploads\/sites\/4\/2022\/05\/Lespagnol-683x1024.jpg 683w, https:\/\/www.save.chasseurducentrevaldeloire.fr\/fdc36\/wp-content\/uploads\/sites\/4\/2022\/05\/Lespagnol-768x1152.jpg 768w, https:\/\/www.save.chasseurducentrevaldeloire.fr\/fdc36\/wp-content\/uploads\/sites\/4\/2022\/05\/Lespagnol.jpg 800w\" sizes=\"auto, (max-width: 200px) 100vw, 200px\" \/><\/td>\n<td>Christophe LESPAGNOL<\/td>\n<td>36300 CONCREMIERS<\/td>\n<\/tr>\n<tr>\n<td>\u00a0<img loading=\"lazy\" decoding=\"async\" class=\"alignnone size-full wp-image-3353\" src=\"http:\/\/www.chasseurducentrevaldeloire.fr\/fdc36\/wp-content\/uploads\/sites\/4\/2018\/11\/malleret-1.jpg\" alt=\"\" width=\"69\" height=\"87\" \/><\/td>\n<td>Daniel MALLERET<\/td>\n<td>36330 LE POIN\u00c7ONNET<\/td>\n<\/tr>\n<tr>\n<td><img loading=\"lazy\" decoding=\"async\" class=\"alignnone size-medium wp-image-5026\" src=\"https:\/\/www.chasseurducentrevaldeloire.fr\/fdc36\/wp-content\/uploads\/sites\/4\/2022\/05\/Marchenay-200x300.jpg\" alt=\"\" width=\"200\" height=\"300\" srcset=\"https:\/\/www.save.chasseurducentrevaldeloire.fr\/fdc36\/wp-content\/uploads\/sites\/4\/2022\/05\/Marchenay-200x300.jpg 200w, https:\/\/www.save.chasseurducentrevaldeloire.fr\/fdc36\/wp-content\/uploads\/sites\/4\/2022\/05\/Marchenay-683x1024.jpg 683w, https:\/\/www.save.chasseurducentrevaldeloire.fr\/fdc36\/wp-content\/uploads\/sites\/4\/2022\/05\/Marchenay-768x1152.jpg 768w, https:\/\/www.save.chasseurducentrevaldeloire.fr\/fdc36\/wp-content\/uploads\/sites\/4\/2022\/05\/Marchenay.jpg 800w\" sizes=\"auto, (max-width: 200px) 100vw, 200px\" \/><\/td>\n<td>Lionel MARCHENAY<\/td>\n<td>36170 VIGOUX<\/td>\n<\/tr>\n<tr>\n<td><img loading=\"lazy\" decoding=\"async\" class=\"alignnone size-medium wp-image-5027\" src=\"https:\/\/www.chasseurducentrevaldeloire.fr\/fdc36\/wp-content\/uploads\/sites\/4\/2022\/05\/Mesnard-200x300.jpg\" alt=\"\" width=\"200\" height=\"300\" srcset=\"https:\/\/www.save.chasseurducentrevaldeloire.fr\/fdc36\/wp-content\/uploads\/sites\/4\/2022\/05\/Mesnard-200x300.jpg 200w, https:\/\/www.save.chasseurducentrevaldeloire.fr\/fdc36\/wp-content\/uploads\/sites\/4\/2022\/05\/Mesnard-683x1024.jpg 683w, https:\/\/www.save.chasseurducentrevaldeloire.fr\/fdc36\/wp-content\/uploads\/sites\/4\/2022\/05\/Mesnard-768x1152.jpg 768w, https:\/\/www.save.chasseurducentrevaldeloire.fr\/fdc36\/wp-content\/uploads\/sites\/4\/2022\/05\/Mesnard.jpg 800w\" sizes=\"auto, (max-width: 200px) 100vw, 200px\" \/><\/td>\n<td>Christian MESNARD<\/td>\n<td>36110 VINEUIL<\/td>\n<\/tr>\n<tr>\n<td><img loading=\"lazy\" decoding=\"async\" class=\"alignnone size-medium wp-image-5028\" src=\"https:\/\/www.chasseurducentrevaldeloire.fr\/fdc36\/wp-content\/uploads\/sites\/4\/2022\/05\/de-Montalembert-200x300.jpg\" alt=\"\" width=\"200\" height=\"300\" srcset=\"https:\/\/www.save.chasseurducentrevaldeloire.fr\/fdc36\/wp-content\/uploads\/sites\/4\/2022\/05\/de-Montalembert-200x300.jpg 200w, https:\/\/www.save.chasseurducentrevaldeloire.fr\/fdc36\/wp-content\/uploads\/sites\/4\/2022\/05\/de-Montalembert-683x1024.jpg 683w, https:\/\/www.save.chasseurducentrevaldeloire.fr\/fdc36\/wp-content\/uploads\/sites\/4\/2022\/05\/de-Montalembert-768x1152.jpg 768w, https:\/\/www.save.chasseurducentrevaldeloire.fr\/fdc36\/wp-content\/uploads\/sites\/4\/2022\/05\/de-Montalembert.jpg 800w\" sizes=\"auto, (max-width: 200px) 100vw, 200px\" \/><\/td>\n<td>Henri-Marc de MONTALEMBERT<\/td>\n<td>36330 VELLES<\/td>\n<\/tr>\n<tr>\n<td><img loading=\"lazy\" decoding=\"async\" class=\"alignnone size-medium wp-image-5029\" src=\"https:\/\/www.chasseurducentrevaldeloire.fr\/fdc36\/wp-content\/uploads\/sites\/4\/2022\/05\/Robert-200x300.jpg\" alt=\"\" width=\"200\" height=\"300\" srcset=\"https:\/\/www.save.chasseurducentrevaldeloire.fr\/fdc36\/wp-content\/uploads\/sites\/4\/2022\/05\/Robert-200x300.jpg 200w, https:\/\/www.save.chasseurducentrevaldeloire.fr\/fdc36\/wp-content\/uploads\/sites\/4\/2022\/05\/Robert-683x1024.jpg 683w, https:\/\/www.save.chasseurducentrevaldeloire.fr\/fdc36\/wp-content\/uploads\/sites\/4\/2022\/05\/Robert-768x1152.jpg 768w, https:\/\/www.save.chasseurducentrevaldeloire.fr\/fdc36\/wp-content\/uploads\/sites\/4\/2022\/05\/Robert.jpg 800w\" sizes=\"auto, (max-width: 200px) 100vw, 200px\" \/><\/td>\n<td>Christian ROBERT<\/td>\n<td>36600 LYE<\/td>\n<\/tr>\n<\/tbody>\n<\/table>\n<p>[\/vc_column_text][\/vc_column][\/vc_row]<\/p>\n","protected":false},"excerpt":{"rendered":"<p>[vc_row][vc_column][vc_column_text] Pr\u00e9sident Laurent GANDILLOT 36300 RUFFEC Vice-Pr\u00e9sident Guy PATUREAU-MIRAND 36500 VENDOEUVRES Pr\u00e9sident d\u2019honneur G\u00e9rard GENICHON 36260 PAUDY Secr\u00e9taire G\u00e9n\u00e9ral Jo\u00ebl DODY 36350 LUANT Tr\u00e9sorier Olivier Dauphin 36110 BRION Tr\u00e9sori\u00e8re-adjointe Claire PERROT 36150 LA CHAPELLE SAINT-LAURIAN Jeanne CHATILLON 03230 PARAY LE FRESIL Bruno DUTEIL 36400 NOHANT-VIC&#8230;<\/p>\n","protected":false},"author":2,"featured_media":0,"parent":0,"menu_order":0,"comment_status":"closed","ping_status":"closed","template":"","meta":{"_acf_changed":false,"inline_featured_image":false,"_exactmetrics_skip_tracking":false,"_exactmetrics_sitenote_active":false,"_exactmetrics_sitenote_note":"","_exactmetrics_sitenote_category":0,"footnotes":""},"class_list":["post-2955","page","type-page","status-publish","hentry"],"acf":[],"publishpress_future_action":{"enabled":false,"date":"2026-04-18 13:25:44","action":"change-status","newStatus":"draft","terms":[],"taxonomy":"","extraData":[]},"publishpress_future_workflow_manual_trigger":{"enabledWorkflows":[]},"_links":{"self":[{"href":"https:\/\/www.save.chasseurducentrevaldeloire.fr\/fdc36\/wp-json\/wp\/v2\/pages\/2955","targetHints":{"allow":["GET"]}}],"collection":[{"href":"https:\/\/www.save.chasseurducentrevaldeloire.fr\/fdc36\/wp-json\/wp\/v2\/pages"}],"about":[{"href":"https:\/\/www.save.chasseurducentrevaldeloire.fr\/fdc36\/wp-json\/wp\/v2\/types\/page"}],"author":[{"embeddable":true,"href":"https:\/\/www.save.chasseurducentrevaldeloire.fr\/fdc36\/wp-json\/wp\/v2\/users\/2"}],"replies":[{"embeddable":true,"href":"https:\/\/www.save.chasseurducentrevaldeloire.fr\/fdc36\/wp-json\/wp\/v2\/comments?post=2955"}],"version-history":[{"count":40,"href":"https:\/\/www.save.chasseurducentrevaldeloire.fr\/fdc36\/wp-json\/wp\/v2\/pages\/2955\/revisions"}],"predecessor-version":[{"id":7736,"href":"https:\/\/www.save.chasseurducentrevaldeloire.fr\/fdc36\/wp-json\/wp\/v2\/pages\/2955\/revisions\/7736"}],"wp:attachment":[{"href":"https:\/\/www.save.chasseurducentrevaldeloire.fr\/fdc36\/wp-json\/wp\/v2\/media?parent=2955"}],"curies":[{"name":"wp","href":"https:\/\/api.w.org\/{rel}","templated":true}]}}