{"id":2932,"date":"2018-05-25T16:51:52","date_gmt":"2018-05-25T14:51:52","guid":{"rendered":"http:\/\/www.chasseurducentrevaldeloire.fr\/fdc36\/?page_id=2932"},"modified":"2024-08-26T16:11:53","modified_gmt":"2024-08-26T14:11:53","slug":"les-missions","status":"publish","type":"page","link":"https:\/\/www.save.chasseurducentrevaldeloire.fr\/fdc36\/les-missions\/","title":{"rendered":"Les missions"},"content":{"rendered":"<p>[vc_row][vc_column][vc_column_text]Les associations d\u00e9nomm\u00e9es f\u00e9d\u00e9rations d\u00e9partementales des chasseurs participent \u00e0 la mise en valeur du patrimoine cyn\u00e9g\u00e9tique d\u00e9partemental, \u00e0 la protection et \u00e0 la gestion de la faune sauvage ainsi que de ses habitats. Elles assurent la promotion et la d\u00e9fense de la chasse ainsi que des int\u00e9r\u00eats de leurs adh\u00e9rents.<\/p>\n<p>&nbsp;<\/p>\n<p>Elles apportent leur concours \u00e0 la pr\u00e9vention du braconnage. Elles conduisent des actions d&rsquo;information, d&rsquo;\u00e9ducation et d&rsquo;appui technique \u00e0 l&rsquo;intention des gestionnaires des territoires et des chasseurs et, le cas \u00e9ch\u00e9ant, des gardes-chasse particuliers. Elles m\u00e8nent des actions d&rsquo;information et d&rsquo;\u00e9ducation au d\u00e9veloppement durable en mati\u00e8re de connaissance et de pr\u00e9servation de la faune sauvage et de ses habitats ainsi qu&rsquo;en mati\u00e8re de gestion de la biodiversit\u00e9.<\/p>\n<p>&nbsp;<\/p>\n<p>Elles coordonnent les actions des associations communales et intercommunales de chasse agr\u00e9\u00e9es.<\/p>\n<p>&nbsp;<\/p>\n<p>Elles conduisent des actions de pr\u00e9vention des d\u00e9g\u00e2ts de gibier et assurent l&rsquo;indemnisation des d\u00e9g\u00e2ts de grand gibier dans les conditions pr\u00e9vues par les <strong><span style=\"color: #c1246d\"><a style=\"color: #c1246d\" href=\"https:\/\/www.legifrance.gouv.fr\/affichCodeArticle.do?cidTexte=LEGITEXT000006074220&amp;idArticle=LEGIARTI000006833948&amp;dateTexte=&amp;categorieLien=cid\">articles L. 426-1 <\/a><\/span><\/strong>et <a href=\"https:\/\/www.legifrance.gouv.fr\/affichCodeArticle.do?cidTexte=LEGITEXT000006074220&amp;idArticle=LEGIARTI000006833956&amp;dateTexte=&amp;categorieLien=cid\"><strong><span style=\"color: #c1246d\">L. 426-5<\/span><\/strong><\/a>.<\/p>\n<p>&nbsp;<\/p>\n<p>Elles \u00e9laborent, en association avec les propri\u00e9taires, les gestionnaires et les usagers des territoires concern\u00e9s, un sch\u00e9ma d\u00e9partemental de gestion cyn\u00e9g\u00e9tique, conform\u00e9ment aux dispositions de l&rsquo;article L. 425-1.<\/p>\n<p>&nbsp;<\/p>\n<p>Elles peuvent apporter leur concours \u00e0 la validation du permis de chasser.<\/p>\n<p>&nbsp;<\/p>\n<p>Les associations de chasse sp\u00e9cialis\u00e9e sont associ\u00e9es aux travaux des f\u00e9d\u00e9rations.<\/p>\n<p>&nbsp;<\/p>\n<p>&nbsp;<\/p>\n<p>Les f\u00e9d\u00e9rations d\u00e9partementales des chasseurs peuvent exercer les droits reconnus \u00e0 la partie civile en ce qui concerne les faits constituant une infraction aux dispositions du pr\u00e9sent titre et des textes pris pour son application et portant un pr\u00e9judice direct ou indirect aux int\u00e9r\u00eats collectifs, mat\u00e9riels et moraux qu&rsquo;elles ont pour objet de d\u00e9fendre.<\/p>\n<p>&nbsp;<\/p>\n<p>Lorsqu&rsquo;ils portent sur des infractions pr\u00e9vues au pr\u00e9sent titre, les proc\u00e8s-verbaux dress\u00e9s par les fonctionnaires et agents mentionn\u00e9s \u00e0 <a href=\"https:\/\/www.legifrance.gouv.fr\/affichCodeArticle.do?cidTexte=LEGITEXT000006074220&amp;idArticle=LEGIARTI000025136638&amp;dateTexte=&amp;categorieLien=cid\"><span style=\"color: #c1246d\"><strong>l&rsquo;article L. 172-4<\/strong><\/span><\/a>, par les lieutenants de louveterie et par les gardes-chasse particuliers sont adress\u00e9s en copie au pr\u00e9sident de la f\u00e9d\u00e9ration d\u00e9partementale ou interd\u00e9partementale concern\u00e9e.[\/vc_column_text][\/vc_column][\/vc_row][vc_row][vc_column][vc_empty_space][\/vc_column][\/vc_row][vc_row][vc_column][vc_single_image image=\u00a0\u00bb6652&Prime; img_size=\u00a0\u00bbfull\u00a0\u00bb][\/vc_column][\/vc_row]<\/p>\n","protected":false},"excerpt":{"rendered":"<p>[vc_row][vc_column][vc_column_text]Les associations d\u00e9nomm\u00e9es f\u00e9d\u00e9rations d\u00e9partementales des chasseurs participent \u00e0 la mise en valeur du patrimoine cyn\u00e9g\u00e9tique d\u00e9partemental, \u00e0 la protection et \u00e0 la gestion de la faune sauvage ainsi que de ses habitats. Elles assurent la promotion et la d\u00e9fense de la chasse ainsi que&#8230;<\/p>\n","protected":false},"author":2,"featured_media":0,"parent":0,"menu_order":0,"comment_status":"closed","ping_status":"closed","template":"","meta":{"_acf_changed":false,"inline_featured_image":false,"_exactmetrics_skip_tracking":false,"_exactmetrics_sitenote_active":false,"_exactmetrics_sitenote_note":"","_exactmetrics_sitenote_category":0,"footnotes":""},"class_list":["post-2932","page","type-page","status-publish","hentry"],"acf":[],"publishpress_future_action":{"enabled":false,"date":"2026-04-15 03:05:39","action":"change-status","newStatus":"draft","terms":[],"taxonomy":"","extraData":[]},"publishpress_future_workflow_manual_trigger":{"enabledWorkflows":[]},"_links":{"self":[{"href":"https:\/\/www.save.chasseurducentrevaldeloire.fr\/fdc36\/wp-json\/wp\/v2\/pages\/2932","targetHints":{"allow":["GET"]}}],"collection":[{"href":"https:\/\/www.save.chasseurducentrevaldeloire.fr\/fdc36\/wp-json\/wp\/v2\/pages"}],"about":[{"href":"https:\/\/www.save.chasseurducentrevaldeloire.fr\/fdc36\/wp-json\/wp\/v2\/types\/page"}],"author":[{"embeddable":true,"href":"https:\/\/www.save.chasseurducentrevaldeloire.fr\/fdc36\/wp-json\/wp\/v2\/users\/2"}],"replies":[{"embeddable":true,"href":"https:\/\/www.save.chasseurducentrevaldeloire.fr\/fdc36\/wp-json\/wp\/v2\/comments?post=2932"}],"version-history":[{"count":12,"href":"https:\/\/www.save.chasseurducentrevaldeloire.fr\/fdc36\/wp-json\/wp\/v2\/pages\/2932\/revisions"}],"predecessor-version":[{"id":3270,"href":"https:\/\/www.save.chasseurducentrevaldeloire.fr\/fdc36\/wp-json\/wp\/v2\/pages\/2932\/revisions\/3270"}],"wp:attachment":[{"href":"https:\/\/www.save.chasseurducentrevaldeloire.fr\/fdc36\/wp-json\/wp\/v2\/media?parent=2932"}],"curies":[{"name":"wp","href":"https:\/\/api.w.org\/{rel}","templated":true}]}}