{"id":2896,"date":"2018-05-17T15:52:35","date_gmt":"2018-05-17T13:52:35","guid":{"rendered":"http:\/\/www.chasseurducentrevaldeloire.fr\/fdc36\/?page_id=2896"},"modified":"2025-08-12T11:56:41","modified_gmt":"2025-08-12T09:56:41","slug":"permis-de-chasser","status":"publish","type":"page","link":"https:\/\/www.save.chasseurducentrevaldeloire.fr\/fdc36\/permis-de-chasser\/","title":{"rendered":"Permis de chasser"},"content":{"rendered":"<p>[vc_row][vc_column][vc_single_image image=\u00a0\u00bb2885&Prime; img_size=\u00a0\u00bbfull\u00a0\u00bb alignment=\u00a0\u00bbcenter\u00a0\u00bb el_class=\u00a0\u00bbmirrorImg\u00a0\u00bb]<div class=\"qodef-accordion-holder clearfix qodef-toggle qodef-boxed \">\n\t<h4 class=\"clearfix qodef-title-holder\" >\n\t<span class=\"qodef-accordion-mark qodef-left-mark\">\n\t\t<span class=\"qodef-accordion-mark-icon\">\n\t\t\t<span class=\"icon_plus\"><\/span>\n\t\t\t<span class=\"icon_minus-06\"><\/span>\n\t\t<\/span>\n\t<\/span>\n\t<span class=\"qodef-tab-title\">\n\t\t<span class=\"qodef-tab-title-inner\">\n\t\t\tPasser son permis\t\t<\/span>\n\t<\/span>\n<\/h4>\n<div class=\"qodef-accordion-content\">\n\t<div class=\"qodef-accordion-content-inner\">\n\t\t[vc_column_text]<strong><u>Pour vous inscrire \u00e0 l\u2019examen du permis de chasser<\/u><\/strong><strong>\u00a0<\/strong>:<\/p>\n<p>&nbsp;<\/p>\n<p>L\u2019OFB a mis en place une nouvelle proc\u00e9dure d\u2019inscription \u00e0 l\u2019examen du permis de chasser qui passe par une pr\u00e9inscription en ligne \u00e0 partir de 2023.<\/p>\n<p>&nbsp;<\/p>\n<p>Vous trouverez ci-dessous le lien qui vous permettra de proc\u00e9der \u00e0 votre pr\u00e9inscription\u00a0:<\/p>\n<p>&nbsp;<\/p>\n<p><span style=\"color: #c1246d\"><a style=\"color: #c1246d\" href=\"https:\/\/permischasser.ofb.fr\/\" target=\"_blank\" rel=\"noopener\"><strong>https:\/\/permischasser.ofb.fr\/<\/strong><\/a><\/span><\/p>\n<p>&nbsp;<\/p>\n<p>Le paiement \u00e0 l\u2019OFB se fera uniquement en ligne par carte bancaire ou par virement (46 \u20ac pour les majeurs, 31 \u20ac pour les mineurs). Il faudra ensuite imprimer votre pr\u00e9-demande, la signer et nous la retourner avec toutes les pi\u00e8ces demand\u00e9es\u00a0: photocopie de votre carte d\u2019identit\u00e9 ou passeport \u00e0 jour, 1 photo normalis\u00e9e, copie de l\u2019attestation de recensement, ou copie de l\u2019attestation de participation \u00e0 la journ\u00e9e d\u00e9fense et citoyennet\u00e9 (si besoin selon votre \u00e2ge), et le ch\u00e8que de 10 \u20ac \u00e0 FDC36 pour les frais de formation.<\/p>\n<p>&nbsp;<\/p>\n<p>Les certificats m\u00e9dicaux \u00e0 part ne sont pas accept\u00e9s par l\u2019OFB, il faudra donc imp\u00e9rativement aller chez votre m\u00e9decin <u>avec<\/u> votre feuille d\u2019inscription pr\u00e9-remplie (cerfa n\u00b013945*06) afin qu\u2019il compl\u00e8te le certificat m\u00e9dical au dos de ce formulaire.<\/p>\n<p>&nbsp;<\/p>\n<p>Une fois votre dossier complet re\u00e7u par la F\u00e9d\u00e9ration que vous aurez choisie, il sera saisi et transf\u00e9r\u00e9 \u00e0 l\u2019OFB pour un dernier contr\u00f4le. Lorsque votre dossier sera valid\u00e9 par l\u2019OFB vous pourrez alors \u00eatre affect\u00e9 \u00e0 la prochaine session d\u2019examen disponible. Si vous avez des p\u00e9riodes d\u2019indisponibilit\u00e9s merci de nous en informer directement et nous verrons ensemble les possibilit\u00e9s d\u2019affectation.<\/p>\n<p>&nbsp;<\/p>\n<p>&nbsp;<\/p>\n<p><strong><u>Pour r\u00e9viser<\/u><\/strong>\u00a0:<\/p>\n<p>&nbsp;<\/p>\n<p><img loading=\"lazy\" decoding=\"async\" class=\"size-full wp-image-5478 alignleft\" src=\"https:\/\/www.chasseurducentrevaldeloire.fr\/fdc36\/wp-content\/uploads\/sites\/4\/2023\/01\/Conseil.jpg\" alt=\"\" width=\"236\" height=\"235\" srcset=\"https:\/\/www.save.chasseurducentrevaldeloire.fr\/fdc36\/wp-content\/uploads\/sites\/4\/2023\/01\/Conseil.jpg 236w, https:\/\/www.save.chasseurducentrevaldeloire.fr\/fdc36\/wp-content\/uploads\/sites\/4\/2023\/01\/Conseil-150x150.jpg 150w\" sizes=\"auto, (max-width: 236px) 100vw, 236px\" \/>Nous vous recommandons de bien pr\u00e9parer cet examen en amont en \u00e9tudiant le <em>Manuel de Formation \u00e0 l\u2019examen du permis de chasser<\/em> (disponible \u00e0 la F\u00e9d\u00e9ration au prix de 8 \u20ac)<\/p>\n<p>et en testant vos connaissances sur le Quizz Examen du site internet\u00a0: <a href=\"https:\/\/www.chasseurdefrance.com\/pratiquer\/sentrainer-au-permis-2\/%20\"><strong><span style=\"color: #c1246d\">https:\/\/www.chasseurdefrance.com\/pratiquer\/sentrainer-au-permis-2\/<\/span> <\/strong><\/a><\/p>\n<p>Et plus g\u00e9n\u00e9ralement en vous connectant sur le site de la F\u00e9d\u00e9ration Nationale des Chasseurs avec le lien suivant\u00a0: <a href=\"https:\/\/www.chasseurdefrance.com\/pratiquer\/permis-de-chasser\/\"><span style=\"color: #c1246d\"><strong>https:\/\/www.chasseurdefrance.com\/pratiquer\/permis-de-chasser\/<\/strong><\/span><\/a><\/p>\n<p>Vous trouverez de nombreuses vid\u00e9os\u00a0: <a href=\"https:\/\/www.chasseurdefrance.com\/reviser-son-permis\/\"><span style=\"color: #c1246d\"><strong>https:\/\/www.chasseurdefrance.com\/reviser-son-permis\/<\/strong><\/span><\/a><\/p>\n<p>&nbsp;<\/p>\n<p>&nbsp;<\/p>\n<p>Nous restons \u00e0 votre disposition pour tous renseignements compl\u00e9mentaires.<\/p>\n<p>&nbsp;<\/p>\n<p>T\u00e9l\u00e9charger :<\/p>\n<ul>\n<li>la <a href=\"https:\/\/www.chasseurducentrevaldeloire.fr\/fdc36\/wp-content\/uploads\/sites\/4\/2024\/01\/NOTE-INSCRIPTION-PERMIS.pdf\" target=\"_blank\" rel=\"noopener\"><span style=\"color: #c1246d\"><strong>note aux candidats<\/strong><\/span><\/a><\/li>\n<li>le <a href=\"https:\/\/www.chasseurducentrevaldeloire.fr\/fdc36\/wp-content\/uploads\/sites\/4\/2023\/01\/Deroulement-de-lexamen.pdf\" target=\"_blank\" rel=\"noopener\"><span style=\"color: #c1246d\"><strong>d\u00e9roulement de l&rsquo;examen<\/strong><\/span><\/a><\/li>\n<\/ul>\n<p>[\/vc_column_text]\t<\/div>\n<\/div>\n<h4 class=\"clearfix qodef-title-holder\" >\n\t<span class=\"qodef-accordion-mark qodef-left-mark\">\n\t\t<span class=\"qodef-accordion-mark-icon\">\n\t\t\t<span class=\"icon_plus\"><\/span>\n\t\t\t<span class=\"icon_minus-06\"><\/span>\n\t\t<\/span>\n\t<\/span>\n\t<span class=\"qodef-tab-title\">\n\t\t<span class=\"qodef-tab-title-inner\">\n\t\t\tValider son permis - Saison de chasse 2025-2026\t\t<\/span>\n\t<\/span>\n<\/h4>\n<div class=\"qodef-accordion-content\">\n\t<div class=\"qodef-accordion-content-inner\">\n\t\t[vc_column_text]<strong><br \/>\n<\/strong><br \/>\nValidez votre permis par <span style=\"color: #c1246d\"><strong><a style=\"color: #c1246d\" href=\"https:\/\/validationpermischasser.chasseurdefrance.com\/?federation=FDC_36\" target=\"_blank\" rel=\"noopener noreferrer\">Internet<\/a><\/strong><\/span><\/p>\n<p>ou t\u00e9l\u00e9charger<\/p>\n<ul>\n<li>la <a href=\"https:\/\/www.chasseurducentrevaldeloire.fr\/fdc36\/wp-content\/uploads\/sites\/4\/2025\/06\/LETTRE-BON-DE-COMMANDE-2025-2026-VF.pdf\" target=\"_blank\" rel=\"noopener\"><strong><span style=\"color: #c1246d\">lettre bon de commande<\/span><\/strong><\/a><\/li>\n<li>le <a href=\"https:\/\/www.chasseurducentrevaldeloire.fr\/fdc36\/wp-content\/uploads\/sites\/4\/2025\/06\/BON-COMMANDE-2025-2026-VF.pdf\" target=\"_blank\" rel=\"noopener\"><strong><span style=\"color: #c1246d\">bon de commande 2025-2026<\/span><\/strong><\/a><\/li>\n<li><a href=\"https:\/\/www.chasseurducentrevaldeloire.fr\/fdc36\/wp-content\/uploads\/sites\/4\/2019\/07\/REGLEMENTATION-CONCERNANT-LE-PERMIS-DE-CHASSER-POUR-LES-ETRANGERS.pdf\" target=\"_blank\" rel=\"noopener noreferrer\"><strong><span style=\"color: #c1246d\">R\u00e8glementation concernant le permis de chasser pour les \u00e9trangers<\/span><\/strong><\/a><\/li>\n<li>l&rsquo;<a href=\"https:\/\/www.chasseurducentrevaldeloire.fr\/fdc36\/wp-content\/uploads\/sites\/4\/2025\/06\/RC-CHASSE-AXApdf.pdf\" target=\"_blank\" rel=\"noopener\"><span style=\"color: #c1246d\"><strong>assurance chasse<\/strong><\/span><\/a><strong>,<\/strong><span style=\"color: #c1246d\"><strong><a href=\"https:\/\/www.chasseurducentrevaldeloire.fr\/fdc36\/wp-content\/uploads\/sites\/4\/2025\/06\/Notice-dinformation-AXA-RC-CHASSE-FDC36-1.pdf\" target=\"_blank\" rel=\"noopener\"><span style=\"color: #c1246d\"> guide assurance chasse<\/span><\/a><span style=\"color: #c1246d\">, <a href=\"https:\/\/www.chasseurducentrevaldeloire.fr\/fdc36\/wp-content\/uploads\/sites\/4\/2024\/06\/AXA-ASSURANCE-CHASSE-EN-QUESTIONS-1.pdf\" target=\"_blank\" rel=\"noopener\"><span style=\"color: #c1246d\">Assurance chasse en question (DIPA)<\/span><\/a><\/span><\/strong><\/span><\/li>\n<li>Le <strong><span style=\"color: #c1246d\"><a style=\"color: #c1246d\" href=\"https:\/\/www.chasseurducentrevaldeloire.fr\/fdc36\/wp-content\/uploads\/sites\/4\/2019\/07\/FICHIERFINIADA.pdf\" target=\"_blank\" rel=\"noopener noreferrer\">fichier finiada<\/a>\u00a0<\/span><\/strong><\/li>\n<li>Le <a href=\"https:\/\/www.chasseurducentrevaldeloire.fr\/fdc36\/wp-content\/uploads\/sites\/4\/2025\/08\/HD-fede-chasse-depliant-2025-2026.pdf\" target=\"_blank\" rel=\"noopener\"><span style=\"color: #c1246d\"><strong>d\u00e9pliant 2025-2026<\/strong><\/span><\/a><\/li>\n<\/ul>\n<p>[\/vc_column_text][vc_column_text]<\/p>\n<table width=\"772\">\n<tbody>\n<tr>\n<td rowspan=\"2\" width=\"432\">VALIDATION NATIONALE<br \/>\nPETIT ET GRAND GIBIER<br \/>\n\u00e0 L&rsquo;EXCEPTION des d\u00e9partements<br \/>\nde droit local (57-67-68) :<br \/>\nprendre contact avec la F\u00e9d\u00e9ration<\/td>\n<td width=\"340\">Sans assurance : 225,80 \u20ac (dont 5\u20ac de frais de dossier)<\/td>\n<\/tr>\n<tr>\n<td>Avec assurance : 247,80 \u20ac (dont 5\u20ac de frais de dossier)<\/td>\n<\/tr>\n<tr>\n<td rowspan=\"2\">VALIDATION D\u00c9PARTEMENTALE 36 PETIT ET GRAND GIBIER<\/td>\n<td>Sans assurance : 157,86 \u20ac (dont 5\u20ac de frais de dossier)<\/td>\n<\/tr>\n<tr>\n<td>Avec assurance : 179,86 \u20ac (dont 5\u20ac de frais de dossier)<\/td>\n<\/tr>\n<\/tbody>\n<\/table>\n<p>[\/vc_column_text][vc_column_text][\/vc_column_text][vc_column_text][\/vc_column_text][vc_column_text]<\/p>\n<p>Si vous opter pour l&rsquo;Assurance RC propos\u00e9e par AXA, <u>ajouter 20 \u20ac<\/u>[\/vc_column_text]\t<\/div>\n<\/div>\n<h4 class=\"clearfix qodef-title-holder\" >\n\t<span class=\"qodef-accordion-mark qodef-left-mark\">\n\t\t<span class=\"qodef-accordion-mark-icon\">\n\t\t\t<span class=\"icon_plus\"><\/span>\n\t\t\t<span class=\"icon_minus-06\"><\/span>\n\t\t<\/span>\n\t<\/span>\n\t<span class=\"qodef-tab-title\">\n\t\t<span class=\"qodef-tab-title-inner\">\n\t\t\tDemande de duplicata\t\t<\/span>\n\t<\/span>\n<\/h4>\n<div class=\"qodef-accordion-content\">\n\t<div class=\"qodef-accordion-content-inner\">\n\t\t[vc_column_text]L\u2019OFB a mis en place une nouvelle proc\u00e9dure de demande de duplicata d\u2019un permis de chasser perdu, d\u00e9truit ou d\u00e9t\u00e9rior\u00e9 qui passe par une pr\u00e9-demande en ligne \u00e0 partir de janvier 2023.<\/p>\n<p>&nbsp;<\/p>\n<p>Vous trouverez ci-dessous le lien qui vous permettra de proc\u00e9der \u00e0 votre d\u00e9marche\u00a0:<\/p>\n<p><a href=\"https:\/\/permischasser.ofb.fr\/\" target=\"_blank\" rel=\"noopener\"><span style=\"color: #c1246d\"><strong>https:\/\/permischasser.ofb.fr\/<\/strong><\/span><\/a><\/p>\n<p>&nbsp;<\/p>\n<p>Il faudra ensuite imprimer votre pr\u00e9-demande (cerfa n\u00b013944*06) et l\u2019envoyer \u00e0 l\u2019adresse suivante avec tous les documents n\u00e9cessaires : l\u2019imprim\u00e9 sign\u00e9, une copie de votre carte d\u2019identit\u00e9 ou passeport \u00e0 jour, une photo normalis\u00e9e, l\u2019attestation compl\u00e9t\u00e9e par la Pr\u00e9fecture qui a fait votre permis \u00e0 l\u2019origine (sauf s\u2019il s\u2019agit permis d\u00e9livr\u00e9 par l\u2019ONCFS ou l\u2019OFB) :<\/p>\n<p>&nbsp;<\/p>\n<p>Office Fran\u00e7ais de la Biodiversit\u00e9,<\/p>\n<p>Unit\u00e9 du Permis de Chasser<\/p>\n<p>B.P. 20<\/p>\n<p>78612 LE PERRAY EN YVELINES CEDEX<\/p>\n<p>&nbsp;<\/p>\n<p>Le paiement de 30,00 \u20ac s\u2019effectuera uniquement par carte bancaire en ligne ou<\/p>\n<p>avec une preuve de virement \u00e0 l\u2019OFB avec la r\u00e9f\u00e9rence NOM\/DUPLICATA.<\/p>\n<p>&nbsp;<\/p>\n<p>Votre num\u00e9ro de permis va changer (sauf s\u2019il s\u2019agit d\u2019un permis d\u00e9livr\u00e9 par l\u2019ONCFS ou l\u2019OFB). Si c\u2019est le cas, une fois que vous aurez re\u00e7u votre nouveau permis de chasser, vous devrez nous recontacter pour que l\u2019on enregistre ces nouvelles coordonn\u00e9es et que l\u2019on vous ressorte un duplicata de votre validation (si vous l\u2019avez d\u00e9j\u00e0 effectu\u00e9e) avec votre nouveau num\u00e9ro de permis.<\/p>\n<p>&nbsp;<\/p>\n<p>Merci de votre compr\u00e9hension, nous restons \u00e0 votre disposition pour tous renseignements compl\u00e9mentaires.<\/p>\n<p>&nbsp;<\/p>\n<p>T\u00e9l\u00e9charger l&rsquo;<a href=\"https:\/\/www.chasseurducentrevaldeloire.fr\/fdc36\/wp-content\/uploads\/sites\/4\/2023\/01\/Attestation-prefectorale.pdf\" target=\"_blank\" rel=\"noopener\"><span style=\"color: #c1246d\"><strong>attestation pr\u00e9fectorale<\/strong><\/span><\/a>[\/vc_column_text]\t<\/div>\n<\/div>\n<\/div>[\/vc_column][\/vc_row]<\/p>\n","protected":false},"excerpt":{"rendered":"<p>[vc_row][vc_column][vc_single_image image=\u00a0\u00bb2885&Prime; img_size=\u00a0\u00bbfull\u00a0\u00bb alignment=\u00a0\u00bbcenter\u00a0\u00bb el_class=\u00a0\u00bbmirrorImg\u00a0\u00bb][\/vc_column][\/vc_row]<\/p>\n","protected":false},"author":2,"featured_media":0,"parent":0,"menu_order":0,"comment_status":"closed","ping_status":"closed","template":"","meta":{"_acf_changed":false,"inline_featured_image":false,"_exactmetrics_skip_tracking":false,"_exactmetrics_sitenote_active":false,"_exactmetrics_sitenote_note":"","_exactmetrics_sitenote_category":0,"footnotes":""},"class_list":["post-2896","page","type-page","status-publish","hentry"],"acf":[],"publishpress_future_action":{"enabled":false,"date":"2026-04-21 19:00:53","action":"change-status","newStatus":"draft","terms":[],"taxonomy":"","extraData":[]},"publishpress_future_workflow_manual_trigger":{"enabledWorkflows":[]},"_links":{"self":[{"href":"https:\/\/www.save.chasseurducentrevaldeloire.fr\/fdc36\/wp-json\/wp\/v2\/pages\/2896","targetHints":{"allow":["GET"]}}],"collection":[{"href":"https:\/\/www.save.chasseurducentrevaldeloire.fr\/fdc36\/wp-json\/wp\/v2\/pages"}],"about":[{"href":"https:\/\/www.save.chasseurducentrevaldeloire.fr\/fdc36\/wp-json\/wp\/v2\/types\/page"}],"author":[{"embeddable":true,"href":"https:\/\/www.save.chasseurducentrevaldeloire.fr\/fdc36\/wp-json\/wp\/v2\/users\/2"}],"replies":[{"embeddable":true,"href":"https:\/\/www.save.chasseurducentrevaldeloire.fr\/fdc36\/wp-json\/wp\/v2\/comments?post=2896"}],"version-history":[{"count":59,"href":"https:\/\/www.save.chasseurducentrevaldeloire.fr\/fdc36\/wp-json\/wp\/v2\/pages\/2896\/revisions"}],"predecessor-version":[{"id":7513,"href":"https:\/\/www.save.chasseurducentrevaldeloire.fr\/fdc36\/wp-json\/wp\/v2\/pages\/2896\/revisions\/7513"}],"wp:attachment":[{"href":"https:\/\/www.save.chasseurducentrevaldeloire.fr\/fdc36\/wp-json\/wp\/v2\/media?parent=2896"}],"curies":[{"name":"wp","href":"https:\/\/api.w.org\/{rel}","templated":true}]}}