{"id":2888,"date":"2018-05-17T15:25:05","date_gmt":"2018-05-17T13:25:05","guid":{"rendered":"http:\/\/www.chasseurducentrevaldeloire.fr\/fdc36\/?page_id=2888"},"modified":"2025-08-18T15:14:02","modified_gmt":"2025-08-18T13:14:02","slug":"piegeage","status":"publish","type":"page","link":"https:\/\/www.save.chasseurducentrevaldeloire.fr\/fdc36\/piegeage\/","title":{"rendered":"Pi\u00e9geage"},"content":{"rendered":"<p>[vc_row][vc_column][\/vc_column][\/vc_row][vc_row][vc_column width=\u00a0\u00bb2\/3&Prime;][vc_column_text]Obligatoire pour l\u2019obtention de l\u2019agr\u00e9ment de pi\u00e9geur d\u00e9livr\u00e9 par le pr\u00e9fet. N\u2019en sont dispens\u00e9es que les personnes ne pi\u00e9geant que les ragondins et les rats musqu\u00e9s \u00e0 l\u2019aide de pi\u00e8ges de 1<sup>\u00e8re<\/sup> cat\u00e9gorie (cages-pi\u00e8ges). Il faut avoir au minimum 15 ans pour suivre cette formation (autorisation parentale requise pour les mineurs), l\u2019agr\u00e9ment ne sera d\u00e9livr\u00e9 qu\u2019aux personnes de plus de 16 ans.<\/p>\n<p>La formation se d\u00e9roule sur 2 journ\u00e9es compl\u00e8tes, sur le site du Plessis et au si\u00e8ge de la FDC 36.<\/p>\n<p>Co\u00fbt\u00a0: 10 \u20ac de participation aux frais de formation (FDC 36).<\/p>\n<p>&nbsp;<\/p>\n<p>Pour de plus amples renseignements : <strong><span style=\"color: #c1246d\">J\u00e9r\u00f4me BERTON au 06.79.69.55.69<\/span><\/strong>[\/vc_column_text][\/vc_column][vc_column css_animation=\u00a0\u00bbfadeInRight\u00a0\u00bb width=\u00a0\u00bb1\/3&Prime;][vc_single_image image=\u00a0\u00bb2894&Prime; img_size=\u00a0\u00bbfull\u00a0\u00bb style=\u00a0\u00bbvc_box_shadow_border\u00a0\u00bb el_class=\u00a0\u00bbmirrorImg\u00a0\u00bb][\/vc_column][\/vc_row]<\/p>\n","protected":false},"excerpt":{"rendered":"<p>[vc_row][vc_column][\/vc_column][\/vc_row][vc_row][vc_column width=\u00a0\u00bb2\/3&Prime;][vc_column_text]Obligatoire pour l\u2019obtention de l\u2019agr\u00e9ment de pi\u00e9geur d\u00e9livr\u00e9 par le pr\u00e9fet. N\u2019en sont dispens\u00e9es que les personnes ne pi\u00e9geant que les ragondins et les rats musqu\u00e9s \u00e0 l\u2019aide de pi\u00e8ges de 1\u00e8re cat\u00e9gorie (cages-pi\u00e8ges). Il faut avoir au minimum 15 ans pour suivre cette&#8230;<\/p>\n","protected":false},"author":2,"featured_media":0,"parent":0,"menu_order":0,"comment_status":"closed","ping_status":"closed","template":"","meta":{"_acf_changed":false,"inline_featured_image":false,"_exactmetrics_skip_tracking":false,"_exactmetrics_sitenote_active":false,"_exactmetrics_sitenote_note":"","_exactmetrics_sitenote_category":0,"footnotes":""},"class_list":["post-2888","page","type-page","status-publish","hentry"],"acf":[],"publishpress_future_action":{"enabled":false,"date":"2026-04-18 12:23:37","action":"change-status","newStatus":"draft","terms":[],"taxonomy":"","extraData":[]},"publishpress_future_workflow_manual_trigger":{"enabledWorkflows":[]},"_links":{"self":[{"href":"https:\/\/www.save.chasseurducentrevaldeloire.fr\/fdc36\/wp-json\/wp\/v2\/pages\/2888","targetHints":{"allow":["GET"]}}],"collection":[{"href":"https:\/\/www.save.chasseurducentrevaldeloire.fr\/fdc36\/wp-json\/wp\/v2\/pages"}],"about":[{"href":"https:\/\/www.save.chasseurducentrevaldeloire.fr\/fdc36\/wp-json\/wp\/v2\/types\/page"}],"author":[{"embeddable":true,"href":"https:\/\/www.save.chasseurducentrevaldeloire.fr\/fdc36\/wp-json\/wp\/v2\/users\/2"}],"replies":[{"embeddable":true,"href":"https:\/\/www.save.chasseurducentrevaldeloire.fr\/fdc36\/wp-json\/wp\/v2\/comments?post=2888"}],"version-history":[{"count":8,"href":"https:\/\/www.save.chasseurducentrevaldeloire.fr\/fdc36\/wp-json\/wp\/v2\/pages\/2888\/revisions"}],"predecessor-version":[{"id":7550,"href":"https:\/\/www.save.chasseurducentrevaldeloire.fr\/fdc36\/wp-json\/wp\/v2\/pages\/2888\/revisions\/7550"}],"wp:attachment":[{"href":"https:\/\/www.save.chasseurducentrevaldeloire.fr\/fdc36\/wp-json\/wp\/v2\/media?parent=2888"}],"curies":[{"name":"wp","href":"https:\/\/api.w.org\/{rel}","templated":true}]}}