{"id":2879,"date":"2018-05-17T15:21:03","date_gmt":"2018-05-17T13:21:03","guid":{"rendered":"http:\/\/www.chasseurducentrevaldeloire.fr\/fdc36\/?page_id=2879"},"modified":"2024-01-30T11:49:43","modified_gmt":"2024-01-30T10:49:43","slug":"permis-de-chasser-et-chasse-accompagnee","status":"publish","type":"page","link":"https:\/\/www.save.chasseurducentrevaldeloire.fr\/fdc36\/permis-de-chasser-et-chasse-accompagnee\/","title":{"rendered":"Permis de chasser"},"content":{"rendered":"<p>[vc_row][vc_column width=\u00a0\u00bb2\/3&Prime;][vc_column_text]<strong>Condition<\/strong>\u00a0: \u00eatre \u00e2g\u00e9 de 15 ans minimun<\/p>\n<p>Le nouvel examen du permis de chasser\u00a0se\u00a0compose de deux\u00a0exercices : un exercice pratique (en 4 ateliers) et un exercice th\u00e9orique comportant 10 questions\u00a0(seulement en cas de r\u00e9ussite \u00e0 la pratique). Pour la r\u00e9ussite \u00e0 cet examen il faut obtenir au total\u00a0une note minimale de 25 points sur 31).<\/p>\n<p>&nbsp;<\/p>\n<p>Une formation pratique et th\u00e9orique est obligatoire pour acc\u00e9der \u00e0 l\u2019examen du permis de chasser. Celle-ci se d\u00e9roulera sur le domaine du Plessis (Mign\u00e9)<\/p>\n<p>&nbsp;<\/p>\n<div class=\"qodef-accordion-content ui-accordion-content ui-helper-reset ui-widget-content ui-corner-bottom ui-accordion-content-active\">\n<div class=\"qodef-accordion-content-inner\">\n<div class=\"wpb_text_column wpb_content_element \">\n<div class=\"wpb_wrapper\">\n<p><strong><u>Pour vous inscrire \u00e0 l\u2019examen du permis de chasser<\/u><\/strong><strong>\u00a0<\/strong>:<\/p>\n<p>&nbsp;<\/p>\n<p>L\u2019OFB a mis en place une nouvelle proc\u00e9dure d\u2019inscription \u00e0 l\u2019examen du permis de chasser qui passe par une pr\u00e9inscription en ligne \u00e0 partir de 2023.<\/p>\n<p>&nbsp;<\/p>\n<p>Vous trouverez ci-dessous le lien qui vous permettra de proc\u00e9der \u00e0 votre pr\u00e9inscription\u00a0:<\/p>\n<p>&nbsp;<\/p>\n<p><a href=\"https:\/\/permischasser.ofb.fr\/\" target=\"_blank\" rel=\"noopener\"><strong><span style=\"color: #c1246d\">https:\/\/permischasser.ofb.fr\/<\/span><\/strong><\/a><\/p>\n<p>&nbsp;<\/p>\n<p>Le paiement \u00e0 l\u2019OFB se fera uniquement en ligne par carte bancaire ou par virement (46 \u20ac pour les majeurs, 31 \u20ac pour les mineurs). Il faudra ensuite imprimer votre pr\u00e9-demande, la signer et nous la retourner avec toutes les pi\u00e8ces demand\u00e9es\u00a0: photocopie de votre carte d\u2019identit\u00e9 ou passeport \u00e0 jour, 1 photo normalis\u00e9e, copie de l\u2019attestation de recensement, ou copie de l\u2019attestation de participation \u00e0 la journ\u00e9e d\u00e9fense et citoyennet\u00e9 (si besoin selon votre \u00e2ge), et le ch\u00e8que de 10 \u20ac \u00e0 FDC36 pour les frais de formation.<\/p>\n<p>&nbsp;<\/p>\n<p>Les certificats m\u00e9dicaux \u00e0 part ne sont pas accept\u00e9s par l\u2019OFB, il faudra donc imp\u00e9rativement aller chez votre m\u00e9decin <u>avec<\/u> votre feuille d\u2019inscription pr\u00e9-remplie (cerfa n\u00b013945*06) afin qu\u2019il compl\u00e8te le certificat m\u00e9dical au dos de ce formulaire.<\/p>\n<p>&nbsp;<\/p>\n<p>Une fois votre dossier complet re\u00e7u par la F\u00e9d\u00e9ration que vous aurez choisie, il sera saisi et transf\u00e9r\u00e9 \u00e0 l\u2019OFB pour un dernier contr\u00f4le. Lorsque votre dossier sera valid\u00e9 par l\u2019OFB vous pourrez alors \u00eatre affect\u00e9 \u00e0 la prochaine session d\u2019examen disponible. Si vous avez des p\u00e9riodes d\u2019indisponibilit\u00e9s merci de nous en informer directement et nous verrons ensemble les possibilit\u00e9s d\u2019affectation.<\/p>\n<p>&nbsp;<\/p>\n<p>&nbsp;<\/p>\n<p><strong><u>Pour r\u00e9viser<\/u><\/strong>\u00a0:<\/p>\n<p>&nbsp;<\/p>\n<p><img loading=\"lazy\" decoding=\"async\" class=\"size-full wp-image-5478 alignleft\" src=\"https:\/\/www.chasseurducentrevaldeloire.fr\/fdc36\/wp-content\/uploads\/sites\/4\/2023\/01\/Conseil.jpg\" alt=\"\" width=\"236\" height=\"235\" srcset=\"https:\/\/www.save.chasseurducentrevaldeloire.fr\/fdc36\/wp-content\/uploads\/sites\/4\/2023\/01\/Conseil.jpg 236w, https:\/\/www.save.chasseurducentrevaldeloire.fr\/fdc36\/wp-content\/uploads\/sites\/4\/2023\/01\/Conseil-150x150.jpg 150w\" sizes=\"auto, (max-width: 236px) 100vw, 236px\" \/>Nous vous recommandons de bien pr\u00e9parer cet examen en amont en \u00e9tudiant le <em>Manuel de Formation \u00e0 l\u2019examen du permis de chasser<\/em> (disponible \u00e0 la F\u00e9d\u00e9ration au prix de 8 \u20ac)<\/p>\n<p>et en testant vos connaissances sur le Quizz Examen du site internet\u00a0: <a href=\"https:\/\/www.chasseurdefrance.com\/pratiquer\/sentrainer-au-permis-2\/%20\"><strong><span style=\"color: #c1246d\">https:\/\/www.chasseurdefrance.com\/pratiquer\/sentrainer-au-permis-2\/<\/span> <\/strong><\/a><\/p>\n<p>Et plus g\u00e9n\u00e9ralement en vous connectant sur le site de la F\u00e9d\u00e9ration Nationale des Chasseurs avec le lien suivant\u00a0: <a href=\"https:\/\/www.chasseurdefrance.com\/pratiquer\/permis-de-chasser\/\"><strong><span style=\"color: #c1246d\">https:\/\/www.chasseurdefrance.com\/pratiquer\/permis-de-chasser\/<\/span><\/strong><\/a><\/p>\n<p>Vous trouverez de nombreuses vid\u00e9os\u00a0: <a href=\"https:\/\/www.chasseurdefrance.com\/reviser-son-permis\/\"><strong>https:\/\/www.chasseurdefrance.com\/reviser-son-permis\/<\/strong><\/a><\/p>\n<p>&nbsp;<\/p>\n<p>&nbsp;<\/p>\n<p>Nous restons \u00e0 votre disposition pour tous renseignements compl\u00e9mentaires.<\/p>\n<p>&nbsp;<\/p>\n<p>T\u00e9l\u00e9charger :<\/p>\n<ul>\n<li>la <span style=\"color: #c1246d\"><a style=\"color: #c1246d\" href=\"https:\/\/www.chasseurducentrevaldeloire.fr\/fdc36\/wp-content\/uploads\/sites\/4\/2024\/01\/NOTE-INSCRIPTION-PERMIS.pdf\" target=\"_blank\" rel=\"noopener\"><strong>note aux candidats<\/strong><\/a><\/span><\/li>\n<li>le <span style=\"color: #c1246d\"><a style=\"color: #c1246d\" href=\"https:\/\/www.chasseurducentrevaldeloire.fr\/fdc36\/wp-content\/uploads\/sites\/4\/2023\/01\/Deroulement-de-lexamen.pdf\" target=\"_blank\" rel=\"noopener\"><strong>d\u00e9roulement de l\u2019examen<\/strong><\/a><\/span><\/li>\n<\/ul>\n<\/div>\n<\/div>\n<\/div>\n<\/div>\n<p><em><span style=\"color: #c1246d\"><strong>\u00a0<\/strong><\/span><\/em>[\/vc_column_text][\/vc_column][vc_column css_animation=\u00a0\u00bbfadeInRight\u00a0\u00bb width=\u00a0\u00bb1\/3&Prime;][vc_single_image image=\u00a0\u00bb2885&Prime; img_size=\u00a0\u00bbfull\u00a0\u00bb el_class=\u00a0\u00bbmirrorImg\u00a0\u00bb][\/vc_column][\/vc_row]<\/p>\n","protected":false},"excerpt":{"rendered":"<p>[vc_row][vc_column width=\u00a0\u00bb2\/3&Prime;][vc_column_text]Condition\u00a0: \u00eatre \u00e2g\u00e9 de 15 ans minimun Le nouvel examen du permis de chasser\u00a0se\u00a0compose de deux\u00a0exercices : un exercice pratique (en 4 ateliers) et un exercice th\u00e9orique comportant 10 questions\u00a0(seulement en cas de r\u00e9ussite \u00e0 la pratique). Pour la r\u00e9ussite \u00e0 cet examen il&#8230;<\/p>\n","protected":false},"author":2,"featured_media":0,"parent":0,"menu_order":0,"comment_status":"closed","ping_status":"closed","template":"","meta":{"_acf_changed":false,"inline_featured_image":false,"_exactmetrics_skip_tracking":false,"_exactmetrics_sitenote_active":false,"_exactmetrics_sitenote_note":"","_exactmetrics_sitenote_category":0,"footnotes":""},"class_list":["post-2879","page","type-page","status-publish","hentry"],"acf":[],"publishpress_future_action":{"enabled":false,"date":"2026-04-18 12:24:38","action":"change-status","newStatus":"draft","terms":[],"taxonomy":"","extraData":[]},"publishpress_future_workflow_manual_trigger":{"enabledWorkflows":[]},"_links":{"self":[{"href":"https:\/\/www.save.chasseurducentrevaldeloire.fr\/fdc36\/wp-json\/wp\/v2\/pages\/2879","targetHints":{"allow":["GET"]}}],"collection":[{"href":"https:\/\/www.save.chasseurducentrevaldeloire.fr\/fdc36\/wp-json\/wp\/v2\/pages"}],"about":[{"href":"https:\/\/www.save.chasseurducentrevaldeloire.fr\/fdc36\/wp-json\/wp\/v2\/types\/page"}],"author":[{"embeddable":true,"href":"https:\/\/www.save.chasseurducentrevaldeloire.fr\/fdc36\/wp-json\/wp\/v2\/users\/2"}],"replies":[{"embeddable":true,"href":"https:\/\/www.save.chasseurducentrevaldeloire.fr\/fdc36\/wp-json\/wp\/v2\/comments?post=2879"}],"version-history":[{"count":18,"href":"https:\/\/www.save.chasseurducentrevaldeloire.fr\/fdc36\/wp-json\/wp\/v2\/pages\/2879\/revisions"}],"predecessor-version":[{"id":6311,"href":"https:\/\/www.save.chasseurducentrevaldeloire.fr\/fdc36\/wp-json\/wp\/v2\/pages\/2879\/revisions\/6311"}],"wp:attachment":[{"href":"https:\/\/www.save.chasseurducentrevaldeloire.fr\/fdc36\/wp-json\/wp\/v2\/media?parent=2879"}],"curies":[{"name":"wp","href":"https:\/\/api.w.org\/{rel}","templated":true}]}}