{"id":2863,"date":"2018-05-14T17:45:44","date_gmt":"2018-05-14T15:45:44","guid":{"rendered":"http:\/\/www.chasseurducentrevaldeloire.fr\/fdc36\/?page_id=2863"},"modified":"2018-11-08T12:00:26","modified_gmt":"2018-11-08T11:00:26","slug":"hygiene-et-venaison","status":"publish","type":"page","link":"https:\/\/www.save.chasseurducentrevaldeloire.fr\/fdc36\/hygiene-et-venaison\/","title":{"rendered":"Hygi\u00e8ne et venaison"},"content":{"rendered":"<p>[vc_row][vc_column][vc_column_text]<\/p>\n<h2><strong>Examen initial de la venaison et hygi\u00e8ne alimentaire <\/strong><\/h2>\n<p>&nbsp;<\/p>\n<p>Inscription aupr\u00e8s de la F\u00e9d\u00e9ration.<\/p>\n<p>Le but de cette formation est d\u2019offrir aux chasseurs, premiers d\u00e9tenteurs du gibier, les moyens d\u2019attester que la venaison que l\u2019on c\u00e8de sur le march\u00e9 ou m\u00eame \u00e0 ses proches, \u00e0 fait l\u2019objet d\u2019une attention soutenue et d\u2019un respect continu. Il s\u2019agit de distinguer le normal du douteux.<\/p>\n<ul>\n<li>Les sessions vont \u00eatre organis\u00e9es en fonction des inscriptions.<\/li>\n<li>Co\u00fbt\u00a0: 20 \u20ac de participation aux frais de formation.<\/li>\n<\/ul>\n<p><strong>David BABIGEON &#8211; 06 89 30 40 66<\/strong>[\/vc_column_text][\/vc_column][\/vc_row]<\/p>\n","protected":false},"excerpt":{"rendered":"<p>[vc_row][vc_column][vc_column_text] Examen initial de la venaison et hygi\u00e8ne alimentaire &nbsp; Inscription aupr\u00e8s de la F\u00e9d\u00e9ration. Le but de cette formation est d\u2019offrir aux chasseurs, premiers d\u00e9tenteurs du gibier, les moyens d\u2019attester que la venaison que l\u2019on c\u00e8de sur le march\u00e9 ou m\u00eame \u00e0 ses proches,&#8230;<\/p>\n","protected":false},"author":2,"featured_media":0,"parent":0,"menu_order":0,"comment_status":"closed","ping_status":"closed","template":"","meta":{"_acf_changed":false,"inline_featured_image":false,"_exactmetrics_skip_tracking":false,"_exactmetrics_sitenote_active":false,"_exactmetrics_sitenote_note":"","_exactmetrics_sitenote_category":0,"footnotes":""},"class_list":["post-2863","page","type-page","status-publish","hentry"],"acf":[],"publishpress_future_action":{"enabled":false,"date":"2026-04-18 12:24:41","action":"change-status","newStatus":"draft","terms":[],"taxonomy":"","extraData":[]},"publishpress_future_workflow_manual_trigger":{"enabledWorkflows":[]},"_links":{"self":[{"href":"https:\/\/www.save.chasseurducentrevaldeloire.fr\/fdc36\/wp-json\/wp\/v2\/pages\/2863","targetHints":{"allow":["GET"]}}],"collection":[{"href":"https:\/\/www.save.chasseurducentrevaldeloire.fr\/fdc36\/wp-json\/wp\/v2\/pages"}],"about":[{"href":"https:\/\/www.save.chasseurducentrevaldeloire.fr\/fdc36\/wp-json\/wp\/v2\/types\/page"}],"author":[{"embeddable":true,"href":"https:\/\/www.save.chasseurducentrevaldeloire.fr\/fdc36\/wp-json\/wp\/v2\/users\/2"}],"replies":[{"embeddable":true,"href":"https:\/\/www.save.chasseurducentrevaldeloire.fr\/fdc36\/wp-json\/wp\/v2\/comments?post=2863"}],"version-history":[{"count":3,"href":"https:\/\/www.save.chasseurducentrevaldeloire.fr\/fdc36\/wp-json\/wp\/v2\/pages\/2863\/revisions"}],"predecessor-version":[{"id":3267,"href":"https:\/\/www.save.chasseurducentrevaldeloire.fr\/fdc36\/wp-json\/wp\/v2\/pages\/2863\/revisions\/3267"}],"wp:attachment":[{"href":"https:\/\/www.save.chasseurducentrevaldeloire.fr\/fdc36\/wp-json\/wp\/v2\/media?parent=2863"}],"curies":[{"name":"wp","href":"https:\/\/api.w.org\/{rel}","templated":true}]}}