{"id":2859,"date":"2018-05-14T17:42:14","date_gmt":"2018-05-14T15:42:14","guid":{"rendered":"http:\/\/www.chasseurducentrevaldeloire.fr\/fdc36\/?page_id=2859"},"modified":"2022-06-23T13:03:06","modified_gmt":"2022-06-23T11:03:06","slug":"garde-particulier","status":"publish","type":"page","link":"https:\/\/www.save.chasseurducentrevaldeloire.fr\/fdc36\/garde-particulier\/","title":{"rendered":"Garde particulier"},"content":{"rendered":"<p>[vc_row][vc_column width=\u00a0\u00bb2\/3&Prime;][vc_column_text]<\/p>\n<h2><strong>Garde particulier<\/strong><\/h2>\n<p>&nbsp;<\/p>\n<p>Inscription aupr\u00e8s de la F\u00e9d\u00e9ration.<\/p>\n<p>&nbsp;<\/p>\n<p>Obligatoire pour l\u2019obtention de l\u2019attestation de reconnaissance d\u2019aptitude technique en vue de l\u2019assermentation par le Tribunal.<\/p>\n<ul>\n<li>Les sessions sont organis\u00e9es en partenariat avec l\u2019ONCFS en fonction du nombre de candidats. La dur\u00e9e de cette formation est de 18 heures r\u00e9parties sur deux modules. Cette formation est obligatoire sauf pour les personnes pouvant justifier d\u2019une assermentation d\u2019un minimum de 3 ans.<\/li>\n<li>Co\u00fbt\u00a0: 10 \u20acuros de participation aux frais de formation.<\/li>\n<\/ul>\n<p>&nbsp;<\/p>\n<p>Pour tout renseignement, Monsieur <strong>J\u00e9r\u00f4me BERTON\u00a0 <span style=\"color: #c1246d\">\u00a0 \u00a0 <a style=\"color: #c1246d\" href=\"tel:0679695569\" target=\"_blank\" rel=\"noopener\">06.79.69.55.69<\/a><\/span><\/strong><\/p>\n<p>&nbsp;<\/p>\n<ul>\n<li>MODULE 1\u00a0: Droit et Police de la chasse \u00e0 la Cit\u00e9 Administrative<\/li>\n<li>MODULE 2\u00a0: Gestion des esp\u00e8ces au Domaine du Plessis \u00e0 Mign\u00e9<\/li>\n<\/ul>\n<p>[\/vc_column_text][\/vc_column][vc_column css_animation=\u00a0\u00bbfadeInRight\u00a0\u00bb width=\u00a0\u00bb1\/3&Prime;][vc_single_image image=\u00a0\u00bb2856&Prime; img_size=\u00a0\u00bbfull\u00a0\u00bb style=\u00a0\u00bbvc_box_shadow_border\u00a0\u00bb el_class=\u00a0\u00bbmirrorImg\u00a0\u00bb][\/vc_column][\/vc_row]<\/p>\n","protected":false},"excerpt":{"rendered":"<p>[vc_row][vc_column width=\u00a0\u00bb2\/3&Prime;][vc_column_text] Garde particulier &nbsp; Inscription aupr\u00e8s de la F\u00e9d\u00e9ration. &nbsp; Obligatoire pour l\u2019obtention de l\u2019attestation de reconnaissance d\u2019aptitude technique en vue de l\u2019assermentation par le Tribunal. Les sessions sont organis\u00e9es en partenariat avec l\u2019ONCFS en fonction du nombre de candidats. La dur\u00e9e de cette&#8230;<\/p>\n","protected":false},"author":2,"featured_media":0,"parent":0,"menu_order":0,"comment_status":"closed","ping_status":"closed","template":"","meta":{"_acf_changed":false,"inline_featured_image":false,"_exactmetrics_skip_tracking":false,"_exactmetrics_sitenote_active":false,"_exactmetrics_sitenote_note":"","_exactmetrics_sitenote_category":0,"footnotes":""},"class_list":["post-2859","page","type-page","status-publish","hentry"],"acf":[],"publishpress_future_action":{"enabled":false,"date":"2026-04-18 12:16:38","action":"change-status","newStatus":"draft","terms":[],"taxonomy":"","extraData":[]},"publishpress_future_workflow_manual_trigger":{"enabledWorkflows":[]},"_links":{"self":[{"href":"https:\/\/www.save.chasseurducentrevaldeloire.fr\/fdc36\/wp-json\/wp\/v2\/pages\/2859","targetHints":{"allow":["GET"]}}],"collection":[{"href":"https:\/\/www.save.chasseurducentrevaldeloire.fr\/fdc36\/wp-json\/wp\/v2\/pages"}],"about":[{"href":"https:\/\/www.save.chasseurducentrevaldeloire.fr\/fdc36\/wp-json\/wp\/v2\/types\/page"}],"author":[{"embeddable":true,"href":"https:\/\/www.save.chasseurducentrevaldeloire.fr\/fdc36\/wp-json\/wp\/v2\/users\/2"}],"replies":[{"embeddable":true,"href":"https:\/\/www.save.chasseurducentrevaldeloire.fr\/fdc36\/wp-json\/wp\/v2\/comments?post=2859"}],"version-history":[{"count":7,"href":"https:\/\/www.save.chasseurducentrevaldeloire.fr\/fdc36\/wp-json\/wp\/v2\/pages\/2859\/revisions"}],"predecessor-version":[{"id":5136,"href":"https:\/\/www.save.chasseurducentrevaldeloire.fr\/fdc36\/wp-json\/wp\/v2\/pages\/2859\/revisions\/5136"}],"wp:attachment":[{"href":"https:\/\/www.save.chasseurducentrevaldeloire.fr\/fdc36\/wp-json\/wp\/v2\/media?parent=2859"}],"curies":[{"name":"wp","href":"https:\/\/api.w.org\/{rel}","templated":true}]}}