{"id":2840,"date":"2018-05-14T17:00:09","date_gmt":"2018-05-14T15:00:09","guid":{"rendered":"http:\/\/www.chasseurducentrevaldeloire.fr\/fdc36\/?page_id=2840"},"modified":"2022-06-23T10:48:02","modified_gmt":"2022-06-23T08:48:02","slug":"chasse-a-larc","status":"publish","type":"page","link":"https:\/\/www.save.chasseurducentrevaldeloire.fr\/fdc36\/chasse-a-larc\/","title":{"rendered":"Chasse \u00e0 l&rsquo;arc"},"content":{"rendered":"<p>[vc_row][vc_column width=\u00a0\u00bb2\/3&Prime;][vc_column_text]<\/p>\n<h2><strong>Chasse \u00e0 l\u2019arc<\/strong><\/h2>\n<p>&nbsp;<\/p>\n<p>Suite \u00e0 l\u2019arr\u00eat\u00e9 du 15 f\u00e9vrier 1995 relatif \u00e0 l\u2019exercice de la Chasse \u00e0 l\u2019arc, toute personne qui d\u00e9sire pratiquer celle-ci doit justifier de sa participation \u00e0 une session de formation.<\/p>\n<p>&nbsp;<\/p>\n<p>Cette formation comporte deux parties\u00a0:<\/p>\n<ul>\n<li>une partie th\u00e9orique (mat\u00e9riel, chasse, s\u00e9curit\u00e9, l\u00e9gislation\u2026),<\/li>\n<li>une partie pratique (tir, r\u00e9glage\u2026).<\/li>\n<\/ul>\n<p>&nbsp;<\/p>\n<p>Toutes les personnes qui le souhaitent pourront se munir de leur mat\u00e9riel d\u2019archerie.<\/p>\n<p>&nbsp;<\/p>\n<p>A l\u2019issue de cette formation, une attestation vous sera adress\u00e9e et vous permettra de chasser librement.<\/p>\n<p>&nbsp;<\/p>\n<p>session annuelle d\u2019une journ\u00e9e est organis\u00e9e au Plessis.<\/p>\n<ul>\n<li>Co\u00fbt\u00a0: 10 \u20ac de participation aux frais de formation (FDC36).<\/li>\n<\/ul>\n<p>&nbsp;<\/p>\n<p>Les sessions sont organis\u00e9es en fonction du nombre d\u2019inscriptions.<\/p>\n<p>&nbsp;<\/p>\n<p>&nbsp;<\/p>\n<p>Pour de plus amples renseignements\u00a0: <strong>J\u00e9r\u00f4me BERTON\u00a0 \u00a0 \u00a0<i class=\"fa fa-mobile\"><\/i> <a href=\"tel:0679695569\" target=\"_blank\" rel=\"noopener\"><span style=\"color: #c1246d\">06.79.69.55.69<\/span><\/a><\/strong>[\/vc_column_text][\/vc_column][vc_column css_animation=\u00a0\u00bbfadeInRight\u00a0\u00bb width=\u00a0\u00bb1\/3&Prime;][vc_single_image image=\u00a0\u00bb2844&Prime; img_size=\u00a0\u00bbfull\u00a0\u00bb style=\u00a0\u00bbvc_box_shadow_border\u00a0\u00bb el_class=\u00a0\u00bbmirrorImg\u00a0\u00bb][\/vc_column][\/vc_row]<\/p>\n","protected":false},"excerpt":{"rendered":"<p>[vc_row][vc_column width=\u00a0\u00bb2\/3&Prime;][vc_column_text] Chasse \u00e0 l\u2019arc &nbsp; Suite \u00e0 l\u2019arr\u00eat\u00e9 du 15 f\u00e9vrier 1995 relatif \u00e0 l\u2019exercice de la Chasse \u00e0 l\u2019arc, toute personne qui d\u00e9sire pratiquer celle-ci doit justifier de sa participation \u00e0 une session de formation. &nbsp; Cette formation comporte deux parties\u00a0: une partie&#8230;<\/p>\n","protected":false},"author":2,"featured_media":0,"parent":0,"menu_order":0,"comment_status":"closed","ping_status":"closed","template":"","meta":{"_acf_changed":false,"inline_featured_image":false,"_exactmetrics_skip_tracking":false,"_exactmetrics_sitenote_active":false,"_exactmetrics_sitenote_note":"","_exactmetrics_sitenote_category":0,"footnotes":""},"class_list":["post-2840","page","type-page","status-publish","hentry"],"acf":[],"publishpress_future_action":{"enabled":false,"date":"2026-04-18 12:16:42","action":"change-status","newStatus":"draft","terms":[],"taxonomy":"","extraData":[]},"publishpress_future_workflow_manual_trigger":{"enabledWorkflows":[]},"_links":{"self":[{"href":"https:\/\/www.save.chasseurducentrevaldeloire.fr\/fdc36\/wp-json\/wp\/v2\/pages\/2840","targetHints":{"allow":["GET"]}}],"collection":[{"href":"https:\/\/www.save.chasseurducentrevaldeloire.fr\/fdc36\/wp-json\/wp\/v2\/pages"}],"about":[{"href":"https:\/\/www.save.chasseurducentrevaldeloire.fr\/fdc36\/wp-json\/wp\/v2\/types\/page"}],"author":[{"embeddable":true,"href":"https:\/\/www.save.chasseurducentrevaldeloire.fr\/fdc36\/wp-json\/wp\/v2\/users\/2"}],"replies":[{"embeddable":true,"href":"https:\/\/www.save.chasseurducentrevaldeloire.fr\/fdc36\/wp-json\/wp\/v2\/comments?post=2840"}],"version-history":[{"count":19,"href":"https:\/\/www.save.chasseurducentrevaldeloire.fr\/fdc36\/wp-json\/wp\/v2\/pages\/2840\/revisions"}],"predecessor-version":[{"id":5127,"href":"https:\/\/www.save.chasseurducentrevaldeloire.fr\/fdc36\/wp-json\/wp\/v2\/pages\/2840\/revisions\/5127"}],"wp:attachment":[{"href":"https:\/\/www.save.chasseurducentrevaldeloire.fr\/fdc36\/wp-json\/wp\/v2\/media?parent=2840"}],"curies":[{"name":"wp","href":"https:\/\/api.w.org\/{rel}","templated":true}]}}