{"id":2832,"date":"2018-05-14T16:51:56","date_gmt":"2018-05-14T14:51:56","guid":{"rendered":"http:\/\/www.chasseurducentrevaldeloire.fr\/fdc36\/?page_id=2832"},"modified":"2023-11-13T14:38:14","modified_gmt":"2023-11-13T13:38:14","slug":"autres-formations","status":"publish","type":"page","link":"https:\/\/www.save.chasseurducentrevaldeloire.fr\/fdc36\/autres-formations\/","title":{"rendered":"Autres Formations"},"content":{"rendered":"<p>[vc_row][vc_column]<div class=\"qodef-accordion-holder clearfix qodef-toggle qodef-boxed \">\n\t<h4 class=\"clearfix qodef-title-holder\" >\n\t<span class=\"qodef-accordion-mark qodef-left-mark\">\n\t\t<span class=\"qodef-accordion-mark-icon\">\n\t\t\t<span class=\"icon_plus\"><\/span>\n\t\t\t<span class=\"icon_minus-06\"><\/span>\n\t\t<\/span>\n\t<\/span>\n\t<span class=\"qodef-tab-title\">\n\t\t<span class=\"qodef-tab-title-inner\">\n\t\t\tOiseaux d&#039;eau\t\t<\/span>\n\t<\/span>\n<\/h4>\n<div class=\"qodef-accordion-content\">\n\t<div class=\"qodef-accordion-content-inner\">\n\t\t[vc_column_text]<strong><u>Niveau 1<\/u><\/strong>\u00a0: <u>1 journ\u00e9e<\/u><\/p>\n<ul>\n<li>les esp\u00e8ces d\u2019oiseaux d\u2019eau (chassables et prot\u00e9g\u00e9es).<\/li>\n<li>Les esp\u00e8ces animales invasives.<\/li>\n<li>R\u00e9glementation de la chasse du gibier d\u2019eau.<\/li>\n<li>S\u00e9curit\u00e9 \u2013 Races de chiens sp\u00e9cialis\u00e9es.<\/li>\n<\/ul>\n<p>&nbsp;<\/p>\n<p><strong><u>Niveau 2<\/u><\/strong>\u00a0: <u>1 journ\u00e9e<\/u><\/p>\n<ul>\n<li>Principaux am\u00e9nagements d\u2019\u00e9tangs (milieux, v\u00e9g\u00e9tation, l\u00e2chers, aide \u00e0 la nidification, r\u00e9gulation des esp\u00e8ces pr\u00e9datrices et d\u00e9pr\u00e9datrices\u2026).<\/li>\n<li>Gestion des oiseaux d\u2019eau\u00a0: suivi des populations, suivi sanitaire, suivi des pr\u00e9l\u00e8vements\u2026<\/li>\n<li>Reconnaissance du sexe et de l\u2019\u00e2ge chez les oiseaux d\u2019eau\u00a0: principales esp\u00e8ces de canards et de limicoles, foulques.<\/li>\n<\/ul>\n<p>Pour de plus amples renseignements techniques\u00a0: <strong>Fran\u00e7ois BOURGUEMETRE au \u00a0\u00a0\u00a0\u00a0 <i class=\"fa fa-mobile\"><\/i> <a href=\"tel:0689304069\" target=\"_blank\" rel=\"noopener\"><span style=\"color: #c1246d\">06.89.30.40.69<\/span><\/a><\/strong>[\/vc_column_text]\t<\/div>\n<\/div>\n<h4 class=\"clearfix qodef-title-holder\" >\n\t<span class=\"qodef-accordion-mark qodef-left-mark\">\n\t\t<span class=\"qodef-accordion-mark-icon\">\n\t\t\t<span class=\"icon_plus\"><\/span>\n\t\t\t<span class=\"icon_minus-06\"><\/span>\n\t\t<\/span>\n\t<\/span>\n\t<span class=\"qodef-tab-title\">\n\t\t<span class=\"qodef-tab-title-inner\">\n\t\t\tTir estival du renard\t\t<\/span>\n\t<\/span>\n<\/h4>\n<div class=\"qodef-accordion-content\">\n\t<div class=\"qodef-accordion-content-inner\">\n\t\t[vc_column_text]<\/p>\n<h2><strong>\u00a0<\/strong><\/h2>\n<p>&nbsp;<\/p>\n<p>Face \u00e0 la bonne sant\u00e9 des populations de renard, et pour r\u00e9pondre \u00e0 l\u2019engouement des chasseurs pour sa r\u00e9gulation, la F\u00e9d\u00e9ration des Chasseurs de l\u2019Indre organise une formation \u00ab\u00a0Tir estival renard\u00a0\u00bb au domaine du Plessis \u00e0 Mign\u00e9.<\/p>\n<p>Apr\u00e8s un rappel th\u00e9orique en salle sur la biologie et la r\u00e8glementation, les participants sont amen\u00e9s \u00e0 utiliser diff\u00e9rentes armes et accessoires sur un pas de tir 100 m\u00e8tres, pour acqu\u00e9rir les bases d\u2019un tir efficace en toute s\u00e9curit\u00e9.<\/p>\n<p>&nbsp;<\/p>\n<p>Dur\u00e9e\u00a0: Une demi-journ\u00e9e en mai ou juin<\/p>\n<p>Lieu\u00a0: Domaine du Plessis \u2013 36800 MIGNE<\/p>\n<p>Co\u00fbt\u00a0: 10 euros de participation aux frais de formation (FDC36).<\/p>\n<p>&nbsp;<\/p>\n<p>&nbsp;<\/p>\n<p>Pour de plus amples renseignements contacter\u00a0:<\/p>\n<p>&nbsp;<\/p>\n<p><strong>J\u00e9r\u00f4me BERTON\u00a0: <a href=\"tel:0679695569\" target=\"_blank\" rel=\"noopener\"><i class=\"\"><\/i> <span style=\"color: #c1246d\">06 79 69 55 69<\/span><\/a><\/strong><\/p>\n<p><strong>Laurent HUGUET\u00a0: <a href=\"tel:0609172289\" target=\"_blank\" rel=\"noopener\"><i class=\"\"><\/i> <span style=\"color: #c1246d\">06 09 17 22 89<\/span><\/a><\/strong>[\/vc_column_text]\t<\/div>\n<\/div>\n<h4 class=\"clearfix qodef-title-holder\" >\n\t<span class=\"qodef-accordion-mark qodef-left-mark\">\n\t\t<span class=\"qodef-accordion-mark-icon\">\n\t\t\t<span class=\"icon_plus\"><\/span>\n\t\t\t<span class=\"icon_minus-06\"><\/span>\n\t\t<\/span>\n\t<\/span>\n\t<span class=\"qodef-tab-title\">\n\t\t<span class=\"qodef-tab-title-inner\">\n\t\t\tBrevet Grand Gibier\t\t<\/span>\n\t<\/span>\n<\/h4>\n<div class=\"qodef-accordion-content\">\n\t<div class=\"qodef-accordion-content-inner\">\n\t\t[vc_column_text]<img loading=\"lazy\" decoding=\"async\" class=\"size-full wp-image-6124 alignnone\" src=\"https:\/\/www.chasseurducentrevaldeloire.fr\/fdc36\/wp-content\/uploads\/sites\/4\/2023\/11\/ADCGG.jpg\" alt=\"\" width=\"296\" height=\"284\" \/><img loading=\"lazy\" decoding=\"async\" class=\"size-full wp-image-6125 alignright\" src=\"https:\/\/www.chasseurducentrevaldeloire.fr\/fdc36\/wp-content\/uploads\/sites\/4\/2023\/11\/BrevetGG1.png\" alt=\"\" width=\"106\" height=\"120\" \/><\/p>\n<p>La chasse constitue aujourd\u2019hui une activit\u00e9 dont la l\u00e9gitimit\u00e9 est de plus en plus remise en cause. Pour \u00eatre en mesure de d\u00e9fendre notre passion il nous faut sans cesse accro\u00eetre nos comp\u00e9tences et nos connaissances dans tous les domaines se rapportant \u00e0 la chasse. Nous devons \u00eatre en mesure de mieux ma\u00eetriser ses enjeux environnementaux, biologiques, sanitaires et de s\u00e9curit\u00e9.<\/p>\n<p>&nbsp;<\/p>\n<p>Pour cela et comme chaque ann\u00e9e depuis vingt ans, l\u2019Association des Chasseurs de Grand Gibier de l\u2019Indre organise une pr\u00e9paration au <strong>Brevet Grand Gibier<\/strong>. Il s\u2019agit d\u2019un brevet non obligatoire qui s\u2019adresse \u00e0 l\u2019ensemble des chasseurs (jeunes ou plus exp\u00e9riment\u00e9s) ou \u00e0 toute personne d\u00e9sireuse d\u2019am\u00e9liorer ses connaissances sur la biologie et l\u2019\u00e9thologie de la grande faune sauvage et des milieux naturels de notre pays.<\/p>\n<p>&nbsp;<\/p>\n<p>Ce brevet est reconnu comme une s\u00e9rieuse r\u00e9f\u00e9rence cyn\u00e9g\u00e9tique. Il comporte deux \u00e9preuves\u00a0:<\/p>\n<ul>\n<li>Une \u00e9preuve th\u00e9orique de contr\u00f4le des connaissances<\/li>\n<li>Une \u00e9preuve de tir sur cible fixe et mobile<\/li>\n<\/ul>\n<p>&nbsp;<\/p>\n<p>Deux options sont \u00e9galement propos\u00e9es aux candidats\u00a0: chasse \u00e0 l\u2019arc et v\u00e8nerie.<\/p>\n<p>&nbsp;<\/p>\n<p>Un programme de cours dispens\u00e9s par des sp\u00e9cialistes est propos\u00e9 aux candidats entre janvier et juin 2024. Ces modules de formation se d\u00e9roulent en soir\u00e9e au si\u00e8ge de la F\u00e9d\u00e9rations des chasseurs de l\u2019Indre \u00e0 Ch\u00e2teauroux et certains samedis au domaine du Plessis \u00e0 Mign\u00e9. Les s\u00e9ances en salle sont compl\u00e9t\u00e9es par des sorties sur le terrain et par des entrainements au tir sur sanglier courant au stand de tir de la Turletterie \u00e0 Saint Michel en Brenne.<\/p>\n<p>&nbsp;<\/p>\n<p><strong>Pour ne plus \u00eatre des chasseurs passifs mais des pratiquants toujours plus investis et passionn\u00e9s venez passer votre brevet grand gibier\u00a0! <\/strong><\/p>\n<p>&nbsp;<\/p>\n<p>L\u2019examen final de la session 2024 du B.G.G., aura lieu d\u00e9but juin au si\u00e8ge de la F\u00e9d\u00e9ration.<\/p>\n<p>&nbsp;<\/p>\n<p>Vous pouvez d\u00e8s maintenant vous inscrire aupr\u00e8s de la FDC 36 T\u00e9l.\u00a0: 02.54.22.15.98 ou de M. Bertrand Walter au 06.88.63.34.07.<\/p>\n<p>&nbsp;<\/p>\n<p>[\/vc_column_text]\t<\/div>\n<\/div>\n<\/div>[\/vc_column][\/vc_row]<\/p>\n","protected":false},"excerpt":{"rendered":"<p>[vc_row][vc_column][\/vc_column][\/vc_row]<\/p>\n","protected":false},"author":2,"featured_media":0,"parent":0,"menu_order":0,"comment_status":"closed","ping_status":"closed","template":"","meta":{"_acf_changed":false,"inline_featured_image":false,"_exactmetrics_skip_tracking":false,"_exactmetrics_sitenote_active":false,"_exactmetrics_sitenote_note":"","_exactmetrics_sitenote_category":0,"footnotes":""},"class_list":["post-2832","page","type-page","status-publish","hentry"],"acf":[],"publishpress_future_action":{"enabled":false,"date":"2026-04-15 03:10:01","action":"change-status","newStatus":"draft","terms":[],"taxonomy":"","extraData":[]},"publishpress_future_workflow_manual_trigger":{"enabledWorkflows":[]},"_links":{"self":[{"href":"https:\/\/www.save.chasseurducentrevaldeloire.fr\/fdc36\/wp-json\/wp\/v2\/pages\/2832","targetHints":{"allow":["GET"]}}],"collection":[{"href":"https:\/\/www.save.chasseurducentrevaldeloire.fr\/fdc36\/wp-json\/wp\/v2\/pages"}],"about":[{"href":"https:\/\/www.save.chasseurducentrevaldeloire.fr\/fdc36\/wp-json\/wp\/v2\/types\/page"}],"author":[{"embeddable":true,"href":"https:\/\/www.save.chasseurducentrevaldeloire.fr\/fdc36\/wp-json\/wp\/v2\/users\/2"}],"replies":[{"embeddable":true,"href":"https:\/\/www.save.chasseurducentrevaldeloire.fr\/fdc36\/wp-json\/wp\/v2\/comments?post=2832"}],"version-history":[{"count":14,"href":"https:\/\/www.save.chasseurducentrevaldeloire.fr\/fdc36\/wp-json\/wp\/v2\/pages\/2832\/revisions"}],"predecessor-version":[{"id":6149,"href":"https:\/\/www.save.chasseurducentrevaldeloire.fr\/fdc36\/wp-json\/wp\/v2\/pages\/2832\/revisions\/6149"}],"wp:attachment":[{"href":"https:\/\/www.save.chasseurducentrevaldeloire.fr\/fdc36\/wp-json\/wp\/v2\/media?parent=2832"}],"curies":[{"name":"wp","href":"https:\/\/api.w.org\/{rel}","templated":true}]}}