{"id":5378,"date":"2022-06-27T10:01:20","date_gmt":"2022-06-27T08:01:20","guid":{"rendered":"https:\/\/www.chasseurducentrevaldeloire.fr\/fdc28\/?page_id=5378"},"modified":"2024-11-12T15:26:15","modified_gmt":"2024-11-12T14:26:15","slug":"office-francais-de-la-biodiversite","status":"publish","type":"page","link":"https:\/\/www.save.chasseurducentrevaldeloire.fr\/fdc28\/office-francais-de-la-biodiversite\/","title":{"rendered":"Office fran\u00e7ais de la biodiversit\u00e9"},"content":{"rendered":"<p>La police de la chasse fait partie des missions de cet \u00e9tablissement public cr\u00e9\u00e9e en 2019.<\/p>\n<p>&nbsp;<\/p>\n<p style=\"text-align: center\"><strong>Service d\u00e9partemental de l\u2019Eure-et-Loir<\/strong><\/p>\n<p style=\"text-align: center\">17, place de la R\u00e9publique<\/p>\n<p style=\"text-align: center\">28008 Chartres Cedex<\/p>\n<p style=\"text-align: center\">02 37 21 15 40<\/p>\n<p>&nbsp;<\/p>\n<p style=\"text-align: center\">34 bis Avenue du Val de l\u2019Eure<\/p>\n<p style=\"text-align: center\">28630 Fontenay sur Eure<\/p>\n<p style=\"text-align: center\"><span data-olk-copy-source=\"MessageBody\">02.37.91.93.57<\/span><\/p>\n<p style=\"text-align: center\"><a href=\"mailto:sd28@ofb%2ego%75v.f%72\"><span style=\"color: #000000\"><strong><span style=\"color: #70b400\">sd28@ofb.gouv.fr<\/span><\/strong><\/span><\/a><\/p>\n","protected":false},"excerpt":{"rendered":"<p>La police de la chasse fait partie des missions de cet \u00e9tablissement public cr\u00e9\u00e9e en 2019. &nbsp; Service d\u00e9partemental de l\u2019Eure-et-Loir 17, place de la R\u00e9publique 28008 Chartres Cedex 02 37 21 15 40 &nbsp; 34 bis Avenue du Val de l\u2019Eure 28630 Fontenay sur&#8230;<\/p>\n","protected":false},"author":6,"featured_media":0,"parent":0,"menu_order":0,"comment_status":"closed","ping_status":"closed","template":"","meta":{"_acf_changed":false,"inline_featured_image":false,"_exactmetrics_skip_tracking":false,"_exactmetrics_sitenote_active":false,"_exactmetrics_sitenote_note":"","_exactmetrics_sitenote_category":0,"footnotes":""},"class_list":["post-5378","page","type-page","status-publish","hentry"],"acf":[],"publishpress_future_action":{"enabled":false,"date":"2026-04-15 03:21:02","action":"change-status","newStatus":"draft","terms":[],"taxonomy":"","extraData":[]},"publishpress_future_workflow_manual_trigger":{"enabledWorkflows":[]},"_links":{"self":[{"href":"https:\/\/www.save.chasseurducentrevaldeloire.fr\/fdc28\/wp-json\/wp\/v2\/pages\/5378","targetHints":{"allow":["GET"]}}],"collection":[{"href":"https:\/\/www.save.chasseurducentrevaldeloire.fr\/fdc28\/wp-json\/wp\/v2\/pages"}],"about":[{"href":"https:\/\/www.save.chasseurducentrevaldeloire.fr\/fdc28\/wp-json\/wp\/v2\/types\/page"}],"author":[{"embeddable":true,"href":"https:\/\/www.save.chasseurducentrevaldeloire.fr\/fdc28\/wp-json\/wp\/v2\/users\/6"}],"replies":[{"embeddable":true,"href":"https:\/\/www.save.chasseurducentrevaldeloire.fr\/fdc28\/wp-json\/wp\/v2\/comments?post=5378"}],"version-history":[{"count":5,"href":"https:\/\/www.save.chasseurducentrevaldeloire.fr\/fdc28\/wp-json\/wp\/v2\/pages\/5378\/revisions"}],"predecessor-version":[{"id":6093,"href":"https:\/\/www.save.chasseurducentrevaldeloire.fr\/fdc28\/wp-json\/wp\/v2\/pages\/5378\/revisions\/6093"}],"wp:attachment":[{"href":"https:\/\/www.save.chasseurducentrevaldeloire.fr\/fdc28\/wp-json\/wp\/v2\/media?parent=5378"}],"curies":[{"name":"wp","href":"https:\/\/api.w.org\/{rel}","templated":true}]}}